{"id":978,"date":"2025-11-27T16:03:59","date_gmt":"2025-11-27T16:03:59","guid":{"rendered":"https:\/\/galduriadrums.com\/?post_type=product&#038;p=978"},"modified":"2025-12-14T18:35:34","modified_gmt":"2025-12-14T18:35:34","slug":"sto8-sistema-bordonero-picollo-19","status":"publish","type":"product","link":"https:\/\/galduriadrums.com\/?product=sto8-sistema-bordonero-picollo-19","title":{"rendered":"STO8 &#8211; Sistema Bordonero \u00abPicollo\u00bb 19mm"},"content":{"rendered":"<p>Sistema Bordonero Picollo &#8211; Cromo<\/p>\n<p><b>Especificaciones t\u00e9cnicas:<\/b><br \/>\n-Espaciamiento entre los centros de los tornillos de sujeccion: 19mm<br \/>\n-Util\u00edcese con tornillos de montaje est\u00e1ndar con cabeza cuadrada de 5mm<br \/>\n-Junta de Goma y Tornillos de Montaje no incluidos<\/p>\n","protected":false},"excerpt":{"rendered":"<p>Sistema Bordonero Picollo &#8211; Cromo Especificaciones t\u00e9cnicas: -Espaciamiento entre los centros de los tornillos de sujeccion: 19mm -Util\u00edcese con tornillos de montaje est\u00e1ndar con cabeza cuadrada de 5mm -Junta de Goma y Tornillos de Montaje no incluidos<\/p>\n","protected":false},"featured_media":979,"comment_status":"open","ping_status":"closed","template":"","meta":{"jetpack_publicize_message":"","jetpack_publicize_feature_enabled":true,"jetpack_social_post_already_shared":true,"jetpack_social_options":{"image_generator_settings":{"template":"highway","default_image_id":0,"font":"","enabled":false},"version":2}},"product_brand":[252],"product_cat":[34],"product_tag":[],"class_list":{"0":"post-978","1":"product","2":"type-product","3":"status-publish","4":"has-post-thumbnail","6":"product_brand-sparedrum","7":"product_cat-drum-parts","9":"first","10":"instock","11":"taxable","12":"shipping-taxable","13":"purchasable","14":"product-type-simple"},"yoast_head":"<!-- This site is optimized with the Yoast SEO plugin v27.5 - https:\/\/yoast.com\/product\/yoast-seo-wordpress\/ -->\n<title>STO8 - Sistema Bordonero &quot;Picollo&quot; 19mm - Galduria Drums<\/title>\n<meta name=\"description\" content=\"Sistema Bordonero Picollo - CromoEspecificaciones t\u00e9cnicas:-Espaciamiento entre los centros de los tornillos de sujeccion: 19mm-Util\u00edcese con tornillos\" \/>\n<meta name=\"robots\" content=\"index, follow, max-snippet:-1, max-image-preview:large, max-video-preview:-1\" \/>\n<link rel=\"canonical\" href=\"https:\/\/galduriadrums.com\/?product=sto8-sistema-bordonero-picollo-19\" \/>\n<meta property=\"og:locale\" content=\"es_ES\" \/>\n<meta property=\"og:type\" content=\"article\" \/>\n<meta property=\"og:title\" content=\"STO8 - Sistema Bordonero &quot;Picollo&quot; 19mm - Galduria Drums\" \/>\n<meta property=\"og:description\" content=\"Sistema Bordonero Picollo - CromoEspecificaciones t\u00e9cnicas:-Espaciamiento entre los centros de los tornillos de sujeccion: 19mm-Util\u00edcese con tornillos\" \/>\n<meta property=\"og:url\" content=\"https:\/\/galduriadrums.com\/?product=sto8-sistema-bordonero-picollo-19\" \/>\n<meta property=\"og:site_name\" content=\"Galduria Drums\" \/>\n<meta property=\"article:modified_time\" content=\"2025-12-14T18:35:34+00:00\" \/>\n<meta property=\"og:image\" content=\"https:\/\/galduriadrums.com\/wp-content\/uploads\/2025\/11\/sto8-sistema-bordonero-picollo-19mm-1.jpg\" \/>\n\t<meta property=\"og:image:width\" content=\"765\" \/>\n\t<meta property=\"og:image:height\" content=\"765\" \/>\n\t<meta property=\"og:image:type\" content=\"image\/jpeg\" \/>\n<meta name=\"twitter:card\" content=\"summary_large_image\" \/>\n<meta name=\"twitter:label1\" content=\"Tiempo de lectura\" \/>\n\t<meta name=\"twitter:data1\" content=\"1 minuto\" \/>\n<script type=\"application\/ld+json\" class=\"yoast-schema-graph\">{\"@context\":\"https:\\\/\\\/schema.org\",\"@graph\":[{\"@type\":\"WebPage\",\"@id\":\"https:\\\/\\\/galduriadrums.com\\\/?product=sto8-sistema-bordonero-picollo-19\",\"url\":\"https:\\\/\\\/galduriadrums.com\\\/?product=sto8-sistema-bordonero-picollo-19\",\"name\":\"STO8 - Sistema Bordonero \\\"Picollo\\\" 19mm - Galduria Drums\",\"isPartOf\":{\"@id\":\"https:\\\/\\\/galduriadrums.com\\\/#website\"},\"primaryImageOfPage\":{\"@id\":\"https:\\\/\\\/galduriadrums.com\\\/?product=sto8-sistema-bordonero-picollo-19#primaryimage\"},\"image\":{\"@id\":\"https:\\\/\\\/galduriadrums.com\\\/?product=sto8-sistema-bordonero-picollo-19#primaryimage\"},\"thumbnailUrl\":\"https:\\\/\\\/galduriadrums.com\\\/wp-content\\\/uploads\\\/2025\\\/11\\\/sto8-sistema-bordonero-picollo-19mm-1.jpg\",\"datePublished\":\"2025-11-27T16:03:59+00:00\",\"dateModified\":\"2025-12-14T18:35:34+00:00\",\"description\":\"Sistema Bordonero Picollo - CromoEspecificaciones t\u00e9cnicas:-Espaciamiento entre los centros de los tornillos de sujeccion: 19mm-Util\u00edcese con tornillos\",\"breadcrumb\":{\"@id\":\"https:\\\/\\\/galduriadrums.com\\\/?product=sto8-sistema-bordonero-picollo-19#breadcrumb\"},\"inLanguage\":\"es\",\"potentialAction\":[{\"@type\":\"ReadAction\",\"target\":[\"https:\\\/\\\/galduriadrums.com\\\/?product=sto8-sistema-bordonero-picollo-19\"]}]},{\"@type\":\"ImageObject\",\"inLanguage\":\"es\",\"@id\":\"https:\\\/\\\/galduriadrums.com\\\/?product=sto8-sistema-bordonero-picollo-19#primaryimage\",\"url\":\"https:\\\/\\\/galduriadrums.com\\\/wp-content\\\/uploads\\\/2025\\\/11\\\/sto8-sistema-bordonero-picollo-19mm-1.jpg\",\"contentUrl\":\"https:\\\/\\\/galduriadrums.com\\\/wp-content\\\/uploads\\\/2025\\\/11\\\/sto8-sistema-bordonero-picollo-19mm-1.jpg\",\"width\":765,\"height\":765},{\"@type\":\"BreadcrumbList\",\"@id\":\"https:\\\/\\\/galduriadrums.com\\\/?product=sto8-sistema-bordonero-picollo-19#breadcrumb\",\"itemListElement\":[{\"@type\":\"ListItem\",\"position\":1,\"name\":\"Portada\",\"item\":\"https:\\\/\\\/galduriadrums.com\\\/\"},{\"@type\":\"ListItem\",\"position\":2,\"name\":\"Tienda\",\"item\":\"https:\\\/\\\/galduriadrums.com\\\/?page_id=6\"},{\"@type\":\"ListItem\",\"position\":3,\"name\":\"STO8 &#8211; Sistema Bordonero \u00abPicollo\u00bb 19mm\"}]},{\"@type\":\"WebSite\",\"@id\":\"https:\\\/\\\/galduriadrums.com\\\/#website\",\"url\":\"https:\\\/\\\/galduriadrums.com\\\/\",\"name\":\"Galduria Drums\",\"description\":\"\",\"potentialAction\":[{\"@type\":\"SearchAction\",\"target\":{\"@type\":\"EntryPoint\",\"urlTemplate\":\"https:\\\/\\\/galduriadrums.com\\\/?s={search_term_string}\"},\"query-input\":{\"@type\":\"PropertyValueSpecification\",\"valueRequired\":true,\"valueName\":\"search_term_string\"}}],\"inLanguage\":\"es\"}]}<\/script>\n<!-- \/ Yoast SEO plugin. -->","yoast_head_json":{"title":"STO8 - Sistema Bordonero \"Picollo\" 19mm - Galduria Drums","description":"Sistema Bordonero Picollo - CromoEspecificaciones t\u00e9cnicas:-Espaciamiento entre los centros de los tornillos de sujeccion: 19mm-Util\u00edcese con tornillos","robots":{"index":"index","follow":"follow","max-snippet":"max-snippet:-1","max-image-preview":"max-image-preview:large","max-video-preview":"max-video-preview:-1"},"canonical":"https:\/\/galduriadrums.com\/?product=sto8-sistema-bordonero-picollo-19","og_locale":"es_ES","og_type":"article","og_title":"STO8 - Sistema Bordonero \"Picollo\" 19mm - Galduria Drums","og_description":"Sistema Bordonero Picollo - CromoEspecificaciones t\u00e9cnicas:-Espaciamiento entre los centros de los tornillos de sujeccion: 19mm-Util\u00edcese con tornillos","og_url":"https:\/\/galduriadrums.com\/?product=sto8-sistema-bordonero-picollo-19","og_site_name":"Galduria Drums","article_modified_time":"2025-12-14T18:35:34+00:00","og_image":[{"width":765,"height":765,"url":"https:\/\/galduriadrums.com\/wp-content\/uploads\/2025\/11\/sto8-sistema-bordonero-picollo-19mm-1.jpg","type":"image\/jpeg"}],"twitter_card":"summary_large_image","twitter_misc":{"Tiempo de lectura":"1 minuto"},"schema":{"@context":"https:\/\/schema.org","@graph":[{"@type":"WebPage","@id":"https:\/\/galduriadrums.com\/?product=sto8-sistema-bordonero-picollo-19","url":"https:\/\/galduriadrums.com\/?product=sto8-sistema-bordonero-picollo-19","name":"STO8 - Sistema Bordonero \"Picollo\" 19mm - Galduria Drums","isPartOf":{"@id":"https:\/\/galduriadrums.com\/#website"},"primaryImageOfPage":{"@id":"https:\/\/galduriadrums.com\/?product=sto8-sistema-bordonero-picollo-19#primaryimage"},"image":{"@id":"https:\/\/galduriadrums.com\/?product=sto8-sistema-bordonero-picollo-19#primaryimage"},"thumbnailUrl":"https:\/\/galduriadrums.com\/wp-content\/uploads\/2025\/11\/sto8-sistema-bordonero-picollo-19mm-1.jpg","datePublished":"2025-11-27T16:03:59+00:00","dateModified":"2025-12-14T18:35:34+00:00","description":"Sistema Bordonero Picollo - CromoEspecificaciones t\u00e9cnicas:-Espaciamiento entre los centros de los tornillos de sujeccion: 19mm-Util\u00edcese con tornillos","breadcrumb":{"@id":"https:\/\/galduriadrums.com\/?product=sto8-sistema-bordonero-picollo-19#breadcrumb"},"inLanguage":"es","potentialAction":[{"@type":"ReadAction","target":["https:\/\/galduriadrums.com\/?product=sto8-sistema-bordonero-picollo-19"]}]},{"@type":"ImageObject","inLanguage":"es","@id":"https:\/\/galduriadrums.com\/?product=sto8-sistema-bordonero-picollo-19#primaryimage","url":"https:\/\/galduriadrums.com\/wp-content\/uploads\/2025\/11\/sto8-sistema-bordonero-picollo-19mm-1.jpg","contentUrl":"https:\/\/galduriadrums.com\/wp-content\/uploads\/2025\/11\/sto8-sistema-bordonero-picollo-19mm-1.jpg","width":765,"height":765},{"@type":"BreadcrumbList","@id":"https:\/\/galduriadrums.com\/?product=sto8-sistema-bordonero-picollo-19#breadcrumb","itemListElement":[{"@type":"ListItem","position":1,"name":"Portada","item":"https:\/\/galduriadrums.com\/"},{"@type":"ListItem","position":2,"name":"Tienda","item":"https:\/\/galduriadrums.com\/?page_id=6"},{"@type":"ListItem","position":3,"name":"STO8 &#8211; Sistema Bordonero \u00abPicollo\u00bb 19mm"}]},{"@type":"WebSite","@id":"https:\/\/galduriadrums.com\/#website","url":"https:\/\/galduriadrums.com\/","name":"Galduria Drums","description":"","potentialAction":[{"@type":"SearchAction","target":{"@type":"EntryPoint","urlTemplate":"https:\/\/galduriadrums.com\/?s={search_term_string}"},"query-input":{"@type":"PropertyValueSpecification","valueRequired":true,"valueName":"search_term_string"}}],"inLanguage":"es"}]}},"jetpack_publicize_connections":[],"jetpack_sharing_enabled":true,"_links":{"self":[{"href":"https:\/\/galduriadrums.com\/index.php?rest_route=\/wp\/v2\/product\/978","targetHints":{"allow":["GET"]}}],"collection":[{"href":"https:\/\/galduriadrums.com\/index.php?rest_route=\/wp\/v2\/product"}],"about":[{"href":"https:\/\/galduriadrums.com\/index.php?rest_route=\/wp\/v2\/types\/product"}],"replies":[{"embeddable":true,"href":"https:\/\/galduriadrums.com\/index.php?rest_route=%2Fwp%2Fv2%2Fcomments&post=978"}],"wp:featuredmedia":[{"embeddable":true,"href":"https:\/\/galduriadrums.com\/index.php?rest_route=\/wp\/v2\/media\/979"}],"wp:attachment":[{"href":"https:\/\/galduriadrums.com\/index.php?rest_route=%2Fwp%2Fv2%2Fmedia&parent=978"}],"wp:term":[{"taxonomy":"product_brand","embeddable":true,"href":"https:\/\/galduriadrums.com\/index.php?rest_route=%2Fwp%2Fv2%2Fproduct_brand&post=978"},{"taxonomy":"product_cat","embeddable":true,"href":"https:\/\/galduriadrums.com\/index.php?rest_route=%2Fwp%2Fv2%2Fproduct_cat&post=978"},{"taxonomy":"product_tag","embeddable":true,"href":"https:\/\/galduriadrums.com\/index.php?rest_route=%2Fwp%2Fv2%2Fproduct_tag&post=978"}],"curies":[{"name":"wp","href":"https:\/\/api.w.org\/{rel}","templated":true}]}}