{"id":709,"date":"2025-11-19T19:36:26","date_gmt":"2025-11-19T19:36:26","guid":{"rendered":"https:\/\/galduriadrums.com\/?post_type=product&#038;p=709"},"modified":"2026-02-11T14:02:42","modified_gmt":"2026-02-11T14:02:42","slug":"osiris-kick-black-20","status":"publish","type":"product","link":"https:\/\/galduriadrums.com\/?product=osiris-kick-black-20","title":{"rendered":"Osiris Kick Black 20&#8243;"},"content":{"rendered":"<p>La serie OSIRIS es un parche resonante de 7 mil\u00e9simas de pulgada, de una sola capa, dise\u00f1ado espec\u00edficamente para su uso en Bombo Resonante. OSIRIS ofrece un tono c\u00e1lido, y el anillo interno ayuda a controlar el sonido del bombo y a reducir los arm\u00f3nicos no deseados. disponible en blanco y en negro<\/p>\n","protected":false},"excerpt":{"rendered":"<p>La serie OSIRIS es un parche resonante de 7 mil\u00e9simas de pulgada, de una sola capa, dise\u00f1ado espec\u00edficamente para su uso en Bombo Resonante. OSIRIS ofrece un tono c\u00e1lido, y el anillo interno ayuda a controlar el sonido del bombo y a reducir los arm\u00f3nicos no deseados. disponible en blanco y en negro<\/p>\n","protected":false},"featured_media":198,"comment_status":"open","ping_status":"closed","template":"","meta":{"jetpack_publicize_message":"","jetpack_publicize_feature_enabled":true,"jetpack_social_post_already_shared":true,"jetpack_social_options":{"image_generator_settings":{"template":"highway","default_image_id":0,"font":"","enabled":false},"version":2}},"product_brand":[94],"product_cat":[138,47],"product_tag":[],"class_list":{"0":"post-709","1":"product","2":"type-product","3":"status-publish","4":"has-post-thumbnail","6":"product_brand-blue-drum-heads","7":"product_cat-bombo-kick","8":"product_cat-osiris-kick-black","9":"pa_cantidad-de-capas-1-ply-10-mil","10":"pa_series-de-parches-osiris-kick-back","11":"pa_tamano-parches-20-inch","12":"pa_tipos-parches-kick","14":"first","15":"instock","16":"taxable","17":"shipping-taxable","18":"purchasable","19":"product-type-simple"},"yoast_head":"<!-- This site is optimized with the Yoast SEO plugin v27.5 - https:\/\/yoast.com\/product\/yoast-seo-wordpress\/ -->\n<title>Osiris Kick Black 20&quot; - Galduria Drums<\/title>\n<meta name=\"description\" content=\"La serie OSIRIS es un parche resonante de 7 mil\u00e9simas de pulgada, de una sola capa, dise\u00f1ado espec\u00edficamente para su uso en Bombo Resonante.\" \/>\n<meta name=\"robots\" content=\"index, follow, max-snippet:-1, max-image-preview:large, max-video-preview:-1\" \/>\n<link rel=\"canonical\" href=\"https:\/\/galduriadrums.com\/?product=osiris-kick-black-20\" \/>\n<meta property=\"og:locale\" content=\"es_ES\" \/>\n<meta property=\"og:type\" content=\"article\" \/>\n<meta property=\"og:title\" content=\"Osiris Kick Black 20&quot; - Galduria Drums\" \/>\n<meta property=\"og:description\" content=\"La serie OSIRIS es un parche resonante de 7 mil\u00e9simas de pulgada, de una sola capa, dise\u00f1ado espec\u00edficamente para su uso en Bombo Resonante.\" \/>\n<meta property=\"og:url\" content=\"https:\/\/galduriadrums.com\/?product=osiris-kick-black-20\" \/>\n<meta property=\"og:site_name\" content=\"Galduria Drums\" \/>\n<meta property=\"article:modified_time\" content=\"2026-02-11T14:02:42+00:00\" \/>\n<meta property=\"og:image\" content=\"https:\/\/galduriadrums.com\/wp-content\/uploads\/2025\/11\/OSIRIS-KICK-scaled.webp\" \/>\n\t<meta property=\"og:image:width\" content=\"1920\" \/>\n\t<meta property=\"og:image:height\" content=\"1898\" \/>\n\t<meta property=\"og:image:type\" content=\"image\/webp\" \/>\n<meta name=\"twitter:card\" content=\"summary_large_image\" \/>\n<meta name=\"twitter:label1\" content=\"Tiempo de lectura\" \/>\n\t<meta name=\"twitter:data1\" content=\"1 minuto\" \/>\n<script type=\"application\/ld+json\" class=\"yoast-schema-graph\">{\"@context\":\"https:\\\/\\\/schema.org\",\"@graph\":[{\"@type\":\"WebPage\",\"@id\":\"https:\\\/\\\/galduriadrums.com\\\/?product=osiris-kick-black-20\",\"url\":\"https:\\\/\\\/galduriadrums.com\\\/?product=osiris-kick-black-20\",\"name\":\"Osiris Kick Black 20\\\" - Galduria Drums\",\"isPartOf\":{\"@id\":\"https:\\\/\\\/galduriadrums.com\\\/#website\"},\"primaryImageOfPage\":{\"@id\":\"https:\\\/\\\/galduriadrums.com\\\/?product=osiris-kick-black-20#primaryimage\"},\"image\":{\"@id\":\"https:\\\/\\\/galduriadrums.com\\\/?product=osiris-kick-black-20#primaryimage\"},\"thumbnailUrl\":\"https:\\\/\\\/galduriadrums.com\\\/wp-content\\\/uploads\\\/2025\\\/11\\\/OSIRIS-KICK-scaled.webp\",\"datePublished\":\"2025-11-19T19:36:26+00:00\",\"dateModified\":\"2026-02-11T14:02:42+00:00\",\"description\":\"La serie OSIRIS es un parche resonante de 7 mil\u00e9simas de pulgada, de una sola capa, dise\u00f1ado espec\u00edficamente para su uso en Bombo Resonante.\",\"breadcrumb\":{\"@id\":\"https:\\\/\\\/galduriadrums.com\\\/?product=osiris-kick-black-20#breadcrumb\"},\"inLanguage\":\"es\",\"potentialAction\":[{\"@type\":\"ReadAction\",\"target\":[\"https:\\\/\\\/galduriadrums.com\\\/?product=osiris-kick-black-20\"]}]},{\"@type\":\"ImageObject\",\"inLanguage\":\"es\",\"@id\":\"https:\\\/\\\/galduriadrums.com\\\/?product=osiris-kick-black-20#primaryimage\",\"url\":\"https:\\\/\\\/galduriadrums.com\\\/wp-content\\\/uploads\\\/2025\\\/11\\\/OSIRIS-KICK-scaled.webp\",\"contentUrl\":\"https:\\\/\\\/galduriadrums.com\\\/wp-content\\\/uploads\\\/2025\\\/11\\\/OSIRIS-KICK-scaled.webp\",\"width\":1920,\"height\":1898},{\"@type\":\"BreadcrumbList\",\"@id\":\"https:\\\/\\\/galduriadrums.com\\\/?product=osiris-kick-black-20#breadcrumb\",\"itemListElement\":[{\"@type\":\"ListItem\",\"position\":1,\"name\":\"Portada\",\"item\":\"https:\\\/\\\/galduriadrums.com\\\/\"},{\"@type\":\"ListItem\",\"position\":2,\"name\":\"Tienda\",\"item\":\"https:\\\/\\\/galduriadrums.com\\\/?page_id=6\"},{\"@type\":\"ListItem\",\"position\":3,\"name\":\"Osiris Kick Black 20&#8243;\"}]},{\"@type\":\"WebSite\",\"@id\":\"https:\\\/\\\/galduriadrums.com\\\/#website\",\"url\":\"https:\\\/\\\/galduriadrums.com\\\/\",\"name\":\"Galduria Drums\",\"description\":\"\",\"potentialAction\":[{\"@type\":\"SearchAction\",\"target\":{\"@type\":\"EntryPoint\",\"urlTemplate\":\"https:\\\/\\\/galduriadrums.com\\\/?s={search_term_string}\"},\"query-input\":{\"@type\":\"PropertyValueSpecification\",\"valueRequired\":true,\"valueName\":\"search_term_string\"}}],\"inLanguage\":\"es\"}]}<\/script>\n<!-- \/ Yoast SEO plugin. -->","yoast_head_json":{"title":"Osiris Kick Black 20\" - Galduria Drums","description":"La serie OSIRIS es un parche resonante de 7 mil\u00e9simas de pulgada, de una sola capa, dise\u00f1ado espec\u00edficamente para su uso en Bombo Resonante.","robots":{"index":"index","follow":"follow","max-snippet":"max-snippet:-1","max-image-preview":"max-image-preview:large","max-video-preview":"max-video-preview:-1"},"canonical":"https:\/\/galduriadrums.com\/?product=osiris-kick-black-20","og_locale":"es_ES","og_type":"article","og_title":"Osiris Kick Black 20\" - Galduria Drums","og_description":"La serie OSIRIS es un parche resonante de 7 mil\u00e9simas de pulgada, de una sola capa, dise\u00f1ado espec\u00edficamente para su uso en Bombo Resonante.","og_url":"https:\/\/galduriadrums.com\/?product=osiris-kick-black-20","og_site_name":"Galduria Drums","article_modified_time":"2026-02-11T14:02:42+00:00","og_image":[{"width":1920,"height":1898,"url":"https:\/\/galduriadrums.com\/wp-content\/uploads\/2025\/11\/OSIRIS-KICK-scaled.webp","type":"image\/webp"}],"twitter_card":"summary_large_image","twitter_misc":{"Tiempo de lectura":"1 minuto"},"schema":{"@context":"https:\/\/schema.org","@graph":[{"@type":"WebPage","@id":"https:\/\/galduriadrums.com\/?product=osiris-kick-black-20","url":"https:\/\/galduriadrums.com\/?product=osiris-kick-black-20","name":"Osiris Kick Black 20\" - Galduria Drums","isPartOf":{"@id":"https:\/\/galduriadrums.com\/#website"},"primaryImageOfPage":{"@id":"https:\/\/galduriadrums.com\/?product=osiris-kick-black-20#primaryimage"},"image":{"@id":"https:\/\/galduriadrums.com\/?product=osiris-kick-black-20#primaryimage"},"thumbnailUrl":"https:\/\/galduriadrums.com\/wp-content\/uploads\/2025\/11\/OSIRIS-KICK-scaled.webp","datePublished":"2025-11-19T19:36:26+00:00","dateModified":"2026-02-11T14:02:42+00:00","description":"La serie OSIRIS es un parche resonante de 7 mil\u00e9simas de pulgada, de una sola capa, dise\u00f1ado espec\u00edficamente para su uso en Bombo Resonante.","breadcrumb":{"@id":"https:\/\/galduriadrums.com\/?product=osiris-kick-black-20#breadcrumb"},"inLanguage":"es","potentialAction":[{"@type":"ReadAction","target":["https:\/\/galduriadrums.com\/?product=osiris-kick-black-20"]}]},{"@type":"ImageObject","inLanguage":"es","@id":"https:\/\/galduriadrums.com\/?product=osiris-kick-black-20#primaryimage","url":"https:\/\/galduriadrums.com\/wp-content\/uploads\/2025\/11\/OSIRIS-KICK-scaled.webp","contentUrl":"https:\/\/galduriadrums.com\/wp-content\/uploads\/2025\/11\/OSIRIS-KICK-scaled.webp","width":1920,"height":1898},{"@type":"BreadcrumbList","@id":"https:\/\/galduriadrums.com\/?product=osiris-kick-black-20#breadcrumb","itemListElement":[{"@type":"ListItem","position":1,"name":"Portada","item":"https:\/\/galduriadrums.com\/"},{"@type":"ListItem","position":2,"name":"Tienda","item":"https:\/\/galduriadrums.com\/?page_id=6"},{"@type":"ListItem","position":3,"name":"Osiris Kick Black 20&#8243;"}]},{"@type":"WebSite","@id":"https:\/\/galduriadrums.com\/#website","url":"https:\/\/galduriadrums.com\/","name":"Galduria Drums","description":"","potentialAction":[{"@type":"SearchAction","target":{"@type":"EntryPoint","urlTemplate":"https:\/\/galduriadrums.com\/?s={search_term_string}"},"query-input":{"@type":"PropertyValueSpecification","valueRequired":true,"valueName":"search_term_string"}}],"inLanguage":"es"}]}},"jetpack_publicize_connections":[],"jetpack_sharing_enabled":true,"_links":{"self":[{"href":"https:\/\/galduriadrums.com\/index.php?rest_route=\/wp\/v2\/product\/709","targetHints":{"allow":["GET"]}}],"collection":[{"href":"https:\/\/galduriadrums.com\/index.php?rest_route=\/wp\/v2\/product"}],"about":[{"href":"https:\/\/galduriadrums.com\/index.php?rest_route=\/wp\/v2\/types\/product"}],"replies":[{"embeddable":true,"href":"https:\/\/galduriadrums.com\/index.php?rest_route=%2Fwp%2Fv2%2Fcomments&post=709"}],"wp:featuredmedia":[{"embeddable":true,"href":"https:\/\/galduriadrums.com\/index.php?rest_route=\/wp\/v2\/media\/198"}],"wp:attachment":[{"href":"https:\/\/galduriadrums.com\/index.php?rest_route=%2Fwp%2Fv2%2Fmedia&parent=709"}],"wp:term":[{"taxonomy":"product_brand","embeddable":true,"href":"https:\/\/galduriadrums.com\/index.php?rest_route=%2Fwp%2Fv2%2Fproduct_brand&post=709"},{"taxonomy":"product_cat","embeddable":true,"href":"https:\/\/galduriadrums.com\/index.php?rest_route=%2Fwp%2Fv2%2Fproduct_cat&post=709"},{"taxonomy":"product_tag","embeddable":true,"href":"https:\/\/galduriadrums.com\/index.php?rest_route=%2Fwp%2Fv2%2Fproduct_tag&post=709"}],"curies":[{"name":"wp","href":"https:\/\/api.w.org\/{rel}","templated":true}]}}