{"id":694,"date":"2025-11-19T17:14:24","date_gmt":"2025-11-19T17:14:24","guid":{"rendered":"https:\/\/galduriadrums.com\/?post_type=product&#038;p=694"},"modified":"2026-02-26T20:10:58","modified_gmt":"2026-02-26T20:10:58","slug":"taurus-coated-14","status":"publish","type":"product","link":"https:\/\/galduriadrums.com\/?product=taurus-coated-14","title":{"rendered":"Taurus Coated 14&#8243;"},"content":{"rendered":"<p>La serie TAURUS es un parche de dos capas, de 7 mil\u00e9simas + 5 mil\u00e9simas de pulgada + un anillo quitarm\u00f3nico interno transparente. TAURUS proporciona un tono pleno y rico al casco. Se utiliza principalmente como parche batidor en toms de afinaci\u00f3n baja, ayudando a lograr un sonido profundo y oscuro con un sustain medio. La serie TAURUS est\u00e1 disponible en versiones transparente (clear) y lacada (coated).<\/p>\n","protected":false},"excerpt":{"rendered":"<p>La serie TAURUS es un parche de dos capas, de 7 mil\u00e9simas + 5 mil\u00e9simas de pulgada + un anillo quitarm\u00f3nico interno transparente. TAURUS proporciona un tono pleno y rico al casco. Se utiliza principalmente como parche batidor en toms de afinaci\u00f3n baja, ayudando a lograr un sonido profundo y oscuro con un sustain medio. [&hellip;]<\/p>\n","protected":false},"featured_media":206,"comment_status":"open","ping_status":"closed","template":"","meta":{"jetpack_publicize_message":"","jetpack_publicize_feature_enabled":true,"jetpack_social_post_already_shared":true,"jetpack_social_options":{"image_generator_settings":{"template":"highway","default_image_id":0,"font":"","enabled":false},"version":2}},"product_brand":[94],"product_cat":[32,136,52],"product_tag":[],"class_list":{"0":"post-694","1":"product","2":"type-product","3":"status-publish","4":"has-post-thumbnail","6":"product_brand-blue-drum-heads","7":"product_cat-blue-drum-heads","8":"product_cat-parches-de-toms","9":"product_cat-taurus-coated","10":"pa_cantidad-de-capas-2-ply-7-5-mil","11":"pa_series-de-parches-taurus-coated","12":"pa_tamano-parches-14-inch","13":"pa_tipos-parches-caja-batidor","14":"pa_tipos-parches-parches-toms","16":"first","17":"instock","18":"taxable","19":"shipping-taxable","20":"purchasable","21":"product-type-simple"},"yoast_head":"<!-- This site is optimized with the Yoast SEO plugin v27.5 - https:\/\/yoast.com\/product\/yoast-seo-wordpress\/ -->\n<title>Taurus Coated 14&quot; - Galduria Drums<\/title>\n<meta name=\"description\" content=\"La serie TAURUS es un parche de dos capas, de 7 mil\u00e9simas + 5 mil\u00e9simas de pulgada mas un anillo quitarm\u00f3nico interno transparente.\" \/>\n<meta name=\"robots\" content=\"index, follow, max-snippet:-1, max-image-preview:large, max-video-preview:-1\" \/>\n<link rel=\"canonical\" href=\"https:\/\/galduriadrums.com\/?product=taurus-coated-14\" \/>\n<meta property=\"og:locale\" content=\"es_ES\" \/>\n<meta property=\"og:type\" content=\"article\" \/>\n<meta property=\"og:title\" content=\"Taurus Coated 14&quot; - Galduria Drums\" \/>\n<meta property=\"og:description\" content=\"La serie TAURUS es un parche de dos capas, de 7 mil\u00e9simas + 5 mil\u00e9simas de pulgada mas un anillo quitarm\u00f3nico interno transparente.\" \/>\n<meta property=\"og:url\" content=\"https:\/\/galduriadrums.com\/?product=taurus-coated-14\" \/>\n<meta property=\"og:site_name\" content=\"Galduria Drums\" \/>\n<meta property=\"article:modified_time\" content=\"2026-02-26T20:10:58+00:00\" \/>\n<meta property=\"og:image\" content=\"https:\/\/galduriadrums.com\/wp-content\/uploads\/2025\/11\/TAURUS-scaled.webp\" \/>\n\t<meta property=\"og:image:width\" content=\"1920\" \/>\n\t<meta property=\"og:image:height\" content=\"1899\" \/>\n\t<meta property=\"og:image:type\" content=\"image\/webp\" \/>\n<meta name=\"twitter:card\" content=\"summary_large_image\" \/>\n<meta name=\"twitter:label1\" content=\"Tiempo de lectura\" \/>\n\t<meta name=\"twitter:data1\" content=\"1 minuto\" \/>\n<script type=\"application\/ld+json\" class=\"yoast-schema-graph\">{\"@context\":\"https:\\\/\\\/schema.org\",\"@graph\":[{\"@type\":\"WebPage\",\"@id\":\"https:\\\/\\\/galduriadrums.com\\\/?product=taurus-coated-14\",\"url\":\"https:\\\/\\\/galduriadrums.com\\\/?product=taurus-coated-14\",\"name\":\"Taurus Coated 14\\\" - Galduria Drums\",\"isPartOf\":{\"@id\":\"https:\\\/\\\/galduriadrums.com\\\/#website\"},\"primaryImageOfPage\":{\"@id\":\"https:\\\/\\\/galduriadrums.com\\\/?product=taurus-coated-14#primaryimage\"},\"image\":{\"@id\":\"https:\\\/\\\/galduriadrums.com\\\/?product=taurus-coated-14#primaryimage\"},\"thumbnailUrl\":\"https:\\\/\\\/galduriadrums.com\\\/wp-content\\\/uploads\\\/2025\\\/11\\\/TAURUS-scaled.webp\",\"datePublished\":\"2025-11-19T17:14:24+00:00\",\"dateModified\":\"2026-02-26T20:10:58+00:00\",\"description\":\"La serie TAURUS es un parche de dos capas, de 7 mil\u00e9simas + 5 mil\u00e9simas de pulgada mas un anillo quitarm\u00f3nico interno transparente.\",\"breadcrumb\":{\"@id\":\"https:\\\/\\\/galduriadrums.com\\\/?product=taurus-coated-14#breadcrumb\"},\"inLanguage\":\"es\",\"potentialAction\":[{\"@type\":\"ReadAction\",\"target\":[\"https:\\\/\\\/galduriadrums.com\\\/?product=taurus-coated-14\"]}]},{\"@type\":\"ImageObject\",\"inLanguage\":\"es\",\"@id\":\"https:\\\/\\\/galduriadrums.com\\\/?product=taurus-coated-14#primaryimage\",\"url\":\"https:\\\/\\\/galduriadrums.com\\\/wp-content\\\/uploads\\\/2025\\\/11\\\/TAURUS-scaled.webp\",\"contentUrl\":\"https:\\\/\\\/galduriadrums.com\\\/wp-content\\\/uploads\\\/2025\\\/11\\\/TAURUS-scaled.webp\",\"width\":1920,\"height\":1899},{\"@type\":\"BreadcrumbList\",\"@id\":\"https:\\\/\\\/galduriadrums.com\\\/?product=taurus-coated-14#breadcrumb\",\"itemListElement\":[{\"@type\":\"ListItem\",\"position\":1,\"name\":\"Portada\",\"item\":\"https:\\\/\\\/galduriadrums.com\\\/\"},{\"@type\":\"ListItem\",\"position\":2,\"name\":\"Tienda\",\"item\":\"https:\\\/\\\/galduriadrums.com\\\/?page_id=6\"},{\"@type\":\"ListItem\",\"position\":3,\"name\":\"Taurus Coated 14&#8243;\"}]},{\"@type\":\"WebSite\",\"@id\":\"https:\\\/\\\/galduriadrums.com\\\/#website\",\"url\":\"https:\\\/\\\/galduriadrums.com\\\/\",\"name\":\"Galduria Drums\",\"description\":\"\",\"potentialAction\":[{\"@type\":\"SearchAction\",\"target\":{\"@type\":\"EntryPoint\",\"urlTemplate\":\"https:\\\/\\\/galduriadrums.com\\\/?s={search_term_string}\"},\"query-input\":{\"@type\":\"PropertyValueSpecification\",\"valueRequired\":true,\"valueName\":\"search_term_string\"}}],\"inLanguage\":\"es\"}]}<\/script>\n<!-- \/ Yoast SEO plugin. -->","yoast_head_json":{"title":"Taurus Coated 14\" - Galduria Drums","description":"La serie TAURUS es un parche de dos capas, de 7 mil\u00e9simas + 5 mil\u00e9simas de pulgada mas un anillo quitarm\u00f3nico interno transparente.","robots":{"index":"index","follow":"follow","max-snippet":"max-snippet:-1","max-image-preview":"max-image-preview:large","max-video-preview":"max-video-preview:-1"},"canonical":"https:\/\/galduriadrums.com\/?product=taurus-coated-14","og_locale":"es_ES","og_type":"article","og_title":"Taurus Coated 14\" - Galduria Drums","og_description":"La serie TAURUS es un parche de dos capas, de 7 mil\u00e9simas + 5 mil\u00e9simas de pulgada mas un anillo quitarm\u00f3nico interno transparente.","og_url":"https:\/\/galduriadrums.com\/?product=taurus-coated-14","og_site_name":"Galduria Drums","article_modified_time":"2026-02-26T20:10:58+00:00","og_image":[{"width":1920,"height":1899,"url":"https:\/\/galduriadrums.com\/wp-content\/uploads\/2025\/11\/TAURUS-scaled.webp","type":"image\/webp"}],"twitter_card":"summary_large_image","twitter_misc":{"Tiempo de lectura":"1 minuto"},"schema":{"@context":"https:\/\/schema.org","@graph":[{"@type":"WebPage","@id":"https:\/\/galduriadrums.com\/?product=taurus-coated-14","url":"https:\/\/galduriadrums.com\/?product=taurus-coated-14","name":"Taurus Coated 14\" - Galduria Drums","isPartOf":{"@id":"https:\/\/galduriadrums.com\/#website"},"primaryImageOfPage":{"@id":"https:\/\/galduriadrums.com\/?product=taurus-coated-14#primaryimage"},"image":{"@id":"https:\/\/galduriadrums.com\/?product=taurus-coated-14#primaryimage"},"thumbnailUrl":"https:\/\/galduriadrums.com\/wp-content\/uploads\/2025\/11\/TAURUS-scaled.webp","datePublished":"2025-11-19T17:14:24+00:00","dateModified":"2026-02-26T20:10:58+00:00","description":"La serie TAURUS es un parche de dos capas, de 7 mil\u00e9simas + 5 mil\u00e9simas de pulgada mas un anillo quitarm\u00f3nico interno transparente.","breadcrumb":{"@id":"https:\/\/galduriadrums.com\/?product=taurus-coated-14#breadcrumb"},"inLanguage":"es","potentialAction":[{"@type":"ReadAction","target":["https:\/\/galduriadrums.com\/?product=taurus-coated-14"]}]},{"@type":"ImageObject","inLanguage":"es","@id":"https:\/\/galduriadrums.com\/?product=taurus-coated-14#primaryimage","url":"https:\/\/galduriadrums.com\/wp-content\/uploads\/2025\/11\/TAURUS-scaled.webp","contentUrl":"https:\/\/galduriadrums.com\/wp-content\/uploads\/2025\/11\/TAURUS-scaled.webp","width":1920,"height":1899},{"@type":"BreadcrumbList","@id":"https:\/\/galduriadrums.com\/?product=taurus-coated-14#breadcrumb","itemListElement":[{"@type":"ListItem","position":1,"name":"Portada","item":"https:\/\/galduriadrums.com\/"},{"@type":"ListItem","position":2,"name":"Tienda","item":"https:\/\/galduriadrums.com\/?page_id=6"},{"@type":"ListItem","position":3,"name":"Taurus Coated 14&#8243;"}]},{"@type":"WebSite","@id":"https:\/\/galduriadrums.com\/#website","url":"https:\/\/galduriadrums.com\/","name":"Galduria Drums","description":"","potentialAction":[{"@type":"SearchAction","target":{"@type":"EntryPoint","urlTemplate":"https:\/\/galduriadrums.com\/?s={search_term_string}"},"query-input":{"@type":"PropertyValueSpecification","valueRequired":true,"valueName":"search_term_string"}}],"inLanguage":"es"}]}},"jetpack_publicize_connections":[],"jetpack_sharing_enabled":true,"_links":{"self":[{"href":"https:\/\/galduriadrums.com\/index.php?rest_route=\/wp\/v2\/product\/694","targetHints":{"allow":["GET"]}}],"collection":[{"href":"https:\/\/galduriadrums.com\/index.php?rest_route=\/wp\/v2\/product"}],"about":[{"href":"https:\/\/galduriadrums.com\/index.php?rest_route=\/wp\/v2\/types\/product"}],"replies":[{"embeddable":true,"href":"https:\/\/galduriadrums.com\/index.php?rest_route=%2Fwp%2Fv2%2Fcomments&post=694"}],"wp:featuredmedia":[{"embeddable":true,"href":"https:\/\/galduriadrums.com\/index.php?rest_route=\/wp\/v2\/media\/206"}],"wp:attachment":[{"href":"https:\/\/galduriadrums.com\/index.php?rest_route=%2Fwp%2Fv2%2Fmedia&parent=694"}],"wp:term":[{"taxonomy":"product_brand","embeddable":true,"href":"https:\/\/galduriadrums.com\/index.php?rest_route=%2Fwp%2Fv2%2Fproduct_brand&post=694"},{"taxonomy":"product_cat","embeddable":true,"href":"https:\/\/galduriadrums.com\/index.php?rest_route=%2Fwp%2Fv2%2Fproduct_cat&post=694"},{"taxonomy":"product_tag","embeddable":true,"href":"https:\/\/galduriadrums.com\/index.php?rest_route=%2Fwp%2Fv2%2Fproduct_tag&post=694"}],"curies":[{"name":"wp","href":"https:\/\/api.w.org\/{rel}","templated":true}]}}