{"id":607,"date":"2025-11-18T21:13:29","date_gmt":"2025-11-18T21:13:29","guid":{"rendered":"https:\/\/galduriadrums.com\/?post_type=product&#038;p=607"},"modified":"2026-02-09T22:02:30","modified_gmt":"2026-02-09T22:02:30","slug":"cassiopeia-clear-16","status":"publish","type":"product","link":"https:\/\/galduriadrums.com\/?product=cassiopeia-clear-16","title":{"rendered":"Cassiopeia Clear 16&#8243;"},"content":{"rendered":"<p>La serie CASSIOPEIA es de dos capas, con un grosor de 7 mil\u00e9simas de pulgada + 5 mil\u00e9simas de pulgada. CASSIOPEIA es nuestra nueva serie de dos capas con el sonido m\u00e1s abierto de nuestro cat\u00e1logo. Ayuda a lograr un sonido con una resonancia c\u00e1lida y prolongada, y con graves profundos y potentes. La serie CASSIOPEIA est\u00e1 disponible en versiones transparente (clear) y con recubrimiento (coated).<\/p>\n","protected":false},"excerpt":{"rendered":"<p>La serie CASSIOPEIA es de dos capas, con un grosor de 7 mil\u00e9simas de pulgada + 5 mil\u00e9simas de pulgada. CASSIOPEIA es nuestra nueva serie de dos capas con el sonido m\u00e1s abierto de nuestro cat\u00e1logo. Ayuda a lograr un sonido con una resonancia c\u00e1lida y prolongada, y con graves profundos y potentes. La serie [&hellip;]<\/p>\n","protected":false},"featured_media":209,"comment_status":"open","ping_status":"closed","template":"","meta":{"jetpack_publicize_message":"","jetpack_publicize_feature_enabled":true,"jetpack_social_post_already_shared":true,"jetpack_social_options":{"image_generator_settings":{"template":"highway","default_image_id":0,"font":"","enabled":false},"version":2}},"product_brand":[94],"product_cat":[38],"product_tag":[62,65,61],"class_list":{"0":"post-607","1":"product","2":"type-product","3":"status-publish","4":"has-post-thumbnail","6":"product_brand-blue-drum-heads","7":"product_cat-cassiopeia-clear","8":"product_tag-blue-drum","9":"product_tag-cassiopeia-clear","10":"product_tag-parche","11":"pa_cantidad-de-capas-2-ply-7-5-mil","12":"pa_series-de-parches-cassiopeia-clear","13":"pa_tamano-parches-16-inch","14":"pa_tipos-parches-parches-toms","16":"first","17":"instock","18":"taxable","19":"shipping-taxable","20":"purchasable","21":"product-type-simple"},"yoast_head":"<!-- This site is optimized with the Yoast SEO plugin v27.5 - https:\/\/yoast.com\/product\/yoast-seo-wordpress\/ -->\n<title>Cassiopeia Clear 16&quot; - Galduria Drums<\/title>\n<meta name=\"description\" content=\"La serie CASSIOPEIA es de dos capas, con un grosor de 7 mil\u00e9simas de pulgada + 5 mil\u00e9simas de pulgada. CASSIOPEIA es nuestra nueva serie de dos capas Top.\" \/>\n<meta name=\"robots\" content=\"index, follow, max-snippet:-1, max-image-preview:large, max-video-preview:-1\" \/>\n<link rel=\"canonical\" href=\"https:\/\/galduriadrums.com\/?product=cassiopeia-clear-16\" \/>\n<meta property=\"og:locale\" content=\"es_ES\" \/>\n<meta property=\"og:type\" content=\"article\" \/>\n<meta property=\"og:title\" content=\"Cassiopeia Clear 16&quot; - Galduria Drums\" \/>\n<meta property=\"og:description\" content=\"La serie CASSIOPEIA es de dos capas, con un grosor de 7 mil\u00e9simas de pulgada + 5 mil\u00e9simas de pulgada. CASSIOPEIA es nuestra nueva serie de dos capas Top.\" \/>\n<meta property=\"og:url\" content=\"https:\/\/galduriadrums.com\/?product=cassiopeia-clear-16\" \/>\n<meta property=\"og:site_name\" content=\"Galduria Drums\" \/>\n<meta property=\"article:modified_time\" content=\"2026-02-09T22:02:30+00:00\" \/>\n<meta property=\"og:image\" content=\"https:\/\/galduriadrums.com\/wp-content\/uploads\/2025\/11\/CASSIOPEIA-CLEAR-2024-scaled.webp\" \/>\n\t<meta property=\"og:image:width\" content=\"1920\" \/>\n\t<meta property=\"og:image:height\" content=\"1899\" \/>\n\t<meta property=\"og:image:type\" content=\"image\/webp\" \/>\n<meta name=\"twitter:card\" content=\"summary_large_image\" \/>\n<meta name=\"twitter:label1\" content=\"Tiempo de lectura\" \/>\n\t<meta name=\"twitter:data1\" content=\"1 minuto\" \/>\n<script type=\"application\/ld+json\" class=\"yoast-schema-graph\">{\"@context\":\"https:\\\/\\\/schema.org\",\"@graph\":[{\"@type\":\"WebPage\",\"@id\":\"https:\\\/\\\/galduriadrums.com\\\/?product=cassiopeia-clear-16\",\"url\":\"https:\\\/\\\/galduriadrums.com\\\/?product=cassiopeia-clear-16\",\"name\":\"Cassiopeia Clear 16\\\" - Galduria Drums\",\"isPartOf\":{\"@id\":\"https:\\\/\\\/galduriadrums.com\\\/#website\"},\"primaryImageOfPage\":{\"@id\":\"https:\\\/\\\/galduriadrums.com\\\/?product=cassiopeia-clear-16#primaryimage\"},\"image\":{\"@id\":\"https:\\\/\\\/galduriadrums.com\\\/?product=cassiopeia-clear-16#primaryimage\"},\"thumbnailUrl\":\"https:\\\/\\\/galduriadrums.com\\\/wp-content\\\/uploads\\\/2025\\\/11\\\/CASSIOPEIA-CLEAR-2024-scaled.webp\",\"datePublished\":\"2025-11-18T21:13:29+00:00\",\"dateModified\":\"2026-02-09T22:02:30+00:00\",\"description\":\"La serie CASSIOPEIA es de dos capas, con un grosor de 7 mil\u00e9simas de pulgada + 5 mil\u00e9simas de pulgada. CASSIOPEIA es nuestra nueva serie de dos capas Top.\",\"breadcrumb\":{\"@id\":\"https:\\\/\\\/galduriadrums.com\\\/?product=cassiopeia-clear-16#breadcrumb\"},\"inLanguage\":\"es\",\"potentialAction\":[{\"@type\":\"ReadAction\",\"target\":[\"https:\\\/\\\/galduriadrums.com\\\/?product=cassiopeia-clear-16\"]}]},{\"@type\":\"ImageObject\",\"inLanguage\":\"es\",\"@id\":\"https:\\\/\\\/galduriadrums.com\\\/?product=cassiopeia-clear-16#primaryimage\",\"url\":\"https:\\\/\\\/galduriadrums.com\\\/wp-content\\\/uploads\\\/2025\\\/11\\\/CASSIOPEIA-CLEAR-2024-scaled.webp\",\"contentUrl\":\"https:\\\/\\\/galduriadrums.com\\\/wp-content\\\/uploads\\\/2025\\\/11\\\/CASSIOPEIA-CLEAR-2024-scaled.webp\",\"width\":1920,\"height\":1899},{\"@type\":\"BreadcrumbList\",\"@id\":\"https:\\\/\\\/galduriadrums.com\\\/?product=cassiopeia-clear-16#breadcrumb\",\"itemListElement\":[{\"@type\":\"ListItem\",\"position\":1,\"name\":\"Portada\",\"item\":\"https:\\\/\\\/galduriadrums.com\\\/\"},{\"@type\":\"ListItem\",\"position\":2,\"name\":\"Tienda\",\"item\":\"https:\\\/\\\/galduriadrums.com\\\/?page_id=6\"},{\"@type\":\"ListItem\",\"position\":3,\"name\":\"Cassiopeia Clear 16&#8243;\"}]},{\"@type\":\"WebSite\",\"@id\":\"https:\\\/\\\/galduriadrums.com\\\/#website\",\"url\":\"https:\\\/\\\/galduriadrums.com\\\/\",\"name\":\"Galduria Drums\",\"description\":\"\",\"potentialAction\":[{\"@type\":\"SearchAction\",\"target\":{\"@type\":\"EntryPoint\",\"urlTemplate\":\"https:\\\/\\\/galduriadrums.com\\\/?s={search_term_string}\"},\"query-input\":{\"@type\":\"PropertyValueSpecification\",\"valueRequired\":true,\"valueName\":\"search_term_string\"}}],\"inLanguage\":\"es\"}]}<\/script>\n<!-- \/ Yoast SEO plugin. -->","yoast_head_json":{"title":"Cassiopeia Clear 16\" - Galduria Drums","description":"La serie CASSIOPEIA es de dos capas, con un grosor de 7 mil\u00e9simas de pulgada + 5 mil\u00e9simas de pulgada. CASSIOPEIA es nuestra nueva serie de dos capas Top.","robots":{"index":"index","follow":"follow","max-snippet":"max-snippet:-1","max-image-preview":"max-image-preview:large","max-video-preview":"max-video-preview:-1"},"canonical":"https:\/\/galduriadrums.com\/?product=cassiopeia-clear-16","og_locale":"es_ES","og_type":"article","og_title":"Cassiopeia Clear 16\" - Galduria Drums","og_description":"La serie CASSIOPEIA es de dos capas, con un grosor de 7 mil\u00e9simas de pulgada + 5 mil\u00e9simas de pulgada. CASSIOPEIA es nuestra nueva serie de dos capas Top.","og_url":"https:\/\/galduriadrums.com\/?product=cassiopeia-clear-16","og_site_name":"Galduria Drums","article_modified_time":"2026-02-09T22:02:30+00:00","og_image":[{"width":1920,"height":1899,"url":"https:\/\/galduriadrums.com\/wp-content\/uploads\/2025\/11\/CASSIOPEIA-CLEAR-2024-scaled.webp","type":"image\/webp"}],"twitter_card":"summary_large_image","twitter_misc":{"Tiempo de lectura":"1 minuto"},"schema":{"@context":"https:\/\/schema.org","@graph":[{"@type":"WebPage","@id":"https:\/\/galduriadrums.com\/?product=cassiopeia-clear-16","url":"https:\/\/galduriadrums.com\/?product=cassiopeia-clear-16","name":"Cassiopeia Clear 16\" - Galduria Drums","isPartOf":{"@id":"https:\/\/galduriadrums.com\/#website"},"primaryImageOfPage":{"@id":"https:\/\/galduriadrums.com\/?product=cassiopeia-clear-16#primaryimage"},"image":{"@id":"https:\/\/galduriadrums.com\/?product=cassiopeia-clear-16#primaryimage"},"thumbnailUrl":"https:\/\/galduriadrums.com\/wp-content\/uploads\/2025\/11\/CASSIOPEIA-CLEAR-2024-scaled.webp","datePublished":"2025-11-18T21:13:29+00:00","dateModified":"2026-02-09T22:02:30+00:00","description":"La serie CASSIOPEIA es de dos capas, con un grosor de 7 mil\u00e9simas de pulgada + 5 mil\u00e9simas de pulgada. CASSIOPEIA es nuestra nueva serie de dos capas Top.","breadcrumb":{"@id":"https:\/\/galduriadrums.com\/?product=cassiopeia-clear-16#breadcrumb"},"inLanguage":"es","potentialAction":[{"@type":"ReadAction","target":["https:\/\/galduriadrums.com\/?product=cassiopeia-clear-16"]}]},{"@type":"ImageObject","inLanguage":"es","@id":"https:\/\/galduriadrums.com\/?product=cassiopeia-clear-16#primaryimage","url":"https:\/\/galduriadrums.com\/wp-content\/uploads\/2025\/11\/CASSIOPEIA-CLEAR-2024-scaled.webp","contentUrl":"https:\/\/galduriadrums.com\/wp-content\/uploads\/2025\/11\/CASSIOPEIA-CLEAR-2024-scaled.webp","width":1920,"height":1899},{"@type":"BreadcrumbList","@id":"https:\/\/galduriadrums.com\/?product=cassiopeia-clear-16#breadcrumb","itemListElement":[{"@type":"ListItem","position":1,"name":"Portada","item":"https:\/\/galduriadrums.com\/"},{"@type":"ListItem","position":2,"name":"Tienda","item":"https:\/\/galduriadrums.com\/?page_id=6"},{"@type":"ListItem","position":3,"name":"Cassiopeia Clear 16&#8243;"}]},{"@type":"WebSite","@id":"https:\/\/galduriadrums.com\/#website","url":"https:\/\/galduriadrums.com\/","name":"Galduria Drums","description":"","potentialAction":[{"@type":"SearchAction","target":{"@type":"EntryPoint","urlTemplate":"https:\/\/galduriadrums.com\/?s={search_term_string}"},"query-input":{"@type":"PropertyValueSpecification","valueRequired":true,"valueName":"search_term_string"}}],"inLanguage":"es"}]}},"jetpack_publicize_connections":[],"jetpack_sharing_enabled":true,"_links":{"self":[{"href":"https:\/\/galduriadrums.com\/index.php?rest_route=\/wp\/v2\/product\/607","targetHints":{"allow":["GET"]}}],"collection":[{"href":"https:\/\/galduriadrums.com\/index.php?rest_route=\/wp\/v2\/product"}],"about":[{"href":"https:\/\/galduriadrums.com\/index.php?rest_route=\/wp\/v2\/types\/product"}],"replies":[{"embeddable":true,"href":"https:\/\/galduriadrums.com\/index.php?rest_route=%2Fwp%2Fv2%2Fcomments&post=607"}],"wp:featuredmedia":[{"embeddable":true,"href":"https:\/\/galduriadrums.com\/index.php?rest_route=\/wp\/v2\/media\/209"}],"wp:attachment":[{"href":"https:\/\/galduriadrums.com\/index.php?rest_route=%2Fwp%2Fv2%2Fmedia&parent=607"}],"wp:term":[{"taxonomy":"product_brand","embeddable":true,"href":"https:\/\/galduriadrums.com\/index.php?rest_route=%2Fwp%2Fv2%2Fproduct_brand&post=607"},{"taxonomy":"product_cat","embeddable":true,"href":"https:\/\/galduriadrums.com\/index.php?rest_route=%2Fwp%2Fv2%2Fproduct_cat&post=607"},{"taxonomy":"product_tag","embeddable":true,"href":"https:\/\/galduriadrums.com\/index.php?rest_route=%2Fwp%2Fv2%2Fproduct_tag&post=607"}],"curies":[{"name":"wp","href":"https:\/\/api.w.org\/{rel}","templated":true}]}}