{"id":486,"date":"2025-11-14T23:30:11","date_gmt":"2025-11-14T23:30:11","guid":{"rendered":"https:\/\/galduriadrums.com\/?post_type=product&#038;p=486"},"modified":"2026-02-09T22:34:29","modified_gmt":"2026-02-09T22:34:29","slug":"ursa-minor-13","status":"publish","type":"product","link":"https:\/\/galduriadrums.com\/?product=ursa-minor-13","title":{"rendered":"Ursa Minor 13&#8243; (snare side 3mil)"},"content":{"rendered":"<h3>URSA MINOR es nuestra serie m\u00e1s vers\u00e1til como resonante para las cajas y es una monocapa (1 capa) de 3mil\u00e9simas de espesor. URSA MINOR garantiza una respuesta r\u00e1pida del bord\u00f3n y un sonido claro y brillante. Es capaz de enfatizar el tono de la caja y el bord\u00f3n.<\/h3>\n","protected":false},"excerpt":{"rendered":"<p>URSA MINOR es nuestra serie m\u00e1s vers\u00e1til como resonante para las cajas y es una monocapa (1 capa) de 3mil\u00e9simas de espesor. URSA MINOR garantiza una respuesta r\u00e1pida del bord\u00f3n y un sonido claro y brillante. Es capaz de enfatizar el tono de la caja y el bord\u00f3n.<\/p>\n","protected":false},"featured_media":207,"comment_status":"open","ping_status":"closed","template":"","meta":{"jetpack_publicize_message":"","jetpack_publicize_feature_enabled":true,"jetpack_social_post_already_shared":false,"jetpack_social_options":{"image_generator_settings":{"template":"highway","default_image_id":0,"font":"","enabled":false},"version":2}},"product_brand":[94],"product_cat":[123,56],"product_tag":[],"class_list":{"0":"post-486","1":"product","2":"type-product","3":"status-publish","4":"has-post-thumbnail","6":"product_brand-blue-drum-heads","7":"product_cat-caja-bordonero","8":"product_cat-ursa-minor","9":"pa_cantidad-de-capas-1-ply-3-mil","10":"pa_series-de-parches-ursa-minor","11":"pa_tamano-parches-13-inch","12":"pa_tipos-parches-snare-side","14":"first","15":"instock","16":"taxable","17":"shipping-taxable","18":"purchasable","19":"product-type-simple"},"yoast_head":"<!-- This site is optimized with the Yoast SEO plugin v27.5 - https:\/\/yoast.com\/product\/yoast-seo-wordpress\/ -->\n<title>Ursa Minor 13&quot; (snare side 3mil) - Galduria Drums<\/title>\n<meta name=\"description\" content=\"URSA MINOR es nuestra serie m\u00e1s vers\u00e1til como resonante para las cajas, tiene 1 capa de 3mil\u00e9simas de espesor, garantiza una respuesta r\u00e1pida del bord\u00f3n\" \/>\n<meta name=\"robots\" content=\"index, follow, max-snippet:-1, max-image-preview:large, max-video-preview:-1\" \/>\n<link rel=\"canonical\" href=\"https:\/\/galduriadrums.com\/?product=ursa-minor-13\" \/>\n<meta property=\"og:locale\" content=\"es_ES\" \/>\n<meta property=\"og:type\" content=\"article\" \/>\n<meta property=\"og:title\" content=\"Ursa Minor 13&quot;\" \/>\n<meta property=\"og:description\" content=\"URSA MINOR es nuestra serie m\u00e1s vers\u00e1til como resonante para las cajas y es una monocapa (1 capa) de 3mil\u00e9simas de espesor. URSA MINOR garantiza una respuesta r\u00e1pida del bord\u00f3n y un sonido claro y brillante. Es capaz de enfatizar el tono de la caja y el bord\u00f3n.\" \/>\n<meta property=\"og:url\" content=\"https:\/\/galduriadrums.com\/?product=ursa-minor-13\" \/>\n<meta property=\"og:site_name\" content=\"Galduria Drums\" \/>\n<meta property=\"article:modified_time\" content=\"2026-02-09T22:34:29+00:00\" \/>\n<meta property=\"og:image\" content=\"https:\/\/galduriadrums.com\/wp-content\/uploads\/2025\/11\/URSA-MINOR-scaled.webp\" \/>\n\t<meta property=\"og:image:width\" content=\"1920\" \/>\n\t<meta property=\"og:image:height\" content=\"1898\" \/>\n\t<meta property=\"og:image:type\" content=\"image\/webp\" \/>\n<meta name=\"twitter:card\" content=\"summary_large_image\" \/>\n<meta name=\"twitter:label1\" content=\"Tiempo de lectura\" \/>\n\t<meta name=\"twitter:data1\" content=\"1 minuto\" \/>\n<script type=\"application\/ld+json\" class=\"yoast-schema-graph\">{\"@context\":\"https:\\\/\\\/schema.org\",\"@graph\":[{\"@type\":\"WebPage\",\"@id\":\"https:\\\/\\\/galduriadrums.com\\\/?product=ursa-minor-13\",\"url\":\"https:\\\/\\\/galduriadrums.com\\\/?product=ursa-minor-13\",\"name\":\"Ursa Minor 13\\\" (snare side 3mil) - Galduria Drums\",\"isPartOf\":{\"@id\":\"https:\\\/\\\/galduriadrums.com\\\/#website\"},\"primaryImageOfPage\":{\"@id\":\"https:\\\/\\\/galduriadrums.com\\\/?product=ursa-minor-13#primaryimage\"},\"image\":{\"@id\":\"https:\\\/\\\/galduriadrums.com\\\/?product=ursa-minor-13#primaryimage\"},\"thumbnailUrl\":\"https:\\\/\\\/galduriadrums.com\\\/wp-content\\\/uploads\\\/2025\\\/11\\\/URSA-MINOR-scaled.webp\",\"datePublished\":\"2025-11-14T23:30:11+00:00\",\"dateModified\":\"2026-02-09T22:34:29+00:00\",\"description\":\"URSA MINOR es nuestra serie m\u00e1s vers\u00e1til como resonante para las cajas, tiene 1 capa de 3mil\u00e9simas de espesor, garantiza una respuesta r\u00e1pida del bord\u00f3n\",\"breadcrumb\":{\"@id\":\"https:\\\/\\\/galduriadrums.com\\\/?product=ursa-minor-13#breadcrumb\"},\"inLanguage\":\"es\",\"potentialAction\":[{\"@type\":\"ReadAction\",\"target\":[\"https:\\\/\\\/galduriadrums.com\\\/?product=ursa-minor-13\"]}]},{\"@type\":\"ImageObject\",\"inLanguage\":\"es\",\"@id\":\"https:\\\/\\\/galduriadrums.com\\\/?product=ursa-minor-13#primaryimage\",\"url\":\"https:\\\/\\\/galduriadrums.com\\\/wp-content\\\/uploads\\\/2025\\\/11\\\/URSA-MINOR-scaled.webp\",\"contentUrl\":\"https:\\\/\\\/galduriadrums.com\\\/wp-content\\\/uploads\\\/2025\\\/11\\\/URSA-MINOR-scaled.webp\",\"width\":1920,\"height\":1898},{\"@type\":\"BreadcrumbList\",\"@id\":\"https:\\\/\\\/galduriadrums.com\\\/?product=ursa-minor-13#breadcrumb\",\"itemListElement\":[{\"@type\":\"ListItem\",\"position\":1,\"name\":\"Portada\",\"item\":\"https:\\\/\\\/galduriadrums.com\\\/\"},{\"@type\":\"ListItem\",\"position\":2,\"name\":\"Tienda\",\"item\":\"https:\\\/\\\/galduriadrums.com\\\/?page_id=6\"},{\"@type\":\"ListItem\",\"position\":3,\"name\":\"Ursa Minor 13&#8243; (snare side 3mil)\"}]},{\"@type\":\"WebSite\",\"@id\":\"https:\\\/\\\/galduriadrums.com\\\/#website\",\"url\":\"https:\\\/\\\/galduriadrums.com\\\/\",\"name\":\"Galduria Drums\",\"description\":\"\",\"potentialAction\":[{\"@type\":\"SearchAction\",\"target\":{\"@type\":\"EntryPoint\",\"urlTemplate\":\"https:\\\/\\\/galduriadrums.com\\\/?s={search_term_string}\"},\"query-input\":{\"@type\":\"PropertyValueSpecification\",\"valueRequired\":true,\"valueName\":\"search_term_string\"}}],\"inLanguage\":\"es\"}]}<\/script>\n<!-- \/ Yoast SEO plugin. -->","yoast_head_json":{"title":"Ursa Minor 13\" (snare side 3mil) - Galduria Drums","description":"URSA MINOR es nuestra serie m\u00e1s vers\u00e1til como resonante para las cajas, tiene 1 capa de 3mil\u00e9simas de espesor, garantiza una respuesta r\u00e1pida del bord\u00f3n","robots":{"index":"index","follow":"follow","max-snippet":"max-snippet:-1","max-image-preview":"max-image-preview:large","max-video-preview":"max-video-preview:-1"},"canonical":"https:\/\/galduriadrums.com\/?product=ursa-minor-13","og_locale":"es_ES","og_type":"article","og_title":"Ursa Minor 13\"","og_description":"URSA MINOR es nuestra serie m\u00e1s vers\u00e1til como resonante para las cajas y es una monocapa (1 capa) de 3mil\u00e9simas de espesor. URSA MINOR garantiza una respuesta r\u00e1pida del bord\u00f3n y un sonido claro y brillante. Es capaz de enfatizar el tono de la caja y el bord\u00f3n.","og_url":"https:\/\/galduriadrums.com\/?product=ursa-minor-13","og_site_name":"Galduria Drums","article_modified_time":"2026-02-09T22:34:29+00:00","og_image":[{"width":1920,"height":1898,"url":"https:\/\/galduriadrums.com\/wp-content\/uploads\/2025\/11\/URSA-MINOR-scaled.webp","type":"image\/webp"}],"twitter_card":"summary_large_image","twitter_misc":{"Tiempo de lectura":"1 minuto"},"schema":{"@context":"https:\/\/schema.org","@graph":[{"@type":"WebPage","@id":"https:\/\/galduriadrums.com\/?product=ursa-minor-13","url":"https:\/\/galduriadrums.com\/?product=ursa-minor-13","name":"Ursa Minor 13\" (snare side 3mil) - Galduria Drums","isPartOf":{"@id":"https:\/\/galduriadrums.com\/#website"},"primaryImageOfPage":{"@id":"https:\/\/galduriadrums.com\/?product=ursa-minor-13#primaryimage"},"image":{"@id":"https:\/\/galduriadrums.com\/?product=ursa-minor-13#primaryimage"},"thumbnailUrl":"https:\/\/galduriadrums.com\/wp-content\/uploads\/2025\/11\/URSA-MINOR-scaled.webp","datePublished":"2025-11-14T23:30:11+00:00","dateModified":"2026-02-09T22:34:29+00:00","description":"URSA MINOR es nuestra serie m\u00e1s vers\u00e1til como resonante para las cajas, tiene 1 capa de 3mil\u00e9simas de espesor, garantiza una respuesta r\u00e1pida del bord\u00f3n","breadcrumb":{"@id":"https:\/\/galduriadrums.com\/?product=ursa-minor-13#breadcrumb"},"inLanguage":"es","potentialAction":[{"@type":"ReadAction","target":["https:\/\/galduriadrums.com\/?product=ursa-minor-13"]}]},{"@type":"ImageObject","inLanguage":"es","@id":"https:\/\/galduriadrums.com\/?product=ursa-minor-13#primaryimage","url":"https:\/\/galduriadrums.com\/wp-content\/uploads\/2025\/11\/URSA-MINOR-scaled.webp","contentUrl":"https:\/\/galduriadrums.com\/wp-content\/uploads\/2025\/11\/URSA-MINOR-scaled.webp","width":1920,"height":1898},{"@type":"BreadcrumbList","@id":"https:\/\/galduriadrums.com\/?product=ursa-minor-13#breadcrumb","itemListElement":[{"@type":"ListItem","position":1,"name":"Portada","item":"https:\/\/galduriadrums.com\/"},{"@type":"ListItem","position":2,"name":"Tienda","item":"https:\/\/galduriadrums.com\/?page_id=6"},{"@type":"ListItem","position":3,"name":"Ursa Minor 13&#8243; (snare side 3mil)"}]},{"@type":"WebSite","@id":"https:\/\/galduriadrums.com\/#website","url":"https:\/\/galduriadrums.com\/","name":"Galduria Drums","description":"","potentialAction":[{"@type":"SearchAction","target":{"@type":"EntryPoint","urlTemplate":"https:\/\/galduriadrums.com\/?s={search_term_string}"},"query-input":{"@type":"PropertyValueSpecification","valueRequired":true,"valueName":"search_term_string"}}],"inLanguage":"es"}]}},"jetpack_publicize_connections":[],"jetpack_sharing_enabled":true,"_links":{"self":[{"href":"https:\/\/galduriadrums.com\/index.php?rest_route=\/wp\/v2\/product\/486","targetHints":{"allow":["GET"]}}],"collection":[{"href":"https:\/\/galduriadrums.com\/index.php?rest_route=\/wp\/v2\/product"}],"about":[{"href":"https:\/\/galduriadrums.com\/index.php?rest_route=\/wp\/v2\/types\/product"}],"replies":[{"embeddable":true,"href":"https:\/\/galduriadrums.com\/index.php?rest_route=%2Fwp%2Fv2%2Fcomments&post=486"}],"wp:featuredmedia":[{"embeddable":true,"href":"https:\/\/galduriadrums.com\/index.php?rest_route=\/wp\/v2\/media\/207"}],"wp:attachment":[{"href":"https:\/\/galduriadrums.com\/index.php?rest_route=%2Fwp%2Fv2%2Fmedia&parent=486"}],"wp:term":[{"taxonomy":"product_brand","embeddable":true,"href":"https:\/\/galduriadrums.com\/index.php?rest_route=%2Fwp%2Fv2%2Fproduct_brand&post=486"},{"taxonomy":"product_cat","embeddable":true,"href":"https:\/\/galduriadrums.com\/index.php?rest_route=%2Fwp%2Fv2%2Fproduct_cat&post=486"},{"taxonomy":"product_tag","embeddable":true,"href":"https:\/\/galduriadrums.com\/index.php?rest_route=%2Fwp%2Fv2%2Fproduct_tag&post=486"}],"curies":[{"name":"wp","href":"https:\/\/api.w.org\/{rel}","templated":true}]}}