{"id":406,"date":"2025-11-12T18:58:14","date_gmt":"2025-11-12T18:58:14","guid":{"rendered":"https:\/\/galduriadrums.com\/?product=crash-19-constantine-kazza-series-1500gr"},"modified":"2025-11-24T11:00:52","modified_gmt":"2025-11-24T11:00:52","slug":"splash-fx-12-constantine","status":"publish","type":"product","link":"https:\/\/galduriadrums.com\/?product=splash-fx-12-constantine","title":{"rendered":"Splash FX 12&#8243; Constantine FX series"},"content":{"rendered":"<p>La Star Series es una serie de acabado brillante con un martillado muy regular y sin surcos torneados, a eso le sumamos los agujeros para dar ese sonido tan de moda en esta \u00faltima d\u00e9cada, es muy v\u00e1lido para hacer stack con chinas u otro platillo que encaje por medida y forma. Elaborado con bronce B20 martillado a mano en Turqu\u00eda, este platillo es vers\u00e1til. Su sonido trashy y brillante aportan car\u00e1cter y riqueza de matices. Ya sea que est\u00e9 tocando rock, pop o funky, la star Series le proporcionar\u00e1 el sonido deseado.<\/p>\n","protected":false},"excerpt":{"rendered":"<p>La Star Series es una serie de acabado brillante con un martillado muy regular y sin surcos torneados, a eso le sumamos los agujeros para dar ese sonido tan de moda en esta \u00faltima d\u00e9cada, es muy v\u00e1lido para hacer stack con chinas u otro platillo que encaje por medida y forma. Elaborado con bronce [&hellip;]<\/p>\n","protected":false},"featured_media":445,"comment_status":"open","ping_status":"closed","template":"","meta":{"jetpack_publicize_message":"","jetpack_publicize_feature_enabled":true,"jetpack_social_post_already_shared":false,"jetpack_social_options":{"image_generator_settings":{"template":"highway","default_image_id":0,"font":"","enabled":false},"version":2}},"product_brand":[69],"product_cat":[66,33,84,77,68],"product_tag":[],"class_list":{"0":"post-406","1":"product","2":"type-product","3":"status-publish","4":"has-post-thumbnail","6":"product_brand-constantine-cymbals","7":"product_cat-66","8":"product_cat-constantine-cymbals","9":"product_cat-platillos-de-efecto","10":"product_cat-platillos-splash","11":"product_cat-star-series","12":"pa_series-de-platos-star-series","13":"pa_tamano-platos-12-inch","14":"pa_tipo-platillo-platillos-de-efecto","15":"pa_tipo-platillo-splash","17":"first","18":"instock","19":"taxable","20":"shipping-taxable","21":"purchasable","22":"product-type-simple"},"yoast_head":"<!-- This site is optimized with the Yoast SEO plugin v27.5 - https:\/\/yoast.com\/product\/yoast-seo-wordpress\/ -->\n<title>Splash FX 12&quot; Constantine FX series - Galduria Drums<\/title>\n<meta name=\"description\" content=\"Star es una serie de acabado brillante con un martillado regular y sin surcos, sumado a los agujeros para dar ese sonido tan de moda en esta \u00faltima d\u00e9cada\" \/>\n<meta name=\"robots\" content=\"index, follow, max-snippet:-1, max-image-preview:large, max-video-preview:-1\" \/>\n<link rel=\"canonical\" href=\"https:\/\/galduriadrums.com\/?product=splash-fx-12-constantine\" \/>\n<meta property=\"og:locale\" content=\"es_ES\" \/>\n<meta property=\"og:type\" content=\"article\" \/>\n<meta property=\"og:title\" content=\"Splash FX 12&quot; Constantine FX series - Galduria Drums\" \/>\n<meta property=\"og:description\" content=\"Star es una serie de acabado brillante con un martillado regular y sin surcos, sumado a los agujeros para dar ese sonido tan de moda en esta \u00faltima d\u00e9cada\" \/>\n<meta property=\"og:url\" content=\"https:\/\/galduriadrums.com\/?product=splash-fx-12-constantine\" \/>\n<meta property=\"og:site_name\" content=\"Galduria Drums\" \/>\n<meta property=\"article:modified_time\" content=\"2025-11-24T11:00:52+00:00\" \/>\n<meta property=\"og:image\" content=\"https:\/\/galduriadrums.com\/wp-content\/uploads\/2025\/11\/efx-2.png\" \/>\n\t<meta property=\"og:image:width\" content=\"907\" \/>\n\t<meta property=\"og:image:height\" content=\"926\" \/>\n\t<meta property=\"og:image:type\" content=\"image\/png\" \/>\n<meta name=\"twitter:card\" content=\"summary_large_image\" \/>\n<meta name=\"twitter:label1\" content=\"Tiempo de lectura\" \/>\n\t<meta name=\"twitter:data1\" content=\"1 minuto\" \/>\n<script type=\"application\/ld+json\" class=\"yoast-schema-graph\">{\"@context\":\"https:\\\/\\\/schema.org\",\"@graph\":[{\"@type\":\"WebPage\",\"@id\":\"https:\\\/\\\/galduriadrums.com\\\/?product=splash-fx-12-constantine\",\"url\":\"https:\\\/\\\/galduriadrums.com\\\/?product=splash-fx-12-constantine\",\"name\":\"Splash FX 12\\\" Constantine FX series - Galduria Drums\",\"isPartOf\":{\"@id\":\"https:\\\/\\\/galduriadrums.com\\\/#website\"},\"primaryImageOfPage\":{\"@id\":\"https:\\\/\\\/galduriadrums.com\\\/?product=splash-fx-12-constantine#primaryimage\"},\"image\":{\"@id\":\"https:\\\/\\\/galduriadrums.com\\\/?product=splash-fx-12-constantine#primaryimage\"},\"thumbnailUrl\":\"https:\\\/\\\/galduriadrums.com\\\/wp-content\\\/uploads\\\/2025\\\/11\\\/efx-2.png\",\"datePublished\":\"2025-11-12T18:58:14+00:00\",\"dateModified\":\"2025-11-24T11:00:52+00:00\",\"description\":\"Star es una serie de acabado brillante con un martillado regular y sin surcos, sumado a los agujeros para dar ese sonido tan de moda en esta \u00faltima d\u00e9cada\",\"breadcrumb\":{\"@id\":\"https:\\\/\\\/galduriadrums.com\\\/?product=splash-fx-12-constantine#breadcrumb\"},\"inLanguage\":\"es\",\"potentialAction\":[{\"@type\":\"ReadAction\",\"target\":[\"https:\\\/\\\/galduriadrums.com\\\/?product=splash-fx-12-constantine\"]}]},{\"@type\":\"ImageObject\",\"inLanguage\":\"es\",\"@id\":\"https:\\\/\\\/galduriadrums.com\\\/?product=splash-fx-12-constantine#primaryimage\",\"url\":\"https:\\\/\\\/galduriadrums.com\\\/wp-content\\\/uploads\\\/2025\\\/11\\\/efx-2.png\",\"contentUrl\":\"https:\\\/\\\/galduriadrums.com\\\/wp-content\\\/uploads\\\/2025\\\/11\\\/efx-2.png\",\"width\":907,\"height\":926},{\"@type\":\"BreadcrumbList\",\"@id\":\"https:\\\/\\\/galduriadrums.com\\\/?product=splash-fx-12-constantine#breadcrumb\",\"itemListElement\":[{\"@type\":\"ListItem\",\"position\":1,\"name\":\"Portada\",\"item\":\"https:\\\/\\\/galduriadrums.com\\\/\"},{\"@type\":\"ListItem\",\"position\":2,\"name\":\"Tienda\",\"item\":\"https:\\\/\\\/galduriadrums.com\\\/?page_id=6\"},{\"@type\":\"ListItem\",\"position\":3,\"name\":\"Splash FX 12&#8243; Constantine FX series\"}]},{\"@type\":\"WebSite\",\"@id\":\"https:\\\/\\\/galduriadrums.com\\\/#website\",\"url\":\"https:\\\/\\\/galduriadrums.com\\\/\",\"name\":\"Galduria Drums\",\"description\":\"\",\"potentialAction\":[{\"@type\":\"SearchAction\",\"target\":{\"@type\":\"EntryPoint\",\"urlTemplate\":\"https:\\\/\\\/galduriadrums.com\\\/?s={search_term_string}\"},\"query-input\":{\"@type\":\"PropertyValueSpecification\",\"valueRequired\":true,\"valueName\":\"search_term_string\"}}],\"inLanguage\":\"es\"}]}<\/script>\n<!-- \/ Yoast SEO plugin. -->","yoast_head_json":{"title":"Splash FX 12\" Constantine FX series - Galduria Drums","description":"Star es una serie de acabado brillante con un martillado regular y sin surcos, sumado a los agujeros para dar ese sonido tan de moda en esta \u00faltima d\u00e9cada","robots":{"index":"index","follow":"follow","max-snippet":"max-snippet:-1","max-image-preview":"max-image-preview:large","max-video-preview":"max-video-preview:-1"},"canonical":"https:\/\/galduriadrums.com\/?product=splash-fx-12-constantine","og_locale":"es_ES","og_type":"article","og_title":"Splash FX 12\" Constantine FX series - Galduria Drums","og_description":"Star es una serie de acabado brillante con un martillado regular y sin surcos, sumado a los agujeros para dar ese sonido tan de moda en esta \u00faltima d\u00e9cada","og_url":"https:\/\/galduriadrums.com\/?product=splash-fx-12-constantine","og_site_name":"Galduria Drums","article_modified_time":"2025-11-24T11:00:52+00:00","og_image":[{"width":907,"height":926,"url":"https:\/\/galduriadrums.com\/wp-content\/uploads\/2025\/11\/efx-2.png","type":"image\/png"}],"twitter_card":"summary_large_image","twitter_misc":{"Tiempo de lectura":"1 minuto"},"schema":{"@context":"https:\/\/schema.org","@graph":[{"@type":"WebPage","@id":"https:\/\/galduriadrums.com\/?product=splash-fx-12-constantine","url":"https:\/\/galduriadrums.com\/?product=splash-fx-12-constantine","name":"Splash FX 12\" Constantine FX series - Galduria Drums","isPartOf":{"@id":"https:\/\/galduriadrums.com\/#website"},"primaryImageOfPage":{"@id":"https:\/\/galduriadrums.com\/?product=splash-fx-12-constantine#primaryimage"},"image":{"@id":"https:\/\/galduriadrums.com\/?product=splash-fx-12-constantine#primaryimage"},"thumbnailUrl":"https:\/\/galduriadrums.com\/wp-content\/uploads\/2025\/11\/efx-2.png","datePublished":"2025-11-12T18:58:14+00:00","dateModified":"2025-11-24T11:00:52+00:00","description":"Star es una serie de acabado brillante con un martillado regular y sin surcos, sumado a los agujeros para dar ese sonido tan de moda en esta \u00faltima d\u00e9cada","breadcrumb":{"@id":"https:\/\/galduriadrums.com\/?product=splash-fx-12-constantine#breadcrumb"},"inLanguage":"es","potentialAction":[{"@type":"ReadAction","target":["https:\/\/galduriadrums.com\/?product=splash-fx-12-constantine"]}]},{"@type":"ImageObject","inLanguage":"es","@id":"https:\/\/galduriadrums.com\/?product=splash-fx-12-constantine#primaryimage","url":"https:\/\/galduriadrums.com\/wp-content\/uploads\/2025\/11\/efx-2.png","contentUrl":"https:\/\/galduriadrums.com\/wp-content\/uploads\/2025\/11\/efx-2.png","width":907,"height":926},{"@type":"BreadcrumbList","@id":"https:\/\/galduriadrums.com\/?product=splash-fx-12-constantine#breadcrumb","itemListElement":[{"@type":"ListItem","position":1,"name":"Portada","item":"https:\/\/galduriadrums.com\/"},{"@type":"ListItem","position":2,"name":"Tienda","item":"https:\/\/galduriadrums.com\/?page_id=6"},{"@type":"ListItem","position":3,"name":"Splash FX 12&#8243; Constantine FX series"}]},{"@type":"WebSite","@id":"https:\/\/galduriadrums.com\/#website","url":"https:\/\/galduriadrums.com\/","name":"Galduria Drums","description":"","potentialAction":[{"@type":"SearchAction","target":{"@type":"EntryPoint","urlTemplate":"https:\/\/galduriadrums.com\/?s={search_term_string}"},"query-input":{"@type":"PropertyValueSpecification","valueRequired":true,"valueName":"search_term_string"}}],"inLanguage":"es"}]}},"jetpack_publicize_connections":[],"jetpack_sharing_enabled":true,"_links":{"self":[{"href":"https:\/\/galduriadrums.com\/index.php?rest_route=\/wp\/v2\/product\/406","targetHints":{"allow":["GET"]}}],"collection":[{"href":"https:\/\/galduriadrums.com\/index.php?rest_route=\/wp\/v2\/product"}],"about":[{"href":"https:\/\/galduriadrums.com\/index.php?rest_route=\/wp\/v2\/types\/product"}],"replies":[{"embeddable":true,"href":"https:\/\/galduriadrums.com\/index.php?rest_route=%2Fwp%2Fv2%2Fcomments&post=406"}],"wp:featuredmedia":[{"embeddable":true,"href":"https:\/\/galduriadrums.com\/index.php?rest_route=\/wp\/v2\/media\/445"}],"wp:attachment":[{"href":"https:\/\/galduriadrums.com\/index.php?rest_route=%2Fwp%2Fv2%2Fmedia&parent=406"}],"wp:term":[{"taxonomy":"product_brand","embeddable":true,"href":"https:\/\/galduriadrums.com\/index.php?rest_route=%2Fwp%2Fv2%2Fproduct_brand&post=406"},{"taxonomy":"product_cat","embeddable":true,"href":"https:\/\/galduriadrums.com\/index.php?rest_route=%2Fwp%2Fv2%2Fproduct_cat&post=406"},{"taxonomy":"product_tag","embeddable":true,"href":"https:\/\/galduriadrums.com\/index.php?rest_route=%2Fwp%2Fv2%2Fproduct_tag&post=406"}],"curies":[{"name":"wp","href":"https:\/\/api.w.org\/{rel}","templated":true}]}}