{"id":400,"date":"2025-11-12T18:58:13","date_gmt":"2025-11-12T18:58:13","guid":{"rendered":"https:\/\/galduriadrums.com\/?product=crash-dry-20-constantine-world-series"},"modified":"2025-11-24T15:12:39","modified_gmt":"2025-11-24T15:12:39","slug":"crash-dry-20-world","status":"publish","type":"product","link":"https:\/\/galduriadrums.com\/?product=crash-dry-20-world","title":{"rendered":"Crash extra dry 20&#8243; Constantine World Series"},"content":{"rendered":"<div id=\"tab-description\" class=\"woocommerce-Tabs-panel woocommerce-Tabs-panel--description panel entry-content wc-tab\" role=\"tabpanel\" aria-labelledby=\"tab-title-description\">\n<p>La World Series tiene un aspecto rudo con un martillado extra sumado a\u00a0 otro mas grande intercalado y un sutil lijado en el torno. Elaborado con bronce B20 martillado a mano en Turqu\u00eda, este platillo es de sonido oscuro y seco, con su sustain medio\/corto lo convierten en el complemento de un m\u00fasico que no se conforma con un plato est\u00e1ndar y quiere sonido mas seco, con wash y con unos matices muy ricos y complejos. Ya sea que est\u00e9 tocando jazz, electr\u00f3nica, experimental,\u2026 la World Series\u00a0 le puede aportar el sonido deseado.<\/p>\n<\/div>\n","protected":false},"excerpt":{"rendered":"<p>La World Series tiene un aspecto rudo con un martillado extra sumado a\u00a0 otro mas grande intercalado y un sutil lijado en el torno. Elaborado con bronce B20 martillado a mano en Turqu\u00eda, este platillo es de sonido oscuro y seco, con su sustain medio\/corto lo convierten en el complemento de un m\u00fasico que no se conforma con un plato est\u00e1ndar y quiere sonido mas seco, con wash y con unos matices muy ricos y complejos. Ya sea que est\u00e9 tocando jazz, electr\u00f3nica, experimental,\u2026 la World Series\u00a0 le puede aportar el sonido deseado.<\/p>\n","protected":false},"featured_media":430,"comment_status":"open","ping_status":"closed","template":"","meta":{"jetpack_publicize_message":"","jetpack_publicize_feature_enabled":true,"jetpack_social_post_already_shared":false,"jetpack_social_options":{"image_generator_settings":{"template":"highway","default_image_id":0,"font":"","enabled":false},"version":2}},"product_brand":[69],"product_cat":[75,33,74,106],"product_tag":[],"class_list":{"0":"post-400","1":"product","2":"type-product","3":"status-publish","4":"has-post-thumbnail","6":"product_brand-constantine-cymbals","7":"product_cat-75","8":"product_cat-constantine-cymbals","9":"product_cat-crash","10":"product_cat-world-series","11":"pa_series-de-platos-world-series","12":"pa_tamano-platos-20-inch","13":"pa_tipo-platillo-crash","15":"first","16":"instock","17":"taxable","18":"shipping-taxable","19":"purchasable","20":"product-type-simple"},"yoast_head":"<!-- This site is optimized with the Yoast SEO plugin v27.5 - https:\/\/yoast.com\/product\/yoast-seo-wordpress\/ -->\n<title>Crash extra dry 20&quot; Constantine World Series - Galduria Drums<\/title>\n<meta name=\"description\" content=\"La World Series tiene un aspecto rudo con un martillado extra sumado a\u00a0 otro mas grande intercalado y un sutil lijado en el torno. Elaborado con bronce B20\" \/>\n<meta name=\"robots\" content=\"index, follow, max-snippet:-1, max-image-preview:large, max-video-preview:-1\" \/>\n<link rel=\"canonical\" href=\"https:\/\/galduriadrums.com\/?product=crash-dry-20-world\" \/>\n<meta property=\"og:locale\" content=\"es_ES\" \/>\n<meta property=\"og:type\" content=\"article\" \/>\n<meta property=\"og:title\" content=\"Crash extra dry 20&quot; Constantine World Series\" \/>\n<meta property=\"og:description\" content=\"La World Series tiene un aspecto rudo con un martillado extra sumado a\u00a0 otro mas grande intercalado y un sutil lijado en el torno. Elaborado con bronce B20 martillado a mano en Turqu\u00eda, este platillo es de sonido oscuro y seco, con su sustain medio\/corto lo convierten en el complemento de un m\u00fasico que no se conforma con un plato est\u00e1ndar y quiere sonido mas seco, con wash y con unos matices muy ricos y complejos. Ya sea que est\u00e9 tocando jazz, electr\u00f3nica, experimental,\u2026 la World Series\u00a0 le puede aportar el sonido deseado.\" \/>\n<meta property=\"og:url\" content=\"https:\/\/galduriadrums.com\/?product=crash-dry-20-world\" \/>\n<meta property=\"og:site_name\" content=\"Galduria Drums\" \/>\n<meta property=\"article:modified_time\" content=\"2025-11-24T15:12:39+00:00\" \/>\n<meta property=\"og:image\" content=\"https:\/\/galduriadrums.com\/wp-content\/uploads\/2025\/11\/constantine-Worl-1.png\" \/>\n\t<meta property=\"og:image:width\" content=\"907\" \/>\n\t<meta property=\"og:image:height\" content=\"907\" \/>\n\t<meta property=\"og:image:type\" content=\"image\/png\" \/>\n<meta name=\"twitter:card\" content=\"summary_large_image\" \/>\n<meta name=\"twitter:label1\" content=\"Tiempo de lectura\" \/>\n\t<meta name=\"twitter:data1\" content=\"1 minuto\" \/>\n<script type=\"application\/ld+json\" class=\"yoast-schema-graph\">{\"@context\":\"https:\\\/\\\/schema.org\",\"@graph\":[{\"@type\":\"WebPage\",\"@id\":\"https:\\\/\\\/galduriadrums.com\\\/?product=crash-dry-20-world\",\"url\":\"https:\\\/\\\/galduriadrums.com\\\/?product=crash-dry-20-world\",\"name\":\"Crash extra dry 20\\\" Constantine World Series - Galduria Drums\",\"isPartOf\":{\"@id\":\"https:\\\/\\\/galduriadrums.com\\\/#website\"},\"primaryImageOfPage\":{\"@id\":\"https:\\\/\\\/galduriadrums.com\\\/?product=crash-dry-20-world#primaryimage\"},\"image\":{\"@id\":\"https:\\\/\\\/galduriadrums.com\\\/?product=crash-dry-20-world#primaryimage\"},\"thumbnailUrl\":\"https:\\\/\\\/galduriadrums.com\\\/wp-content\\\/uploads\\\/2025\\\/11\\\/constantine-Worl-1.png\",\"datePublished\":\"2025-11-12T18:58:13+00:00\",\"dateModified\":\"2025-11-24T15:12:39+00:00\",\"description\":\"La World Series tiene un aspecto rudo con un martillado extra sumado a\u00a0 otro mas grande intercalado y un sutil lijado en el torno. Elaborado con bronce B20\",\"breadcrumb\":{\"@id\":\"https:\\\/\\\/galduriadrums.com\\\/?product=crash-dry-20-world#breadcrumb\"},\"inLanguage\":\"es\",\"potentialAction\":[{\"@type\":\"ReadAction\",\"target\":[\"https:\\\/\\\/galduriadrums.com\\\/?product=crash-dry-20-world\"]}]},{\"@type\":\"ImageObject\",\"inLanguage\":\"es\",\"@id\":\"https:\\\/\\\/galduriadrums.com\\\/?product=crash-dry-20-world#primaryimage\",\"url\":\"https:\\\/\\\/galduriadrums.com\\\/wp-content\\\/uploads\\\/2025\\\/11\\\/constantine-Worl-1.png\",\"contentUrl\":\"https:\\\/\\\/galduriadrums.com\\\/wp-content\\\/uploads\\\/2025\\\/11\\\/constantine-Worl-1.png\",\"width\":907,\"height\":907},{\"@type\":\"BreadcrumbList\",\"@id\":\"https:\\\/\\\/galduriadrums.com\\\/?product=crash-dry-20-world#breadcrumb\",\"itemListElement\":[{\"@type\":\"ListItem\",\"position\":1,\"name\":\"Portada\",\"item\":\"https:\\\/\\\/galduriadrums.com\\\/\"},{\"@type\":\"ListItem\",\"position\":2,\"name\":\"Tienda\",\"item\":\"https:\\\/\\\/galduriadrums.com\\\/?page_id=6\"},{\"@type\":\"ListItem\",\"position\":3,\"name\":\"Crash extra dry 20&#8243; Constantine World Series\"}]},{\"@type\":\"WebSite\",\"@id\":\"https:\\\/\\\/galduriadrums.com\\\/#website\",\"url\":\"https:\\\/\\\/galduriadrums.com\\\/\",\"name\":\"Galduria Drums\",\"description\":\"\",\"potentialAction\":[{\"@type\":\"SearchAction\",\"target\":{\"@type\":\"EntryPoint\",\"urlTemplate\":\"https:\\\/\\\/galduriadrums.com\\\/?s={search_term_string}\"},\"query-input\":{\"@type\":\"PropertyValueSpecification\",\"valueRequired\":true,\"valueName\":\"search_term_string\"}}],\"inLanguage\":\"es\"}]}<\/script>\n<!-- \/ Yoast SEO plugin. -->","yoast_head_json":{"title":"Crash extra dry 20\" Constantine World Series - Galduria Drums","description":"La World Series tiene un aspecto rudo con un martillado extra sumado a\u00a0 otro mas grande intercalado y un sutil lijado en el torno. Elaborado con bronce B20","robots":{"index":"index","follow":"follow","max-snippet":"max-snippet:-1","max-image-preview":"max-image-preview:large","max-video-preview":"max-video-preview:-1"},"canonical":"https:\/\/galduriadrums.com\/?product=crash-dry-20-world","og_locale":"es_ES","og_type":"article","og_title":"Crash extra dry 20\" Constantine World Series","og_description":"La World Series tiene un aspecto rudo con un martillado extra sumado a\u00a0 otro mas grande intercalado y un sutil lijado en el torno. Elaborado con bronce B20 martillado a mano en Turqu\u00eda, este platillo es de sonido oscuro y seco, con su sustain medio\/corto lo convierten en el complemento de un m\u00fasico que no se conforma con un plato est\u00e1ndar y quiere sonido mas seco, con wash y con unos matices muy ricos y complejos. Ya sea que est\u00e9 tocando jazz, electr\u00f3nica, experimental,\u2026 la World Series\u00a0 le puede aportar el sonido deseado.","og_url":"https:\/\/galduriadrums.com\/?product=crash-dry-20-world","og_site_name":"Galduria Drums","article_modified_time":"2025-11-24T15:12:39+00:00","og_image":[{"width":907,"height":907,"url":"https:\/\/galduriadrums.com\/wp-content\/uploads\/2025\/11\/constantine-Worl-1.png","type":"image\/png"}],"twitter_card":"summary_large_image","twitter_misc":{"Tiempo de lectura":"1 minuto"},"schema":{"@context":"https:\/\/schema.org","@graph":[{"@type":"WebPage","@id":"https:\/\/galduriadrums.com\/?product=crash-dry-20-world","url":"https:\/\/galduriadrums.com\/?product=crash-dry-20-world","name":"Crash extra dry 20\" Constantine World Series - Galduria Drums","isPartOf":{"@id":"https:\/\/galduriadrums.com\/#website"},"primaryImageOfPage":{"@id":"https:\/\/galduriadrums.com\/?product=crash-dry-20-world#primaryimage"},"image":{"@id":"https:\/\/galduriadrums.com\/?product=crash-dry-20-world#primaryimage"},"thumbnailUrl":"https:\/\/galduriadrums.com\/wp-content\/uploads\/2025\/11\/constantine-Worl-1.png","datePublished":"2025-11-12T18:58:13+00:00","dateModified":"2025-11-24T15:12:39+00:00","description":"La World Series tiene un aspecto rudo con un martillado extra sumado a\u00a0 otro mas grande intercalado y un sutil lijado en el torno. Elaborado con bronce B20","breadcrumb":{"@id":"https:\/\/galduriadrums.com\/?product=crash-dry-20-world#breadcrumb"},"inLanguage":"es","potentialAction":[{"@type":"ReadAction","target":["https:\/\/galduriadrums.com\/?product=crash-dry-20-world"]}]},{"@type":"ImageObject","inLanguage":"es","@id":"https:\/\/galduriadrums.com\/?product=crash-dry-20-world#primaryimage","url":"https:\/\/galduriadrums.com\/wp-content\/uploads\/2025\/11\/constantine-Worl-1.png","contentUrl":"https:\/\/galduriadrums.com\/wp-content\/uploads\/2025\/11\/constantine-Worl-1.png","width":907,"height":907},{"@type":"BreadcrumbList","@id":"https:\/\/galduriadrums.com\/?product=crash-dry-20-world#breadcrumb","itemListElement":[{"@type":"ListItem","position":1,"name":"Portada","item":"https:\/\/galduriadrums.com\/"},{"@type":"ListItem","position":2,"name":"Tienda","item":"https:\/\/galduriadrums.com\/?page_id=6"},{"@type":"ListItem","position":3,"name":"Crash extra dry 20&#8243; Constantine World Series"}]},{"@type":"WebSite","@id":"https:\/\/galduriadrums.com\/#website","url":"https:\/\/galduriadrums.com\/","name":"Galduria Drums","description":"","potentialAction":[{"@type":"SearchAction","target":{"@type":"EntryPoint","urlTemplate":"https:\/\/galduriadrums.com\/?s={search_term_string}"},"query-input":{"@type":"PropertyValueSpecification","valueRequired":true,"valueName":"search_term_string"}}],"inLanguage":"es"}]}},"jetpack_publicize_connections":[],"jetpack_sharing_enabled":true,"_links":{"self":[{"href":"https:\/\/galduriadrums.com\/index.php?rest_route=\/wp\/v2\/product\/400","targetHints":{"allow":["GET"]}}],"collection":[{"href":"https:\/\/galduriadrums.com\/index.php?rest_route=\/wp\/v2\/product"}],"about":[{"href":"https:\/\/galduriadrums.com\/index.php?rest_route=\/wp\/v2\/types\/product"}],"replies":[{"embeddable":true,"href":"https:\/\/galduriadrums.com\/index.php?rest_route=%2Fwp%2Fv2%2Fcomments&post=400"}],"wp:featuredmedia":[{"embeddable":true,"href":"https:\/\/galduriadrums.com\/index.php?rest_route=\/wp\/v2\/media\/430"}],"wp:attachment":[{"href":"https:\/\/galduriadrums.com\/index.php?rest_route=%2Fwp%2Fv2%2Fmedia&parent=400"}],"wp:term":[{"taxonomy":"product_brand","embeddable":true,"href":"https:\/\/galduriadrums.com\/index.php?rest_route=%2Fwp%2Fv2%2Fproduct_brand&post=400"},{"taxonomy":"product_cat","embeddable":true,"href":"https:\/\/galduriadrums.com\/index.php?rest_route=%2Fwp%2Fv2%2Fproduct_cat&post=400"},{"taxonomy":"product_tag","embeddable":true,"href":"https:\/\/galduriadrums.com\/index.php?rest_route=%2Fwp%2Fv2%2Fproduct_tag&post=400"}],"curies":[{"name":"wp","href":"https:\/\/api.w.org\/{rel}","templated":true}]}}