{"id":398,"date":"2025-11-12T18:58:13","date_gmt":"2025-11-12T18:58:13","guid":{"rendered":"https:\/\/galduriadrums.com\/?product=crash-20-constantine-experience-jazz-series"},"modified":"2025-11-14T20:11:18","modified_gmt":"2025-11-14T20:11:18","slug":"crash-20-constantine-experience","status":"publish","type":"product","link":"https:\/\/galduriadrums.com\/?product=crash-20-constantine-experience","title":{"rendered":"Crash 20&#8243; Constantine Experience jazz Series"},"content":{"rendered":"<div id=\"tab-description\" class=\"woocommerce-Tabs-panel woocommerce-Tabs-panel--description panel entry-content wc-tab\" role=\"tabpanel\" aria-labelledby=\"tab-title-description\">\n<p>Experience jazz Series es una serie de acabado torneado mixto con un martillado muy regular al que se suma un martillado extra mas irregular para aportar muchos matices y tonos distintos a la series blaze, con la que guarda una est\u00e9tica muy similar por el tipo de torneado. Elaborado con bronce B20 martillado a mano en Turqu\u00eda. Su sonido es arenoso, oscuro y complejo. Ya sea que est\u00e9 tocando jazz, Ac\u00fastica, pop,\u2026 la Experience jazz Series le proporcionar\u00e1 el sonido deseado.<\/p>\n<\/div>\n","protected":false},"excerpt":{"rendered":"<p>Experience jazz Series es una serie de acabado torneado mixto con un martillado muy regular al que se suma un martillado extra mas irregular para aportar muchos matices y tonos distintos a la series blaze, con la que guarda una est\u00e9tica muy similar por el tipo de torneado. Elaborado con bronce B20 martillado a mano en Turqu\u00eda.<\/p>\n","protected":false},"featured_media":442,"comment_status":"open","ping_status":"closed","template":"","meta":{"jetpack_publicize_message":"","jetpack_publicize_feature_enabled":true,"jetpack_social_post_already_shared":false,"jetpack_social_options":{"image_generator_settings":{"template":"highway","default_image_id":0,"font":"","enabled":false},"version":2}},"product_brand":[69],"product_cat":[75,33,74,111],"product_tag":[119,118,116,122,121,115,120],"class_list":{"0":"post-398","1":"product","2":"type-product","3":"status-publish","4":"has-post-thumbnail","6":"product_brand-constantine-cymbals","7":"product_cat-75","8":"product_cat-constantine-cymbals","9":"product_cat-crash","10":"product_cat-experience-jazz-series","11":"product_tag-constantine","12":"product_tag-crash","13":"product_tag-cymbal","14":"product_tag-meinl","15":"product_tag-paiste","16":"product_tag-plato","17":"product_tag-zildjian","19":"first","20":"outofstock","21":"taxable","22":"shipping-taxable","23":"purchasable","24":"product-type-simple"},"yoast_head":"<!-- This site is optimized with the Yoast SEO plugin v27.5 - https:\/\/yoast.com\/product\/yoast-seo-wordpress\/ -->\n<title>Crash 20&quot; Constantine Experience jazz Series - Galduria Drums<\/title>\n<meta name=\"description\" content=\"Experience jazz Series es una serie de acabado torneado mixto con un martillado muy regular al que se suma un martillado extra mas irregular\" \/>\n<meta name=\"robots\" content=\"index, follow, max-snippet:-1, max-image-preview:large, max-video-preview:-1\" \/>\n<link rel=\"canonical\" href=\"https:\/\/galduriadrums.com\/?product=crash-20-constantine-experience\" \/>\n<meta property=\"og:locale\" content=\"es_ES\" \/>\n<meta property=\"og:type\" content=\"article\" \/>\n<meta property=\"og:title\" content=\"Crash 20&quot; Constantine Experience jazz series\" \/>\n<meta property=\"og:description\" content=\"Experience jazz Series es una serie de acabado torneado mixto con un martillado muy regular al que se suma un martillado extra mas irregular para aportar muchos matices y tonos distintos a la series blaze, con la que guarda una est\u00e9tica muy similar por el tipo de torneado. Elaborado con bronce B20 martillado a mano en Turqu\u00eda. Su sonido es arenoso, oscuro y complejo. Ya sea que est\u00e9 tocando jazz, Ac\u00fastica, pop,\u2026 la Experience jazz Series le proporcionar\u00e1 el sonido deseado.\" \/>\n<meta property=\"og:url\" content=\"https:\/\/galduriadrums.com\/?product=crash-20-constantine-experience\" \/>\n<meta property=\"og:site_name\" content=\"Galduria Drums\" \/>\n<meta property=\"article:modified_time\" content=\"2025-11-14T20:11:18+00:00\" \/>\n<meta property=\"og:image\" content=\"https:\/\/galduriadrums.com\/wp-content\/uploads\/2025\/11\/Experience-jazz-series.png\" \/>\n\t<meta property=\"og:image:width\" content=\"907\" \/>\n\t<meta property=\"og:image:height\" content=\"907\" \/>\n\t<meta property=\"og:image:type\" content=\"image\/png\" \/>\n<meta name=\"twitter:card\" content=\"summary_large_image\" \/>\n<meta name=\"twitter:label1\" content=\"Tiempo de lectura\" \/>\n\t<meta name=\"twitter:data1\" content=\"1 minuto\" \/>\n<script type=\"application\/ld+json\" class=\"yoast-schema-graph\">{\"@context\":\"https:\\\/\\\/schema.org\",\"@graph\":[{\"@type\":\"WebPage\",\"@id\":\"https:\\\/\\\/galduriadrums.com\\\/?product=crash-20-constantine-experience\",\"url\":\"https:\\\/\\\/galduriadrums.com\\\/?product=crash-20-constantine-experience\",\"name\":\"Crash 20\\\" Constantine Experience jazz Series - Galduria Drums\",\"isPartOf\":{\"@id\":\"https:\\\/\\\/galduriadrums.com\\\/#website\"},\"primaryImageOfPage\":{\"@id\":\"https:\\\/\\\/galduriadrums.com\\\/?product=crash-20-constantine-experience#primaryimage\"},\"image\":{\"@id\":\"https:\\\/\\\/galduriadrums.com\\\/?product=crash-20-constantine-experience#primaryimage\"},\"thumbnailUrl\":\"https:\\\/\\\/galduriadrums.com\\\/wp-content\\\/uploads\\\/2025\\\/11\\\/Experience-jazz-series.png\",\"datePublished\":\"2025-11-12T18:58:13+00:00\",\"dateModified\":\"2025-11-14T20:11:18+00:00\",\"description\":\"Experience jazz Series es una serie de acabado torneado mixto con un martillado muy regular al que se suma un martillado extra mas irregular\",\"breadcrumb\":{\"@id\":\"https:\\\/\\\/galduriadrums.com\\\/?product=crash-20-constantine-experience#breadcrumb\"},\"inLanguage\":\"es\",\"potentialAction\":[{\"@type\":\"ReadAction\",\"target\":[\"https:\\\/\\\/galduriadrums.com\\\/?product=crash-20-constantine-experience\"]}]},{\"@type\":\"ImageObject\",\"inLanguage\":\"es\",\"@id\":\"https:\\\/\\\/galduriadrums.com\\\/?product=crash-20-constantine-experience#primaryimage\",\"url\":\"https:\\\/\\\/galduriadrums.com\\\/wp-content\\\/uploads\\\/2025\\\/11\\\/Experience-jazz-series.png\",\"contentUrl\":\"https:\\\/\\\/galduriadrums.com\\\/wp-content\\\/uploads\\\/2025\\\/11\\\/Experience-jazz-series.png\",\"width\":907,\"height\":907},{\"@type\":\"BreadcrumbList\",\"@id\":\"https:\\\/\\\/galduriadrums.com\\\/?product=crash-20-constantine-experience#breadcrumb\",\"itemListElement\":[{\"@type\":\"ListItem\",\"position\":1,\"name\":\"Portada\",\"item\":\"https:\\\/\\\/galduriadrums.com\\\/\"},{\"@type\":\"ListItem\",\"position\":2,\"name\":\"Tienda\",\"item\":\"https:\\\/\\\/galduriadrums.com\\\/?page_id=6\"},{\"@type\":\"ListItem\",\"position\":3,\"name\":\"Crash 20&#8243; Constantine Experience jazz Series\"}]},{\"@type\":\"WebSite\",\"@id\":\"https:\\\/\\\/galduriadrums.com\\\/#website\",\"url\":\"https:\\\/\\\/galduriadrums.com\\\/\",\"name\":\"Galduria Drums\",\"description\":\"\",\"potentialAction\":[{\"@type\":\"SearchAction\",\"target\":{\"@type\":\"EntryPoint\",\"urlTemplate\":\"https:\\\/\\\/galduriadrums.com\\\/?s={search_term_string}\"},\"query-input\":{\"@type\":\"PropertyValueSpecification\",\"valueRequired\":true,\"valueName\":\"search_term_string\"}}],\"inLanguage\":\"es\"}]}<\/script>\n<!-- \/ Yoast SEO plugin. -->","yoast_head_json":{"title":"Crash 20\" Constantine Experience jazz Series - Galduria Drums","description":"Experience jazz Series es una serie de acabado torneado mixto con un martillado muy regular al que se suma un martillado extra mas irregular","robots":{"index":"index","follow":"follow","max-snippet":"max-snippet:-1","max-image-preview":"max-image-preview:large","max-video-preview":"max-video-preview:-1"},"canonical":"https:\/\/galduriadrums.com\/?product=crash-20-constantine-experience","og_locale":"es_ES","og_type":"article","og_title":"Crash 20\" Constantine Experience jazz series","og_description":"Experience jazz Series es una serie de acabado torneado mixto con un martillado muy regular al que se suma un martillado extra mas irregular para aportar muchos matices y tonos distintos a la series blaze, con la que guarda una est\u00e9tica muy similar por el tipo de torneado. Elaborado con bronce B20 martillado a mano en Turqu\u00eda. Su sonido es arenoso, oscuro y complejo. Ya sea que est\u00e9 tocando jazz, Ac\u00fastica, pop,\u2026 la Experience jazz Series le proporcionar\u00e1 el sonido deseado.","og_url":"https:\/\/galduriadrums.com\/?product=crash-20-constantine-experience","og_site_name":"Galduria Drums","article_modified_time":"2025-11-14T20:11:18+00:00","og_image":[{"width":907,"height":907,"url":"https:\/\/galduriadrums.com\/wp-content\/uploads\/2025\/11\/Experience-jazz-series.png","type":"image\/png"}],"twitter_card":"summary_large_image","twitter_misc":{"Tiempo de lectura":"1 minuto"},"schema":{"@context":"https:\/\/schema.org","@graph":[{"@type":"WebPage","@id":"https:\/\/galduriadrums.com\/?product=crash-20-constantine-experience","url":"https:\/\/galduriadrums.com\/?product=crash-20-constantine-experience","name":"Crash 20\" Constantine Experience jazz Series - Galduria Drums","isPartOf":{"@id":"https:\/\/galduriadrums.com\/#website"},"primaryImageOfPage":{"@id":"https:\/\/galduriadrums.com\/?product=crash-20-constantine-experience#primaryimage"},"image":{"@id":"https:\/\/galduriadrums.com\/?product=crash-20-constantine-experience#primaryimage"},"thumbnailUrl":"https:\/\/galduriadrums.com\/wp-content\/uploads\/2025\/11\/Experience-jazz-series.png","datePublished":"2025-11-12T18:58:13+00:00","dateModified":"2025-11-14T20:11:18+00:00","description":"Experience jazz Series es una serie de acabado torneado mixto con un martillado muy regular al que se suma un martillado extra mas irregular","breadcrumb":{"@id":"https:\/\/galduriadrums.com\/?product=crash-20-constantine-experience#breadcrumb"},"inLanguage":"es","potentialAction":[{"@type":"ReadAction","target":["https:\/\/galduriadrums.com\/?product=crash-20-constantine-experience"]}]},{"@type":"ImageObject","inLanguage":"es","@id":"https:\/\/galduriadrums.com\/?product=crash-20-constantine-experience#primaryimage","url":"https:\/\/galduriadrums.com\/wp-content\/uploads\/2025\/11\/Experience-jazz-series.png","contentUrl":"https:\/\/galduriadrums.com\/wp-content\/uploads\/2025\/11\/Experience-jazz-series.png","width":907,"height":907},{"@type":"BreadcrumbList","@id":"https:\/\/galduriadrums.com\/?product=crash-20-constantine-experience#breadcrumb","itemListElement":[{"@type":"ListItem","position":1,"name":"Portada","item":"https:\/\/galduriadrums.com\/"},{"@type":"ListItem","position":2,"name":"Tienda","item":"https:\/\/galduriadrums.com\/?page_id=6"},{"@type":"ListItem","position":3,"name":"Crash 20&#8243; Constantine Experience jazz Series"}]},{"@type":"WebSite","@id":"https:\/\/galduriadrums.com\/#website","url":"https:\/\/galduriadrums.com\/","name":"Galduria Drums","description":"","potentialAction":[{"@type":"SearchAction","target":{"@type":"EntryPoint","urlTemplate":"https:\/\/galduriadrums.com\/?s={search_term_string}"},"query-input":{"@type":"PropertyValueSpecification","valueRequired":true,"valueName":"search_term_string"}}],"inLanguage":"es"}]}},"jetpack_publicize_connections":[],"jetpack_sharing_enabled":true,"_links":{"self":[{"href":"https:\/\/galduriadrums.com\/index.php?rest_route=\/wp\/v2\/product\/398","targetHints":{"allow":["GET"]}}],"collection":[{"href":"https:\/\/galduriadrums.com\/index.php?rest_route=\/wp\/v2\/product"}],"about":[{"href":"https:\/\/galduriadrums.com\/index.php?rest_route=\/wp\/v2\/types\/product"}],"replies":[{"embeddable":true,"href":"https:\/\/galduriadrums.com\/index.php?rest_route=%2Fwp%2Fv2%2Fcomments&post=398"}],"wp:featuredmedia":[{"embeddable":true,"href":"https:\/\/galduriadrums.com\/index.php?rest_route=\/wp\/v2\/media\/442"}],"wp:attachment":[{"href":"https:\/\/galduriadrums.com\/index.php?rest_route=%2Fwp%2Fv2%2Fmedia&parent=398"}],"wp:term":[{"taxonomy":"product_brand","embeddable":true,"href":"https:\/\/galduriadrums.com\/index.php?rest_route=%2Fwp%2Fv2%2Fproduct_brand&post=398"},{"taxonomy":"product_cat","embeddable":true,"href":"https:\/\/galduriadrums.com\/index.php?rest_route=%2Fwp%2Fv2%2Fproduct_cat&post=398"},{"taxonomy":"product_tag","embeddable":true,"href":"https:\/\/galduriadrums.com\/index.php?rest_route=%2Fwp%2Fv2%2Fproduct_tag&post=398"}],"curies":[{"name":"wp","href":"https:\/\/api.w.org\/{rel}","templated":true}]}}