{"id":393,"date":"2025-11-12T18:58:13","date_gmt":"2025-11-12T18:58:13","guid":{"rendered":"https:\/\/galduriadrums.com\/?product=thin-crash-16-constantine-big-master-series-1130-gr"},"modified":"2026-03-14T22:02:30","modified_gmt":"2026-03-14T22:02:30","slug":"crash-16-constantine-big-master","status":"publish","type":"product","link":"https:\/\/galduriadrums.com\/?product=crash-16-constantine-big-master","title":{"rendered":"Thin Crash 16&#8243; Constantine Big Master Series 1045 gr."},"content":{"rendered":"<p>La Big Master Series tiene un acabado pulido brillante y la campana de acabado raw. Bronce B20 martillado a mano en Turqu\u00eda. Este platillo es de sonido crugiente y articulado , con sustain medio lo convierten en el complemento de un m\u00fasico que no se conforma con un plato cl\u00e1sico y quiere sonido mas atrevido, brillante y definido. Ya sea que est\u00e9 tocando rock, metal o pop, la Big master Series le puede aportar el sonido deseado.<\/p>\n","protected":false},"excerpt":{"rendered":"<p>La Big Master Series tiene un acabado pulido brillante y la campana de acabado raw. Bronce B20 martillado a mano en Turqu\u00eda. Este platillo es de sonido crugiente y articulado , con sustain medio lo convierten en el complemento de un m\u00fasico que no se conforma con un plato cl\u00e1sico y quiere sonido mas atrevido, [&hellip;]<\/p>\n","protected":false},"featured_media":420,"comment_status":"open","ping_status":"closed","template":"","meta":{"jetpack_publicize_message":"","jetpack_publicize_feature_enabled":true,"jetpack_social_post_already_shared":false,"jetpack_social_options":{"image_generator_settings":{"template":"highway","default_image_id":0,"font":"","enabled":false},"version":2}},"product_brand":[69],"product_cat":[86,100,33],"product_tag":[119,118,116,122,121,115,120],"class_list":{"0":"post-393","1":"product","2":"type-product","3":"status-publish","4":"has-post-thumbnail","6":"product_brand-constantine-cymbals","7":"product_cat-86","8":"product_cat-big-master-series","9":"product_cat-constantine-cymbals","10":"product_tag-constantine","11":"product_tag-crash","12":"product_tag-cymbal","13":"product_tag-meinl","14":"product_tag-paiste","15":"product_tag-plato","16":"product_tag-zildjian","18":"first","19":"instock","20":"taxable","21":"shipping-taxable","22":"purchasable","23":"product-type-simple"},"yoast_head":"<!-- This site is optimized with the Yoast SEO plugin v27.5 - https:\/\/yoast.com\/product\/yoast-seo-wordpress\/ -->\n<title>Thin Crash 16&quot; Constantine Big Master Series 1045 gr. - Galduria Drums<\/title>\n<meta name=\"description\" content=\"La Big Master Series tuene un acabado pulido brillante y la campana de acabado raw. Elaborado con bronce B20 martillado a mano en Turqu\u00eda,\" \/>\n<meta name=\"robots\" content=\"index, follow, max-snippet:-1, max-image-preview:large, max-video-preview:-1\" \/>\n<link rel=\"canonical\" href=\"https:\/\/galduriadrums.com\/?product=crash-16-constantine-big-master\" \/>\n<meta property=\"og:locale\" content=\"es_ES\" \/>\n<meta property=\"og:type\" content=\"article\" \/>\n<meta property=\"og:title\" content=\"Thin Crash 16&quot; Constantine Big Master Series 1130 gr.\" \/>\n<meta property=\"og:description\" content=\"La Big Master Series tuene un acabado pulido brillante y la campana de acabado raw. Elaborado con bronce B20 martillado a mano en Turqu\u00eda, este platillo es de sonido crugiente y articulado con una cantidad de brillo mas que equilibrada , con sustain medio lo convierten en el complemento de un m\u00fasico que no se conforma con un plato cl\u00e1sico y quiere sonido mas atrevido, brillante y definido. Ya sea que est\u00e9 tocando rock, metal o pop, la Big master Series le puede aportar el sonido deseado.\" \/>\n<meta property=\"og:url\" content=\"https:\/\/galduriadrums.com\/?product=crash-16-constantine-big-master\" \/>\n<meta property=\"og:site_name\" content=\"Galduria Drums\" \/>\n<meta property=\"article:modified_time\" content=\"2026-03-14T22:02:30+00:00\" \/>\n<meta property=\"og:image\" content=\"https:\/\/galduriadrums.com\/wp-content\/uploads\/2025\/11\/Big-Master-Series.png\" \/>\n\t<meta property=\"og:image:width\" content=\"907\" \/>\n\t<meta property=\"og:image:height\" content=\"907\" \/>\n\t<meta property=\"og:image:type\" content=\"image\/png\" \/>\n<meta name=\"twitter:card\" content=\"summary_large_image\" \/>\n<meta name=\"twitter:label1\" content=\"Tiempo de lectura\" \/>\n\t<meta name=\"twitter:data1\" content=\"1 minuto\" \/>\n<script type=\"application\/ld+json\" class=\"yoast-schema-graph\">{\"@context\":\"https:\\\/\\\/schema.org\",\"@graph\":[{\"@type\":\"WebPage\",\"@id\":\"https:\\\/\\\/galduriadrums.com\\\/?product=crash-16-constantine-big-master\",\"url\":\"https:\\\/\\\/galduriadrums.com\\\/?product=crash-16-constantine-big-master\",\"name\":\"Thin Crash 16\\\" Constantine Big Master Series 1045 gr. - Galduria Drums\",\"isPartOf\":{\"@id\":\"https:\\\/\\\/galduriadrums.com\\\/#website\"},\"primaryImageOfPage\":{\"@id\":\"https:\\\/\\\/galduriadrums.com\\\/?product=crash-16-constantine-big-master#primaryimage\"},\"image\":{\"@id\":\"https:\\\/\\\/galduriadrums.com\\\/?product=crash-16-constantine-big-master#primaryimage\"},\"thumbnailUrl\":\"https:\\\/\\\/galduriadrums.com\\\/wp-content\\\/uploads\\\/2025\\\/11\\\/Big-Master-Series.png\",\"datePublished\":\"2025-11-12T18:58:13+00:00\",\"dateModified\":\"2026-03-14T22:02:30+00:00\",\"description\":\"La Big Master Series tuene un acabado pulido brillante y la campana de acabado raw. Elaborado con bronce B20 martillado a mano en Turqu\u00eda,\",\"breadcrumb\":{\"@id\":\"https:\\\/\\\/galduriadrums.com\\\/?product=crash-16-constantine-big-master#breadcrumb\"},\"inLanguage\":\"es\",\"potentialAction\":[{\"@type\":\"ReadAction\",\"target\":[\"https:\\\/\\\/galduriadrums.com\\\/?product=crash-16-constantine-big-master\"]}]},{\"@type\":\"ImageObject\",\"inLanguage\":\"es\",\"@id\":\"https:\\\/\\\/galduriadrums.com\\\/?product=crash-16-constantine-big-master#primaryimage\",\"url\":\"https:\\\/\\\/galduriadrums.com\\\/wp-content\\\/uploads\\\/2025\\\/11\\\/Big-Master-Series.png\",\"contentUrl\":\"https:\\\/\\\/galduriadrums.com\\\/wp-content\\\/uploads\\\/2025\\\/11\\\/Big-Master-Series.png\",\"width\":907,\"height\":907},{\"@type\":\"BreadcrumbList\",\"@id\":\"https:\\\/\\\/galduriadrums.com\\\/?product=crash-16-constantine-big-master#breadcrumb\",\"itemListElement\":[{\"@type\":\"ListItem\",\"position\":1,\"name\":\"Portada\",\"item\":\"https:\\\/\\\/galduriadrums.com\\\/\"},{\"@type\":\"ListItem\",\"position\":2,\"name\":\"Tienda\",\"item\":\"https:\\\/\\\/galduriadrums.com\\\/?page_id=6\"},{\"@type\":\"ListItem\",\"position\":3,\"name\":\"Thin Crash 16&#8243; Constantine Big Master Series 1045 gr.\"}]},{\"@type\":\"WebSite\",\"@id\":\"https:\\\/\\\/galduriadrums.com\\\/#website\",\"url\":\"https:\\\/\\\/galduriadrums.com\\\/\",\"name\":\"Galduria Drums\",\"description\":\"\",\"potentialAction\":[{\"@type\":\"SearchAction\",\"target\":{\"@type\":\"EntryPoint\",\"urlTemplate\":\"https:\\\/\\\/galduriadrums.com\\\/?s={search_term_string}\"},\"query-input\":{\"@type\":\"PropertyValueSpecification\",\"valueRequired\":true,\"valueName\":\"search_term_string\"}}],\"inLanguage\":\"es\"}]}<\/script>\n<!-- \/ Yoast SEO plugin. -->","yoast_head_json":{"title":"Thin Crash 16\" Constantine Big Master Series 1045 gr. - Galduria Drums","description":"La Big Master Series tuene un acabado pulido brillante y la campana de acabado raw. Elaborado con bronce B20 martillado a mano en Turqu\u00eda,","robots":{"index":"index","follow":"follow","max-snippet":"max-snippet:-1","max-image-preview":"max-image-preview:large","max-video-preview":"max-video-preview:-1"},"canonical":"https:\/\/galduriadrums.com\/?product=crash-16-constantine-big-master","og_locale":"es_ES","og_type":"article","og_title":"Thin Crash 16\" Constantine Big Master Series 1130 gr.","og_description":"La Big Master Series tuene un acabado pulido brillante y la campana de acabado raw. Elaborado con bronce B20 martillado a mano en Turqu\u00eda, este platillo es de sonido crugiente y articulado con una cantidad de brillo mas que equilibrada , con sustain medio lo convierten en el complemento de un m\u00fasico que no se conforma con un plato cl\u00e1sico y quiere sonido mas atrevido, brillante y definido. Ya sea que est\u00e9 tocando rock, metal o pop, la Big master Series le puede aportar el sonido deseado.","og_url":"https:\/\/galduriadrums.com\/?product=crash-16-constantine-big-master","og_site_name":"Galduria Drums","article_modified_time":"2026-03-14T22:02:30+00:00","og_image":[{"width":907,"height":907,"url":"https:\/\/galduriadrums.com\/wp-content\/uploads\/2025\/11\/Big-Master-Series.png","type":"image\/png"}],"twitter_card":"summary_large_image","twitter_misc":{"Tiempo de lectura":"1 minuto"},"schema":{"@context":"https:\/\/schema.org","@graph":[{"@type":"WebPage","@id":"https:\/\/galduriadrums.com\/?product=crash-16-constantine-big-master","url":"https:\/\/galduriadrums.com\/?product=crash-16-constantine-big-master","name":"Thin Crash 16\" Constantine Big Master Series 1045 gr. - Galduria Drums","isPartOf":{"@id":"https:\/\/galduriadrums.com\/#website"},"primaryImageOfPage":{"@id":"https:\/\/galduriadrums.com\/?product=crash-16-constantine-big-master#primaryimage"},"image":{"@id":"https:\/\/galduriadrums.com\/?product=crash-16-constantine-big-master#primaryimage"},"thumbnailUrl":"https:\/\/galduriadrums.com\/wp-content\/uploads\/2025\/11\/Big-Master-Series.png","datePublished":"2025-11-12T18:58:13+00:00","dateModified":"2026-03-14T22:02:30+00:00","description":"La Big Master Series tuene un acabado pulido brillante y la campana de acabado raw. Elaborado con bronce B20 martillado a mano en Turqu\u00eda,","breadcrumb":{"@id":"https:\/\/galduriadrums.com\/?product=crash-16-constantine-big-master#breadcrumb"},"inLanguage":"es","potentialAction":[{"@type":"ReadAction","target":["https:\/\/galduriadrums.com\/?product=crash-16-constantine-big-master"]}]},{"@type":"ImageObject","inLanguage":"es","@id":"https:\/\/galduriadrums.com\/?product=crash-16-constantine-big-master#primaryimage","url":"https:\/\/galduriadrums.com\/wp-content\/uploads\/2025\/11\/Big-Master-Series.png","contentUrl":"https:\/\/galduriadrums.com\/wp-content\/uploads\/2025\/11\/Big-Master-Series.png","width":907,"height":907},{"@type":"BreadcrumbList","@id":"https:\/\/galduriadrums.com\/?product=crash-16-constantine-big-master#breadcrumb","itemListElement":[{"@type":"ListItem","position":1,"name":"Portada","item":"https:\/\/galduriadrums.com\/"},{"@type":"ListItem","position":2,"name":"Tienda","item":"https:\/\/galduriadrums.com\/?page_id=6"},{"@type":"ListItem","position":3,"name":"Thin Crash 16&#8243; Constantine Big Master Series 1045 gr."}]},{"@type":"WebSite","@id":"https:\/\/galduriadrums.com\/#website","url":"https:\/\/galduriadrums.com\/","name":"Galduria Drums","description":"","potentialAction":[{"@type":"SearchAction","target":{"@type":"EntryPoint","urlTemplate":"https:\/\/galduriadrums.com\/?s={search_term_string}"},"query-input":{"@type":"PropertyValueSpecification","valueRequired":true,"valueName":"search_term_string"}}],"inLanguage":"es"}]}},"jetpack_publicize_connections":[],"jetpack_sharing_enabled":true,"_links":{"self":[{"href":"https:\/\/galduriadrums.com\/index.php?rest_route=\/wp\/v2\/product\/393","targetHints":{"allow":["GET"]}}],"collection":[{"href":"https:\/\/galduriadrums.com\/index.php?rest_route=\/wp\/v2\/product"}],"about":[{"href":"https:\/\/galduriadrums.com\/index.php?rest_route=\/wp\/v2\/types\/product"}],"replies":[{"embeddable":true,"href":"https:\/\/galduriadrums.com\/index.php?rest_route=%2Fwp%2Fv2%2Fcomments&post=393"}],"wp:featuredmedia":[{"embeddable":true,"href":"https:\/\/galduriadrums.com\/index.php?rest_route=\/wp\/v2\/media\/420"}],"wp:attachment":[{"href":"https:\/\/galduriadrums.com\/index.php?rest_route=%2Fwp%2Fv2%2Fmedia&parent=393"}],"wp:term":[{"taxonomy":"product_brand","embeddable":true,"href":"https:\/\/galduriadrums.com\/index.php?rest_route=%2Fwp%2Fv2%2Fproduct_brand&post=393"},{"taxonomy":"product_cat","embeddable":true,"href":"https:\/\/galduriadrums.com\/index.php?rest_route=%2Fwp%2Fv2%2Fproduct_cat&post=393"},{"taxonomy":"product_tag","embeddable":true,"href":"https:\/\/galduriadrums.com\/index.php?rest_route=%2Fwp%2Fv2%2Fproduct_tag&post=393"}],"curies":[{"name":"wp","href":"https:\/\/api.w.org\/{rel}","templated":true}]}}