{"id":390,"date":"2025-11-12T18:58:13","date_gmt":"2025-11-12T18:58:13","guid":{"rendered":"https:\/\/galduriadrums.com\/?product=crash-20-constantine-relax-series"},"modified":"2026-01-02T16:22:28","modified_gmt":"2026-01-02T16:22:28","slug":"crash-20-constantine-relax-series","status":"publish","type":"product","link":"https:\/\/galduriadrums.com\/?product=crash-20-constantine-relax-series","title":{"rendered":"Crash 20&#8243; Constantine Relax Series"},"content":{"rendered":"<p>La Relax Series tiene un acabado Tradicional como la serie classic en el borde del plato y el interior y campana de acabado natural Raw. Elaborado con bronce B20 martillado a mano en Turqu\u00eda, son platos con con dos tonos en un mismo plato, muy buena opci\u00f3n para quien quiere un plato que sea camale\u00f3nico, por tonalidades y din\u00e1micas, es el complemento del m\u00fasico al que le gusta el sonido oscuro con toques mas luminosos que la serie Elegance. Ya sea que est\u00e9 tocando jazz, Rock, pop,\u2026 la Relax Series le puede aportar el sonido deseado.<\/p>\n","protected":false},"excerpt":{"rendered":"<p>La Relax Series tiene un acabado Tradicional como la serie classic en el borde del plato y el interior y campana de acabado natural Raw. Elaborado con bronce B20 martillado a mano en Turqu\u00eda, son platos con con dos tonos en un mismo plato, muy buena opci\u00f3n para quien quiere un plato que sea camale\u00f3nico, [&hellip;]<\/p>\n","protected":false},"featured_media":438,"comment_status":"open","ping_status":"closed","template":"","meta":{"jetpack_publicize_message":"","jetpack_publicize_feature_enabled":true,"jetpack_social_post_already_shared":false,"jetpack_social_options":{"image_generator_settings":{"template":"highway","default_image_id":0,"font":"","enabled":false},"version":2}},"product_brand":[69],"product_cat":[75,33,74,110],"product_tag":[119,118,116,122,121,115,120],"class_list":{"0":"post-390","1":"product","2":"type-product","3":"status-publish","4":"has-post-thumbnail","6":"product_brand-constantine-cymbals","7":"product_cat-75","8":"product_cat-constantine-cymbals","9":"product_cat-crash","10":"product_cat-relax-series","11":"product_tag-constantine","12":"product_tag-crash","13":"product_tag-cymbal","14":"product_tag-meinl","15":"product_tag-paiste","16":"product_tag-plato","17":"product_tag-zildjian","18":"pa_series-de-platos-relax-series","19":"pa_tamano-platos-20-inch","20":"pa_tipo-platillo-crash","22":"first","23":"onbackorder","24":"taxable","25":"shipping-taxable","26":"purchasable","27":"product-type-simple"},"yoast_head":"<!-- This site is optimized with the Yoast SEO plugin v27.5 - https:\/\/yoast.com\/product\/yoast-seo-wordpress\/ -->\n<title>Crash 20&quot; Constantine Relax Series - Galduria Drums<\/title>\n<meta name=\"description\" content=\"Relax tiene un acabado Tradicional como la serie classic en el borde del plato y el interior y campana de acabado natural Raw\" \/>\n<meta name=\"robots\" content=\"index, follow, max-snippet:-1, max-image-preview:large, max-video-preview:-1\" \/>\n<link rel=\"canonical\" href=\"https:\/\/galduriadrums.com\/?product=crash-20-constantine-relax-series\" \/>\n<meta property=\"og:locale\" content=\"es_ES\" \/>\n<meta property=\"og:type\" content=\"article\" \/>\n<meta property=\"og:title\" content=\"Crash 20&quot; Constantine Relax Series - Galduria Drums\" \/>\n<meta property=\"og:description\" content=\"Relax tiene un acabado Tradicional como la serie classic en el borde del plato y el interior y campana de acabado natural Raw\" \/>\n<meta property=\"og:url\" content=\"https:\/\/galduriadrums.com\/?product=crash-20-constantine-relax-series\" \/>\n<meta property=\"og:site_name\" content=\"Galduria Drums\" \/>\n<meta property=\"article:modified_time\" content=\"2026-01-02T16:22:28+00:00\" \/>\n<meta property=\"og:image\" content=\"https:\/\/galduriadrums.com\/wp-content\/uploads\/2025\/11\/constantine-Relax.png\" \/>\n\t<meta property=\"og:image:width\" content=\"907\" \/>\n\t<meta property=\"og:image:height\" content=\"907\" \/>\n\t<meta property=\"og:image:type\" content=\"image\/png\" \/>\n<meta name=\"twitter:card\" content=\"summary_large_image\" \/>\n<meta name=\"twitter:label1\" content=\"Tiempo de lectura\" \/>\n\t<meta name=\"twitter:data1\" content=\"1 minuto\" \/>\n<script type=\"application\/ld+json\" class=\"yoast-schema-graph\">{\"@context\":\"https:\\\/\\\/schema.org\",\"@graph\":[{\"@type\":\"WebPage\",\"@id\":\"https:\\\/\\\/galduriadrums.com\\\/?product=crash-20-constantine-relax-series\",\"url\":\"https:\\\/\\\/galduriadrums.com\\\/?product=crash-20-constantine-relax-series\",\"name\":\"Crash 20\\\" Constantine Relax Series - Galduria Drums\",\"isPartOf\":{\"@id\":\"https:\\\/\\\/galduriadrums.com\\\/#website\"},\"primaryImageOfPage\":{\"@id\":\"https:\\\/\\\/galduriadrums.com\\\/?product=crash-20-constantine-relax-series#primaryimage\"},\"image\":{\"@id\":\"https:\\\/\\\/galduriadrums.com\\\/?product=crash-20-constantine-relax-series#primaryimage\"},\"thumbnailUrl\":\"https:\\\/\\\/galduriadrums.com\\\/wp-content\\\/uploads\\\/2025\\\/11\\\/constantine-Relax.png\",\"datePublished\":\"2025-11-12T18:58:13+00:00\",\"dateModified\":\"2026-01-02T16:22:28+00:00\",\"description\":\"Relax tiene un acabado Tradicional como la serie classic en el borde del plato y el interior y campana de acabado natural Raw\",\"breadcrumb\":{\"@id\":\"https:\\\/\\\/galduriadrums.com\\\/?product=crash-20-constantine-relax-series#breadcrumb\"},\"inLanguage\":\"es\",\"potentialAction\":[{\"@type\":\"ReadAction\",\"target\":[\"https:\\\/\\\/galduriadrums.com\\\/?product=crash-20-constantine-relax-series\"]}]},{\"@type\":\"ImageObject\",\"inLanguage\":\"es\",\"@id\":\"https:\\\/\\\/galduriadrums.com\\\/?product=crash-20-constantine-relax-series#primaryimage\",\"url\":\"https:\\\/\\\/galduriadrums.com\\\/wp-content\\\/uploads\\\/2025\\\/11\\\/constantine-Relax.png\",\"contentUrl\":\"https:\\\/\\\/galduriadrums.com\\\/wp-content\\\/uploads\\\/2025\\\/11\\\/constantine-Relax.png\",\"width\":907,\"height\":907},{\"@type\":\"BreadcrumbList\",\"@id\":\"https:\\\/\\\/galduriadrums.com\\\/?product=crash-20-constantine-relax-series#breadcrumb\",\"itemListElement\":[{\"@type\":\"ListItem\",\"position\":1,\"name\":\"Portada\",\"item\":\"https:\\\/\\\/galduriadrums.com\\\/\"},{\"@type\":\"ListItem\",\"position\":2,\"name\":\"Tienda\",\"item\":\"https:\\\/\\\/galduriadrums.com\\\/?page_id=6\"},{\"@type\":\"ListItem\",\"position\":3,\"name\":\"Crash 20&#8243; Constantine Relax Series\"}]},{\"@type\":\"WebSite\",\"@id\":\"https:\\\/\\\/galduriadrums.com\\\/#website\",\"url\":\"https:\\\/\\\/galduriadrums.com\\\/\",\"name\":\"Galduria Drums\",\"description\":\"\",\"potentialAction\":[{\"@type\":\"SearchAction\",\"target\":{\"@type\":\"EntryPoint\",\"urlTemplate\":\"https:\\\/\\\/galduriadrums.com\\\/?s={search_term_string}\"},\"query-input\":{\"@type\":\"PropertyValueSpecification\",\"valueRequired\":true,\"valueName\":\"search_term_string\"}}],\"inLanguage\":\"es\"}]}<\/script>\n<!-- \/ Yoast SEO plugin. -->","yoast_head_json":{"title":"Crash 20\" Constantine Relax Series - Galduria Drums","description":"Relax tiene un acabado Tradicional como la serie classic en el borde del plato y el interior y campana de acabado natural Raw","robots":{"index":"index","follow":"follow","max-snippet":"max-snippet:-1","max-image-preview":"max-image-preview:large","max-video-preview":"max-video-preview:-1"},"canonical":"https:\/\/galduriadrums.com\/?product=crash-20-constantine-relax-series","og_locale":"es_ES","og_type":"article","og_title":"Crash 20\" Constantine Relax Series - Galduria Drums","og_description":"Relax tiene un acabado Tradicional como la serie classic en el borde del plato y el interior y campana de acabado natural Raw","og_url":"https:\/\/galduriadrums.com\/?product=crash-20-constantine-relax-series","og_site_name":"Galduria Drums","article_modified_time":"2026-01-02T16:22:28+00:00","og_image":[{"width":907,"height":907,"url":"https:\/\/galduriadrums.com\/wp-content\/uploads\/2025\/11\/constantine-Relax.png","type":"image\/png"}],"twitter_card":"summary_large_image","twitter_misc":{"Tiempo de lectura":"1 minuto"},"schema":{"@context":"https:\/\/schema.org","@graph":[{"@type":"WebPage","@id":"https:\/\/galduriadrums.com\/?product=crash-20-constantine-relax-series","url":"https:\/\/galduriadrums.com\/?product=crash-20-constantine-relax-series","name":"Crash 20\" Constantine Relax Series - Galduria Drums","isPartOf":{"@id":"https:\/\/galduriadrums.com\/#website"},"primaryImageOfPage":{"@id":"https:\/\/galduriadrums.com\/?product=crash-20-constantine-relax-series#primaryimage"},"image":{"@id":"https:\/\/galduriadrums.com\/?product=crash-20-constantine-relax-series#primaryimage"},"thumbnailUrl":"https:\/\/galduriadrums.com\/wp-content\/uploads\/2025\/11\/constantine-Relax.png","datePublished":"2025-11-12T18:58:13+00:00","dateModified":"2026-01-02T16:22:28+00:00","description":"Relax tiene un acabado Tradicional como la serie classic en el borde del plato y el interior y campana de acabado natural Raw","breadcrumb":{"@id":"https:\/\/galduriadrums.com\/?product=crash-20-constantine-relax-series#breadcrumb"},"inLanguage":"es","potentialAction":[{"@type":"ReadAction","target":["https:\/\/galduriadrums.com\/?product=crash-20-constantine-relax-series"]}]},{"@type":"ImageObject","inLanguage":"es","@id":"https:\/\/galduriadrums.com\/?product=crash-20-constantine-relax-series#primaryimage","url":"https:\/\/galduriadrums.com\/wp-content\/uploads\/2025\/11\/constantine-Relax.png","contentUrl":"https:\/\/galduriadrums.com\/wp-content\/uploads\/2025\/11\/constantine-Relax.png","width":907,"height":907},{"@type":"BreadcrumbList","@id":"https:\/\/galduriadrums.com\/?product=crash-20-constantine-relax-series#breadcrumb","itemListElement":[{"@type":"ListItem","position":1,"name":"Portada","item":"https:\/\/galduriadrums.com\/"},{"@type":"ListItem","position":2,"name":"Tienda","item":"https:\/\/galduriadrums.com\/?page_id=6"},{"@type":"ListItem","position":3,"name":"Crash 20&#8243; Constantine Relax Series"}]},{"@type":"WebSite","@id":"https:\/\/galduriadrums.com\/#website","url":"https:\/\/galduriadrums.com\/","name":"Galduria Drums","description":"","potentialAction":[{"@type":"SearchAction","target":{"@type":"EntryPoint","urlTemplate":"https:\/\/galduriadrums.com\/?s={search_term_string}"},"query-input":{"@type":"PropertyValueSpecification","valueRequired":true,"valueName":"search_term_string"}}],"inLanguage":"es"}]}},"jetpack_publicize_connections":[],"jetpack_sharing_enabled":true,"_links":{"self":[{"href":"https:\/\/galduriadrums.com\/index.php?rest_route=\/wp\/v2\/product\/390","targetHints":{"allow":["GET"]}}],"collection":[{"href":"https:\/\/galduriadrums.com\/index.php?rest_route=\/wp\/v2\/product"}],"about":[{"href":"https:\/\/galduriadrums.com\/index.php?rest_route=\/wp\/v2\/types\/product"}],"replies":[{"embeddable":true,"href":"https:\/\/galduriadrums.com\/index.php?rest_route=%2Fwp%2Fv2%2Fcomments&post=390"}],"wp:featuredmedia":[{"embeddable":true,"href":"https:\/\/galduriadrums.com\/index.php?rest_route=\/wp\/v2\/media\/438"}],"wp:attachment":[{"href":"https:\/\/galduriadrums.com\/index.php?rest_route=%2Fwp%2Fv2%2Fmedia&parent=390"}],"wp:term":[{"taxonomy":"product_brand","embeddable":true,"href":"https:\/\/galduriadrums.com\/index.php?rest_route=%2Fwp%2Fv2%2Fproduct_brand&post=390"},{"taxonomy":"product_cat","embeddable":true,"href":"https:\/\/galduriadrums.com\/index.php?rest_route=%2Fwp%2Fv2%2Fproduct_cat&post=390"},{"taxonomy":"product_tag","embeddable":true,"href":"https:\/\/galduriadrums.com\/index.php?rest_route=%2Fwp%2Fv2%2Fproduct_tag&post=390"}],"curies":[{"name":"wp","href":"https:\/\/api.w.org\/{rel}","templated":true}]}}