{"id":387,"date":"2025-11-12T18:58:12","date_gmt":"2025-11-12T18:58:12","guid":{"rendered":"https:\/\/galduriadrums.com\/?product=crash-16-constantine-kazza-series"},"modified":"2026-03-14T22:03:29","modified_gmt":"2026-03-14T22:03:29","slug":"crash-16-constantine-kazza-series","status":"publish","type":"product","link":"https:\/\/galduriadrums.com\/?product=crash-16-constantine-kazza-series","title":{"rendered":"Crash 16&#8243; Constantine Kazza Series 990 g."},"content":{"rendered":"<p>Kazza Series tiene un acabado h\u00edbrido, Tradicional como la Classic series en la mitad exterior del plato, la otra mitad interna campana incluida tiene acabado Brillante estilo Star series. Elaborado con bronce B20 martillado a mano en Turqu\u00eda, son platos con presencia y brillo, pero con una sensibilidad y dulzura a din\u00e1micas bajas incre\u00edble, es el complemento del m\u00fasico al que le gusta el sonido brillante, con presencia y proyecci\u00f3n, pero sin vol\u00famenes descontrolados y con un sonido muy n\u00edtido. Ya sea que est\u00e9 tocando Rock, heavy, latin, fusi\u00f3n\u2026 Kazza series le puede aportar el sonido deseado.<\/p>\n","protected":false},"excerpt":{"rendered":"<p>Kazza Series tiene un acabado h\u00edbrido, Tradicional como la Classic series en la mitad exterior del plato, la otra mitad interna campana incluida tiene acabado Brillante estilo Star series. Elaborado con bronce B20 martillado a mano en Turqu\u00eda, son platos con presencia y brillo, pero con una sensibilidad y dulzura a din\u00e1micas bajas incre\u00edble, es [&hellip;]<\/p>\n","protected":false},"featured_media":428,"comment_status":"open","ping_status":"closed","template":"","meta":{"jetpack_publicize_message":"","jetpack_publicize_feature_enabled":true,"jetpack_social_post_already_shared":false,"jetpack_social_options":{"image_generator_settings":{"template":"highway","default_image_id":0,"font":"","enabled":false},"version":2}},"product_brand":[69],"product_cat":[86,33,74,105],"product_tag":[],"class_list":{"0":"post-387","1":"product","2":"type-product","3":"status-publish","4":"has-post-thumbnail","6":"product_brand-constantine-cymbals","7":"product_cat-86","8":"product_cat-constantine-cymbals","9":"product_cat-crash","10":"product_cat-kazza-series","11":"pa_series-de-platos-kazza-series","12":"pa_tamano-platos-16-inch","13":"pa_tipo-platillo-crash","15":"first","16":"instock","17":"taxable","18":"shipping-taxable","19":"purchasable","20":"product-type-simple"},"yoast_head":"<!-- This site is optimized with the Yoast SEO plugin v27.5 - https:\/\/yoast.com\/product\/yoast-seo-wordpress\/ -->\n<title>Crash 16&quot; Constantine Kazza Series 990 g. - Galduria Drums<\/title>\n<meta name=\"description\" content=\"Kazza Series tiene un acabado h\u00edbrido, como la Classic series en la mitad exterior del plato, la otra mitad interna campana de acabado estilo Star\" \/>\n<meta name=\"robots\" content=\"index, follow, max-snippet:-1, max-image-preview:large, max-video-preview:-1\" \/>\n<link rel=\"canonical\" href=\"https:\/\/galduriadrums.com\/?product=crash-16-constantine-kazza-series\" \/>\n<meta property=\"og:locale\" content=\"es_ES\" \/>\n<meta property=\"og:type\" content=\"article\" \/>\n<meta property=\"og:title\" content=\"Crash 16&quot; Constantine Kazza Series 990 g. - Galduria Drums\" \/>\n<meta property=\"og:description\" content=\"Kazza Series tiene un acabado h\u00edbrido, como la Classic series en la mitad exterior del plato, la otra mitad interna campana de acabado estilo Star\" \/>\n<meta property=\"og:url\" content=\"https:\/\/galduriadrums.com\/?product=crash-16-constantine-kazza-series\" \/>\n<meta property=\"og:site_name\" content=\"Galduria Drums\" \/>\n<meta property=\"article:modified_time\" content=\"2026-03-14T22:03:29+00:00\" \/>\n<meta property=\"og:image\" content=\"https:\/\/galduriadrums.com\/wp-content\/uploads\/2025\/11\/Kazza-Series.png\" \/>\n\t<meta property=\"og:image:width\" content=\"907\" \/>\n\t<meta property=\"og:image:height\" content=\"907\" \/>\n\t<meta property=\"og:image:type\" content=\"image\/png\" \/>\n<meta name=\"twitter:card\" content=\"summary_large_image\" \/>\n<meta name=\"twitter:label1\" content=\"Tiempo de lectura\" \/>\n\t<meta name=\"twitter:data1\" content=\"1 minuto\" \/>\n<script type=\"application\/ld+json\" class=\"yoast-schema-graph\">{\"@context\":\"https:\\\/\\\/schema.org\",\"@graph\":[{\"@type\":\"WebPage\",\"@id\":\"https:\\\/\\\/galduriadrums.com\\\/?product=crash-16-constantine-kazza-series\",\"url\":\"https:\\\/\\\/galduriadrums.com\\\/?product=crash-16-constantine-kazza-series\",\"name\":\"Crash 16\\\" Constantine Kazza Series 990 g. - Galduria Drums\",\"isPartOf\":{\"@id\":\"https:\\\/\\\/galduriadrums.com\\\/#website\"},\"primaryImageOfPage\":{\"@id\":\"https:\\\/\\\/galduriadrums.com\\\/?product=crash-16-constantine-kazza-series#primaryimage\"},\"image\":{\"@id\":\"https:\\\/\\\/galduriadrums.com\\\/?product=crash-16-constantine-kazza-series#primaryimage\"},\"thumbnailUrl\":\"https:\\\/\\\/galduriadrums.com\\\/wp-content\\\/uploads\\\/2025\\\/11\\\/Kazza-Series.png\",\"datePublished\":\"2025-11-12T18:58:12+00:00\",\"dateModified\":\"2026-03-14T22:03:29+00:00\",\"description\":\"Kazza Series tiene un acabado h\u00edbrido, como la Classic series en la mitad exterior del plato, la otra mitad interna campana de acabado estilo Star\",\"breadcrumb\":{\"@id\":\"https:\\\/\\\/galduriadrums.com\\\/?product=crash-16-constantine-kazza-series#breadcrumb\"},\"inLanguage\":\"es\",\"potentialAction\":[{\"@type\":\"ReadAction\",\"target\":[\"https:\\\/\\\/galduriadrums.com\\\/?product=crash-16-constantine-kazza-series\"]}]},{\"@type\":\"ImageObject\",\"inLanguage\":\"es\",\"@id\":\"https:\\\/\\\/galduriadrums.com\\\/?product=crash-16-constantine-kazza-series#primaryimage\",\"url\":\"https:\\\/\\\/galduriadrums.com\\\/wp-content\\\/uploads\\\/2025\\\/11\\\/Kazza-Series.png\",\"contentUrl\":\"https:\\\/\\\/galduriadrums.com\\\/wp-content\\\/uploads\\\/2025\\\/11\\\/Kazza-Series.png\",\"width\":907,\"height\":907},{\"@type\":\"BreadcrumbList\",\"@id\":\"https:\\\/\\\/galduriadrums.com\\\/?product=crash-16-constantine-kazza-series#breadcrumb\",\"itemListElement\":[{\"@type\":\"ListItem\",\"position\":1,\"name\":\"Portada\",\"item\":\"https:\\\/\\\/galduriadrums.com\\\/\"},{\"@type\":\"ListItem\",\"position\":2,\"name\":\"Tienda\",\"item\":\"https:\\\/\\\/galduriadrums.com\\\/?page_id=6\"},{\"@type\":\"ListItem\",\"position\":3,\"name\":\"Crash 16&#8243; Constantine Kazza Series 990 g.\"}]},{\"@type\":\"WebSite\",\"@id\":\"https:\\\/\\\/galduriadrums.com\\\/#website\",\"url\":\"https:\\\/\\\/galduriadrums.com\\\/\",\"name\":\"Galduria Drums\",\"description\":\"\",\"potentialAction\":[{\"@type\":\"SearchAction\",\"target\":{\"@type\":\"EntryPoint\",\"urlTemplate\":\"https:\\\/\\\/galduriadrums.com\\\/?s={search_term_string}\"},\"query-input\":{\"@type\":\"PropertyValueSpecification\",\"valueRequired\":true,\"valueName\":\"search_term_string\"}}],\"inLanguage\":\"es\"}]}<\/script>\n<!-- \/ Yoast SEO plugin. -->","yoast_head_json":{"title":"Crash 16\" Constantine Kazza Series 990 g. - Galduria Drums","description":"Kazza Series tiene un acabado h\u00edbrido, como la Classic series en la mitad exterior del plato, la otra mitad interna campana de acabado estilo Star","robots":{"index":"index","follow":"follow","max-snippet":"max-snippet:-1","max-image-preview":"max-image-preview:large","max-video-preview":"max-video-preview:-1"},"canonical":"https:\/\/galduriadrums.com\/?product=crash-16-constantine-kazza-series","og_locale":"es_ES","og_type":"article","og_title":"Crash 16\" Constantine Kazza Series 990 g. - Galduria Drums","og_description":"Kazza Series tiene un acabado h\u00edbrido, como la Classic series en la mitad exterior del plato, la otra mitad interna campana de acabado estilo Star","og_url":"https:\/\/galduriadrums.com\/?product=crash-16-constantine-kazza-series","og_site_name":"Galduria Drums","article_modified_time":"2026-03-14T22:03:29+00:00","og_image":[{"width":907,"height":907,"url":"https:\/\/galduriadrums.com\/wp-content\/uploads\/2025\/11\/Kazza-Series.png","type":"image\/png"}],"twitter_card":"summary_large_image","twitter_misc":{"Tiempo de lectura":"1 minuto"},"schema":{"@context":"https:\/\/schema.org","@graph":[{"@type":"WebPage","@id":"https:\/\/galduriadrums.com\/?product=crash-16-constantine-kazza-series","url":"https:\/\/galduriadrums.com\/?product=crash-16-constantine-kazza-series","name":"Crash 16\" Constantine Kazza Series 990 g. - Galduria Drums","isPartOf":{"@id":"https:\/\/galduriadrums.com\/#website"},"primaryImageOfPage":{"@id":"https:\/\/galduriadrums.com\/?product=crash-16-constantine-kazza-series#primaryimage"},"image":{"@id":"https:\/\/galduriadrums.com\/?product=crash-16-constantine-kazza-series#primaryimage"},"thumbnailUrl":"https:\/\/galduriadrums.com\/wp-content\/uploads\/2025\/11\/Kazza-Series.png","datePublished":"2025-11-12T18:58:12+00:00","dateModified":"2026-03-14T22:03:29+00:00","description":"Kazza Series tiene un acabado h\u00edbrido, como la Classic series en la mitad exterior del plato, la otra mitad interna campana de acabado estilo Star","breadcrumb":{"@id":"https:\/\/galduriadrums.com\/?product=crash-16-constantine-kazza-series#breadcrumb"},"inLanguage":"es","potentialAction":[{"@type":"ReadAction","target":["https:\/\/galduriadrums.com\/?product=crash-16-constantine-kazza-series"]}]},{"@type":"ImageObject","inLanguage":"es","@id":"https:\/\/galduriadrums.com\/?product=crash-16-constantine-kazza-series#primaryimage","url":"https:\/\/galduriadrums.com\/wp-content\/uploads\/2025\/11\/Kazza-Series.png","contentUrl":"https:\/\/galduriadrums.com\/wp-content\/uploads\/2025\/11\/Kazza-Series.png","width":907,"height":907},{"@type":"BreadcrumbList","@id":"https:\/\/galduriadrums.com\/?product=crash-16-constantine-kazza-series#breadcrumb","itemListElement":[{"@type":"ListItem","position":1,"name":"Portada","item":"https:\/\/galduriadrums.com\/"},{"@type":"ListItem","position":2,"name":"Tienda","item":"https:\/\/galduriadrums.com\/?page_id=6"},{"@type":"ListItem","position":3,"name":"Crash 16&#8243; Constantine Kazza Series 990 g."}]},{"@type":"WebSite","@id":"https:\/\/galduriadrums.com\/#website","url":"https:\/\/galduriadrums.com\/","name":"Galduria Drums","description":"","potentialAction":[{"@type":"SearchAction","target":{"@type":"EntryPoint","urlTemplate":"https:\/\/galduriadrums.com\/?s={search_term_string}"},"query-input":{"@type":"PropertyValueSpecification","valueRequired":true,"valueName":"search_term_string"}}],"inLanguage":"es"}]}},"jetpack_publicize_connections":[],"jetpack_sharing_enabled":true,"_links":{"self":[{"href":"https:\/\/galduriadrums.com\/index.php?rest_route=\/wp\/v2\/product\/387","targetHints":{"allow":["GET"]}}],"collection":[{"href":"https:\/\/galduriadrums.com\/index.php?rest_route=\/wp\/v2\/product"}],"about":[{"href":"https:\/\/galduriadrums.com\/index.php?rest_route=\/wp\/v2\/types\/product"}],"replies":[{"embeddable":true,"href":"https:\/\/galduriadrums.com\/index.php?rest_route=%2Fwp%2Fv2%2Fcomments&post=387"}],"wp:featuredmedia":[{"embeddable":true,"href":"https:\/\/galduriadrums.com\/index.php?rest_route=\/wp\/v2\/media\/428"}],"wp:attachment":[{"href":"https:\/\/galduriadrums.com\/index.php?rest_route=%2Fwp%2Fv2%2Fmedia&parent=387"}],"wp:term":[{"taxonomy":"product_brand","embeddable":true,"href":"https:\/\/galduriadrums.com\/index.php?rest_route=%2Fwp%2Fv2%2Fproduct_brand&post=387"},{"taxonomy":"product_cat","embeddable":true,"href":"https:\/\/galduriadrums.com\/index.php?rest_route=%2Fwp%2Fv2%2Fproduct_cat&post=387"},{"taxonomy":"product_tag","embeddable":true,"href":"https:\/\/galduriadrums.com\/index.php?rest_route=%2Fwp%2Fv2%2Fproduct_tag&post=387"}],"curies":[{"name":"wp","href":"https:\/\/api.w.org\/{rel}","templated":true}]}}