{"id":383,"date":"2025-11-12T18:58:12","date_gmt":"2025-11-12T18:58:12","guid":{"rendered":"https:\/\/galduriadrums.com\/?product=hi-hat-13-constantine-star-series"},"modified":"2025-11-24T11:29:40","modified_gmt":"2025-11-24T11:29:40","slug":"hi-hat-13-constantine-star-series","status":"publish","type":"product","link":"https:\/\/galduriadrums.com\/?product=hi-hat-13-constantine-star-series","title":{"rendered":"Hi-hat 13&#8243; Constantine Star Series"},"content":{"rendered":"<div id=\"tab-description\" class=\"woocommerce-Tabs-panel woocommerce-Tabs-panel--description panel entry-content wc-tab\" role=\"tabpanel\" aria-labelledby=\"tab-title-description\">\n<p>La Star Series es una serie de acabado brillante con un martillado muy regular y sin surcos torneados. Elaborado con bronce B20 martillado a mano en Turqu\u00eda, este platillo es vers\u00e1til. Su sonido crujiente y brillante aportan car\u00e1cter y riqueza de matices. Ya sea que est\u00e9 tocando rock, pop o funky, la star Series le proporcionar\u00e1 el sonido deseado<\/p>\n<p><iframe title=\"Constantine Hi hat 13&quot; Star series 2024edit\" width=\"980\" height=\"551\" src=\"https:\/\/www.youtube.com\/embed\/SNVpfK0xD8A?feature=oembed\" frameborder=\"0\" allow=\"accelerometer; autoplay; clipboard-write; encrypted-media; gyroscope; picture-in-picture; web-share\" referrerpolicy=\"strict-origin-when-cross-origin\" allowfullscreen><\/iframe><\/p>\n<\/div>\n","protected":false},"excerpt":{"rendered":"<p>La Star Series es una serie de acabado brillante con un martillado muy regular y sin surcos torneados. Elaborado con bronce B20 martillado a mano en Turqu\u00eda, este platillo es vers\u00e1til. Su sonido crujiente y brillante aportan car\u00e1cter y riqueza de matices. Ya sea que est\u00e9 tocando rock, pop o funky, la star Series le [&hellip;]<\/p>\n","protected":false},"featured_media":462,"comment_status":"open","ping_status":"closed","template":"","meta":{"jetpack_publicize_message":"","jetpack_publicize_feature_enabled":true,"jetpack_social_post_already_shared":false,"jetpack_social_options":{"image_generator_settings":{"template":"highway","default_image_id":0,"font":"","enabled":false},"version":2}},"product_brand":[69],"product_cat":[107,33,67,68],"product_tag":[119,116,125,122,121,115,120],"class_list":{"0":"post-383","1":"product","2":"type-product","3":"status-publish","4":"has-post-thumbnail","6":"product_brand-constantine-cymbals","7":"product_cat-107","8":"product_cat-constantine-cymbals","9":"product_cat-hi-hat","10":"product_cat-star-series","11":"product_tag-constantine","12":"product_tag-cymbal","13":"product_tag-hihat","14":"product_tag-meinl","15":"product_tag-paiste","16":"product_tag-plato","17":"product_tag-zildjian","18":"pa_series-de-platos-star-series","19":"pa_tamano-platos-13-inch","20":"pa_tipo-platillo-hi-hat","22":"first","23":"instock","24":"taxable","25":"shipping-taxable","26":"purchasable","27":"product-type-simple"},"yoast_head":"<!-- This site is optimized with the Yoast SEO plugin v27.5 - https:\/\/yoast.com\/product\/yoast-seo-wordpress\/ -->\n<title>Hi-hat 13&quot; Constantine Star Series - Galduria Drums<\/title>\n<meta name=\"description\" content=\"La Star Series es una serie de acabado brillante con un martillado muy regular y sin surcos torneados. Elaborado con bronce B20 martillado a mano en Turqu\u00eda\" \/>\n<meta name=\"robots\" content=\"index, follow, max-snippet:-1, max-image-preview:large, max-video-preview:-1\" \/>\n<link rel=\"canonical\" href=\"https:\/\/galduriadrums.com\/?product=hi-hat-13-constantine-star-series\" \/>\n<meta property=\"og:locale\" content=\"es_ES\" \/>\n<meta property=\"og:type\" content=\"article\" \/>\n<meta property=\"og:title\" content=\"Hi-hat 13&quot; Constantine Star Series - Galduria Drums\" \/>\n<meta property=\"og:description\" content=\"La Star Series es una serie de acabado brillante con un martillado muy regular y sin surcos torneados. Elaborado con bronce B20 martillado a mano en Turqu\u00eda\" \/>\n<meta property=\"og:url\" content=\"https:\/\/galduriadrums.com\/?product=hi-hat-13-constantine-star-series\" \/>\n<meta property=\"og:site_name\" content=\"Galduria Drums\" \/>\n<meta property=\"article:modified_time\" content=\"2025-11-24T11:29:40+00:00\" \/>\n<meta property=\"og:image\" content=\"https:\/\/galduriadrums.com\/wp-content\/uploads\/2025\/11\/constantine-Star-hi-hat-1.png\" \/>\n\t<meta property=\"og:image:width\" content=\"907\" \/>\n\t<meta property=\"og:image:height\" content=\"907\" \/>\n\t<meta property=\"og:image:type\" content=\"image\/png\" \/>\n<meta name=\"twitter:card\" content=\"summary_large_image\" \/>\n<meta name=\"twitter:label1\" content=\"Tiempo de lectura\" \/>\n\t<meta name=\"twitter:data1\" content=\"1 minuto\" \/>\n<script type=\"application\/ld+json\" class=\"yoast-schema-graph\">{\"@context\":\"https:\\\/\\\/schema.org\",\"@graph\":[{\"@type\":\"WebPage\",\"@id\":\"https:\\\/\\\/galduriadrums.com\\\/?product=hi-hat-13-constantine-star-series\",\"url\":\"https:\\\/\\\/galduriadrums.com\\\/?product=hi-hat-13-constantine-star-series\",\"name\":\"Hi-hat 13\\\" Constantine Star Series - Galduria Drums\",\"isPartOf\":{\"@id\":\"https:\\\/\\\/galduriadrums.com\\\/#website\"},\"primaryImageOfPage\":{\"@id\":\"https:\\\/\\\/galduriadrums.com\\\/?product=hi-hat-13-constantine-star-series#primaryimage\"},\"image\":{\"@id\":\"https:\\\/\\\/galduriadrums.com\\\/?product=hi-hat-13-constantine-star-series#primaryimage\"},\"thumbnailUrl\":\"https:\\\/\\\/galduriadrums.com\\\/wp-content\\\/uploads\\\/2025\\\/11\\\/constantine-Star-hi-hat-1.png\",\"datePublished\":\"2025-11-12T18:58:12+00:00\",\"dateModified\":\"2025-11-24T11:29:40+00:00\",\"description\":\"La Star Series es una serie de acabado brillante con un martillado muy regular y sin surcos torneados. Elaborado con bronce B20 martillado a mano en Turqu\u00eda\",\"breadcrumb\":{\"@id\":\"https:\\\/\\\/galduriadrums.com\\\/?product=hi-hat-13-constantine-star-series#breadcrumb\"},\"inLanguage\":\"es\",\"potentialAction\":[{\"@type\":\"ReadAction\",\"target\":[\"https:\\\/\\\/galduriadrums.com\\\/?product=hi-hat-13-constantine-star-series\"]}]},{\"@type\":\"ImageObject\",\"inLanguage\":\"es\",\"@id\":\"https:\\\/\\\/galduriadrums.com\\\/?product=hi-hat-13-constantine-star-series#primaryimage\",\"url\":\"https:\\\/\\\/galduriadrums.com\\\/wp-content\\\/uploads\\\/2025\\\/11\\\/constantine-Star-hi-hat-1.png\",\"contentUrl\":\"https:\\\/\\\/galduriadrums.com\\\/wp-content\\\/uploads\\\/2025\\\/11\\\/constantine-Star-hi-hat-1.png\",\"width\":907,\"height\":907},{\"@type\":\"BreadcrumbList\",\"@id\":\"https:\\\/\\\/galduriadrums.com\\\/?product=hi-hat-13-constantine-star-series#breadcrumb\",\"itemListElement\":[{\"@type\":\"ListItem\",\"position\":1,\"name\":\"Portada\",\"item\":\"https:\\\/\\\/galduriadrums.com\\\/\"},{\"@type\":\"ListItem\",\"position\":2,\"name\":\"Tienda\",\"item\":\"https:\\\/\\\/galduriadrums.com\\\/?page_id=6\"},{\"@type\":\"ListItem\",\"position\":3,\"name\":\"Hi-hat 13&#8243; Constantine Star Series\"}]},{\"@type\":\"WebSite\",\"@id\":\"https:\\\/\\\/galduriadrums.com\\\/#website\",\"url\":\"https:\\\/\\\/galduriadrums.com\\\/\",\"name\":\"Galduria Drums\",\"description\":\"\",\"potentialAction\":[{\"@type\":\"SearchAction\",\"target\":{\"@type\":\"EntryPoint\",\"urlTemplate\":\"https:\\\/\\\/galduriadrums.com\\\/?s={search_term_string}\"},\"query-input\":{\"@type\":\"PropertyValueSpecification\",\"valueRequired\":true,\"valueName\":\"search_term_string\"}}],\"inLanguage\":\"es\"}]}<\/script>\n<!-- \/ Yoast SEO plugin. -->","yoast_head_json":{"title":"Hi-hat 13\" Constantine Star Series - Galduria Drums","description":"La Star Series es una serie de acabado brillante con un martillado muy regular y sin surcos torneados. Elaborado con bronce B20 martillado a mano en Turqu\u00eda","robots":{"index":"index","follow":"follow","max-snippet":"max-snippet:-1","max-image-preview":"max-image-preview:large","max-video-preview":"max-video-preview:-1"},"canonical":"https:\/\/galduriadrums.com\/?product=hi-hat-13-constantine-star-series","og_locale":"es_ES","og_type":"article","og_title":"Hi-hat 13\" Constantine Star Series - Galduria Drums","og_description":"La Star Series es una serie de acabado brillante con un martillado muy regular y sin surcos torneados. Elaborado con bronce B20 martillado a mano en Turqu\u00eda","og_url":"https:\/\/galduriadrums.com\/?product=hi-hat-13-constantine-star-series","og_site_name":"Galduria Drums","article_modified_time":"2025-11-24T11:29:40+00:00","og_image":[{"width":907,"height":907,"url":"https:\/\/galduriadrums.com\/wp-content\/uploads\/2025\/11\/constantine-Star-hi-hat-1.png","type":"image\/png"}],"twitter_card":"summary_large_image","twitter_misc":{"Tiempo de lectura":"1 minuto"},"schema":{"@context":"https:\/\/schema.org","@graph":[{"@type":"WebPage","@id":"https:\/\/galduriadrums.com\/?product=hi-hat-13-constantine-star-series","url":"https:\/\/galduriadrums.com\/?product=hi-hat-13-constantine-star-series","name":"Hi-hat 13\" Constantine Star Series - Galduria Drums","isPartOf":{"@id":"https:\/\/galduriadrums.com\/#website"},"primaryImageOfPage":{"@id":"https:\/\/galduriadrums.com\/?product=hi-hat-13-constantine-star-series#primaryimage"},"image":{"@id":"https:\/\/galduriadrums.com\/?product=hi-hat-13-constantine-star-series#primaryimage"},"thumbnailUrl":"https:\/\/galduriadrums.com\/wp-content\/uploads\/2025\/11\/constantine-Star-hi-hat-1.png","datePublished":"2025-11-12T18:58:12+00:00","dateModified":"2025-11-24T11:29:40+00:00","description":"La Star Series es una serie de acabado brillante con un martillado muy regular y sin surcos torneados. Elaborado con bronce B20 martillado a mano en Turqu\u00eda","breadcrumb":{"@id":"https:\/\/galduriadrums.com\/?product=hi-hat-13-constantine-star-series#breadcrumb"},"inLanguage":"es","potentialAction":[{"@type":"ReadAction","target":["https:\/\/galduriadrums.com\/?product=hi-hat-13-constantine-star-series"]}]},{"@type":"ImageObject","inLanguage":"es","@id":"https:\/\/galduriadrums.com\/?product=hi-hat-13-constantine-star-series#primaryimage","url":"https:\/\/galduriadrums.com\/wp-content\/uploads\/2025\/11\/constantine-Star-hi-hat-1.png","contentUrl":"https:\/\/galduriadrums.com\/wp-content\/uploads\/2025\/11\/constantine-Star-hi-hat-1.png","width":907,"height":907},{"@type":"BreadcrumbList","@id":"https:\/\/galduriadrums.com\/?product=hi-hat-13-constantine-star-series#breadcrumb","itemListElement":[{"@type":"ListItem","position":1,"name":"Portada","item":"https:\/\/galduriadrums.com\/"},{"@type":"ListItem","position":2,"name":"Tienda","item":"https:\/\/galduriadrums.com\/?page_id=6"},{"@type":"ListItem","position":3,"name":"Hi-hat 13&#8243; Constantine Star Series"}]},{"@type":"WebSite","@id":"https:\/\/galduriadrums.com\/#website","url":"https:\/\/galduriadrums.com\/","name":"Galduria Drums","description":"","potentialAction":[{"@type":"SearchAction","target":{"@type":"EntryPoint","urlTemplate":"https:\/\/galduriadrums.com\/?s={search_term_string}"},"query-input":{"@type":"PropertyValueSpecification","valueRequired":true,"valueName":"search_term_string"}}],"inLanguage":"es"}]}},"jetpack_publicize_connections":[],"jetpack_sharing_enabled":true,"_links":{"self":[{"href":"https:\/\/galduriadrums.com\/index.php?rest_route=\/wp\/v2\/product\/383","targetHints":{"allow":["GET"]}}],"collection":[{"href":"https:\/\/galduriadrums.com\/index.php?rest_route=\/wp\/v2\/product"}],"about":[{"href":"https:\/\/galduriadrums.com\/index.php?rest_route=\/wp\/v2\/types\/product"}],"replies":[{"embeddable":true,"href":"https:\/\/galduriadrums.com\/index.php?rest_route=%2Fwp%2Fv2%2Fcomments&post=383"}],"wp:featuredmedia":[{"embeddable":true,"href":"https:\/\/galduriadrums.com\/index.php?rest_route=\/wp\/v2\/media\/462"}],"wp:attachment":[{"href":"https:\/\/galduriadrums.com\/index.php?rest_route=%2Fwp%2Fv2%2Fmedia&parent=383"}],"wp:term":[{"taxonomy":"product_brand","embeddable":true,"href":"https:\/\/galduriadrums.com\/index.php?rest_route=%2Fwp%2Fv2%2Fproduct_brand&post=383"},{"taxonomy":"product_cat","embeddable":true,"href":"https:\/\/galduriadrums.com\/index.php?rest_route=%2Fwp%2Fv2%2Fproduct_cat&post=383"},{"taxonomy":"product_tag","embeddable":true,"href":"https:\/\/galduriadrums.com\/index.php?rest_route=%2Fwp%2Fv2%2Fproduct_tag&post=383"}],"curies":[{"name":"wp","href":"https:\/\/api.w.org\/{rel}","templated":true}]}}