{"id":327,"date":"2025-11-12T18:58:08","date_gmt":"2025-11-12T18:58:08","guid":{"rendered":"https:\/\/galduriadrums.com\/?product=crash-16-constantine-natural-raw-series"},"modified":"2025-12-03T09:07:59","modified_gmt":"2025-12-03T09:07:59","slug":"splash-7-constantine-elegance-series","status":"publish","type":"product","link":"https:\/\/galduriadrums.com\/?product=splash-7-constantine-elegance-series","title":{"rendered":"Splash 7&#8243; Constantine Elegance Series"},"content":{"rendered":"<p>La Elegance Series tiene un acabado Tradicional como la serie classic en el centro del plato, pero con unos surcos tonales mas marcados y con\u00a0 borde y campana de acabado natural Raw. Elaborado con bronce B20 martillado a mano en Turqu\u00eda. Son platos con definici\u00f3n y campana afilada pero de sonido nada estridente. Es el complemento del m\u00fasico al que le gusta el sonido mas Dark y con menos sustain, pero sin perder proyecci\u00f3n. Ya sea que est\u00e9 tocando Rock, pop, flamenco,&#8230;\u00a0 la Elegance series\u00a0 le puede aportar el sonido deseado.<\/p>\n","protected":false},"excerpt":{"rendered":"<p>La Elegance Series tiene un acabado Tradicional como la serie classic en el centro del plato, pero con unos surcos tonales mas marcados y con\u00a0 borde y campana de acabado natural Raw. Elaborado con bronce B20 martillado a mano en Turqu\u00eda. Son platos con definici\u00f3n y campana afilada pero de sonido nada estridente. Es el [&hellip;]<\/p>\n","protected":false},"featured_media":427,"comment_status":"open","ping_status":"closed","template":"","meta":{"jetpack_publicize_message":"","jetpack_publicize_feature_enabled":true,"jetpack_social_post_already_shared":false,"jetpack_social_options":{"image_generator_settings":{"template":"highway","default_image_id":0,"font":"","enabled":false},"version":2}},"product_brand":[69],"product_cat":[104,80,103,77],"product_tag":[],"class_list":{"0":"post-327","1":"product","2":"type-product","3":"status-publish","4":"has-post-thumbnail","6":"product_brand-constantine-cymbals","7":"product_cat-104","8":"product_cat-ahora-en-oferta","9":"product_cat-elegance-series","10":"product_cat-platillos-splash","11":"pa_series-de-platos-elegance-series","12":"pa_tamano-platos-7-inch","13":"pa_tipo-platillo-splash","15":"first","16":"instock","17":"sale","18":"taxable","19":"shipping-taxable","20":"purchasable","21":"product-type-simple"},"yoast_head":"<!-- This site is optimized with the Yoast SEO plugin v27.5 - https:\/\/yoast.com\/product\/yoast-seo-wordpress\/ -->\n<title>Splash 7&quot; Constantine Elegance Series - Galduria Drums<\/title>\n<meta name=\"robots\" content=\"index, follow, max-snippet:-1, max-image-preview:large, max-video-preview:-1\" \/>\n<link rel=\"canonical\" href=\"https:\/\/galduriadrums.com\/?product=splash-7-constantine-elegance-series\" \/>\n<meta property=\"og:locale\" content=\"es_ES\" \/>\n<meta property=\"og:type\" content=\"article\" \/>\n<meta property=\"og:title\" content=\"Splash 7&quot; Constantine Elegance Series - Galduria Drums\" \/>\n<meta property=\"og:description\" content=\"La Elegance Series tiene un acabado Tradicional como la serie classic en el centro del plato, pero con unos surcos tonales mas marcados y con\u00a0 borde y campana de acabado natural Raw. Elaborado con bronce B20 martillado a mano en Turqu\u00eda. Son platos con definici\u00f3n y campana afilada pero de sonido nada estridente. Es el [&hellip;]\" \/>\n<meta property=\"og:url\" content=\"https:\/\/galduriadrums.com\/?product=splash-7-constantine-elegance-series\" \/>\n<meta property=\"og:site_name\" content=\"Galduria Drums\" \/>\n<meta property=\"article:modified_time\" content=\"2025-12-03T09:07:59+00:00\" \/>\n<meta property=\"og:image\" content=\"https:\/\/galduriadrums.com\/wp-content\/uploads\/2025\/11\/constantine-Elegance-1.png\" \/>\n\t<meta property=\"og:image:width\" content=\"907\" \/>\n\t<meta property=\"og:image:height\" content=\"907\" \/>\n\t<meta property=\"og:image:type\" content=\"image\/png\" \/>\n<meta name=\"twitter:card\" content=\"summary_large_image\" \/>\n<meta name=\"twitter:label1\" content=\"Tiempo de lectura\" \/>\n\t<meta name=\"twitter:data1\" content=\"1 minuto\" \/>\n<script type=\"application\/ld+json\" class=\"yoast-schema-graph\">{\"@context\":\"https:\\\/\\\/schema.org\",\"@graph\":[{\"@type\":\"WebPage\",\"@id\":\"https:\\\/\\\/galduriadrums.com\\\/?product=splash-7-constantine-elegance-series\",\"url\":\"https:\\\/\\\/galduriadrums.com\\\/?product=splash-7-constantine-elegance-series\",\"name\":\"Splash 7\\\" Constantine Elegance Series - Galduria Drums\",\"isPartOf\":{\"@id\":\"https:\\\/\\\/galduriadrums.com\\\/#website\"},\"primaryImageOfPage\":{\"@id\":\"https:\\\/\\\/galduriadrums.com\\\/?product=splash-7-constantine-elegance-series#primaryimage\"},\"image\":{\"@id\":\"https:\\\/\\\/galduriadrums.com\\\/?product=splash-7-constantine-elegance-series#primaryimage\"},\"thumbnailUrl\":\"https:\\\/\\\/galduriadrums.com\\\/wp-content\\\/uploads\\\/2025\\\/11\\\/constantine-Elegance-1.png\",\"datePublished\":\"2025-11-12T18:58:08+00:00\",\"dateModified\":\"2025-12-03T09:07:59+00:00\",\"breadcrumb\":{\"@id\":\"https:\\\/\\\/galduriadrums.com\\\/?product=splash-7-constantine-elegance-series#breadcrumb\"},\"inLanguage\":\"es\",\"potentialAction\":[{\"@type\":\"ReadAction\",\"target\":[\"https:\\\/\\\/galduriadrums.com\\\/?product=splash-7-constantine-elegance-series\"]}]},{\"@type\":\"ImageObject\",\"inLanguage\":\"es\",\"@id\":\"https:\\\/\\\/galduriadrums.com\\\/?product=splash-7-constantine-elegance-series#primaryimage\",\"url\":\"https:\\\/\\\/galduriadrums.com\\\/wp-content\\\/uploads\\\/2025\\\/11\\\/constantine-Elegance-1.png\",\"contentUrl\":\"https:\\\/\\\/galduriadrums.com\\\/wp-content\\\/uploads\\\/2025\\\/11\\\/constantine-Elegance-1.png\",\"width\":907,\"height\":907},{\"@type\":\"BreadcrumbList\",\"@id\":\"https:\\\/\\\/galduriadrums.com\\\/?product=splash-7-constantine-elegance-series#breadcrumb\",\"itemListElement\":[{\"@type\":\"ListItem\",\"position\":1,\"name\":\"Portada\",\"item\":\"https:\\\/\\\/galduriadrums.com\\\/\"},{\"@type\":\"ListItem\",\"position\":2,\"name\":\"Tienda\",\"item\":\"https:\\\/\\\/galduriadrums.com\\\/?page_id=6\"},{\"@type\":\"ListItem\",\"position\":3,\"name\":\"Splash 7&#8243; Constantine Elegance Series\"}]},{\"@type\":\"WebSite\",\"@id\":\"https:\\\/\\\/galduriadrums.com\\\/#website\",\"url\":\"https:\\\/\\\/galduriadrums.com\\\/\",\"name\":\"Galduria Drums\",\"description\":\"\",\"potentialAction\":[{\"@type\":\"SearchAction\",\"target\":{\"@type\":\"EntryPoint\",\"urlTemplate\":\"https:\\\/\\\/galduriadrums.com\\\/?s={search_term_string}\"},\"query-input\":{\"@type\":\"PropertyValueSpecification\",\"valueRequired\":true,\"valueName\":\"search_term_string\"}}],\"inLanguage\":\"es\"}]}<\/script>\n<!-- \/ Yoast SEO plugin. -->","yoast_head_json":{"title":"Splash 7\" Constantine Elegance Series - Galduria Drums","robots":{"index":"index","follow":"follow","max-snippet":"max-snippet:-1","max-image-preview":"max-image-preview:large","max-video-preview":"max-video-preview:-1"},"canonical":"https:\/\/galduriadrums.com\/?product=splash-7-constantine-elegance-series","og_locale":"es_ES","og_type":"article","og_title":"Splash 7\" Constantine Elegance Series - Galduria Drums","og_description":"La Elegance Series tiene un acabado Tradicional como la serie classic en el centro del plato, pero con unos surcos tonales mas marcados y con\u00a0 borde y campana de acabado natural Raw. Elaborado con bronce B20 martillado a mano en Turqu\u00eda. Son platos con definici\u00f3n y campana afilada pero de sonido nada estridente. Es el [&hellip;]","og_url":"https:\/\/galduriadrums.com\/?product=splash-7-constantine-elegance-series","og_site_name":"Galduria Drums","article_modified_time":"2025-12-03T09:07:59+00:00","og_image":[{"width":907,"height":907,"url":"https:\/\/galduriadrums.com\/wp-content\/uploads\/2025\/11\/constantine-Elegance-1.png","type":"image\/png"}],"twitter_card":"summary_large_image","twitter_misc":{"Tiempo de lectura":"1 minuto"},"schema":{"@context":"https:\/\/schema.org","@graph":[{"@type":"WebPage","@id":"https:\/\/galduriadrums.com\/?product=splash-7-constantine-elegance-series","url":"https:\/\/galduriadrums.com\/?product=splash-7-constantine-elegance-series","name":"Splash 7\" Constantine Elegance Series - Galduria Drums","isPartOf":{"@id":"https:\/\/galduriadrums.com\/#website"},"primaryImageOfPage":{"@id":"https:\/\/galduriadrums.com\/?product=splash-7-constantine-elegance-series#primaryimage"},"image":{"@id":"https:\/\/galduriadrums.com\/?product=splash-7-constantine-elegance-series#primaryimage"},"thumbnailUrl":"https:\/\/galduriadrums.com\/wp-content\/uploads\/2025\/11\/constantine-Elegance-1.png","datePublished":"2025-11-12T18:58:08+00:00","dateModified":"2025-12-03T09:07:59+00:00","breadcrumb":{"@id":"https:\/\/galduriadrums.com\/?product=splash-7-constantine-elegance-series#breadcrumb"},"inLanguage":"es","potentialAction":[{"@type":"ReadAction","target":["https:\/\/galduriadrums.com\/?product=splash-7-constantine-elegance-series"]}]},{"@type":"ImageObject","inLanguage":"es","@id":"https:\/\/galduriadrums.com\/?product=splash-7-constantine-elegance-series#primaryimage","url":"https:\/\/galduriadrums.com\/wp-content\/uploads\/2025\/11\/constantine-Elegance-1.png","contentUrl":"https:\/\/galduriadrums.com\/wp-content\/uploads\/2025\/11\/constantine-Elegance-1.png","width":907,"height":907},{"@type":"BreadcrumbList","@id":"https:\/\/galduriadrums.com\/?product=splash-7-constantine-elegance-series#breadcrumb","itemListElement":[{"@type":"ListItem","position":1,"name":"Portada","item":"https:\/\/galduriadrums.com\/"},{"@type":"ListItem","position":2,"name":"Tienda","item":"https:\/\/galduriadrums.com\/?page_id=6"},{"@type":"ListItem","position":3,"name":"Splash 7&#8243; Constantine Elegance Series"}]},{"@type":"WebSite","@id":"https:\/\/galduriadrums.com\/#website","url":"https:\/\/galduriadrums.com\/","name":"Galduria Drums","description":"","potentialAction":[{"@type":"SearchAction","target":{"@type":"EntryPoint","urlTemplate":"https:\/\/galduriadrums.com\/?s={search_term_string}"},"query-input":{"@type":"PropertyValueSpecification","valueRequired":true,"valueName":"search_term_string"}}],"inLanguage":"es"}]}},"jetpack_publicize_connections":[],"jetpack_sharing_enabled":true,"_links":{"self":[{"href":"https:\/\/galduriadrums.com\/index.php?rest_route=\/wp\/v2\/product\/327","targetHints":{"allow":["GET"]}}],"collection":[{"href":"https:\/\/galduriadrums.com\/index.php?rest_route=\/wp\/v2\/product"}],"about":[{"href":"https:\/\/galduriadrums.com\/index.php?rest_route=\/wp\/v2\/types\/product"}],"replies":[{"embeddable":true,"href":"https:\/\/galduriadrums.com\/index.php?rest_route=%2Fwp%2Fv2%2Fcomments&post=327"}],"wp:featuredmedia":[{"embeddable":true,"href":"https:\/\/galduriadrums.com\/index.php?rest_route=\/wp\/v2\/media\/427"}],"wp:attachment":[{"href":"https:\/\/galduriadrums.com\/index.php?rest_route=%2Fwp%2Fv2%2Fmedia&parent=327"}],"wp:term":[{"taxonomy":"product_brand","embeddable":true,"href":"https:\/\/galduriadrums.com\/index.php?rest_route=%2Fwp%2Fv2%2Fproduct_brand&post=327"},{"taxonomy":"product_cat","embeddable":true,"href":"https:\/\/galduriadrums.com\/index.php?rest_route=%2Fwp%2Fv2%2Fproduct_cat&post=327"},{"taxonomy":"product_tag","embeddable":true,"href":"https:\/\/galduriadrums.com\/index.php?rest_route=%2Fwp%2Fv2%2Fproduct_tag&post=327"}],"curies":[{"name":"wp","href":"https:\/\/api.w.org\/{rel}","templated":true}]}}