{"id":319,"date":"2025-11-12T18:58:07","date_gmt":"2025-11-12T18:58:07","guid":{"rendered":"https:\/\/galduriadrums.com\/?product=crash-19-constantine-galaxy-series-1640gr"},"modified":"2026-01-02T16:25:47","modified_gmt":"2026-01-02T16:25:47","slug":"crash-19-constantine-galaxy","status":"publish","type":"product","link":"https:\/\/galduriadrums.com\/?product=crash-19-constantine-galaxy","title":{"rendered":"Crash 19&#8243; Constantine Galaxy Series 1640gr."},"content":{"rendered":"<p>La Galaxy Series es una serie de acabado Muy especial con un martillado muy regular y unos martillazos XXL intercalados. Sin surcos torneados pero su aspecto es cepillado que le da una textura \u00fanica. Elaborado con bronce B20 martillado a mano en Turqu\u00eda, este platillo es dulce y muy sensible y su sonido dark y trashy aportan car\u00e1cter y riqueza de matices a medio camino entre un crash y un china. Aptos para cualquier estilo le proporcionar\u00e1 a su set unos matices y sonidos muy diferentes a lo convencional.<\/p>\n","protected":false},"excerpt":{"rendered":"<p>La Galaxy Series es una serie de acabado Muy especial con un martillado muy regular y unos martillazos XXL intercalados. Sin surcos torneados pero su aspecto es cepillado que le da una textura \u00fanica. Elaborado con bronce B20 martillado a mano en Turqu\u00eda, este platillo es dulce y muy sensible y su sonido dark y [&hellip;]<\/p>\n","protected":false},"featured_media":488,"comment_status":"open","ping_status":"closed","template":"","meta":{"jetpack_publicize_message":"","jetpack_publicize_feature_enabled":true,"jetpack_social_post_already_shared":false,"jetpack_social_options":{"image_generator_settings":{"template":"highway","default_image_id":0,"font":"","enabled":false},"version":2}},"product_brand":[69],"product_cat":[73,33,74,97,84],"product_tag":[119,118,116,117,122,121,115,120],"class_list":{"0":"post-319","1":"product","2":"type-product","3":"status-publish","4":"has-post-thumbnail","6":"product_brand-constantine-cymbals","7":"product_cat-73","8":"product_cat-constantine-cymbals","9":"product_cat-crash","10":"product_cat-galaxy-series","11":"product_cat-platillos-de-efecto","12":"product_tag-constantine","13":"product_tag-crash","14":"product_tag-cymbal","15":"product_tag-efecto","16":"product_tag-meinl","17":"product_tag-paiste","18":"product_tag-plato","19":"product_tag-zildjian","20":"pa_series-de-platos-galaxy-series","21":"pa_tamano-platos-19-inch","22":"pa_tipo-platillo-crash","24":"first","25":"instock","26":"taxable","27":"shipping-taxable","28":"purchasable","29":"product-type-simple"},"yoast_head":"<!-- This site is optimized with the Yoast SEO plugin v27.5 - https:\/\/yoast.com\/product\/yoast-seo-wordpress\/ -->\n<title>Crash 19&quot; Constantine Galaxy Series 1640gr. - Galduria Drums<\/title>\n<meta name=\"description\" content=\"La Galaxy Series es una serie con un martillado muy regular y unos martillazos XXL, su cepillado que le da una textura muy especial en aleaci\u00f3n B20\" \/>\n<meta name=\"robots\" content=\"index, follow, max-snippet:-1, max-image-preview:large, max-video-preview:-1\" \/>\n<link rel=\"canonical\" href=\"https:\/\/galduriadrums.com\/?product=crash-19-constantine-galaxy\" \/>\n<meta property=\"og:locale\" content=\"es_ES\" \/>\n<meta property=\"og:type\" content=\"article\" \/>\n<meta property=\"og:title\" content=\"Crash 19&quot; Constantine Galaxy Series 1640gr. - Galduria Drums\" \/>\n<meta property=\"og:description\" content=\"La Galaxy Series es una serie con un martillado muy regular y unos martillazos XXL, su cepillado que le da una textura muy especial en aleaci\u00f3n B20\" \/>\n<meta property=\"og:url\" content=\"https:\/\/galduriadrums.com\/?product=crash-19-constantine-galaxy\" \/>\n<meta property=\"og:site_name\" content=\"Galduria Drums\" \/>\n<meta property=\"article:modified_time\" content=\"2026-01-02T16:25:47+00:00\" \/>\n<meta property=\"og:image\" content=\"https:\/\/galduriadrums.com\/wp-content\/uploads\/2025\/11\/Galaxy-series-24.png\" \/>\n\t<meta property=\"og:image:width\" content=\"907\" \/>\n\t<meta property=\"og:image:height\" content=\"907\" \/>\n\t<meta property=\"og:image:type\" content=\"image\/png\" \/>\n<meta name=\"twitter:card\" content=\"summary_large_image\" \/>\n<meta name=\"twitter:label1\" content=\"Tiempo de lectura\" \/>\n\t<meta name=\"twitter:data1\" content=\"1 minuto\" \/>\n<script type=\"application\/ld+json\" class=\"yoast-schema-graph\">{\"@context\":\"https:\\\/\\\/schema.org\",\"@graph\":[{\"@type\":\"WebPage\",\"@id\":\"https:\\\/\\\/galduriadrums.com\\\/?product=crash-19-constantine-galaxy\",\"url\":\"https:\\\/\\\/galduriadrums.com\\\/?product=crash-19-constantine-galaxy\",\"name\":\"Crash 19\\\" Constantine Galaxy Series 1640gr. - Galduria Drums\",\"isPartOf\":{\"@id\":\"https:\\\/\\\/galduriadrums.com\\\/#website\"},\"primaryImageOfPage\":{\"@id\":\"https:\\\/\\\/galduriadrums.com\\\/?product=crash-19-constantine-galaxy#primaryimage\"},\"image\":{\"@id\":\"https:\\\/\\\/galduriadrums.com\\\/?product=crash-19-constantine-galaxy#primaryimage\"},\"thumbnailUrl\":\"https:\\\/\\\/galduriadrums.com\\\/wp-content\\\/uploads\\\/2025\\\/11\\\/Galaxy-series-24.png\",\"datePublished\":\"2025-11-12T18:58:07+00:00\",\"dateModified\":\"2026-01-02T16:25:47+00:00\",\"description\":\"La Galaxy Series es una serie con un martillado muy regular y unos martillazos XXL, su cepillado que le da una textura muy especial en aleaci\u00f3n B20\",\"breadcrumb\":{\"@id\":\"https:\\\/\\\/galduriadrums.com\\\/?product=crash-19-constantine-galaxy#breadcrumb\"},\"inLanguage\":\"es\",\"potentialAction\":[{\"@type\":\"ReadAction\",\"target\":[\"https:\\\/\\\/galduriadrums.com\\\/?product=crash-19-constantine-galaxy\"]}]},{\"@type\":\"ImageObject\",\"inLanguage\":\"es\",\"@id\":\"https:\\\/\\\/galduriadrums.com\\\/?product=crash-19-constantine-galaxy#primaryimage\",\"url\":\"https:\\\/\\\/galduriadrums.com\\\/wp-content\\\/uploads\\\/2025\\\/11\\\/Galaxy-series-24.png\",\"contentUrl\":\"https:\\\/\\\/galduriadrums.com\\\/wp-content\\\/uploads\\\/2025\\\/11\\\/Galaxy-series-24.png\",\"width\":907,\"height\":907},{\"@type\":\"BreadcrumbList\",\"@id\":\"https:\\\/\\\/galduriadrums.com\\\/?product=crash-19-constantine-galaxy#breadcrumb\",\"itemListElement\":[{\"@type\":\"ListItem\",\"position\":1,\"name\":\"Portada\",\"item\":\"https:\\\/\\\/galduriadrums.com\\\/\"},{\"@type\":\"ListItem\",\"position\":2,\"name\":\"Tienda\",\"item\":\"https:\\\/\\\/galduriadrums.com\\\/?page_id=6\"},{\"@type\":\"ListItem\",\"position\":3,\"name\":\"Crash 19&#8243; Constantine Galaxy Series 1640gr.\"}]},{\"@type\":\"WebSite\",\"@id\":\"https:\\\/\\\/galduriadrums.com\\\/#website\",\"url\":\"https:\\\/\\\/galduriadrums.com\\\/\",\"name\":\"Galduria Drums\",\"description\":\"\",\"potentialAction\":[{\"@type\":\"SearchAction\",\"target\":{\"@type\":\"EntryPoint\",\"urlTemplate\":\"https:\\\/\\\/galduriadrums.com\\\/?s={search_term_string}\"},\"query-input\":{\"@type\":\"PropertyValueSpecification\",\"valueRequired\":true,\"valueName\":\"search_term_string\"}}],\"inLanguage\":\"es\"}]}<\/script>\n<!-- \/ Yoast SEO plugin. -->","yoast_head_json":{"title":"Crash 19\" Constantine Galaxy Series 1640gr. - Galduria Drums","description":"La Galaxy Series es una serie con un martillado muy regular y unos martillazos XXL, su cepillado que le da una textura muy especial en aleaci\u00f3n B20","robots":{"index":"index","follow":"follow","max-snippet":"max-snippet:-1","max-image-preview":"max-image-preview:large","max-video-preview":"max-video-preview:-1"},"canonical":"https:\/\/galduriadrums.com\/?product=crash-19-constantine-galaxy","og_locale":"es_ES","og_type":"article","og_title":"Crash 19\" Constantine Galaxy Series 1640gr. - Galduria Drums","og_description":"La Galaxy Series es una serie con un martillado muy regular y unos martillazos XXL, su cepillado que le da una textura muy especial en aleaci\u00f3n B20","og_url":"https:\/\/galduriadrums.com\/?product=crash-19-constantine-galaxy","og_site_name":"Galduria Drums","article_modified_time":"2026-01-02T16:25:47+00:00","og_image":[{"width":907,"height":907,"url":"https:\/\/galduriadrums.com\/wp-content\/uploads\/2025\/11\/Galaxy-series-24.png","type":"image\/png"}],"twitter_card":"summary_large_image","twitter_misc":{"Tiempo de lectura":"1 minuto"},"schema":{"@context":"https:\/\/schema.org","@graph":[{"@type":"WebPage","@id":"https:\/\/galduriadrums.com\/?product=crash-19-constantine-galaxy","url":"https:\/\/galduriadrums.com\/?product=crash-19-constantine-galaxy","name":"Crash 19\" Constantine Galaxy Series 1640gr. - Galduria Drums","isPartOf":{"@id":"https:\/\/galduriadrums.com\/#website"},"primaryImageOfPage":{"@id":"https:\/\/galduriadrums.com\/?product=crash-19-constantine-galaxy#primaryimage"},"image":{"@id":"https:\/\/galduriadrums.com\/?product=crash-19-constantine-galaxy#primaryimage"},"thumbnailUrl":"https:\/\/galduriadrums.com\/wp-content\/uploads\/2025\/11\/Galaxy-series-24.png","datePublished":"2025-11-12T18:58:07+00:00","dateModified":"2026-01-02T16:25:47+00:00","description":"La Galaxy Series es una serie con un martillado muy regular y unos martillazos XXL, su cepillado que le da una textura muy especial en aleaci\u00f3n B20","breadcrumb":{"@id":"https:\/\/galduriadrums.com\/?product=crash-19-constantine-galaxy#breadcrumb"},"inLanguage":"es","potentialAction":[{"@type":"ReadAction","target":["https:\/\/galduriadrums.com\/?product=crash-19-constantine-galaxy"]}]},{"@type":"ImageObject","inLanguage":"es","@id":"https:\/\/galduriadrums.com\/?product=crash-19-constantine-galaxy#primaryimage","url":"https:\/\/galduriadrums.com\/wp-content\/uploads\/2025\/11\/Galaxy-series-24.png","contentUrl":"https:\/\/galduriadrums.com\/wp-content\/uploads\/2025\/11\/Galaxy-series-24.png","width":907,"height":907},{"@type":"BreadcrumbList","@id":"https:\/\/galduriadrums.com\/?product=crash-19-constantine-galaxy#breadcrumb","itemListElement":[{"@type":"ListItem","position":1,"name":"Portada","item":"https:\/\/galduriadrums.com\/"},{"@type":"ListItem","position":2,"name":"Tienda","item":"https:\/\/galduriadrums.com\/?page_id=6"},{"@type":"ListItem","position":3,"name":"Crash 19&#8243; Constantine Galaxy Series 1640gr."}]},{"@type":"WebSite","@id":"https:\/\/galduriadrums.com\/#website","url":"https:\/\/galduriadrums.com\/","name":"Galduria Drums","description":"","potentialAction":[{"@type":"SearchAction","target":{"@type":"EntryPoint","urlTemplate":"https:\/\/galduriadrums.com\/?s={search_term_string}"},"query-input":{"@type":"PropertyValueSpecification","valueRequired":true,"valueName":"search_term_string"}}],"inLanguage":"es"}]}},"jetpack_publicize_connections":[],"jetpack_sharing_enabled":true,"_links":{"self":[{"href":"https:\/\/galduriadrums.com\/index.php?rest_route=\/wp\/v2\/product\/319","targetHints":{"allow":["GET"]}}],"collection":[{"href":"https:\/\/galduriadrums.com\/index.php?rest_route=\/wp\/v2\/product"}],"about":[{"href":"https:\/\/galduriadrums.com\/index.php?rest_route=\/wp\/v2\/types\/product"}],"replies":[{"embeddable":true,"href":"https:\/\/galduriadrums.com\/index.php?rest_route=%2Fwp%2Fv2%2Fcomments&post=319"}],"wp:featuredmedia":[{"embeddable":true,"href":"https:\/\/galduriadrums.com\/index.php?rest_route=\/wp\/v2\/media\/488"}],"wp:attachment":[{"href":"https:\/\/galduriadrums.com\/index.php?rest_route=%2Fwp%2Fv2%2Fmedia&parent=319"}],"wp:term":[{"taxonomy":"product_brand","embeddable":true,"href":"https:\/\/galduriadrums.com\/index.php?rest_route=%2Fwp%2Fv2%2Fproduct_brand&post=319"},{"taxonomy":"product_cat","embeddable":true,"href":"https:\/\/galduriadrums.com\/index.php?rest_route=%2Fwp%2Fv2%2Fproduct_cat&post=319"},{"taxonomy":"product_tag","embeddable":true,"href":"https:\/\/galduriadrums.com\/index.php?rest_route=%2Fwp%2Fv2%2Fproduct_tag&post=319"}],"curies":[{"name":"wp","href":"https:\/\/api.w.org\/{rel}","templated":true}]}}