{"id":298,"date":"2025-11-12T18:58:05","date_gmt":"2025-11-12T18:58:05","guid":{"rendered":"https:\/\/galduriadrums.com\/?product=china-17-constantine-classic-series"},"modified":"2025-12-09T15:20:48","modified_gmt":"2025-12-09T15:20:48","slug":"china-17-constantine-classic","status":"publish","type":"product","link":"https:\/\/galduriadrums.com\/?product=china-17-constantine-classic","title":{"rendered":"China 17&#8243; Constantine Classic Series"},"content":{"rendered":"<p>La Classic Series es la combinaci\u00f3n perfecta de tono c\u00e1lido turco cl\u00e1sico y facilidad de ejecuci\u00f3n moderna. Elaborado con bronce B20 martillado a mano en Turqu\u00eda, este platillo es el estilo m\u00e1s vers\u00e1til que puedas conseguir. Su sonido c\u00e1lido y brillante y su sustain lo convierten en el complemento perfecto para su bater\u00eda. Ya sea que est\u00e9 tocando jazz, rock o blues, la Classic Series le proporcionar\u00e1 el sonido deseado.<\/p>\n","protected":false},"excerpt":{"rendered":"<p>La Classic Series es la combinaci\u00f3n perfecta de tono c\u00e1lido turco cl\u00e1sico y facilidad de ejecuci\u00f3n moderna. Elaborado con bronce B20<\/p>\n","protected":false},"featured_media":514,"comment_status":"open","ping_status":"closed","template":"","meta":{"jetpack_publicize_message":"","jetpack_publicize_feature_enabled":true,"jetpack_social_post_already_shared":false,"jetpack_social_options":{"image_generator_settings":{"template":"highway","default_image_id":0,"font":"","enabled":false},"version":2}},"product_brand":[69],"product_cat":[85,83,71,33,84],"product_tag":[114,119,116,117,122,121,115,120],"class_list":{"0":"post-298","1":"product","2":"type-product","3":"status-publish","4":"has-post-thumbnail","6":"product_brand-constantine-cymbals","7":"product_cat-85","8":"product_cat-china","9":"product_cat-classic-series","10":"product_cat-constantine-cymbals","11":"product_cat-platillos-de-efecto","12":"product_tag-china","13":"product_tag-constantine","14":"product_tag-cymbal","15":"product_tag-efecto","16":"product_tag-meinl","17":"product_tag-paiste","18":"product_tag-plato","19":"product_tag-zildjian","20":"pa_series-de-platos-classic-series","21":"pa_tamano-platos-17-inch","22":"pa_tipo-platillo-china","24":"first","25":"outofstock","26":"taxable","27":"shipping-taxable","28":"purchasable","29":"product-type-simple"},"yoast_head":"<!-- This site is optimized with the Yoast SEO plugin v27.5 - https:\/\/yoast.com\/product\/yoast-seo-wordpress\/ -->\n<title>China 17&quot; Constantine Classic Series - Galduria Drums<\/title>\n<meta name=\"description\" content=\"La Classic Series es la combinaci\u00f3n perfecta de tono c\u00e1lido turco cl\u00e1sico y facilidad de ejecuci\u00f3n moderna. Elaborado con bronce B20\" \/>\n<meta name=\"robots\" content=\"index, follow, max-snippet:-1, max-image-preview:large, max-video-preview:-1\" \/>\n<link rel=\"canonical\" href=\"https:\/\/galduriadrums.com\/?product=china-17-constantine-classic\" \/>\n<meta property=\"og:locale\" content=\"es_ES\" \/>\n<meta property=\"og:type\" content=\"article\" \/>\n<meta property=\"og:title\" content=\"China 17&quot; Constantine Classic Series - Galduria Drums\" \/>\n<meta property=\"og:description\" content=\"La Classic Series es la combinaci\u00f3n perfecta de tono c\u00e1lido turco cl\u00e1sico y facilidad de ejecuci\u00f3n moderna. Elaborado con bronce B20\" \/>\n<meta property=\"og:url\" content=\"https:\/\/galduriadrums.com\/?product=china-17-constantine-classic\" \/>\n<meta property=\"og:site_name\" content=\"Galduria Drums\" \/>\n<meta property=\"article:modified_time\" content=\"2025-12-09T15:20:48+00:00\" \/>\n<meta property=\"og:image\" content=\"https:\/\/galduriadrums.com\/wp-content\/uploads\/2025\/11\/china-classic-series.png\" \/>\n\t<meta property=\"og:image:width\" content=\"888\" \/>\n\t<meta property=\"og:image:height\" content=\"888\" \/>\n\t<meta property=\"og:image:type\" content=\"image\/png\" \/>\n<meta name=\"twitter:card\" content=\"summary_large_image\" \/>\n<meta name=\"twitter:label1\" content=\"Tiempo de lectura\" \/>\n\t<meta name=\"twitter:data1\" content=\"1 minuto\" \/>\n<script type=\"application\/ld+json\" class=\"yoast-schema-graph\">{\"@context\":\"https:\\\/\\\/schema.org\",\"@graph\":[{\"@type\":\"WebPage\",\"@id\":\"https:\\\/\\\/galduriadrums.com\\\/?product=china-17-constantine-classic\",\"url\":\"https:\\\/\\\/galduriadrums.com\\\/?product=china-17-constantine-classic\",\"name\":\"China 17\\\" Constantine Classic Series - Galduria Drums\",\"isPartOf\":{\"@id\":\"https:\\\/\\\/galduriadrums.com\\\/#website\"},\"primaryImageOfPage\":{\"@id\":\"https:\\\/\\\/galduriadrums.com\\\/?product=china-17-constantine-classic#primaryimage\"},\"image\":{\"@id\":\"https:\\\/\\\/galduriadrums.com\\\/?product=china-17-constantine-classic#primaryimage\"},\"thumbnailUrl\":\"https:\\\/\\\/galduriadrums.com\\\/wp-content\\\/uploads\\\/2025\\\/11\\\/china-classic-series.png\",\"datePublished\":\"2025-11-12T18:58:05+00:00\",\"dateModified\":\"2025-12-09T15:20:48+00:00\",\"description\":\"La Classic Series es la combinaci\u00f3n perfecta de tono c\u00e1lido turco cl\u00e1sico y facilidad de ejecuci\u00f3n moderna. Elaborado con bronce B20\",\"breadcrumb\":{\"@id\":\"https:\\\/\\\/galduriadrums.com\\\/?product=china-17-constantine-classic#breadcrumb\"},\"inLanguage\":\"es\",\"potentialAction\":[{\"@type\":\"ReadAction\",\"target\":[\"https:\\\/\\\/galduriadrums.com\\\/?product=china-17-constantine-classic\"]}]},{\"@type\":\"ImageObject\",\"inLanguage\":\"es\",\"@id\":\"https:\\\/\\\/galduriadrums.com\\\/?product=china-17-constantine-classic#primaryimage\",\"url\":\"https:\\\/\\\/galduriadrums.com\\\/wp-content\\\/uploads\\\/2025\\\/11\\\/china-classic-series.png\",\"contentUrl\":\"https:\\\/\\\/galduriadrums.com\\\/wp-content\\\/uploads\\\/2025\\\/11\\\/china-classic-series.png\",\"width\":888,\"height\":888},{\"@type\":\"BreadcrumbList\",\"@id\":\"https:\\\/\\\/galduriadrums.com\\\/?product=china-17-constantine-classic#breadcrumb\",\"itemListElement\":[{\"@type\":\"ListItem\",\"position\":1,\"name\":\"Portada\",\"item\":\"https:\\\/\\\/galduriadrums.com\\\/\"},{\"@type\":\"ListItem\",\"position\":2,\"name\":\"Tienda\",\"item\":\"https:\\\/\\\/galduriadrums.com\\\/?page_id=6\"},{\"@type\":\"ListItem\",\"position\":3,\"name\":\"China 17&#8243; Constantine Classic Series\"}]},{\"@type\":\"WebSite\",\"@id\":\"https:\\\/\\\/galduriadrums.com\\\/#website\",\"url\":\"https:\\\/\\\/galduriadrums.com\\\/\",\"name\":\"Galduria Drums\",\"description\":\"\",\"potentialAction\":[{\"@type\":\"SearchAction\",\"target\":{\"@type\":\"EntryPoint\",\"urlTemplate\":\"https:\\\/\\\/galduriadrums.com\\\/?s={search_term_string}\"},\"query-input\":{\"@type\":\"PropertyValueSpecification\",\"valueRequired\":true,\"valueName\":\"search_term_string\"}}],\"inLanguage\":\"es\"}]}<\/script>\n<!-- \/ Yoast SEO plugin. -->","yoast_head_json":{"title":"China 17\" Constantine Classic Series - Galduria Drums","description":"La Classic Series es la combinaci\u00f3n perfecta de tono c\u00e1lido turco cl\u00e1sico y facilidad de ejecuci\u00f3n moderna. Elaborado con bronce B20","robots":{"index":"index","follow":"follow","max-snippet":"max-snippet:-1","max-image-preview":"max-image-preview:large","max-video-preview":"max-video-preview:-1"},"canonical":"https:\/\/galduriadrums.com\/?product=china-17-constantine-classic","og_locale":"es_ES","og_type":"article","og_title":"China 17\" Constantine Classic Series - Galduria Drums","og_description":"La Classic Series es la combinaci\u00f3n perfecta de tono c\u00e1lido turco cl\u00e1sico y facilidad de ejecuci\u00f3n moderna. Elaborado con bronce B20","og_url":"https:\/\/galduriadrums.com\/?product=china-17-constantine-classic","og_site_name":"Galduria Drums","article_modified_time":"2025-12-09T15:20:48+00:00","og_image":[{"width":888,"height":888,"url":"https:\/\/galduriadrums.com\/wp-content\/uploads\/2025\/11\/china-classic-series.png","type":"image\/png"}],"twitter_card":"summary_large_image","twitter_misc":{"Tiempo de lectura":"1 minuto"},"schema":{"@context":"https:\/\/schema.org","@graph":[{"@type":"WebPage","@id":"https:\/\/galduriadrums.com\/?product=china-17-constantine-classic","url":"https:\/\/galduriadrums.com\/?product=china-17-constantine-classic","name":"China 17\" Constantine Classic Series - Galduria Drums","isPartOf":{"@id":"https:\/\/galduriadrums.com\/#website"},"primaryImageOfPage":{"@id":"https:\/\/galduriadrums.com\/?product=china-17-constantine-classic#primaryimage"},"image":{"@id":"https:\/\/galduriadrums.com\/?product=china-17-constantine-classic#primaryimage"},"thumbnailUrl":"https:\/\/galduriadrums.com\/wp-content\/uploads\/2025\/11\/china-classic-series.png","datePublished":"2025-11-12T18:58:05+00:00","dateModified":"2025-12-09T15:20:48+00:00","description":"La Classic Series es la combinaci\u00f3n perfecta de tono c\u00e1lido turco cl\u00e1sico y facilidad de ejecuci\u00f3n moderna. Elaborado con bronce B20","breadcrumb":{"@id":"https:\/\/galduriadrums.com\/?product=china-17-constantine-classic#breadcrumb"},"inLanguage":"es","potentialAction":[{"@type":"ReadAction","target":["https:\/\/galduriadrums.com\/?product=china-17-constantine-classic"]}]},{"@type":"ImageObject","inLanguage":"es","@id":"https:\/\/galduriadrums.com\/?product=china-17-constantine-classic#primaryimage","url":"https:\/\/galduriadrums.com\/wp-content\/uploads\/2025\/11\/china-classic-series.png","contentUrl":"https:\/\/galduriadrums.com\/wp-content\/uploads\/2025\/11\/china-classic-series.png","width":888,"height":888},{"@type":"BreadcrumbList","@id":"https:\/\/galduriadrums.com\/?product=china-17-constantine-classic#breadcrumb","itemListElement":[{"@type":"ListItem","position":1,"name":"Portada","item":"https:\/\/galduriadrums.com\/"},{"@type":"ListItem","position":2,"name":"Tienda","item":"https:\/\/galduriadrums.com\/?page_id=6"},{"@type":"ListItem","position":3,"name":"China 17&#8243; Constantine Classic Series"}]},{"@type":"WebSite","@id":"https:\/\/galduriadrums.com\/#website","url":"https:\/\/galduriadrums.com\/","name":"Galduria Drums","description":"","potentialAction":[{"@type":"SearchAction","target":{"@type":"EntryPoint","urlTemplate":"https:\/\/galduriadrums.com\/?s={search_term_string}"},"query-input":{"@type":"PropertyValueSpecification","valueRequired":true,"valueName":"search_term_string"}}],"inLanguage":"es"}]}},"jetpack_publicize_connections":[],"jetpack_sharing_enabled":true,"_links":{"self":[{"href":"https:\/\/galduriadrums.com\/index.php?rest_route=\/wp\/v2\/product\/298","targetHints":{"allow":["GET"]}}],"collection":[{"href":"https:\/\/galduriadrums.com\/index.php?rest_route=\/wp\/v2\/product"}],"about":[{"href":"https:\/\/galduriadrums.com\/index.php?rest_route=\/wp\/v2\/types\/product"}],"replies":[{"embeddable":true,"href":"https:\/\/galduriadrums.com\/index.php?rest_route=%2Fwp%2Fv2%2Fcomments&post=298"}],"wp:featuredmedia":[{"embeddable":true,"href":"https:\/\/galduriadrums.com\/index.php?rest_route=\/wp\/v2\/media\/514"}],"wp:attachment":[{"href":"https:\/\/galduriadrums.com\/index.php?rest_route=%2Fwp%2Fv2%2Fmedia&parent=298"}],"wp:term":[{"taxonomy":"product_brand","embeddable":true,"href":"https:\/\/galduriadrums.com\/index.php?rest_route=%2Fwp%2Fv2%2Fproduct_brand&post=298"},{"taxonomy":"product_cat","embeddable":true,"href":"https:\/\/galduriadrums.com\/index.php?rest_route=%2Fwp%2Fv2%2Fproduct_cat&post=298"},{"taxonomy":"product_tag","embeddable":true,"href":"https:\/\/galduriadrums.com\/index.php?rest_route=%2Fwp%2Fv2%2Fproduct_tag&post=298"}],"curies":[{"name":"wp","href":"https:\/\/api.w.org\/{rel}","templated":true}]}}