{"id":232,"date":"2025-11-10T19:42:35","date_gmt":"2025-11-10T19:42:35","guid":{"rendered":"https:\/\/galduriadrums.com\/?post_type=product&#038;p=232"},"modified":"2026-03-31T08:20:43","modified_gmt":"2026-03-31T08:20:43","slug":"pegasus-coated-13","status":"publish","type":"product","link":"https:\/\/galduriadrums.com\/?product=pegasus-coated-13","title":{"rendered":"Pegasus Coated 13&#8243;"},"content":{"rendered":"<p>El PEGASUS es un parche de dos capas, de 7+7 mil\u00e9simas de pulgada de grosor, con un punto azul en la parte inferior, con acabado rugoso (coated) dise\u00f1ado principalmente para cajas. El PEGASUS ofrece un tono c\u00e1lido, con \u00e9nfasis en los medios-graves. El punto ayuda a controlar el sonido de la caja y aporta mayor durabilidad.<\/p>\n","protected":false},"excerpt":{"rendered":"<p>El PEGASUS es un parche de dos capas, de 7+7 mil\u00e9simas de pulgada de grosor, con un punto azul en la parte inferior, con acabado rugoso (coated) dise\u00f1ado principalmente para cajas. El PEGASUS ofrece un tono c\u00e1lido, con \u00e9nfasis en los medios-graves. El punto ayuda a controlar el sonido de la caja y aporta mayor [&hellip;]<\/p>\n","protected":false},"featured_media":741,"comment_status":"open","ping_status":"closed","template":"","meta":{"jetpack_publicize_message":"","jetpack_publicize_feature_enabled":true,"jetpack_social_post_already_shared":false,"jetpack_social_options":{"image_generator_settings":{"template":"highway","default_image_id":0,"font":"","enabled":false},"version":2}},"product_brand":[94],"product_cat":[132,49],"product_tag":[59,198],"class_list":{"0":"post-232","1":"product","2":"type-product","3":"status-publish","4":"has-post-thumbnail","6":"product_brand-blue-drum-heads","7":"product_cat-caja-batidor","8":"product_cat-pegasus-coated","9":"product_tag-blue-drums","10":"product_tag-pegasus-coated","11":"pa_cantidad-de-capas-2-ply-7-7-mil","12":"pa_series-de-parches-pegasus-coated","13":"pa_tamano-parches-13-inch","14":"pa_tipos-parches-caja-batidor","16":"first","17":"instock","18":"taxable","19":"shipping-taxable","20":"purchasable","21":"product-type-simple"},"yoast_head":"<!-- This site is optimized with the Yoast SEO plugin v27.5 - https:\/\/yoast.com\/product\/yoast-seo-wordpress\/ -->\n<title>Pegasus Coated 13&quot; - Galduria Drums<\/title>\n<meta name=\"description\" content=\"El PEGASUS es un parche de dos capas, de 7+7 mil\u00e9simas de pulgada de grosor, con un punto azul en la parte inferior, con acabado rugoso (coated)\" \/>\n<meta name=\"robots\" content=\"index, follow, max-snippet:-1, max-image-preview:large, max-video-preview:-1\" \/>\n<link rel=\"canonical\" href=\"https:\/\/galduriadrums.com\/?product=pegasus-coated-13\" \/>\n<meta property=\"og:locale\" content=\"es_ES\" \/>\n<meta property=\"og:type\" content=\"article\" \/>\n<meta property=\"og:title\" content=\"Pegasus Coated 13&quot; - Galduria Drums\" \/>\n<meta property=\"og:description\" content=\"El PEGASUS es un parche de dos capas, de 7+7 mil\u00e9simas de pulgada de grosor, con un punto azul en la parte inferior, con acabado rugoso (coated)\" \/>\n<meta property=\"og:url\" content=\"https:\/\/galduriadrums.com\/?product=pegasus-coated-13\" \/>\n<meta property=\"og:site_name\" content=\"Galduria Drums\" \/>\n<meta property=\"article:modified_time\" content=\"2026-03-31T08:20:43+00:00\" \/>\n<meta property=\"og:image\" content=\"https:\/\/galduriadrums.com\/wp-content\/uploads\/2025\/11\/PEGASUS-COATED-2024web3-scaled.jpg\" \/>\n\t<meta property=\"og:image:width\" content=\"2560\" \/>\n\t<meta property=\"og:image:height\" content=\"2532\" \/>\n\t<meta property=\"og:image:type\" content=\"image\/jpeg\" \/>\n<meta name=\"twitter:card\" content=\"summary_large_image\" \/>\n<meta name=\"twitter:label1\" content=\"Tiempo de lectura\" \/>\n\t<meta name=\"twitter:data1\" content=\"1 minuto\" \/>\n<script type=\"application\/ld+json\" class=\"yoast-schema-graph\">{\"@context\":\"https:\\\/\\\/schema.org\",\"@graph\":[{\"@type\":\"WebPage\",\"@id\":\"https:\\\/\\\/galduriadrums.com\\\/?product=pegasus-coated-13\",\"url\":\"https:\\\/\\\/galduriadrums.com\\\/?product=pegasus-coated-13\",\"name\":\"Pegasus Coated 13\\\" - Galduria Drums\",\"isPartOf\":{\"@id\":\"https:\\\/\\\/galduriadrums.com\\\/#website\"},\"primaryImageOfPage\":{\"@id\":\"https:\\\/\\\/galduriadrums.com\\\/?product=pegasus-coated-13#primaryimage\"},\"image\":{\"@id\":\"https:\\\/\\\/galduriadrums.com\\\/?product=pegasus-coated-13#primaryimage\"},\"thumbnailUrl\":\"https:\\\/\\\/galduriadrums.com\\\/wp-content\\\/uploads\\\/2025\\\/11\\\/PEGASUS-COATED-2024web3-scaled.jpg\",\"datePublished\":\"2025-11-10T19:42:35+00:00\",\"dateModified\":\"2026-03-31T08:20:43+00:00\",\"description\":\"El PEGASUS es un parche de dos capas, de 7+7 mil\u00e9simas de pulgada de grosor, con un punto azul en la parte inferior, con acabado rugoso (coated)\",\"breadcrumb\":{\"@id\":\"https:\\\/\\\/galduriadrums.com\\\/?product=pegasus-coated-13#breadcrumb\"},\"inLanguage\":\"es\",\"potentialAction\":[{\"@type\":\"ReadAction\",\"target\":[\"https:\\\/\\\/galduriadrums.com\\\/?product=pegasus-coated-13\"]}]},{\"@type\":\"ImageObject\",\"inLanguage\":\"es\",\"@id\":\"https:\\\/\\\/galduriadrums.com\\\/?product=pegasus-coated-13#primaryimage\",\"url\":\"https:\\\/\\\/galduriadrums.com\\\/wp-content\\\/uploads\\\/2025\\\/11\\\/PEGASUS-COATED-2024web3-scaled.jpg\",\"contentUrl\":\"https:\\\/\\\/galduriadrums.com\\\/wp-content\\\/uploads\\\/2025\\\/11\\\/PEGASUS-COATED-2024web3-scaled.jpg\",\"width\":2560,\"height\":2532},{\"@type\":\"BreadcrumbList\",\"@id\":\"https:\\\/\\\/galduriadrums.com\\\/?product=pegasus-coated-13#breadcrumb\",\"itemListElement\":[{\"@type\":\"ListItem\",\"position\":1,\"name\":\"Portada\",\"item\":\"https:\\\/\\\/galduriadrums.com\\\/\"},{\"@type\":\"ListItem\",\"position\":2,\"name\":\"Tienda\",\"item\":\"https:\\\/\\\/galduriadrums.com\\\/?page_id=6\"},{\"@type\":\"ListItem\",\"position\":3,\"name\":\"Pegasus Coated 13&#8243;\"}]},{\"@type\":\"WebSite\",\"@id\":\"https:\\\/\\\/galduriadrums.com\\\/#website\",\"url\":\"https:\\\/\\\/galduriadrums.com\\\/\",\"name\":\"Galduria Drums\",\"description\":\"\",\"potentialAction\":[{\"@type\":\"SearchAction\",\"target\":{\"@type\":\"EntryPoint\",\"urlTemplate\":\"https:\\\/\\\/galduriadrums.com\\\/?s={search_term_string}\"},\"query-input\":{\"@type\":\"PropertyValueSpecification\",\"valueRequired\":true,\"valueName\":\"search_term_string\"}}],\"inLanguage\":\"es\"}]}<\/script>\n<!-- \/ Yoast SEO plugin. -->","yoast_head_json":{"title":"Pegasus Coated 13\" - Galduria Drums","description":"El PEGASUS es un parche de dos capas, de 7+7 mil\u00e9simas de pulgada de grosor, con un punto azul en la parte inferior, con acabado rugoso (coated)","robots":{"index":"index","follow":"follow","max-snippet":"max-snippet:-1","max-image-preview":"max-image-preview:large","max-video-preview":"max-video-preview:-1"},"canonical":"https:\/\/galduriadrums.com\/?product=pegasus-coated-13","og_locale":"es_ES","og_type":"article","og_title":"Pegasus Coated 13\" - Galduria Drums","og_description":"El PEGASUS es un parche de dos capas, de 7+7 mil\u00e9simas de pulgada de grosor, con un punto azul en la parte inferior, con acabado rugoso (coated)","og_url":"https:\/\/galduriadrums.com\/?product=pegasus-coated-13","og_site_name":"Galduria Drums","article_modified_time":"2026-03-31T08:20:43+00:00","og_image":[{"width":2560,"height":2532,"url":"https:\/\/galduriadrums.com\/wp-content\/uploads\/2025\/11\/PEGASUS-COATED-2024web3-scaled.jpg","type":"image\/jpeg"}],"twitter_card":"summary_large_image","twitter_misc":{"Tiempo de lectura":"1 minuto"},"schema":{"@context":"https:\/\/schema.org","@graph":[{"@type":"WebPage","@id":"https:\/\/galduriadrums.com\/?product=pegasus-coated-13","url":"https:\/\/galduriadrums.com\/?product=pegasus-coated-13","name":"Pegasus Coated 13\" - Galduria Drums","isPartOf":{"@id":"https:\/\/galduriadrums.com\/#website"},"primaryImageOfPage":{"@id":"https:\/\/galduriadrums.com\/?product=pegasus-coated-13#primaryimage"},"image":{"@id":"https:\/\/galduriadrums.com\/?product=pegasus-coated-13#primaryimage"},"thumbnailUrl":"https:\/\/galduriadrums.com\/wp-content\/uploads\/2025\/11\/PEGASUS-COATED-2024web3-scaled.jpg","datePublished":"2025-11-10T19:42:35+00:00","dateModified":"2026-03-31T08:20:43+00:00","description":"El PEGASUS es un parche de dos capas, de 7+7 mil\u00e9simas de pulgada de grosor, con un punto azul en la parte inferior, con acabado rugoso (coated)","breadcrumb":{"@id":"https:\/\/galduriadrums.com\/?product=pegasus-coated-13#breadcrumb"},"inLanguage":"es","potentialAction":[{"@type":"ReadAction","target":["https:\/\/galduriadrums.com\/?product=pegasus-coated-13"]}]},{"@type":"ImageObject","inLanguage":"es","@id":"https:\/\/galduriadrums.com\/?product=pegasus-coated-13#primaryimage","url":"https:\/\/galduriadrums.com\/wp-content\/uploads\/2025\/11\/PEGASUS-COATED-2024web3-scaled.jpg","contentUrl":"https:\/\/galduriadrums.com\/wp-content\/uploads\/2025\/11\/PEGASUS-COATED-2024web3-scaled.jpg","width":2560,"height":2532},{"@type":"BreadcrumbList","@id":"https:\/\/galduriadrums.com\/?product=pegasus-coated-13#breadcrumb","itemListElement":[{"@type":"ListItem","position":1,"name":"Portada","item":"https:\/\/galduriadrums.com\/"},{"@type":"ListItem","position":2,"name":"Tienda","item":"https:\/\/galduriadrums.com\/?page_id=6"},{"@type":"ListItem","position":3,"name":"Pegasus Coated 13&#8243;"}]},{"@type":"WebSite","@id":"https:\/\/galduriadrums.com\/#website","url":"https:\/\/galduriadrums.com\/","name":"Galduria Drums","description":"","potentialAction":[{"@type":"SearchAction","target":{"@type":"EntryPoint","urlTemplate":"https:\/\/galduriadrums.com\/?s={search_term_string}"},"query-input":{"@type":"PropertyValueSpecification","valueRequired":true,"valueName":"search_term_string"}}],"inLanguage":"es"}]}},"jetpack_publicize_connections":[],"jetpack_sharing_enabled":true,"_links":{"self":[{"href":"https:\/\/galduriadrums.com\/index.php?rest_route=\/wp\/v2\/product\/232","targetHints":{"allow":["GET"]}}],"collection":[{"href":"https:\/\/galduriadrums.com\/index.php?rest_route=\/wp\/v2\/product"}],"about":[{"href":"https:\/\/galduriadrums.com\/index.php?rest_route=\/wp\/v2\/types\/product"}],"replies":[{"embeddable":true,"href":"https:\/\/galduriadrums.com\/index.php?rest_route=%2Fwp%2Fv2%2Fcomments&post=232"}],"wp:featuredmedia":[{"embeddable":true,"href":"https:\/\/galduriadrums.com\/index.php?rest_route=\/wp\/v2\/media\/741"}],"wp:attachment":[{"href":"https:\/\/galduriadrums.com\/index.php?rest_route=%2Fwp%2Fv2%2Fmedia&parent=232"}],"wp:term":[{"taxonomy":"product_brand","embeddable":true,"href":"https:\/\/galduriadrums.com\/index.php?rest_route=%2Fwp%2Fv2%2Fproduct_brand&post=232"},{"taxonomy":"product_cat","embeddable":true,"href":"https:\/\/galduriadrums.com\/index.php?rest_route=%2Fwp%2Fv2%2Fproduct_cat&post=232"},{"taxonomy":"product_tag","embeddable":true,"href":"https:\/\/galduriadrums.com\/index.php?rest_route=%2Fwp%2Fv2%2Fproduct_tag&post=232"}],"curies":[{"name":"wp","href":"https:\/\/api.w.org\/{rel}","templated":true}]}}