{"id":1257,"date":"2026-03-14T22:29:16","date_gmt":"2026-03-14T22:29:16","guid":{"rendered":"https:\/\/galduriadrums.com\/?post_type=product&#038;p=1257"},"modified":"2026-03-14T22:31:52","modified_gmt":"2026-03-14T22:31:52","slug":"crash-19-constantine-experience-jazz","status":"publish","type":"product","link":"https:\/\/galduriadrums.com\/?product=crash-19-constantine-experience-jazz","title":{"rendered":"Crash 19&#8243; Constantine Experience jazz Series 1520 g."},"content":{"rendered":"<p>Experience jazz Series es una serie de acabado torneado mixto con un martillado muy regular al que se suma un martillado extra mas irregular para aportar muchos matices y tonos distintos a la series blaze, con la que guarda una est\u00e9tica muy similar por el tipo de torneado. Elaborado con bronce B20 martillado a mano en Turqu\u00eda. Su sonido es arenoso, oscuro y complejo. Ya sea que est\u00e9 tocando jazz, Ac\u00fastica, pop,&#8230; la Experience jazz Series le proporcionar\u00e1 el sonido deseado.<\/p>\n","protected":false},"excerpt":{"rendered":"<p>Experience jazz Series es una serie de acabado torneado mixto con un martillado muy regular al que se suma un martillado extra mas irregular para aportar muchos matices y tonos distintos a la series blaze, con la que guarda una est\u00e9tica muy similar por el tipo de torneado. Elaborado con bronce B20 martillado a mano [&hellip;]<\/p>\n","protected":false},"featured_media":442,"comment_status":"open","ping_status":"closed","template":"","meta":{"jetpack_publicize_message":"","jetpack_publicize_feature_enabled":true,"jetpack_social_post_already_shared":true,"jetpack_social_options":{"image_generator_settings":{"template":"highway","default_image_id":0,"font":"","enabled":false},"version":2}},"product_brand":[],"product_cat":[73,33,74,111],"product_tag":[],"class_list":{"0":"post-1257","1":"product","2":"type-product","3":"status-publish","4":"has-post-thumbnail","6":"product_cat-73","7":"product_cat-constantine-cymbals","8":"product_cat-crash","9":"product_cat-experience-jazz-series","11":"first","12":"instock","13":"taxable","14":"shipping-taxable","15":"purchasable","16":"product-type-simple"},"yoast_head":"<!-- This site is optimized with the Yoast SEO plugin v27.3 - https:\/\/yoast.com\/product\/yoast-seo-wordpress\/ -->\n<title>Crash 19&quot; Constantine Experience jazz Series 1520 g. - Galduria Drums<\/title>\n<meta name=\"robots\" content=\"index, follow, max-snippet:-1, max-image-preview:large, max-video-preview:-1\" \/>\n<link rel=\"canonical\" href=\"https:\/\/galduriadrums.com\/?product=crash-19-constantine-experience-jazz\" \/>\n<meta property=\"og:locale\" content=\"es_ES\" \/>\n<meta property=\"og:type\" content=\"article\" \/>\n<meta property=\"og:title\" content=\"Crash 19&quot; Constantine Experience jazz Series 1520 g. - Galduria Drums\" \/>\n<meta property=\"og:description\" content=\"Experience jazz Series es una serie de acabado torneado mixto con un martillado muy regular al que se suma un martillado extra mas irregular para aportar muchos matices y tonos distintos a la series blaze, con la que guarda una est\u00e9tica muy similar por el tipo de torneado. Elaborado con bronce B20 martillado a mano [&hellip;]\" \/>\n<meta property=\"og:url\" content=\"https:\/\/galduriadrums.com\/?product=crash-19-constantine-experience-jazz\" \/>\n<meta property=\"og:site_name\" content=\"Galduria Drums\" \/>\n<meta property=\"article:modified_time\" content=\"2026-03-14T22:31:52+00:00\" \/>\n<meta property=\"og:image\" content=\"https:\/\/galduriadrums.com\/wp-content\/uploads\/2025\/11\/Experience-jazz-series.png\" \/>\n\t<meta property=\"og:image:width\" content=\"907\" \/>\n\t<meta property=\"og:image:height\" content=\"907\" \/>\n\t<meta property=\"og:image:type\" content=\"image\/png\" \/>\n<meta name=\"twitter:card\" content=\"summary_large_image\" \/>\n<script type=\"application\/ld+json\" class=\"yoast-schema-graph\">{\"@context\":\"https:\\\/\\\/schema.org\",\"@graph\":[{\"@type\":\"WebPage\",\"@id\":\"https:\\\/\\\/galduriadrums.com\\\/?product=crash-19-constantine-experience-jazz\",\"url\":\"https:\\\/\\\/galduriadrums.com\\\/?product=crash-19-constantine-experience-jazz\",\"name\":\"Crash 19\\\" Constantine Experience jazz Series 1520 g. - Galduria Drums\",\"isPartOf\":{\"@id\":\"https:\\\/\\\/galduriadrums.com\\\/#website\"},\"primaryImageOfPage\":{\"@id\":\"https:\\\/\\\/galduriadrums.com\\\/?product=crash-19-constantine-experience-jazz#primaryimage\"},\"image\":{\"@id\":\"https:\\\/\\\/galduriadrums.com\\\/?product=crash-19-constantine-experience-jazz#primaryimage\"},\"thumbnailUrl\":\"https:\\\/\\\/galduriadrums.com\\\/wp-content\\\/uploads\\\/2025\\\/11\\\/Experience-jazz-series.png\",\"datePublished\":\"2026-03-14T22:29:16+00:00\",\"dateModified\":\"2026-03-14T22:31:52+00:00\",\"breadcrumb\":{\"@id\":\"https:\\\/\\\/galduriadrums.com\\\/?product=crash-19-constantine-experience-jazz#breadcrumb\"},\"inLanguage\":\"es\",\"potentialAction\":[{\"@type\":\"ReadAction\",\"target\":[\"https:\\\/\\\/galduriadrums.com\\\/?product=crash-19-constantine-experience-jazz\"]}]},{\"@type\":\"ImageObject\",\"inLanguage\":\"es\",\"@id\":\"https:\\\/\\\/galduriadrums.com\\\/?product=crash-19-constantine-experience-jazz#primaryimage\",\"url\":\"https:\\\/\\\/galduriadrums.com\\\/wp-content\\\/uploads\\\/2025\\\/11\\\/Experience-jazz-series.png\",\"contentUrl\":\"https:\\\/\\\/galduriadrums.com\\\/wp-content\\\/uploads\\\/2025\\\/11\\\/Experience-jazz-series.png\",\"width\":907,\"height\":907},{\"@type\":\"BreadcrumbList\",\"@id\":\"https:\\\/\\\/galduriadrums.com\\\/?product=crash-19-constantine-experience-jazz#breadcrumb\",\"itemListElement\":[{\"@type\":\"ListItem\",\"position\":1,\"name\":\"Portada\",\"item\":\"https:\\\/\\\/galduriadrums.com\\\/\"},{\"@type\":\"ListItem\",\"position\":2,\"name\":\"Tienda\",\"item\":\"https:\\\/\\\/galduriadrums.com\\\/?page_id=6\"},{\"@type\":\"ListItem\",\"position\":3,\"name\":\"Crash 19&#8243; Constantine Experience jazz Series 1520 g.\"}]},{\"@type\":\"WebSite\",\"@id\":\"https:\\\/\\\/galduriadrums.com\\\/#website\",\"url\":\"https:\\\/\\\/galduriadrums.com\\\/\",\"name\":\"Galduria Drums\",\"description\":\"\",\"potentialAction\":[{\"@type\":\"SearchAction\",\"target\":{\"@type\":\"EntryPoint\",\"urlTemplate\":\"https:\\\/\\\/galduriadrums.com\\\/?s={search_term_string}\"},\"query-input\":{\"@type\":\"PropertyValueSpecification\",\"valueRequired\":true,\"valueName\":\"search_term_string\"}}],\"inLanguage\":\"es\"}]}<\/script>\n<!-- \/ Yoast SEO plugin. -->","yoast_head_json":{"title":"Crash 19\" Constantine Experience jazz Series 1520 g. - Galduria Drums","robots":{"index":"index","follow":"follow","max-snippet":"max-snippet:-1","max-image-preview":"max-image-preview:large","max-video-preview":"max-video-preview:-1"},"canonical":"https:\/\/galduriadrums.com\/?product=crash-19-constantine-experience-jazz","og_locale":"es_ES","og_type":"article","og_title":"Crash 19\" Constantine Experience jazz Series 1520 g. - Galduria Drums","og_description":"Experience jazz Series es una serie de acabado torneado mixto con un martillado muy regular al que se suma un martillado extra mas irregular para aportar muchos matices y tonos distintos a la series blaze, con la que guarda una est\u00e9tica muy similar por el tipo de torneado. Elaborado con bronce B20 martillado a mano [&hellip;]","og_url":"https:\/\/galduriadrums.com\/?product=crash-19-constantine-experience-jazz","og_site_name":"Galduria Drums","article_modified_time":"2026-03-14T22:31:52+00:00","og_image":[{"width":907,"height":907,"url":"https:\/\/galduriadrums.com\/wp-content\/uploads\/2025\/11\/Experience-jazz-series.png","type":"image\/png"}],"twitter_card":"summary_large_image","schema":{"@context":"https:\/\/schema.org","@graph":[{"@type":"WebPage","@id":"https:\/\/galduriadrums.com\/?product=crash-19-constantine-experience-jazz","url":"https:\/\/galduriadrums.com\/?product=crash-19-constantine-experience-jazz","name":"Crash 19\" Constantine Experience jazz Series 1520 g. - Galduria Drums","isPartOf":{"@id":"https:\/\/galduriadrums.com\/#website"},"primaryImageOfPage":{"@id":"https:\/\/galduriadrums.com\/?product=crash-19-constantine-experience-jazz#primaryimage"},"image":{"@id":"https:\/\/galduriadrums.com\/?product=crash-19-constantine-experience-jazz#primaryimage"},"thumbnailUrl":"https:\/\/galduriadrums.com\/wp-content\/uploads\/2025\/11\/Experience-jazz-series.png","datePublished":"2026-03-14T22:29:16+00:00","dateModified":"2026-03-14T22:31:52+00:00","breadcrumb":{"@id":"https:\/\/galduriadrums.com\/?product=crash-19-constantine-experience-jazz#breadcrumb"},"inLanguage":"es","potentialAction":[{"@type":"ReadAction","target":["https:\/\/galduriadrums.com\/?product=crash-19-constantine-experience-jazz"]}]},{"@type":"ImageObject","inLanguage":"es","@id":"https:\/\/galduriadrums.com\/?product=crash-19-constantine-experience-jazz#primaryimage","url":"https:\/\/galduriadrums.com\/wp-content\/uploads\/2025\/11\/Experience-jazz-series.png","contentUrl":"https:\/\/galduriadrums.com\/wp-content\/uploads\/2025\/11\/Experience-jazz-series.png","width":907,"height":907},{"@type":"BreadcrumbList","@id":"https:\/\/galduriadrums.com\/?product=crash-19-constantine-experience-jazz#breadcrumb","itemListElement":[{"@type":"ListItem","position":1,"name":"Portada","item":"https:\/\/galduriadrums.com\/"},{"@type":"ListItem","position":2,"name":"Tienda","item":"https:\/\/galduriadrums.com\/?page_id=6"},{"@type":"ListItem","position":3,"name":"Crash 19&#8243; Constantine Experience jazz Series 1520 g."}]},{"@type":"WebSite","@id":"https:\/\/galduriadrums.com\/#website","url":"https:\/\/galduriadrums.com\/","name":"Galduria Drums","description":"","potentialAction":[{"@type":"SearchAction","target":{"@type":"EntryPoint","urlTemplate":"https:\/\/galduriadrums.com\/?s={search_term_string}"},"query-input":{"@type":"PropertyValueSpecification","valueRequired":true,"valueName":"search_term_string"}}],"inLanguage":"es"}]}},"jetpack_publicize_connections":[],"jetpack_sharing_enabled":true,"_links":{"self":[{"href":"https:\/\/galduriadrums.com\/index.php?rest_route=\/wp\/v2\/product\/1257","targetHints":{"allow":["GET"]}}],"collection":[{"href":"https:\/\/galduriadrums.com\/index.php?rest_route=\/wp\/v2\/product"}],"about":[{"href":"https:\/\/galduriadrums.com\/index.php?rest_route=\/wp\/v2\/types\/product"}],"replies":[{"embeddable":true,"href":"https:\/\/galduriadrums.com\/index.php?rest_route=%2Fwp%2Fv2%2Fcomments&post=1257"}],"wp:featuredmedia":[{"embeddable":true,"href":"https:\/\/galduriadrums.com\/index.php?rest_route=\/wp\/v2\/media\/442"}],"wp:attachment":[{"href":"https:\/\/galduriadrums.com\/index.php?rest_route=%2Fwp%2Fv2%2Fmedia&parent=1257"}],"wp:term":[{"taxonomy":"product_brand","embeddable":true,"href":"https:\/\/galduriadrums.com\/index.php?rest_route=%2Fwp%2Fv2%2Fproduct_brand&post=1257"},{"taxonomy":"product_cat","embeddable":true,"href":"https:\/\/galduriadrums.com\/index.php?rest_route=%2Fwp%2Fv2%2Fproduct_cat&post=1257"},{"taxonomy":"product_tag","embeddable":true,"href":"https:\/\/galduriadrums.com\/index.php?rest_route=%2Fwp%2Fv2%2Fproduct_tag&post=1257"}],"curies":[{"name":"wp","href":"https:\/\/api.w.org\/{rel}","templated":true}]}}