{"id":1256,"date":"2026-03-14T22:23:57","date_gmt":"2026-03-14T22:23:57","guid":{"rendered":"https:\/\/galduriadrums.com\/?post_type=product&#038;p=1256"},"modified":"2026-03-14T22:25:46","modified_gmt":"2026-03-14T22:25:46","slug":"crash-18-constantine-big-master-2","status":"publish","type":"product","link":"https:\/\/galduriadrums.com\/?product=crash-18-constantine-big-master-2","title":{"rendered":"Crash 19&#8243; Constantine Big Master Series 1590 g."},"content":{"rendered":"<div id=\"tab-description\" class=\"woocommerce-Tabs-panel woocommerce-Tabs-panel--description panel entry-content wc-tab\" role=\"tabpanel\" aria-labelledby=\"tab-title-description\">\n<p>La Big Master Series tiene un acabado pulido brillante y la campana de acabado raw. Elaborado con bronce B20 martillado a mano en Turqu\u00eda. Este platillo es de sonido crugiente y articulado con una cantidad de brillo mas que equilibrada , con\u00a0 sustain medio lo convierten en el complemento de un m\u00fasico que no se conforma con un plato cl\u00e1sico y quiere sonido mas atrevido, brillante y definido. Ya sea que est\u00e9 tocando rock, metal o pop, la Big master Series\u00a0 le puede aportar el sonido deseado.<\/p>\n<\/div>\n","protected":false},"excerpt":{"rendered":"<div id=\"tab-description\" class=\"woocommerce-Tabs-panel woocommerce-Tabs-panel--description panel entry-content wc-tab\" role=\"tabpanel\" aria-labelledby=\"tab-title-description\">\n<p>La Big Master Series tiene un acabado pulido brillante y la campana de acabado raw. Elaborado con bronce B20 martillado a mano en Turqu\u00eda<\/p>\n<\/div>\n","protected":false},"featured_media":420,"comment_status":"open","ping_status":"closed","template":"","meta":{"jetpack_publicize_message":"","jetpack_publicize_feature_enabled":true,"jetpack_social_post_already_shared":true,"jetpack_social_options":{"image_generator_settings":{"template":"highway","default_image_id":0,"font":"","enabled":false},"version":2}},"product_brand":[],"product_cat":[73,100,33,74],"product_tag":[119,118,116,122,121,115,120],"class_list":{"0":"post-1256","1":"product","2":"type-product","3":"status-publish","4":"has-post-thumbnail","6":"product_cat-73","7":"product_cat-big-master-series","8":"product_cat-constantine-cymbals","9":"product_cat-crash","10":"product_tag-constantine","11":"product_tag-crash","12":"product_tag-cymbal","13":"product_tag-meinl","14":"product_tag-paiste","15":"product_tag-plato","16":"product_tag-zildjian","17":"pa_series-de-platos-big-master-series","18":"pa_tamano-platos-18-inch","19":"pa_tipo-platillo-crash","21":"first","22":"instock","23":"taxable","24":"shipping-taxable","25":"purchasable","26":"product-type-simple"},"yoast_head":"<!-- This site is optimized with the Yoast SEO plugin v27.3 - https:\/\/yoast.com\/product\/yoast-seo-wordpress\/ -->\n<title>Crash 19&quot; Constantine Big Master Series 1590 g. - Galduria Drums<\/title>\n<meta name=\"robots\" content=\"index, follow, max-snippet:-1, max-image-preview:large, max-video-preview:-1\" \/>\n<link rel=\"canonical\" href=\"https:\/\/galduriadrums.com\/?product=crash-18-constantine-big-master-2\" \/>\n<meta property=\"og:locale\" content=\"es_ES\" \/>\n<meta property=\"og:type\" content=\"article\" \/>\n<meta property=\"og:title\" content=\"Crash 19&quot; Constantine Big Master Series 1590 g. - Galduria Drums\" \/>\n<meta property=\"og:description\" content=\"La Big Master Series tiene un acabado pulido brillante y la campana de acabado raw. Elaborado con bronce B20 martillado a mano en Turqu\u00eda\" \/>\n<meta property=\"og:url\" content=\"https:\/\/galduriadrums.com\/?product=crash-18-constantine-big-master-2\" \/>\n<meta property=\"og:site_name\" content=\"Galduria Drums\" \/>\n<meta property=\"article:modified_time\" content=\"2026-03-14T22:25:46+00:00\" \/>\n<meta property=\"og:image\" content=\"https:\/\/galduriadrums.com\/wp-content\/uploads\/2025\/11\/Big-Master-Series.png\" \/>\n\t<meta property=\"og:image:width\" content=\"907\" \/>\n\t<meta property=\"og:image:height\" content=\"907\" \/>\n\t<meta property=\"og:image:type\" content=\"image\/png\" \/>\n<meta name=\"twitter:card\" content=\"summary_large_image\" \/>\n<script type=\"application\/ld+json\" class=\"yoast-schema-graph\">{\"@context\":\"https:\\\/\\\/schema.org\",\"@graph\":[{\"@type\":\"WebPage\",\"@id\":\"https:\\\/\\\/galduriadrums.com\\\/?product=crash-18-constantine-big-master-2\",\"url\":\"https:\\\/\\\/galduriadrums.com\\\/?product=crash-18-constantine-big-master-2\",\"name\":\"Crash 19\\\" Constantine Big Master Series 1590 g. - Galduria Drums\",\"isPartOf\":{\"@id\":\"https:\\\/\\\/galduriadrums.com\\\/#website\"},\"primaryImageOfPage\":{\"@id\":\"https:\\\/\\\/galduriadrums.com\\\/?product=crash-18-constantine-big-master-2#primaryimage\"},\"image\":{\"@id\":\"https:\\\/\\\/galduriadrums.com\\\/?product=crash-18-constantine-big-master-2#primaryimage\"},\"thumbnailUrl\":\"https:\\\/\\\/galduriadrums.com\\\/wp-content\\\/uploads\\\/2025\\\/11\\\/Big-Master-Series.png\",\"datePublished\":\"2026-03-14T22:23:57+00:00\",\"dateModified\":\"2026-03-14T22:25:46+00:00\",\"breadcrumb\":{\"@id\":\"https:\\\/\\\/galduriadrums.com\\\/?product=crash-18-constantine-big-master-2#breadcrumb\"},\"inLanguage\":\"es\",\"potentialAction\":[{\"@type\":\"ReadAction\",\"target\":[\"https:\\\/\\\/galduriadrums.com\\\/?product=crash-18-constantine-big-master-2\"]}]},{\"@type\":\"ImageObject\",\"inLanguage\":\"es\",\"@id\":\"https:\\\/\\\/galduriadrums.com\\\/?product=crash-18-constantine-big-master-2#primaryimage\",\"url\":\"https:\\\/\\\/galduriadrums.com\\\/wp-content\\\/uploads\\\/2025\\\/11\\\/Big-Master-Series.png\",\"contentUrl\":\"https:\\\/\\\/galduriadrums.com\\\/wp-content\\\/uploads\\\/2025\\\/11\\\/Big-Master-Series.png\",\"width\":907,\"height\":907},{\"@type\":\"BreadcrumbList\",\"@id\":\"https:\\\/\\\/galduriadrums.com\\\/?product=crash-18-constantine-big-master-2#breadcrumb\",\"itemListElement\":[{\"@type\":\"ListItem\",\"position\":1,\"name\":\"Portada\",\"item\":\"https:\\\/\\\/galduriadrums.com\\\/\"},{\"@type\":\"ListItem\",\"position\":2,\"name\":\"Tienda\",\"item\":\"https:\\\/\\\/galduriadrums.com\\\/?page_id=6\"},{\"@type\":\"ListItem\",\"position\":3,\"name\":\"Crash 19&#8243; Constantine Big Master Series 1590 g.\"}]},{\"@type\":\"WebSite\",\"@id\":\"https:\\\/\\\/galduriadrums.com\\\/#website\",\"url\":\"https:\\\/\\\/galduriadrums.com\\\/\",\"name\":\"Galduria Drums\",\"description\":\"\",\"potentialAction\":[{\"@type\":\"SearchAction\",\"target\":{\"@type\":\"EntryPoint\",\"urlTemplate\":\"https:\\\/\\\/galduriadrums.com\\\/?s={search_term_string}\"},\"query-input\":{\"@type\":\"PropertyValueSpecification\",\"valueRequired\":true,\"valueName\":\"search_term_string\"}}],\"inLanguage\":\"es\"}]}<\/script>\n<!-- \/ Yoast SEO plugin. -->","yoast_head_json":{"title":"Crash 19\" Constantine Big Master Series 1590 g. - Galduria Drums","robots":{"index":"index","follow":"follow","max-snippet":"max-snippet:-1","max-image-preview":"max-image-preview:large","max-video-preview":"max-video-preview:-1"},"canonical":"https:\/\/galduriadrums.com\/?product=crash-18-constantine-big-master-2","og_locale":"es_ES","og_type":"article","og_title":"Crash 19\" Constantine Big Master Series 1590 g. - Galduria Drums","og_description":"La Big Master Series tiene un acabado pulido brillante y la campana de acabado raw. Elaborado con bronce B20 martillado a mano en Turqu\u00eda","og_url":"https:\/\/galduriadrums.com\/?product=crash-18-constantine-big-master-2","og_site_name":"Galduria Drums","article_modified_time":"2026-03-14T22:25:46+00:00","og_image":[{"width":907,"height":907,"url":"https:\/\/galduriadrums.com\/wp-content\/uploads\/2025\/11\/Big-Master-Series.png","type":"image\/png"}],"twitter_card":"summary_large_image","schema":{"@context":"https:\/\/schema.org","@graph":[{"@type":"WebPage","@id":"https:\/\/galduriadrums.com\/?product=crash-18-constantine-big-master-2","url":"https:\/\/galduriadrums.com\/?product=crash-18-constantine-big-master-2","name":"Crash 19\" Constantine Big Master Series 1590 g. - Galduria Drums","isPartOf":{"@id":"https:\/\/galduriadrums.com\/#website"},"primaryImageOfPage":{"@id":"https:\/\/galduriadrums.com\/?product=crash-18-constantine-big-master-2#primaryimage"},"image":{"@id":"https:\/\/galduriadrums.com\/?product=crash-18-constantine-big-master-2#primaryimage"},"thumbnailUrl":"https:\/\/galduriadrums.com\/wp-content\/uploads\/2025\/11\/Big-Master-Series.png","datePublished":"2026-03-14T22:23:57+00:00","dateModified":"2026-03-14T22:25:46+00:00","breadcrumb":{"@id":"https:\/\/galduriadrums.com\/?product=crash-18-constantine-big-master-2#breadcrumb"},"inLanguage":"es","potentialAction":[{"@type":"ReadAction","target":["https:\/\/galduriadrums.com\/?product=crash-18-constantine-big-master-2"]}]},{"@type":"ImageObject","inLanguage":"es","@id":"https:\/\/galduriadrums.com\/?product=crash-18-constantine-big-master-2#primaryimage","url":"https:\/\/galduriadrums.com\/wp-content\/uploads\/2025\/11\/Big-Master-Series.png","contentUrl":"https:\/\/galduriadrums.com\/wp-content\/uploads\/2025\/11\/Big-Master-Series.png","width":907,"height":907},{"@type":"BreadcrumbList","@id":"https:\/\/galduriadrums.com\/?product=crash-18-constantine-big-master-2#breadcrumb","itemListElement":[{"@type":"ListItem","position":1,"name":"Portada","item":"https:\/\/galduriadrums.com\/"},{"@type":"ListItem","position":2,"name":"Tienda","item":"https:\/\/galduriadrums.com\/?page_id=6"},{"@type":"ListItem","position":3,"name":"Crash 19&#8243; Constantine Big Master Series 1590 g."}]},{"@type":"WebSite","@id":"https:\/\/galduriadrums.com\/#website","url":"https:\/\/galduriadrums.com\/","name":"Galduria Drums","description":"","potentialAction":[{"@type":"SearchAction","target":{"@type":"EntryPoint","urlTemplate":"https:\/\/galduriadrums.com\/?s={search_term_string}"},"query-input":{"@type":"PropertyValueSpecification","valueRequired":true,"valueName":"search_term_string"}}],"inLanguage":"es"}]}},"jetpack_publicize_connections":[],"jetpack_sharing_enabled":true,"_links":{"self":[{"href":"https:\/\/galduriadrums.com\/index.php?rest_route=\/wp\/v2\/product\/1256","targetHints":{"allow":["GET"]}}],"collection":[{"href":"https:\/\/galduriadrums.com\/index.php?rest_route=\/wp\/v2\/product"}],"about":[{"href":"https:\/\/galduriadrums.com\/index.php?rest_route=\/wp\/v2\/types\/product"}],"replies":[{"embeddable":true,"href":"https:\/\/galduriadrums.com\/index.php?rest_route=%2Fwp%2Fv2%2Fcomments&post=1256"}],"wp:featuredmedia":[{"embeddable":true,"href":"https:\/\/galduriadrums.com\/index.php?rest_route=\/wp\/v2\/media\/420"}],"wp:attachment":[{"href":"https:\/\/galduriadrums.com\/index.php?rest_route=%2Fwp%2Fv2%2Fmedia&parent=1256"}],"wp:term":[{"taxonomy":"product_brand","embeddable":true,"href":"https:\/\/galduriadrums.com\/index.php?rest_route=%2Fwp%2Fv2%2Fproduct_brand&post=1256"},{"taxonomy":"product_cat","embeddable":true,"href":"https:\/\/galduriadrums.com\/index.php?rest_route=%2Fwp%2Fv2%2Fproduct_cat&post=1256"},{"taxonomy":"product_tag","embeddable":true,"href":"https:\/\/galduriadrums.com\/index.php?rest_route=%2Fwp%2Fv2%2Fproduct_tag&post=1256"}],"curies":[{"name":"wp","href":"https:\/\/api.w.org\/{rel}","templated":true}]}}