{"id":1206,"date":"2025-12-14T18:36:14","date_gmt":"2025-12-14T18:36:14","guid":{"rendered":"https:\/\/galduriadrums.com\/?post_type=product&#038;p=1206"},"modified":"2026-03-14T10:15:19","modified_gmt":"2026-03-14T10:15:19","slug":"sparedrum-tb8-fijacion-tom","status":"publish","type":"product","link":"https:\/\/galduriadrums.com\/?product=sparedrum-tb8-fijacion-tom","title":{"rendered":"Sparedrum TB8 &#8211; Fijaci\u00f3n Tom \/ Timbal Base \u00d89.5-10.5mm &#8211; 52mm (x1)"},"content":{"rendered":"<p>Fijaci\u00f3n Tom y Timbal Base<\/p>\n<div class=\"product_tabs_content_container\">\n<section class=\"page-product-box transform_tab product_tab_content product_tab_content1 active\">\n<div class=\"rte\">\n<b>Especificaciones t\u00e9cnicas:<\/b><br \/>\n-Puede acoger varillas, patas de Tom Base y Bombo de 9.5mm hasta 10.5mm<br \/>\n-Distancia entre tornillos: 52mm<br \/>\n-Di\u00e1metro de Taladro: 7mm<br \/>\n-Tipo de Tornillos de Montaje: M5<br \/>\n-Junta de Goma y Tornillos de Montaje no incluidos<\/div>\n<\/section>\n<\/div>\n","protected":false},"excerpt":{"rendered":"<p>Fijaci\u00f3n Tom y Timbal Base Especificaciones t\u00e9cnicas: -Puede acoger varillas, patas de Tom Base y Bombo de 9.5mm hasta 10.5mm -Distancia entre tornillos: 52mm -Di\u00e1metro de Taladro: 7mm -Tipo de Tornillos de Montaje: M5 -Junta de Goma y Tornillos de Montaje no incluidos<\/p>\n","protected":false},"featured_media":1207,"comment_status":"open","ping_status":"closed","template":"","meta":{"jetpack_publicize_message":"","jetpack_publicize_feature_enabled":true,"jetpack_social_post_already_shared":true,"jetpack_social_options":{"image_generator_settings":{"template":"highway","default_image_id":0,"font":"","enabled":false},"version":2}},"product_brand":[252],"product_cat":[80,34],"product_tag":[],"class_list":{"0":"post-1206","1":"product","2":"type-product","3":"status-publish","4":"has-post-thumbnail","6":"product_brand-sparedrum","7":"product_cat-ahora-en-oferta","8":"product_cat-drum-parts","10":"first","11":"instock","12":"sale","13":"taxable","14":"shipping-taxable","15":"purchasable","16":"product-type-simple"},"yoast_head":"<!-- This site is optimized with the Yoast SEO plugin v27.5 - https:\/\/yoast.com\/product\/yoast-seo-wordpress\/ -->\n<title>Sparedrum TB8 - Fijaci\u00f3n Tom \/ Timbal Base \u00d89.5-10.5mm - 52mm (x1) - Galduria Drums<\/title>\n<meta name=\"description\" content=\"Fijaci\u00f3n Tom y Timbal Base. Puede acoger varillas, patas de Tom Base y Bombo de 9.5mm hasta 10.5mm-Distancia entre tornillos: 52mm\" \/>\n<meta name=\"robots\" content=\"index, follow, max-snippet:-1, max-image-preview:large, max-video-preview:-1\" \/>\n<link rel=\"canonical\" href=\"https:\/\/galduriadrums.com\/?product=sparedrum-tb8-fijacion-tom\" \/>\n<meta property=\"og:locale\" content=\"es_ES\" \/>\n<meta property=\"og:type\" content=\"article\" \/>\n<meta property=\"og:title\" content=\"Sparedrum TB8 - Fijaci\u00f3n Tom \/ Timbal Base \u00d89.5-10.5mm - 52mm (x1) - Galduria Drums\" \/>\n<meta property=\"og:description\" content=\"Fijaci\u00f3n Tom y Timbal Base. Puede acoger varillas, patas de Tom Base y Bombo de 9.5mm hasta 10.5mm-Distancia entre tornillos: 52mm\" \/>\n<meta property=\"og:url\" content=\"https:\/\/galduriadrums.com\/?product=sparedrum-tb8-fijacion-tom\" \/>\n<meta property=\"og:site_name\" content=\"Galduria Drums\" \/>\n<meta property=\"article:modified_time\" content=\"2026-03-14T10:15:19+00:00\" \/>\n<meta property=\"og:image\" content=\"https:\/\/galduriadrums.com\/wp-content\/uploads\/2025\/12\/tb8-fijacion-tom-timbal-base-9-5-10-5mm-52mm-x1.jpg\" \/>\n\t<meta property=\"og:image:width\" content=\"375\" \/>\n\t<meta property=\"og:image:height\" content=\"375\" \/>\n\t<meta property=\"og:image:type\" content=\"image\/jpeg\" \/>\n<meta name=\"twitter:card\" content=\"summary_large_image\" \/>\n<meta name=\"twitter:label1\" content=\"Tiempo de lectura\" \/>\n\t<meta name=\"twitter:data1\" content=\"1 minuto\" \/>\n<script type=\"application\/ld+json\" class=\"yoast-schema-graph\">{\"@context\":\"https:\\\/\\\/schema.org\",\"@graph\":[{\"@type\":\"WebPage\",\"@id\":\"https:\\\/\\\/galduriadrums.com\\\/?product=sparedrum-tb8-fijacion-tom\",\"url\":\"https:\\\/\\\/galduriadrums.com\\\/?product=sparedrum-tb8-fijacion-tom\",\"name\":\"Sparedrum TB8 - Fijaci\u00f3n Tom \\\/ Timbal Base \u00d89.5-10.5mm - 52mm (x1) - Galduria Drums\",\"isPartOf\":{\"@id\":\"https:\\\/\\\/galduriadrums.com\\\/#website\"},\"primaryImageOfPage\":{\"@id\":\"https:\\\/\\\/galduriadrums.com\\\/?product=sparedrum-tb8-fijacion-tom#primaryimage\"},\"image\":{\"@id\":\"https:\\\/\\\/galduriadrums.com\\\/?product=sparedrum-tb8-fijacion-tom#primaryimage\"},\"thumbnailUrl\":\"https:\\\/\\\/galduriadrums.com\\\/wp-content\\\/uploads\\\/2025\\\/12\\\/tb8-fijacion-tom-timbal-base-9-5-10-5mm-52mm-x1.jpg\",\"datePublished\":\"2025-12-14T18:36:14+00:00\",\"dateModified\":\"2026-03-14T10:15:19+00:00\",\"description\":\"Fijaci\u00f3n Tom y Timbal Base. Puede acoger varillas, patas de Tom Base y Bombo de 9.5mm hasta 10.5mm-Distancia entre tornillos: 52mm\",\"breadcrumb\":{\"@id\":\"https:\\\/\\\/galduriadrums.com\\\/?product=sparedrum-tb8-fijacion-tom#breadcrumb\"},\"inLanguage\":\"es\",\"potentialAction\":[{\"@type\":\"ReadAction\",\"target\":[\"https:\\\/\\\/galduriadrums.com\\\/?product=sparedrum-tb8-fijacion-tom\"]}]},{\"@type\":\"ImageObject\",\"inLanguage\":\"es\",\"@id\":\"https:\\\/\\\/galduriadrums.com\\\/?product=sparedrum-tb8-fijacion-tom#primaryimage\",\"url\":\"https:\\\/\\\/galduriadrums.com\\\/wp-content\\\/uploads\\\/2025\\\/12\\\/tb8-fijacion-tom-timbal-base-9-5-10-5mm-52mm-x1.jpg\",\"contentUrl\":\"https:\\\/\\\/galduriadrums.com\\\/wp-content\\\/uploads\\\/2025\\\/12\\\/tb8-fijacion-tom-timbal-base-9-5-10-5mm-52mm-x1.jpg\",\"width\":375,\"height\":375},{\"@type\":\"BreadcrumbList\",\"@id\":\"https:\\\/\\\/galduriadrums.com\\\/?product=sparedrum-tb8-fijacion-tom#breadcrumb\",\"itemListElement\":[{\"@type\":\"ListItem\",\"position\":1,\"name\":\"Portada\",\"item\":\"https:\\\/\\\/galduriadrums.com\\\/\"},{\"@type\":\"ListItem\",\"position\":2,\"name\":\"Tienda\",\"item\":\"https:\\\/\\\/galduriadrums.com\\\/?page_id=6\"},{\"@type\":\"ListItem\",\"position\":3,\"name\":\"Sparedrum TB8 &#8211; Fijaci\u00f3n Tom \\\/ Timbal Base \u00d89.5-10.5mm &#8211; 52mm (x1)\"}]},{\"@type\":\"WebSite\",\"@id\":\"https:\\\/\\\/galduriadrums.com\\\/#website\",\"url\":\"https:\\\/\\\/galduriadrums.com\\\/\",\"name\":\"Galduria Drums\",\"description\":\"\",\"potentialAction\":[{\"@type\":\"SearchAction\",\"target\":{\"@type\":\"EntryPoint\",\"urlTemplate\":\"https:\\\/\\\/galduriadrums.com\\\/?s={search_term_string}\"},\"query-input\":{\"@type\":\"PropertyValueSpecification\",\"valueRequired\":true,\"valueName\":\"search_term_string\"}}],\"inLanguage\":\"es\"}]}<\/script>\n<!-- \/ Yoast SEO plugin. -->","yoast_head_json":{"title":"Sparedrum TB8 - Fijaci\u00f3n Tom \/ Timbal Base \u00d89.5-10.5mm - 52mm (x1) - Galduria Drums","description":"Fijaci\u00f3n Tom y Timbal Base. Puede acoger varillas, patas de Tom Base y Bombo de 9.5mm hasta 10.5mm-Distancia entre tornillos: 52mm","robots":{"index":"index","follow":"follow","max-snippet":"max-snippet:-1","max-image-preview":"max-image-preview:large","max-video-preview":"max-video-preview:-1"},"canonical":"https:\/\/galduriadrums.com\/?product=sparedrum-tb8-fijacion-tom","og_locale":"es_ES","og_type":"article","og_title":"Sparedrum TB8 - Fijaci\u00f3n Tom \/ Timbal Base \u00d89.5-10.5mm - 52mm (x1) - Galduria Drums","og_description":"Fijaci\u00f3n Tom y Timbal Base. Puede acoger varillas, patas de Tom Base y Bombo de 9.5mm hasta 10.5mm-Distancia entre tornillos: 52mm","og_url":"https:\/\/galduriadrums.com\/?product=sparedrum-tb8-fijacion-tom","og_site_name":"Galduria Drums","article_modified_time":"2026-03-14T10:15:19+00:00","og_image":[{"width":375,"height":375,"url":"https:\/\/galduriadrums.com\/wp-content\/uploads\/2025\/12\/tb8-fijacion-tom-timbal-base-9-5-10-5mm-52mm-x1.jpg","type":"image\/jpeg"}],"twitter_card":"summary_large_image","twitter_misc":{"Tiempo de lectura":"1 minuto"},"schema":{"@context":"https:\/\/schema.org","@graph":[{"@type":"WebPage","@id":"https:\/\/galduriadrums.com\/?product=sparedrum-tb8-fijacion-tom","url":"https:\/\/galduriadrums.com\/?product=sparedrum-tb8-fijacion-tom","name":"Sparedrum TB8 - Fijaci\u00f3n Tom \/ Timbal Base \u00d89.5-10.5mm - 52mm (x1) - Galduria Drums","isPartOf":{"@id":"https:\/\/galduriadrums.com\/#website"},"primaryImageOfPage":{"@id":"https:\/\/galduriadrums.com\/?product=sparedrum-tb8-fijacion-tom#primaryimage"},"image":{"@id":"https:\/\/galduriadrums.com\/?product=sparedrum-tb8-fijacion-tom#primaryimage"},"thumbnailUrl":"https:\/\/galduriadrums.com\/wp-content\/uploads\/2025\/12\/tb8-fijacion-tom-timbal-base-9-5-10-5mm-52mm-x1.jpg","datePublished":"2025-12-14T18:36:14+00:00","dateModified":"2026-03-14T10:15:19+00:00","description":"Fijaci\u00f3n Tom y Timbal Base. Puede acoger varillas, patas de Tom Base y Bombo de 9.5mm hasta 10.5mm-Distancia entre tornillos: 52mm","breadcrumb":{"@id":"https:\/\/galduriadrums.com\/?product=sparedrum-tb8-fijacion-tom#breadcrumb"},"inLanguage":"es","potentialAction":[{"@type":"ReadAction","target":["https:\/\/galduriadrums.com\/?product=sparedrum-tb8-fijacion-tom"]}]},{"@type":"ImageObject","inLanguage":"es","@id":"https:\/\/galduriadrums.com\/?product=sparedrum-tb8-fijacion-tom#primaryimage","url":"https:\/\/galduriadrums.com\/wp-content\/uploads\/2025\/12\/tb8-fijacion-tom-timbal-base-9-5-10-5mm-52mm-x1.jpg","contentUrl":"https:\/\/galduriadrums.com\/wp-content\/uploads\/2025\/12\/tb8-fijacion-tom-timbal-base-9-5-10-5mm-52mm-x1.jpg","width":375,"height":375},{"@type":"BreadcrumbList","@id":"https:\/\/galduriadrums.com\/?product=sparedrum-tb8-fijacion-tom#breadcrumb","itemListElement":[{"@type":"ListItem","position":1,"name":"Portada","item":"https:\/\/galduriadrums.com\/"},{"@type":"ListItem","position":2,"name":"Tienda","item":"https:\/\/galduriadrums.com\/?page_id=6"},{"@type":"ListItem","position":3,"name":"Sparedrum TB8 &#8211; Fijaci\u00f3n Tom \/ Timbal Base \u00d89.5-10.5mm &#8211; 52mm (x1)"}]},{"@type":"WebSite","@id":"https:\/\/galduriadrums.com\/#website","url":"https:\/\/galduriadrums.com\/","name":"Galduria Drums","description":"","potentialAction":[{"@type":"SearchAction","target":{"@type":"EntryPoint","urlTemplate":"https:\/\/galduriadrums.com\/?s={search_term_string}"},"query-input":{"@type":"PropertyValueSpecification","valueRequired":true,"valueName":"search_term_string"}}],"inLanguage":"es"}]}},"jetpack_publicize_connections":[],"jetpack_sharing_enabled":true,"_links":{"self":[{"href":"https:\/\/galduriadrums.com\/index.php?rest_route=\/wp\/v2\/product\/1206","targetHints":{"allow":["GET"]}}],"collection":[{"href":"https:\/\/galduriadrums.com\/index.php?rest_route=\/wp\/v2\/product"}],"about":[{"href":"https:\/\/galduriadrums.com\/index.php?rest_route=\/wp\/v2\/types\/product"}],"replies":[{"embeddable":true,"href":"https:\/\/galduriadrums.com\/index.php?rest_route=%2Fwp%2Fv2%2Fcomments&post=1206"}],"wp:featuredmedia":[{"embeddable":true,"href":"https:\/\/galduriadrums.com\/index.php?rest_route=\/wp\/v2\/media\/1207"}],"wp:attachment":[{"href":"https:\/\/galduriadrums.com\/index.php?rest_route=%2Fwp%2Fv2%2Fmedia&parent=1206"}],"wp:term":[{"taxonomy":"product_brand","embeddable":true,"href":"https:\/\/galduriadrums.com\/index.php?rest_route=%2Fwp%2Fv2%2Fproduct_brand&post=1206"},{"taxonomy":"product_cat","embeddable":true,"href":"https:\/\/galduriadrums.com\/index.php?rest_route=%2Fwp%2Fv2%2Fproduct_cat&post=1206"},{"taxonomy":"product_tag","embeddable":true,"href":"https:\/\/galduriadrums.com\/index.php?rest_route=%2Fwp%2Fv2%2Fproduct_tag&post=1206"}],"curies":[{"name":"wp","href":"https:\/\/api.w.org\/{rel}","templated":true}]}}