{"id":1180,"date":"2025-12-11T19:44:01","date_gmt":"2025-12-11T19:44:01","guid":{"rendered":"https:\/\/galduriadrums.com\/?post_type=product&#038;p=1180"},"modified":"2026-01-16T10:33:11","modified_gmt":"2026-01-16T10:33:11","slug":"csk10-8mm-cymbal-tilter-extension-10cm","status":"publish","type":"product","link":"https:\/\/galduriadrums.com\/?product=csk10-8mm-cymbal-tilter-extension-10cm","title":{"rendered":"CSK10 &#8211; 8mm Cymbal Tilter Extension &#8211; 10cm"},"content":{"rendered":"<pre id=\"tw-target-text\" class=\"tw-data-text tw-text-large tw-ta\" dir=\"ltr\" tabindex=\"-1\" role=\"text\" data-placeholder=\"Traducci\u00f3n\" data-ved=\"2ahUKEwifuL_-obaRAxXSUaQEHTTRN7sQ3ewLegQIDBAV\" aria-label=\"Texto traducido: Extensi\u00f3n de inclinaci\u00f3n para soporte de platillo\r\nA\u00f1ada otro platillo a su soporte con esta extensi\u00f3n.\r\n\r\nAdaptable a soportes de platillo con rosca de 8 mm; reemplaza la inclinaci\u00f3n original.\"><span class=\"Y2IQFc\" lang=\"es\">Extensi\u00f3n de inclinaci\u00f3n para soporte de platillo\r\nA\u00f1ada otro platillo a su soporte con esta extensi\u00f3n.\r\n\r\nAdaptable a soportes de platillo con rosca de 8 mm;\r\n reemplaza la inclinaci\u00f3n original.<\/span><\/pre>\n","protected":false},"excerpt":{"rendered":"<p>Extensi\u00f3n de inclinaci\u00f3n para soporte de platillo A\u00f1ada otro platillo a su soporte con esta extensi\u00f3n. Adaptable a soportes de platillo con rosca de 8 mm; reemplaza la inclinaci\u00f3n original.<\/p>\n","protected":false},"featured_media":1181,"comment_status":"open","ping_status":"closed","template":"","meta":{"jetpack_publicize_message":"","jetpack_publicize_feature_enabled":true,"jetpack_social_post_already_shared":true,"jetpack_social_options":{"image_generator_settings":{"template":"highway","default_image_id":0,"font":"","enabled":false},"version":2}},"product_brand":[252],"product_cat":[34],"product_tag":[],"class_list":{"0":"post-1180","1":"product","2":"type-product","3":"status-publish","4":"has-post-thumbnail","6":"product_brand-sparedrum","7":"product_cat-drum-parts","9":"first","10":"instock","11":"taxable","12":"shipping-taxable","13":"purchasable","14":"product-type-simple"},"yoast_head":"<!-- This site is optimized with the Yoast SEO plugin v27.5 - https:\/\/yoast.com\/product\/yoast-seo-wordpress\/ -->\n<title>CSK10 - 8mm Cymbal Tilter Extension - 10cm - Galduria Drums<\/title>\n<meta name=\"description\" content=\"Extensi\u00f3n de inclinaci\u00f3n para soporte de platilloA\u00f1ada otro platillo a su soporte con esta extensi\u00f3n.Adaptable a soportes de platillo con rosca de 8 mm;\" \/>\n<meta name=\"robots\" content=\"index, follow, max-snippet:-1, max-image-preview:large, max-video-preview:-1\" \/>\n<link rel=\"canonical\" href=\"https:\/\/galduriadrums.com\/?product=csk10-8mm-cymbal-tilter-extension-10cm\" \/>\n<meta property=\"og:locale\" content=\"es_ES\" \/>\n<meta property=\"og:type\" content=\"article\" \/>\n<meta property=\"og:title\" content=\"CSK10 - 8mm Cymbal Tilter Extension - 10cm - Galduria Drums\" \/>\n<meta property=\"og:description\" content=\"Extensi\u00f3n de inclinaci\u00f3n para soporte de platilloA\u00f1ada otro platillo a su soporte con esta extensi\u00f3n.Adaptable a soportes de platillo con rosca de 8 mm;\" \/>\n<meta property=\"og:url\" content=\"https:\/\/galduriadrums.com\/?product=csk10-8mm-cymbal-tilter-extension-10cm\" \/>\n<meta property=\"og:site_name\" content=\"Galduria Drums\" \/>\n<meta property=\"article:modified_time\" content=\"2026-01-16T10:33:11+00:00\" \/>\n<meta property=\"og:image\" content=\"https:\/\/galduriadrums.com\/wp-content\/uploads\/2025\/12\/csk10-8mm-cymbal-tilter-extension-10cm-1.jpg\" \/>\n\t<meta property=\"og:image:width\" content=\"765\" \/>\n\t<meta property=\"og:image:height\" content=\"765\" \/>\n\t<meta property=\"og:image:type\" content=\"image\/jpeg\" \/>\n<meta name=\"twitter:card\" content=\"summary_large_image\" \/>\n<meta name=\"twitter:label1\" content=\"Tiempo de lectura\" \/>\n\t<meta name=\"twitter:data1\" content=\"1 minuto\" \/>\n<script type=\"application\/ld+json\" class=\"yoast-schema-graph\">{\"@context\":\"https:\\\/\\\/schema.org\",\"@graph\":[{\"@type\":\"WebPage\",\"@id\":\"https:\\\/\\\/galduriadrums.com\\\/?product=csk10-8mm-cymbal-tilter-extension-10cm\",\"url\":\"https:\\\/\\\/galduriadrums.com\\\/?product=csk10-8mm-cymbal-tilter-extension-10cm\",\"name\":\"CSK10 - 8mm Cymbal Tilter Extension - 10cm - Galduria Drums\",\"isPartOf\":{\"@id\":\"https:\\\/\\\/galduriadrums.com\\\/#website\"},\"primaryImageOfPage\":{\"@id\":\"https:\\\/\\\/galduriadrums.com\\\/?product=csk10-8mm-cymbal-tilter-extension-10cm#primaryimage\"},\"image\":{\"@id\":\"https:\\\/\\\/galduriadrums.com\\\/?product=csk10-8mm-cymbal-tilter-extension-10cm#primaryimage\"},\"thumbnailUrl\":\"https:\\\/\\\/galduriadrums.com\\\/wp-content\\\/uploads\\\/2025\\\/12\\\/csk10-8mm-cymbal-tilter-extension-10cm-1.jpg\",\"datePublished\":\"2025-12-11T19:44:01+00:00\",\"dateModified\":\"2026-01-16T10:33:11+00:00\",\"description\":\"Extensi\u00f3n de inclinaci\u00f3n para soporte de platilloA\u00f1ada otro platillo a su soporte con esta extensi\u00f3n.Adaptable a soportes de platillo con rosca de 8 mm;\",\"breadcrumb\":{\"@id\":\"https:\\\/\\\/galduriadrums.com\\\/?product=csk10-8mm-cymbal-tilter-extension-10cm#breadcrumb\"},\"inLanguage\":\"es\",\"potentialAction\":[{\"@type\":\"ReadAction\",\"target\":[\"https:\\\/\\\/galduriadrums.com\\\/?product=csk10-8mm-cymbal-tilter-extension-10cm\"]}]},{\"@type\":\"ImageObject\",\"inLanguage\":\"es\",\"@id\":\"https:\\\/\\\/galduriadrums.com\\\/?product=csk10-8mm-cymbal-tilter-extension-10cm#primaryimage\",\"url\":\"https:\\\/\\\/galduriadrums.com\\\/wp-content\\\/uploads\\\/2025\\\/12\\\/csk10-8mm-cymbal-tilter-extension-10cm-1.jpg\",\"contentUrl\":\"https:\\\/\\\/galduriadrums.com\\\/wp-content\\\/uploads\\\/2025\\\/12\\\/csk10-8mm-cymbal-tilter-extension-10cm-1.jpg\",\"width\":765,\"height\":765},{\"@type\":\"BreadcrumbList\",\"@id\":\"https:\\\/\\\/galduriadrums.com\\\/?product=csk10-8mm-cymbal-tilter-extension-10cm#breadcrumb\",\"itemListElement\":[{\"@type\":\"ListItem\",\"position\":1,\"name\":\"Portada\",\"item\":\"https:\\\/\\\/galduriadrums.com\\\/\"},{\"@type\":\"ListItem\",\"position\":2,\"name\":\"Tienda\",\"item\":\"https:\\\/\\\/galduriadrums.com\\\/?page_id=6\"},{\"@type\":\"ListItem\",\"position\":3,\"name\":\"CSK10 &#8211; 8mm Cymbal Tilter Extension &#8211; 10cm\"}]},{\"@type\":\"WebSite\",\"@id\":\"https:\\\/\\\/galduriadrums.com\\\/#website\",\"url\":\"https:\\\/\\\/galduriadrums.com\\\/\",\"name\":\"Galduria Drums\",\"description\":\"\",\"potentialAction\":[{\"@type\":\"SearchAction\",\"target\":{\"@type\":\"EntryPoint\",\"urlTemplate\":\"https:\\\/\\\/galduriadrums.com\\\/?s={search_term_string}\"},\"query-input\":{\"@type\":\"PropertyValueSpecification\",\"valueRequired\":true,\"valueName\":\"search_term_string\"}}],\"inLanguage\":\"es\"}]}<\/script>\n<!-- \/ Yoast SEO plugin. -->","yoast_head_json":{"title":"CSK10 - 8mm Cymbal Tilter Extension - 10cm - Galduria Drums","description":"Extensi\u00f3n de inclinaci\u00f3n para soporte de platilloA\u00f1ada otro platillo a su soporte con esta extensi\u00f3n.Adaptable a soportes de platillo con rosca de 8 mm;","robots":{"index":"index","follow":"follow","max-snippet":"max-snippet:-1","max-image-preview":"max-image-preview:large","max-video-preview":"max-video-preview:-1"},"canonical":"https:\/\/galduriadrums.com\/?product=csk10-8mm-cymbal-tilter-extension-10cm","og_locale":"es_ES","og_type":"article","og_title":"CSK10 - 8mm Cymbal Tilter Extension - 10cm - Galduria Drums","og_description":"Extensi\u00f3n de inclinaci\u00f3n para soporte de platilloA\u00f1ada otro platillo a su soporte con esta extensi\u00f3n.Adaptable a soportes de platillo con rosca de 8 mm;","og_url":"https:\/\/galduriadrums.com\/?product=csk10-8mm-cymbal-tilter-extension-10cm","og_site_name":"Galduria Drums","article_modified_time":"2026-01-16T10:33:11+00:00","og_image":[{"width":765,"height":765,"url":"https:\/\/galduriadrums.com\/wp-content\/uploads\/2025\/12\/csk10-8mm-cymbal-tilter-extension-10cm-1.jpg","type":"image\/jpeg"}],"twitter_card":"summary_large_image","twitter_misc":{"Tiempo de lectura":"1 minuto"},"schema":{"@context":"https:\/\/schema.org","@graph":[{"@type":"WebPage","@id":"https:\/\/galduriadrums.com\/?product=csk10-8mm-cymbal-tilter-extension-10cm","url":"https:\/\/galduriadrums.com\/?product=csk10-8mm-cymbal-tilter-extension-10cm","name":"CSK10 - 8mm Cymbal Tilter Extension - 10cm - Galduria Drums","isPartOf":{"@id":"https:\/\/galduriadrums.com\/#website"},"primaryImageOfPage":{"@id":"https:\/\/galduriadrums.com\/?product=csk10-8mm-cymbal-tilter-extension-10cm#primaryimage"},"image":{"@id":"https:\/\/galduriadrums.com\/?product=csk10-8mm-cymbal-tilter-extension-10cm#primaryimage"},"thumbnailUrl":"https:\/\/galduriadrums.com\/wp-content\/uploads\/2025\/12\/csk10-8mm-cymbal-tilter-extension-10cm-1.jpg","datePublished":"2025-12-11T19:44:01+00:00","dateModified":"2026-01-16T10:33:11+00:00","description":"Extensi\u00f3n de inclinaci\u00f3n para soporte de platilloA\u00f1ada otro platillo a su soporte con esta extensi\u00f3n.Adaptable a soportes de platillo con rosca de 8 mm;","breadcrumb":{"@id":"https:\/\/galduriadrums.com\/?product=csk10-8mm-cymbal-tilter-extension-10cm#breadcrumb"},"inLanguage":"es","potentialAction":[{"@type":"ReadAction","target":["https:\/\/galduriadrums.com\/?product=csk10-8mm-cymbal-tilter-extension-10cm"]}]},{"@type":"ImageObject","inLanguage":"es","@id":"https:\/\/galduriadrums.com\/?product=csk10-8mm-cymbal-tilter-extension-10cm#primaryimage","url":"https:\/\/galduriadrums.com\/wp-content\/uploads\/2025\/12\/csk10-8mm-cymbal-tilter-extension-10cm-1.jpg","contentUrl":"https:\/\/galduriadrums.com\/wp-content\/uploads\/2025\/12\/csk10-8mm-cymbal-tilter-extension-10cm-1.jpg","width":765,"height":765},{"@type":"BreadcrumbList","@id":"https:\/\/galduriadrums.com\/?product=csk10-8mm-cymbal-tilter-extension-10cm#breadcrumb","itemListElement":[{"@type":"ListItem","position":1,"name":"Portada","item":"https:\/\/galduriadrums.com\/"},{"@type":"ListItem","position":2,"name":"Tienda","item":"https:\/\/galduriadrums.com\/?page_id=6"},{"@type":"ListItem","position":3,"name":"CSK10 &#8211; 8mm Cymbal Tilter Extension &#8211; 10cm"}]},{"@type":"WebSite","@id":"https:\/\/galduriadrums.com\/#website","url":"https:\/\/galduriadrums.com\/","name":"Galduria Drums","description":"","potentialAction":[{"@type":"SearchAction","target":{"@type":"EntryPoint","urlTemplate":"https:\/\/galduriadrums.com\/?s={search_term_string}"},"query-input":{"@type":"PropertyValueSpecification","valueRequired":true,"valueName":"search_term_string"}}],"inLanguage":"es"}]}},"jetpack_publicize_connections":[],"jetpack_sharing_enabled":true,"_links":{"self":[{"href":"https:\/\/galduriadrums.com\/index.php?rest_route=\/wp\/v2\/product\/1180","targetHints":{"allow":["GET"]}}],"collection":[{"href":"https:\/\/galduriadrums.com\/index.php?rest_route=\/wp\/v2\/product"}],"about":[{"href":"https:\/\/galduriadrums.com\/index.php?rest_route=\/wp\/v2\/types\/product"}],"replies":[{"embeddable":true,"href":"https:\/\/galduriadrums.com\/index.php?rest_route=%2Fwp%2Fv2%2Fcomments&post=1180"}],"wp:featuredmedia":[{"embeddable":true,"href":"https:\/\/galduriadrums.com\/index.php?rest_route=\/wp\/v2\/media\/1181"}],"wp:attachment":[{"href":"https:\/\/galduriadrums.com\/index.php?rest_route=%2Fwp%2Fv2%2Fmedia&parent=1180"}],"wp:term":[{"taxonomy":"product_brand","embeddable":true,"href":"https:\/\/galduriadrums.com\/index.php?rest_route=%2Fwp%2Fv2%2Fproduct_brand&post=1180"},{"taxonomy":"product_cat","embeddable":true,"href":"https:\/\/galduriadrums.com\/index.php?rest_route=%2Fwp%2Fv2%2Fproduct_cat&post=1180"},{"taxonomy":"product_tag","embeddable":true,"href":"https:\/\/galduriadrums.com\/index.php?rest_route=%2Fwp%2Fv2%2Fproduct_tag&post=1180"}],"curies":[{"name":"wp","href":"https:\/\/api.w.org\/{rel}","templated":true}]}}