{"id":1162,"date":"2025-12-09T15:29:18","date_gmt":"2025-12-09T15:29:18","guid":{"rendered":"https:\/\/galduriadrums.com\/?post_type=product&#038;p=1162"},"modified":"2025-12-09T15:33:11","modified_gmt":"2025-12-09T15:33:11","slug":"china-fx-16-constantine-senfonic","status":"publish","type":"product","link":"https:\/\/galduriadrums.com\/?product=china-fx-16-constantine-senfonic","title":{"rendered":"China FX 16&#8243; Constantine Senfonic series"},"content":{"rendered":"<p>La Senfonic Series es una serie de acabado brillante con un martillado muy regular y sin surcos torneados, a eso le sumamos los agujeros para dar ese sonido tan de moda en esta \u00faltima d\u00e9cada. Tiene la campana en acabado Raw. Elaborado con bronce B20 martillado a mano en Turqu\u00eda, este platillo es vers\u00e1til. Su sonido trashy y brillante aportan car\u00e1cter y riqueza de matices. Ya sea que est\u00e9 tocando rock, pop o funky, la senfonic Series le proporcionar\u00e1 el sonido deseado.<\/p>\n<p>&nbsp;<\/p>\n","protected":false},"excerpt":{"rendered":"<p>Crash FX 18&#8243; Constantine Senfonic<\/p>\n","protected":false},"featured_media":1163,"comment_status":"open","ping_status":"closed","template":"","meta":{"jetpack_publicize_message":"","jetpack_publicize_feature_enabled":true,"jetpack_social_post_already_shared":true,"jetpack_social_options":{"image_generator_settings":{"template":"highway","default_image_id":0,"font":"","enabled":false},"version":2}},"product_brand":[69],"product_cat":[86,83,33,84,91],"product_tag":[114,119,116,117,122,121,115,120],"class_list":{"0":"post-1162","1":"product","2":"type-product","3":"status-publish","4":"has-post-thumbnail","6":"product_brand-constantine-cymbals","7":"product_cat-86","8":"product_cat-china","9":"product_cat-constantine-cymbals","10":"product_cat-platillos-de-efecto","11":"product_cat-senfonic-series","12":"product_tag-china","13":"product_tag-constantine","14":"product_tag-cymbal","15":"product_tag-efecto","16":"product_tag-meinl","17":"product_tag-paiste","18":"product_tag-plato","19":"product_tag-zildjian","20":"pa_series-de-platos-senfonic-series","21":"pa_tamano-platos-16-inch","22":"pa_tipo-platillo-china","23":"pa_tipo-platillo-platillos-de-efecto","25":"first","26":"instock","27":"taxable","28":"shipping-taxable","29":"purchasable","30":"product-type-simple"},"yoast_head":"<!-- This site is optimized with the Yoast SEO plugin v27.5 - https:\/\/yoast.com\/product\/yoast-seo-wordpress\/ -->\n<title>China FX 16&quot; Constantine Senfonic series - Galduria Drums<\/title>\n<meta name=\"description\" content=\"La Senfonic Series es una serie de acabado brillante con un martillado muy regular y sin surcos torneados, a eso le sumamos los agujeros para dar ese sonido\" \/>\n<meta name=\"robots\" content=\"index, follow, max-snippet:-1, max-image-preview:large, max-video-preview:-1\" \/>\n<link rel=\"canonical\" href=\"https:\/\/galduriadrums.com\/?product=china-fx-16-constantine-senfonic\" \/>\n<meta property=\"og:locale\" content=\"es_ES\" \/>\n<meta property=\"og:type\" content=\"article\" \/>\n<meta property=\"og:title\" content=\"China FX 16&quot; Constantine Senfonic series - Galduria Drums\" \/>\n<meta property=\"og:description\" content=\"La Senfonic Series es una serie de acabado brillante con un martillado muy regular y sin surcos torneados, a eso le sumamos los agujeros para dar ese sonido\" \/>\n<meta property=\"og:url\" content=\"https:\/\/galduriadrums.com\/?product=china-fx-16-constantine-senfonic\" \/>\n<meta property=\"og:site_name\" content=\"Galduria Drums\" \/>\n<meta property=\"article:modified_time\" content=\"2025-12-09T15:33:11+00:00\" \/>\n<meta property=\"og:image\" content=\"https:\/\/galduriadrums.com\/wp-content\/uploads\/2025\/12\/china-senfonic.png\" \/>\n\t<meta property=\"og:image:width\" content=\"907\" \/>\n\t<meta property=\"og:image:height\" content=\"907\" \/>\n\t<meta property=\"og:image:type\" content=\"image\/png\" \/>\n<meta name=\"twitter:card\" content=\"summary_large_image\" \/>\n<meta name=\"twitter:label1\" content=\"Tiempo de lectura\" \/>\n\t<meta name=\"twitter:data1\" content=\"1 minuto\" \/>\n<script type=\"application\/ld+json\" class=\"yoast-schema-graph\">{\"@context\":\"https:\\\/\\\/schema.org\",\"@graph\":[{\"@type\":\"WebPage\",\"@id\":\"https:\\\/\\\/galduriadrums.com\\\/?product=china-fx-16-constantine-senfonic\",\"url\":\"https:\\\/\\\/galduriadrums.com\\\/?product=china-fx-16-constantine-senfonic\",\"name\":\"China FX 16\\\" Constantine Senfonic series - Galduria Drums\",\"isPartOf\":{\"@id\":\"https:\\\/\\\/galduriadrums.com\\\/#website\"},\"primaryImageOfPage\":{\"@id\":\"https:\\\/\\\/galduriadrums.com\\\/?product=china-fx-16-constantine-senfonic#primaryimage\"},\"image\":{\"@id\":\"https:\\\/\\\/galduriadrums.com\\\/?product=china-fx-16-constantine-senfonic#primaryimage\"},\"thumbnailUrl\":\"https:\\\/\\\/galduriadrums.com\\\/wp-content\\\/uploads\\\/2025\\\/12\\\/china-senfonic.png\",\"datePublished\":\"2025-12-09T15:29:18+00:00\",\"dateModified\":\"2025-12-09T15:33:11+00:00\",\"description\":\"La Senfonic Series es una serie de acabado brillante con un martillado muy regular y sin surcos torneados, a eso le sumamos los agujeros para dar ese sonido\",\"breadcrumb\":{\"@id\":\"https:\\\/\\\/galduriadrums.com\\\/?product=china-fx-16-constantine-senfonic#breadcrumb\"},\"inLanguage\":\"es\",\"potentialAction\":[{\"@type\":\"ReadAction\",\"target\":[\"https:\\\/\\\/galduriadrums.com\\\/?product=china-fx-16-constantine-senfonic\"]}]},{\"@type\":\"ImageObject\",\"inLanguage\":\"es\",\"@id\":\"https:\\\/\\\/galduriadrums.com\\\/?product=china-fx-16-constantine-senfonic#primaryimage\",\"url\":\"https:\\\/\\\/galduriadrums.com\\\/wp-content\\\/uploads\\\/2025\\\/12\\\/china-senfonic.png\",\"contentUrl\":\"https:\\\/\\\/galduriadrums.com\\\/wp-content\\\/uploads\\\/2025\\\/12\\\/china-senfonic.png\",\"width\":907,\"height\":907},{\"@type\":\"BreadcrumbList\",\"@id\":\"https:\\\/\\\/galduriadrums.com\\\/?product=china-fx-16-constantine-senfonic#breadcrumb\",\"itemListElement\":[{\"@type\":\"ListItem\",\"position\":1,\"name\":\"Portada\",\"item\":\"https:\\\/\\\/galduriadrums.com\\\/\"},{\"@type\":\"ListItem\",\"position\":2,\"name\":\"Tienda\",\"item\":\"https:\\\/\\\/galduriadrums.com\\\/?page_id=6\"},{\"@type\":\"ListItem\",\"position\":3,\"name\":\"China FX 16&#8243; Constantine Senfonic series\"}]},{\"@type\":\"WebSite\",\"@id\":\"https:\\\/\\\/galduriadrums.com\\\/#website\",\"url\":\"https:\\\/\\\/galduriadrums.com\\\/\",\"name\":\"Galduria Drums\",\"description\":\"\",\"potentialAction\":[{\"@type\":\"SearchAction\",\"target\":{\"@type\":\"EntryPoint\",\"urlTemplate\":\"https:\\\/\\\/galduriadrums.com\\\/?s={search_term_string}\"},\"query-input\":{\"@type\":\"PropertyValueSpecification\",\"valueRequired\":true,\"valueName\":\"search_term_string\"}}],\"inLanguage\":\"es\"}]}<\/script>\n<!-- \/ Yoast SEO plugin. -->","yoast_head_json":{"title":"China FX 16\" Constantine Senfonic series - Galduria Drums","description":"La Senfonic Series es una serie de acabado brillante con un martillado muy regular y sin surcos torneados, a eso le sumamos los agujeros para dar ese sonido","robots":{"index":"index","follow":"follow","max-snippet":"max-snippet:-1","max-image-preview":"max-image-preview:large","max-video-preview":"max-video-preview:-1"},"canonical":"https:\/\/galduriadrums.com\/?product=china-fx-16-constantine-senfonic","og_locale":"es_ES","og_type":"article","og_title":"China FX 16\" Constantine Senfonic series - Galduria Drums","og_description":"La Senfonic Series es una serie de acabado brillante con un martillado muy regular y sin surcos torneados, a eso le sumamos los agujeros para dar ese sonido","og_url":"https:\/\/galduriadrums.com\/?product=china-fx-16-constantine-senfonic","og_site_name":"Galduria Drums","article_modified_time":"2025-12-09T15:33:11+00:00","og_image":[{"width":907,"height":907,"url":"https:\/\/galduriadrums.com\/wp-content\/uploads\/2025\/12\/china-senfonic.png","type":"image\/png"}],"twitter_card":"summary_large_image","twitter_misc":{"Tiempo de lectura":"1 minuto"},"schema":{"@context":"https:\/\/schema.org","@graph":[{"@type":"WebPage","@id":"https:\/\/galduriadrums.com\/?product=china-fx-16-constantine-senfonic","url":"https:\/\/galduriadrums.com\/?product=china-fx-16-constantine-senfonic","name":"China FX 16\" Constantine Senfonic series - Galduria Drums","isPartOf":{"@id":"https:\/\/galduriadrums.com\/#website"},"primaryImageOfPage":{"@id":"https:\/\/galduriadrums.com\/?product=china-fx-16-constantine-senfonic#primaryimage"},"image":{"@id":"https:\/\/galduriadrums.com\/?product=china-fx-16-constantine-senfonic#primaryimage"},"thumbnailUrl":"https:\/\/galduriadrums.com\/wp-content\/uploads\/2025\/12\/china-senfonic.png","datePublished":"2025-12-09T15:29:18+00:00","dateModified":"2025-12-09T15:33:11+00:00","description":"La Senfonic Series es una serie de acabado brillante con un martillado muy regular y sin surcos torneados, a eso le sumamos los agujeros para dar ese sonido","breadcrumb":{"@id":"https:\/\/galduriadrums.com\/?product=china-fx-16-constantine-senfonic#breadcrumb"},"inLanguage":"es","potentialAction":[{"@type":"ReadAction","target":["https:\/\/galduriadrums.com\/?product=china-fx-16-constantine-senfonic"]}]},{"@type":"ImageObject","inLanguage":"es","@id":"https:\/\/galduriadrums.com\/?product=china-fx-16-constantine-senfonic#primaryimage","url":"https:\/\/galduriadrums.com\/wp-content\/uploads\/2025\/12\/china-senfonic.png","contentUrl":"https:\/\/galduriadrums.com\/wp-content\/uploads\/2025\/12\/china-senfonic.png","width":907,"height":907},{"@type":"BreadcrumbList","@id":"https:\/\/galduriadrums.com\/?product=china-fx-16-constantine-senfonic#breadcrumb","itemListElement":[{"@type":"ListItem","position":1,"name":"Portada","item":"https:\/\/galduriadrums.com\/"},{"@type":"ListItem","position":2,"name":"Tienda","item":"https:\/\/galduriadrums.com\/?page_id=6"},{"@type":"ListItem","position":3,"name":"China FX 16&#8243; Constantine Senfonic series"}]},{"@type":"WebSite","@id":"https:\/\/galduriadrums.com\/#website","url":"https:\/\/galduriadrums.com\/","name":"Galduria Drums","description":"","potentialAction":[{"@type":"SearchAction","target":{"@type":"EntryPoint","urlTemplate":"https:\/\/galduriadrums.com\/?s={search_term_string}"},"query-input":{"@type":"PropertyValueSpecification","valueRequired":true,"valueName":"search_term_string"}}],"inLanguage":"es"}]}},"jetpack_publicize_connections":[],"jetpack_sharing_enabled":true,"_links":{"self":[{"href":"https:\/\/galduriadrums.com\/index.php?rest_route=\/wp\/v2\/product\/1162","targetHints":{"allow":["GET"]}}],"collection":[{"href":"https:\/\/galduriadrums.com\/index.php?rest_route=\/wp\/v2\/product"}],"about":[{"href":"https:\/\/galduriadrums.com\/index.php?rest_route=\/wp\/v2\/types\/product"}],"replies":[{"embeddable":true,"href":"https:\/\/galduriadrums.com\/index.php?rest_route=%2Fwp%2Fv2%2Fcomments&post=1162"}],"wp:featuredmedia":[{"embeddable":true,"href":"https:\/\/galduriadrums.com\/index.php?rest_route=\/wp\/v2\/media\/1163"}],"wp:attachment":[{"href":"https:\/\/galduriadrums.com\/index.php?rest_route=%2Fwp%2Fv2%2Fmedia&parent=1162"}],"wp:term":[{"taxonomy":"product_brand","embeddable":true,"href":"https:\/\/galduriadrums.com\/index.php?rest_route=%2Fwp%2Fv2%2Fproduct_brand&post=1162"},{"taxonomy":"product_cat","embeddable":true,"href":"https:\/\/galduriadrums.com\/index.php?rest_route=%2Fwp%2Fv2%2Fproduct_cat&post=1162"},{"taxonomy":"product_tag","embeddable":true,"href":"https:\/\/galduriadrums.com\/index.php?rest_route=%2Fwp%2Fv2%2Fproduct_tag&post=1162"}],"curies":[{"name":"wp","href":"https:\/\/api.w.org\/{rel}","templated":true}]}}