{"id":116,"date":"2025-11-09T11:07:02","date_gmt":"2025-11-09T11:07:02","guid":{"rendered":"https:\/\/galduriadrums.com\/?post_type=product&#038;p=116"},"modified":"2025-11-25T22:19:21","modified_gmt":"2025-11-25T22:19:21","slug":"andromeda-clear-6","status":"publish","type":"product","link":"https:\/\/galduriadrums.com\/?product=andromeda-clear-6","title":{"rendered":"Andromeda Clear 6&#8243;"},"content":{"rendered":"<p>ANDROMEDA es nuestra serie m\u00e1s vers\u00e1til, con una sola capa de 10 mil\u00e9simas de pulgada de grosor. Ofrece un tono c\u00e1lido y abierto, realzando el sonido aut\u00e9ntico del casco. Gracias a su excelente rango de afinaci\u00f3n y versatilidad, permite obtener una amplia gama de tonos, desde oscuros hasta brillantes. ANDROMEDA est\u00e1 disponible en versiones transparente (clear) y rugosa (coated).<\/p>\n","protected":false},"excerpt":{"rendered":"<p>ANDROMEDA es nuestra serie m\u00e1s vers\u00e1til, con una sola capa de 10 mil\u00e9simas de pulgada de grosor. Ofrece un tono c\u00e1lido y abierto, realzando el sonido aut\u00e9ntico del casco. Gracias a su excelente rango de afinaci\u00f3n y versatilidad, permite obtener una amplia gama de tonos, desde oscuros hasta brillantes. ANDROMEDA est\u00e1 disponible en versiones transparente [&hellip;]<\/p>\n","protected":false},"featured_media":184,"comment_status":"open","ping_status":"closed","template":"","meta":{"jetpack_publicize_message":"","jetpack_publicize_feature_enabled":true,"jetpack_social_post_already_shared":false,"jetpack_social_options":{"image_generator_settings":{"template":"highway","default_image_id":0,"font":"","enabled":false},"version":2}},"product_brand":[94],"product_cat":[35,136,137],"product_tag":[60,59,61],"class_list":{"0":"post-116","1":"product","2":"type-product","3":"status-publish","4":"has-post-thumbnail","6":"product_brand-blue-drum-heads","7":"product_cat-andromeda-clear","8":"product_cat-parches-de-toms","9":"product_cat-resonantes-de-toms","10":"product_tag-andromeda-clear","11":"product_tag-blue-drums","12":"product_tag-parche","13":"pa_cantidad-de-capas-1-ply-10-mil","14":"pa_series-de-parches-andromeda-clear","15":"pa_tamano-parches-6-inch","16":"pa_tipos-parches-parches-toms","17":"pa_tipos-parches-resonantes-toms","19":"first","20":"instock","21":"taxable","22":"shipping-taxable","23":"purchasable","24":"product-type-simple"},"yoast_head":"<!-- This site is optimized with the Yoast SEO plugin v27.5 - https:\/\/yoast.com\/product\/yoast-seo-wordpress\/ -->\n<title>Andromeda Clear 6&quot; - Galduria Drums<\/title>\n<meta name=\"description\" content=\"ANDROMEDA es nuestra serie m\u00e1s vers\u00e1til, con una sola capa de 10 mil\u00e9simas de pulgada de grosor. Ofrece un tono c\u00e1lido y abierto\" \/>\n<meta name=\"robots\" content=\"index, follow, max-snippet:-1, max-image-preview:large, max-video-preview:-1\" \/>\n<link rel=\"canonical\" href=\"https:\/\/galduriadrums.com\/?product=andromeda-clear-6\" \/>\n<meta property=\"og:locale\" content=\"es_ES\" \/>\n<meta property=\"og:type\" content=\"article\" \/>\n<meta property=\"og:title\" content=\"Andromeda Clear 6&quot; - Galduria Drums\" \/>\n<meta property=\"og:description\" content=\"ANDROMEDA es nuestra serie m\u00e1s vers\u00e1til, con una sola capa de 10 mil\u00e9simas de pulgada de grosor. Ofrece un tono c\u00e1lido y abierto\" \/>\n<meta property=\"og:url\" content=\"https:\/\/galduriadrums.com\/?product=andromeda-clear-6\" \/>\n<meta property=\"og:site_name\" content=\"Galduria Drums\" \/>\n<meta property=\"article:modified_time\" content=\"2025-11-25T22:19:21+00:00\" \/>\n<meta property=\"og:image\" content=\"https:\/\/galduriadrums.com\/wp-content\/uploads\/2025\/11\/ANDROMEDA-CLEAR-scaled.webp\" \/>\n\t<meta property=\"og:image:width\" content=\"1920\" \/>\n\t<meta property=\"og:image:height\" content=\"1898\" \/>\n\t<meta property=\"og:image:type\" content=\"image\/webp\" \/>\n<meta name=\"twitter:card\" content=\"summary_large_image\" \/>\n<meta name=\"twitter:label1\" content=\"Tiempo de lectura\" \/>\n\t<meta name=\"twitter:data1\" content=\"1 minuto\" \/>\n<script type=\"application\/ld+json\" class=\"yoast-schema-graph\">{\"@context\":\"https:\\\/\\\/schema.org\",\"@graph\":[{\"@type\":\"WebPage\",\"@id\":\"https:\\\/\\\/galduriadrums.com\\\/?product=andromeda-clear-6\",\"url\":\"https:\\\/\\\/galduriadrums.com\\\/?product=andromeda-clear-6\",\"name\":\"Andromeda Clear 6\\\" - Galduria Drums\",\"isPartOf\":{\"@id\":\"https:\\\/\\\/galduriadrums.com\\\/#website\"},\"primaryImageOfPage\":{\"@id\":\"https:\\\/\\\/galduriadrums.com\\\/?product=andromeda-clear-6#primaryimage\"},\"image\":{\"@id\":\"https:\\\/\\\/galduriadrums.com\\\/?product=andromeda-clear-6#primaryimage\"},\"thumbnailUrl\":\"https:\\\/\\\/galduriadrums.com\\\/wp-content\\\/uploads\\\/2025\\\/11\\\/ANDROMEDA-CLEAR-scaled.webp\",\"datePublished\":\"2025-11-09T11:07:02+00:00\",\"dateModified\":\"2025-11-25T22:19:21+00:00\",\"description\":\"ANDROMEDA es nuestra serie m\u00e1s vers\u00e1til, con una sola capa de 10 mil\u00e9simas de pulgada de grosor. Ofrece un tono c\u00e1lido y abierto\",\"breadcrumb\":{\"@id\":\"https:\\\/\\\/galduriadrums.com\\\/?product=andromeda-clear-6#breadcrumb\"},\"inLanguage\":\"es\",\"potentialAction\":[{\"@type\":\"ReadAction\",\"target\":[\"https:\\\/\\\/galduriadrums.com\\\/?product=andromeda-clear-6\"]}]},{\"@type\":\"ImageObject\",\"inLanguage\":\"es\",\"@id\":\"https:\\\/\\\/galduriadrums.com\\\/?product=andromeda-clear-6#primaryimage\",\"url\":\"https:\\\/\\\/galduriadrums.com\\\/wp-content\\\/uploads\\\/2025\\\/11\\\/ANDROMEDA-CLEAR-scaled.webp\",\"contentUrl\":\"https:\\\/\\\/galduriadrums.com\\\/wp-content\\\/uploads\\\/2025\\\/11\\\/ANDROMEDA-CLEAR-scaled.webp\",\"width\":1920,\"height\":1898},{\"@type\":\"BreadcrumbList\",\"@id\":\"https:\\\/\\\/galduriadrums.com\\\/?product=andromeda-clear-6#breadcrumb\",\"itemListElement\":[{\"@type\":\"ListItem\",\"position\":1,\"name\":\"Portada\",\"item\":\"https:\\\/\\\/galduriadrums.com\\\/\"},{\"@type\":\"ListItem\",\"position\":2,\"name\":\"Tienda\",\"item\":\"https:\\\/\\\/galduriadrums.com\\\/?page_id=6\"},{\"@type\":\"ListItem\",\"position\":3,\"name\":\"Andromeda Clear 6&#8243;\"}]},{\"@type\":\"WebSite\",\"@id\":\"https:\\\/\\\/galduriadrums.com\\\/#website\",\"url\":\"https:\\\/\\\/galduriadrums.com\\\/\",\"name\":\"Galduria Drums\",\"description\":\"\",\"potentialAction\":[{\"@type\":\"SearchAction\",\"target\":{\"@type\":\"EntryPoint\",\"urlTemplate\":\"https:\\\/\\\/galduriadrums.com\\\/?s={search_term_string}\"},\"query-input\":{\"@type\":\"PropertyValueSpecification\",\"valueRequired\":true,\"valueName\":\"search_term_string\"}}],\"inLanguage\":\"es\"}]}<\/script>\n<!-- \/ Yoast SEO plugin. -->","yoast_head_json":{"title":"Andromeda Clear 6\" - Galduria Drums","description":"ANDROMEDA es nuestra serie m\u00e1s vers\u00e1til, con una sola capa de 10 mil\u00e9simas de pulgada de grosor. Ofrece un tono c\u00e1lido y abierto","robots":{"index":"index","follow":"follow","max-snippet":"max-snippet:-1","max-image-preview":"max-image-preview:large","max-video-preview":"max-video-preview:-1"},"canonical":"https:\/\/galduriadrums.com\/?product=andromeda-clear-6","og_locale":"es_ES","og_type":"article","og_title":"Andromeda Clear 6\" - Galduria Drums","og_description":"ANDROMEDA es nuestra serie m\u00e1s vers\u00e1til, con una sola capa de 10 mil\u00e9simas de pulgada de grosor. Ofrece un tono c\u00e1lido y abierto","og_url":"https:\/\/galduriadrums.com\/?product=andromeda-clear-6","og_site_name":"Galduria Drums","article_modified_time":"2025-11-25T22:19:21+00:00","og_image":[{"width":1920,"height":1898,"url":"https:\/\/galduriadrums.com\/wp-content\/uploads\/2025\/11\/ANDROMEDA-CLEAR-scaled.webp","type":"image\/webp"}],"twitter_card":"summary_large_image","twitter_misc":{"Tiempo de lectura":"1 minuto"},"schema":{"@context":"https:\/\/schema.org","@graph":[{"@type":"WebPage","@id":"https:\/\/galduriadrums.com\/?product=andromeda-clear-6","url":"https:\/\/galduriadrums.com\/?product=andromeda-clear-6","name":"Andromeda Clear 6\" - Galduria Drums","isPartOf":{"@id":"https:\/\/galduriadrums.com\/#website"},"primaryImageOfPage":{"@id":"https:\/\/galduriadrums.com\/?product=andromeda-clear-6#primaryimage"},"image":{"@id":"https:\/\/galduriadrums.com\/?product=andromeda-clear-6#primaryimage"},"thumbnailUrl":"https:\/\/galduriadrums.com\/wp-content\/uploads\/2025\/11\/ANDROMEDA-CLEAR-scaled.webp","datePublished":"2025-11-09T11:07:02+00:00","dateModified":"2025-11-25T22:19:21+00:00","description":"ANDROMEDA es nuestra serie m\u00e1s vers\u00e1til, con una sola capa de 10 mil\u00e9simas de pulgada de grosor. Ofrece un tono c\u00e1lido y abierto","breadcrumb":{"@id":"https:\/\/galduriadrums.com\/?product=andromeda-clear-6#breadcrumb"},"inLanguage":"es","potentialAction":[{"@type":"ReadAction","target":["https:\/\/galduriadrums.com\/?product=andromeda-clear-6"]}]},{"@type":"ImageObject","inLanguage":"es","@id":"https:\/\/galduriadrums.com\/?product=andromeda-clear-6#primaryimage","url":"https:\/\/galduriadrums.com\/wp-content\/uploads\/2025\/11\/ANDROMEDA-CLEAR-scaled.webp","contentUrl":"https:\/\/galduriadrums.com\/wp-content\/uploads\/2025\/11\/ANDROMEDA-CLEAR-scaled.webp","width":1920,"height":1898},{"@type":"BreadcrumbList","@id":"https:\/\/galduriadrums.com\/?product=andromeda-clear-6#breadcrumb","itemListElement":[{"@type":"ListItem","position":1,"name":"Portada","item":"https:\/\/galduriadrums.com\/"},{"@type":"ListItem","position":2,"name":"Tienda","item":"https:\/\/galduriadrums.com\/?page_id=6"},{"@type":"ListItem","position":3,"name":"Andromeda Clear 6&#8243;"}]},{"@type":"WebSite","@id":"https:\/\/galduriadrums.com\/#website","url":"https:\/\/galduriadrums.com\/","name":"Galduria Drums","description":"","potentialAction":[{"@type":"SearchAction","target":{"@type":"EntryPoint","urlTemplate":"https:\/\/galduriadrums.com\/?s={search_term_string}"},"query-input":{"@type":"PropertyValueSpecification","valueRequired":true,"valueName":"search_term_string"}}],"inLanguage":"es"}]}},"jetpack_publicize_connections":[],"jetpack_sharing_enabled":true,"_links":{"self":[{"href":"https:\/\/galduriadrums.com\/index.php?rest_route=\/wp\/v2\/product\/116","targetHints":{"allow":["GET"]}}],"collection":[{"href":"https:\/\/galduriadrums.com\/index.php?rest_route=\/wp\/v2\/product"}],"about":[{"href":"https:\/\/galduriadrums.com\/index.php?rest_route=\/wp\/v2\/types\/product"}],"replies":[{"embeddable":true,"href":"https:\/\/galduriadrums.com\/index.php?rest_route=%2Fwp%2Fv2%2Fcomments&post=116"}],"wp:featuredmedia":[{"embeddable":true,"href":"https:\/\/galduriadrums.com\/index.php?rest_route=\/wp\/v2\/media\/184"}],"wp:attachment":[{"href":"https:\/\/galduriadrums.com\/index.php?rest_route=%2Fwp%2Fv2%2Fmedia&parent=116"}],"wp:term":[{"taxonomy":"product_brand","embeddable":true,"href":"https:\/\/galduriadrums.com\/index.php?rest_route=%2Fwp%2Fv2%2Fproduct_brand&post=116"},{"taxonomy":"product_cat","embeddable":true,"href":"https:\/\/galduriadrums.com\/index.php?rest_route=%2Fwp%2Fv2%2Fproduct_cat&post=116"},{"taxonomy":"product_tag","embeddable":true,"href":"https:\/\/galduriadrums.com\/index.php?rest_route=%2Fwp%2Fv2%2Fproduct_tag&post=116"}],"curies":[{"name":"wp","href":"https:\/\/api.w.org\/{rel}","templated":true}]}}