{"id":1132,"date":"2025-11-29T09:50:42","date_gmt":"2025-11-29T09:50:42","guid":{"rendered":"https:\/\/galduriadrums.com\/?post_type=product&#038;p=1132"},"modified":"2026-01-26T21:56:43","modified_gmt":"2026-01-26T21:56:43","slug":"hc6-6-chrome-hole-reinforcement-system","status":"publish","type":"product","link":"https:\/\/galduriadrums.com\/?product=hc6-6-chrome-hole-reinforcement-system","title":{"rendered":"HC6 &#8211; 6&#8243; Chrome Hole Reinforcement System"},"content":{"rendered":"<pre id=\"tw-target-text\" class=\"tw-data-text tw-text-large tw-ta\" dir=\"ltr\" tabindex=\"-1\" role=\"text\" data-placeholder=\"Traducci\u00f3n\" data-ved=\"2ahUKEwitkrLrgZeRAxUzU6QEHVU4O3AQ3ewLegQIDBAV\" aria-label=\"Texto traducido: Los Bass Drum O's originales. \u00a1F\u00e1ciles de instalar y perfectos para personalizar el parche resonante de tu bombo!\r\n\r\n\u00bfC\u00f3mo instalar tus Bass Drum O's?\r\n1- Con un bol\u00edgrafo, dibuja la l\u00ednea del anillo hembra donde quieres colocar los O's en el parche.\r\n2- Usa el cortador de Bass Drum O's o un cortador est\u00e1ndar y corta el parche siguiendo la l\u00ednea que dibujaste.\r\n3- Lava el parche con el hisopo con alcohol incluido.\r\n4- Coloca el anillo macho en la parte exterior del parche despu\u00e9s de retirar la protecci\u00f3n adhesiva.\r\n5- Retira la protecci\u00f3n adhesiva de la parte hembra y col\u00f3cala sobre la parte macho. Aseg\u00farate de insertarla debajo del borde de la parte macho; puedes usar un destornillador plano. \u00a1Listo, as\u00ed de f\u00e1cil!\"><span class=\"Y2IQFc\" lang=\"es\">Los Bass Drum O's originales. \u00a1F\u00e1ciles de instalar y perfectos para personalizar el parche resonante de tu bombo!\r\n\r\n\u00bfC\u00f3mo instalar tus Bass Drum O's?\r\n1- Con un bol\u00edgrafo, dibuja la l\u00ednea del anillo hembra donde quieres colocar los O's en el parche.\r\n2- Usa el cortador de Bass Drum O's o un cortador est\u00e1ndar y corta el parche siguiendo la l\u00ednea que dibujaste.\r\n3- Lava el parche con el hisopo con alcohol incluido.\r\n4- Coloca el anillo macho en la parte exterior del parche despu\u00e9s de retirar la protecci\u00f3n adhesiva.\r\n5- Retira la protecci\u00f3n adhesiva de la parte hembra y col\u00f3cala sobre la parte macho. Aseg\u00farate de insertarla debajo del borde de la parte macho; puedes usar un destornillador plano. \u00a1Listo, as\u00ed de f\u00e1cil!<\/span><\/pre>\n","protected":false},"excerpt":{"rendered":"<p>Los Bass Drum O&#8217;s originales. \u00a1F\u00e1ciles de instalar y perfectos para personalizar el parche resonante de tu bombo! \u00bfC\u00f3mo instalar tus Bass Drum O&#8217;s? 1- Con un bol\u00edgrafo, dibuja la l\u00ednea del anillo hembra donde quieres colocar los O&#8217;s en el parche. 2- Usa el cortador de Bass Drum O&#8217;s o un cortador est\u00e1ndar y [&hellip;]<\/p>\n","protected":false},"featured_media":1133,"comment_status":"open","ping_status":"closed","template":"","meta":{"jetpack_publicize_message":"","jetpack_publicize_feature_enabled":true,"jetpack_social_post_already_shared":true,"jetpack_social_options":{"image_generator_settings":{"template":"highway","default_image_id":0,"font":"","enabled":false},"version":2}},"product_brand":[251],"product_cat":[34],"product_tag":[],"class_list":{"0":"post-1132","1":"product","2":"type-product","3":"status-publish","4":"has-post-thumbnail","6":"product_brand-bass-drum-os","7":"product_cat-drum-parts","9":"first","10":"instock","11":"taxable","12":"shipping-taxable","13":"purchasable","14":"product-type-simple"},"yoast_head":"<!-- This site is optimized with the Yoast SEO plugin v27.5 - https:\/\/yoast.com\/product\/yoast-seo-wordpress\/ -->\n<title>HC6 - 6&quot; Chrome Hole Reinforcement System - Galduria Drums<\/title>\n<meta name=\"description\" content=\"Los Bass Drum O&#039;s originales. \u00a1F\u00e1ciles de instalar y perfectos para personalizar el parche resonante de tu bombo!\u00bfC\u00f3mo instalar tus Bass Drum O&#039;s?\" \/>\n<meta name=\"robots\" content=\"index, follow, max-snippet:-1, max-image-preview:large, max-video-preview:-1\" \/>\n<link rel=\"canonical\" href=\"https:\/\/galduriadrums.com\/?product=hc6-6-chrome-hole-reinforcement-system\" \/>\n<meta property=\"og:locale\" content=\"es_ES\" \/>\n<meta property=\"og:type\" content=\"article\" \/>\n<meta property=\"og:title\" content=\"HC6 - 6&quot; Chrome Hole Reinforcement System - Galduria Drums\" \/>\n<meta property=\"og:description\" content=\"Los Bass Drum O&#039;s originales. \u00a1F\u00e1ciles de instalar y perfectos para personalizar el parche resonante de tu bombo!\u00bfC\u00f3mo instalar tus Bass Drum O&#039;s?\" \/>\n<meta property=\"og:url\" content=\"https:\/\/galduriadrums.com\/?product=hc6-6-chrome-hole-reinforcement-system\" \/>\n<meta property=\"og:site_name\" content=\"Galduria Drums\" \/>\n<meta property=\"article:modified_time\" content=\"2026-01-26T21:56:43+00:00\" \/>\n<meta property=\"og:image\" content=\"https:\/\/galduriadrums.com\/wp-content\/uploads\/2025\/11\/hc6-6-chrome-hole-reinforcement-system.jpg\" \/>\n\t<meta property=\"og:image:width\" content=\"765\" \/>\n\t<meta property=\"og:image:height\" content=\"765\" \/>\n\t<meta property=\"og:image:type\" content=\"image\/jpeg\" \/>\n<meta name=\"twitter:card\" content=\"summary_large_image\" \/>\n<meta name=\"twitter:label1\" content=\"Tiempo de lectura\" \/>\n\t<meta name=\"twitter:data1\" content=\"1 minuto\" \/>\n<script type=\"application\/ld+json\" class=\"yoast-schema-graph\">{\"@context\":\"https:\\\/\\\/schema.org\",\"@graph\":[{\"@type\":\"WebPage\",\"@id\":\"https:\\\/\\\/galduriadrums.com\\\/?product=hc6-6-chrome-hole-reinforcement-system\",\"url\":\"https:\\\/\\\/galduriadrums.com\\\/?product=hc6-6-chrome-hole-reinforcement-system\",\"name\":\"HC6 - 6\\\" Chrome Hole Reinforcement System - Galduria Drums\",\"isPartOf\":{\"@id\":\"https:\\\/\\\/galduriadrums.com\\\/#website\"},\"primaryImageOfPage\":{\"@id\":\"https:\\\/\\\/galduriadrums.com\\\/?product=hc6-6-chrome-hole-reinforcement-system#primaryimage\"},\"image\":{\"@id\":\"https:\\\/\\\/galduriadrums.com\\\/?product=hc6-6-chrome-hole-reinforcement-system#primaryimage\"},\"thumbnailUrl\":\"https:\\\/\\\/galduriadrums.com\\\/wp-content\\\/uploads\\\/2025\\\/11\\\/hc6-6-chrome-hole-reinforcement-system.jpg\",\"datePublished\":\"2025-11-29T09:50:42+00:00\",\"dateModified\":\"2026-01-26T21:56:43+00:00\",\"description\":\"Los Bass Drum O's originales. \u00a1F\u00e1ciles de instalar y perfectos para personalizar el parche resonante de tu bombo!\u00bfC\u00f3mo instalar tus Bass Drum O's?\",\"breadcrumb\":{\"@id\":\"https:\\\/\\\/galduriadrums.com\\\/?product=hc6-6-chrome-hole-reinforcement-system#breadcrumb\"},\"inLanguage\":\"es\",\"potentialAction\":[{\"@type\":\"ReadAction\",\"target\":[\"https:\\\/\\\/galduriadrums.com\\\/?product=hc6-6-chrome-hole-reinforcement-system\"]}]},{\"@type\":\"ImageObject\",\"inLanguage\":\"es\",\"@id\":\"https:\\\/\\\/galduriadrums.com\\\/?product=hc6-6-chrome-hole-reinforcement-system#primaryimage\",\"url\":\"https:\\\/\\\/galduriadrums.com\\\/wp-content\\\/uploads\\\/2025\\\/11\\\/hc6-6-chrome-hole-reinforcement-system.jpg\",\"contentUrl\":\"https:\\\/\\\/galduriadrums.com\\\/wp-content\\\/uploads\\\/2025\\\/11\\\/hc6-6-chrome-hole-reinforcement-system.jpg\",\"width\":765,\"height\":765},{\"@type\":\"BreadcrumbList\",\"@id\":\"https:\\\/\\\/galduriadrums.com\\\/?product=hc6-6-chrome-hole-reinforcement-system#breadcrumb\",\"itemListElement\":[{\"@type\":\"ListItem\",\"position\":1,\"name\":\"Portada\",\"item\":\"https:\\\/\\\/galduriadrums.com\\\/\"},{\"@type\":\"ListItem\",\"position\":2,\"name\":\"Tienda\",\"item\":\"https:\\\/\\\/galduriadrums.com\\\/?page_id=6\"},{\"@type\":\"ListItem\",\"position\":3,\"name\":\"HC6 &#8211; 6&#8243; Chrome Hole Reinforcement System\"}]},{\"@type\":\"WebSite\",\"@id\":\"https:\\\/\\\/galduriadrums.com\\\/#website\",\"url\":\"https:\\\/\\\/galduriadrums.com\\\/\",\"name\":\"Galduria Drums\",\"description\":\"\",\"potentialAction\":[{\"@type\":\"SearchAction\",\"target\":{\"@type\":\"EntryPoint\",\"urlTemplate\":\"https:\\\/\\\/galduriadrums.com\\\/?s={search_term_string}\"},\"query-input\":{\"@type\":\"PropertyValueSpecification\",\"valueRequired\":true,\"valueName\":\"search_term_string\"}}],\"inLanguage\":\"es\"}]}<\/script>\n<!-- \/ Yoast SEO plugin. -->","yoast_head_json":{"title":"HC6 - 6\" Chrome Hole Reinforcement System - Galduria Drums","description":"Los Bass Drum O's originales. \u00a1F\u00e1ciles de instalar y perfectos para personalizar el parche resonante de tu bombo!\u00bfC\u00f3mo instalar tus Bass Drum O's?","robots":{"index":"index","follow":"follow","max-snippet":"max-snippet:-1","max-image-preview":"max-image-preview:large","max-video-preview":"max-video-preview:-1"},"canonical":"https:\/\/galduriadrums.com\/?product=hc6-6-chrome-hole-reinforcement-system","og_locale":"es_ES","og_type":"article","og_title":"HC6 - 6\" Chrome Hole Reinforcement System - Galduria Drums","og_description":"Los Bass Drum O's originales. \u00a1F\u00e1ciles de instalar y perfectos para personalizar el parche resonante de tu bombo!\u00bfC\u00f3mo instalar tus Bass Drum O's?","og_url":"https:\/\/galduriadrums.com\/?product=hc6-6-chrome-hole-reinforcement-system","og_site_name":"Galduria Drums","article_modified_time":"2026-01-26T21:56:43+00:00","og_image":[{"width":765,"height":765,"url":"https:\/\/galduriadrums.com\/wp-content\/uploads\/2025\/11\/hc6-6-chrome-hole-reinforcement-system.jpg","type":"image\/jpeg"}],"twitter_card":"summary_large_image","twitter_misc":{"Tiempo de lectura":"1 minuto"},"schema":{"@context":"https:\/\/schema.org","@graph":[{"@type":"WebPage","@id":"https:\/\/galduriadrums.com\/?product=hc6-6-chrome-hole-reinforcement-system","url":"https:\/\/galduriadrums.com\/?product=hc6-6-chrome-hole-reinforcement-system","name":"HC6 - 6\" Chrome Hole Reinforcement System - Galduria Drums","isPartOf":{"@id":"https:\/\/galduriadrums.com\/#website"},"primaryImageOfPage":{"@id":"https:\/\/galduriadrums.com\/?product=hc6-6-chrome-hole-reinforcement-system#primaryimage"},"image":{"@id":"https:\/\/galduriadrums.com\/?product=hc6-6-chrome-hole-reinforcement-system#primaryimage"},"thumbnailUrl":"https:\/\/galduriadrums.com\/wp-content\/uploads\/2025\/11\/hc6-6-chrome-hole-reinforcement-system.jpg","datePublished":"2025-11-29T09:50:42+00:00","dateModified":"2026-01-26T21:56:43+00:00","description":"Los Bass Drum O's originales. \u00a1F\u00e1ciles de instalar y perfectos para personalizar el parche resonante de tu bombo!\u00bfC\u00f3mo instalar tus Bass Drum O's?","breadcrumb":{"@id":"https:\/\/galduriadrums.com\/?product=hc6-6-chrome-hole-reinforcement-system#breadcrumb"},"inLanguage":"es","potentialAction":[{"@type":"ReadAction","target":["https:\/\/galduriadrums.com\/?product=hc6-6-chrome-hole-reinforcement-system"]}]},{"@type":"ImageObject","inLanguage":"es","@id":"https:\/\/galduriadrums.com\/?product=hc6-6-chrome-hole-reinforcement-system#primaryimage","url":"https:\/\/galduriadrums.com\/wp-content\/uploads\/2025\/11\/hc6-6-chrome-hole-reinforcement-system.jpg","contentUrl":"https:\/\/galduriadrums.com\/wp-content\/uploads\/2025\/11\/hc6-6-chrome-hole-reinforcement-system.jpg","width":765,"height":765},{"@type":"BreadcrumbList","@id":"https:\/\/galduriadrums.com\/?product=hc6-6-chrome-hole-reinforcement-system#breadcrumb","itemListElement":[{"@type":"ListItem","position":1,"name":"Portada","item":"https:\/\/galduriadrums.com\/"},{"@type":"ListItem","position":2,"name":"Tienda","item":"https:\/\/galduriadrums.com\/?page_id=6"},{"@type":"ListItem","position":3,"name":"HC6 &#8211; 6&#8243; Chrome Hole Reinforcement System"}]},{"@type":"WebSite","@id":"https:\/\/galduriadrums.com\/#website","url":"https:\/\/galduriadrums.com\/","name":"Galduria Drums","description":"","potentialAction":[{"@type":"SearchAction","target":{"@type":"EntryPoint","urlTemplate":"https:\/\/galduriadrums.com\/?s={search_term_string}"},"query-input":{"@type":"PropertyValueSpecification","valueRequired":true,"valueName":"search_term_string"}}],"inLanguage":"es"}]}},"jetpack_publicize_connections":[],"jetpack_sharing_enabled":true,"_links":{"self":[{"href":"https:\/\/galduriadrums.com\/index.php?rest_route=\/wp\/v2\/product\/1132","targetHints":{"allow":["GET"]}}],"collection":[{"href":"https:\/\/galduriadrums.com\/index.php?rest_route=\/wp\/v2\/product"}],"about":[{"href":"https:\/\/galduriadrums.com\/index.php?rest_route=\/wp\/v2\/types\/product"}],"replies":[{"embeddable":true,"href":"https:\/\/galduriadrums.com\/index.php?rest_route=%2Fwp%2Fv2%2Fcomments&post=1132"}],"wp:featuredmedia":[{"embeddable":true,"href":"https:\/\/galduriadrums.com\/index.php?rest_route=\/wp\/v2\/media\/1133"}],"wp:attachment":[{"href":"https:\/\/galduriadrums.com\/index.php?rest_route=%2Fwp%2Fv2%2Fmedia&parent=1132"}],"wp:term":[{"taxonomy":"product_brand","embeddable":true,"href":"https:\/\/galduriadrums.com\/index.php?rest_route=%2Fwp%2Fv2%2Fproduct_brand&post=1132"},{"taxonomy":"product_cat","embeddable":true,"href":"https:\/\/galduriadrums.com\/index.php?rest_route=%2Fwp%2Fv2%2Fproduct_cat&post=1132"},{"taxonomy":"product_tag","embeddable":true,"href":"https:\/\/galduriadrums.com\/index.php?rest_route=%2Fwp%2Fv2%2Fproduct_tag&post=1132"}],"curies":[{"name":"wp","href":"https:\/\/api.w.org\/{rel}","templated":true}]}}