{"id":1120,"date":"2025-11-29T09:21:11","date_gmt":"2025-11-29T09:21:11","guid":{"rendered":"https:\/\/galduriadrums.com\/?post_type=product&#038;p=1120"},"modified":"2025-11-29T09:21:11","modified_gmt":"2025-11-29T09:21:11","slug":"bds-rb1-bass-drum-spurs-rubber","status":"publish","type":"product","link":"https:\/\/galduriadrums.com\/?product=bds-rb1-bass-drum-spurs-rubber","title":{"rendered":"BDS-RB1 &#8211; Bass Drum Spurs Rubber &#8211; Threaded (x2)"},"content":{"rendered":"<div id=\"tw-target-text-container\" class=\"tw-ta-container tw-nfl\" tabindex=\"0\" role=\"text\">\n<pre id=\"tw-target-text\" class=\"tw-data-text tw-text-large tw-ta\" dir=\"ltr\" tabindex=\"-1\" role=\"text\" data-placeholder=\"Traducci\u00f3n\" data-ved=\"2ahUKEwitkrLrgZeRAxUzU6QEHVU4O3AQ3ewLegQIDBAV\" aria-label=\"Texto traducido: Goma universal con rosca para pata de bombo\r\n\r\nEspecificaciones t\u00e9cnicas:\r\n- Goma con rosca est\u00e1ndar - Compatible con la mayor\u00eda de las espuelas de bombo\r\n- Dimensiones: 32 mm - 31 mm de di\u00e1metro\r\n- Paquete de 2 unidades\"><span class=\"Y2IQFc\" lang=\"es\">Goma universal con rosca para pata de bombo\r\n\r\nEspecificaciones t\u00e9cnicas:\r\n- Goma con rosca est\u00e1ndar - Compatible con la mayor\u00eda de las espuelas de bombo\r\n- Dimensiones: 32 mm - 31 mm de di\u00e1metro\r\n- Paquete de 2 unidades<\/span><\/pre>\n<\/div>\n<div id=\"tw-target-rmn-container\" class=\"tw-target-rmn tw-ta-container tw-nfl\" tabindex=\"-1\" role=\"text\">\n<pre id=\"tw-target-rmn\" class=\"tw-data-placeholder tw-text-small tw-ta\" dir=\"ltr\" tabindex=\"-1\" role=\"text\" data-placeholder=\"\"><\/pre>\n<\/div>\n<div class=\"iYB33c\">\n<div id=\"tw-tmenu\" class=\"tw-menu\"><\/div>\n<\/div>\n","protected":false},"excerpt":{"rendered":"<p>Goma universal con rosca para pata de bombo Especificaciones t\u00e9cnicas: &#8211; Goma con rosca est\u00e1ndar &#8211; Compatible con la mayor\u00eda de las espuelas de bombo &#8211; Dimensiones: 32 mm &#8211; 31 mm de di\u00e1metro &#8211; Paquete de 2 unidades<\/p>\n","protected":false},"featured_media":1121,"comment_status":"open","ping_status":"closed","template":"","meta":{"jetpack_publicize_message":"","jetpack_publicize_feature_enabled":true,"jetpack_social_post_already_shared":true,"jetpack_social_options":{"image_generator_settings":{"template":"highway","default_image_id":0,"font":"","enabled":false},"version":2}},"product_brand":[252],"product_cat":[80,34],"product_tag":[],"class_list":{"0":"post-1120","1":"product","2":"type-product","3":"status-publish","4":"has-post-thumbnail","6":"product_brand-sparedrum","7":"product_cat-ahora-en-oferta","8":"product_cat-drum-parts","10":"first","11":"instock","12":"sale","13":"taxable","14":"shipping-taxable","15":"purchasable","16":"product-type-simple"},"yoast_head":"<!-- This site is optimized with the Yoast SEO plugin v27.5 - https:\/\/yoast.com\/product\/yoast-seo-wordpress\/ -->\n<title>BDS-RB1 - Bass Drum Spurs Rubber - Threaded (x2) - Galduria Drums<\/title>\n<meta name=\"description\" content=\"Goma universal con rosca para pata de bomboEspecificaciones t\u00e9cnicas:- Goma con rosca est\u00e1ndar - Compatible con la mayor\u00eda de las espuelas de bombo\" \/>\n<meta name=\"robots\" content=\"index, follow, max-snippet:-1, max-image-preview:large, max-video-preview:-1\" \/>\n<link rel=\"canonical\" href=\"https:\/\/galduriadrums.com\/?product=bds-rb1-bass-drum-spurs-rubber\" \/>\n<meta property=\"og:locale\" content=\"es_ES\" \/>\n<meta property=\"og:type\" content=\"article\" \/>\n<meta property=\"og:title\" content=\"BDS-RB1 - Bass Drum Spurs Rubber - Threaded (x2) - Galduria Drums\" \/>\n<meta property=\"og:description\" content=\"Goma universal con rosca para pata de bomboEspecificaciones t\u00e9cnicas:- Goma con rosca est\u00e1ndar - Compatible con la mayor\u00eda de las espuelas de bombo\" \/>\n<meta property=\"og:url\" content=\"https:\/\/galduriadrums.com\/?product=bds-rb1-bass-drum-spurs-rubber\" \/>\n<meta property=\"og:site_name\" content=\"Galduria Drums\" \/>\n<meta property=\"og:image\" content=\"https:\/\/galduriadrums.com\/wp-content\/uploads\/2025\/11\/bds-rb1-bass-drum-spurs-rubber-threaded-x2.jpg\" \/>\n\t<meta property=\"og:image:width\" content=\"765\" \/>\n\t<meta property=\"og:image:height\" content=\"765\" \/>\n\t<meta property=\"og:image:type\" content=\"image\/jpeg\" \/>\n<meta name=\"twitter:card\" content=\"summary_large_image\" \/>\n<meta name=\"twitter:label1\" content=\"Tiempo de lectura\" \/>\n\t<meta name=\"twitter:data1\" content=\"1 minuto\" \/>\n<script type=\"application\/ld+json\" class=\"yoast-schema-graph\">{\"@context\":\"https:\\\/\\\/schema.org\",\"@graph\":[{\"@type\":\"WebPage\",\"@id\":\"https:\\\/\\\/galduriadrums.com\\\/?product=bds-rb1-bass-drum-spurs-rubber\",\"url\":\"https:\\\/\\\/galduriadrums.com\\\/?product=bds-rb1-bass-drum-spurs-rubber\",\"name\":\"BDS-RB1 - Bass Drum Spurs Rubber - Threaded (x2) - Galduria Drums\",\"isPartOf\":{\"@id\":\"https:\\\/\\\/galduriadrums.com\\\/#website\"},\"primaryImageOfPage\":{\"@id\":\"https:\\\/\\\/galduriadrums.com\\\/?product=bds-rb1-bass-drum-spurs-rubber#primaryimage\"},\"image\":{\"@id\":\"https:\\\/\\\/galduriadrums.com\\\/?product=bds-rb1-bass-drum-spurs-rubber#primaryimage\"},\"thumbnailUrl\":\"https:\\\/\\\/galduriadrums.com\\\/wp-content\\\/uploads\\\/2025\\\/11\\\/bds-rb1-bass-drum-spurs-rubber-threaded-x2.jpg\",\"datePublished\":\"2025-11-29T09:21:11+00:00\",\"description\":\"Goma universal con rosca para pata de bomboEspecificaciones t\u00e9cnicas:- Goma con rosca est\u00e1ndar - Compatible con la mayor\u00eda de las espuelas de bombo\",\"breadcrumb\":{\"@id\":\"https:\\\/\\\/galduriadrums.com\\\/?product=bds-rb1-bass-drum-spurs-rubber#breadcrumb\"},\"inLanguage\":\"es\",\"potentialAction\":[{\"@type\":\"ReadAction\",\"target\":[\"https:\\\/\\\/galduriadrums.com\\\/?product=bds-rb1-bass-drum-spurs-rubber\"]}]},{\"@type\":\"ImageObject\",\"inLanguage\":\"es\",\"@id\":\"https:\\\/\\\/galduriadrums.com\\\/?product=bds-rb1-bass-drum-spurs-rubber#primaryimage\",\"url\":\"https:\\\/\\\/galduriadrums.com\\\/wp-content\\\/uploads\\\/2025\\\/11\\\/bds-rb1-bass-drum-spurs-rubber-threaded-x2.jpg\",\"contentUrl\":\"https:\\\/\\\/galduriadrums.com\\\/wp-content\\\/uploads\\\/2025\\\/11\\\/bds-rb1-bass-drum-spurs-rubber-threaded-x2.jpg\",\"width\":765,\"height\":765},{\"@type\":\"BreadcrumbList\",\"@id\":\"https:\\\/\\\/galduriadrums.com\\\/?product=bds-rb1-bass-drum-spurs-rubber#breadcrumb\",\"itemListElement\":[{\"@type\":\"ListItem\",\"position\":1,\"name\":\"Portada\",\"item\":\"https:\\\/\\\/galduriadrums.com\\\/\"},{\"@type\":\"ListItem\",\"position\":2,\"name\":\"Tienda\",\"item\":\"https:\\\/\\\/galduriadrums.com\\\/?page_id=6\"},{\"@type\":\"ListItem\",\"position\":3,\"name\":\"BDS-RB1 &#8211; Bass Drum Spurs Rubber &#8211; Threaded (x2)\"}]},{\"@type\":\"WebSite\",\"@id\":\"https:\\\/\\\/galduriadrums.com\\\/#website\",\"url\":\"https:\\\/\\\/galduriadrums.com\\\/\",\"name\":\"Galduria Drums\",\"description\":\"\",\"potentialAction\":[{\"@type\":\"SearchAction\",\"target\":{\"@type\":\"EntryPoint\",\"urlTemplate\":\"https:\\\/\\\/galduriadrums.com\\\/?s={search_term_string}\"},\"query-input\":{\"@type\":\"PropertyValueSpecification\",\"valueRequired\":true,\"valueName\":\"search_term_string\"}}],\"inLanguage\":\"es\"}]}<\/script>\n<!-- \/ Yoast SEO plugin. -->","yoast_head_json":{"title":"BDS-RB1 - Bass Drum Spurs Rubber - Threaded (x2) - Galduria Drums","description":"Goma universal con rosca para pata de bomboEspecificaciones t\u00e9cnicas:- Goma con rosca est\u00e1ndar - Compatible con la mayor\u00eda de las espuelas de bombo","robots":{"index":"index","follow":"follow","max-snippet":"max-snippet:-1","max-image-preview":"max-image-preview:large","max-video-preview":"max-video-preview:-1"},"canonical":"https:\/\/galduriadrums.com\/?product=bds-rb1-bass-drum-spurs-rubber","og_locale":"es_ES","og_type":"article","og_title":"BDS-RB1 - Bass Drum Spurs Rubber - Threaded (x2) - Galduria Drums","og_description":"Goma universal con rosca para pata de bomboEspecificaciones t\u00e9cnicas:- Goma con rosca est\u00e1ndar - Compatible con la mayor\u00eda de las espuelas de bombo","og_url":"https:\/\/galduriadrums.com\/?product=bds-rb1-bass-drum-spurs-rubber","og_site_name":"Galduria Drums","og_image":[{"width":765,"height":765,"url":"https:\/\/galduriadrums.com\/wp-content\/uploads\/2025\/11\/bds-rb1-bass-drum-spurs-rubber-threaded-x2.jpg","type":"image\/jpeg"}],"twitter_card":"summary_large_image","twitter_misc":{"Tiempo de lectura":"1 minuto"},"schema":{"@context":"https:\/\/schema.org","@graph":[{"@type":"WebPage","@id":"https:\/\/galduriadrums.com\/?product=bds-rb1-bass-drum-spurs-rubber","url":"https:\/\/galduriadrums.com\/?product=bds-rb1-bass-drum-spurs-rubber","name":"BDS-RB1 - Bass Drum Spurs Rubber - Threaded (x2) - Galduria Drums","isPartOf":{"@id":"https:\/\/galduriadrums.com\/#website"},"primaryImageOfPage":{"@id":"https:\/\/galduriadrums.com\/?product=bds-rb1-bass-drum-spurs-rubber#primaryimage"},"image":{"@id":"https:\/\/galduriadrums.com\/?product=bds-rb1-bass-drum-spurs-rubber#primaryimage"},"thumbnailUrl":"https:\/\/galduriadrums.com\/wp-content\/uploads\/2025\/11\/bds-rb1-bass-drum-spurs-rubber-threaded-x2.jpg","datePublished":"2025-11-29T09:21:11+00:00","description":"Goma universal con rosca para pata de bomboEspecificaciones t\u00e9cnicas:- Goma con rosca est\u00e1ndar - Compatible con la mayor\u00eda de las espuelas de bombo","breadcrumb":{"@id":"https:\/\/galduriadrums.com\/?product=bds-rb1-bass-drum-spurs-rubber#breadcrumb"},"inLanguage":"es","potentialAction":[{"@type":"ReadAction","target":["https:\/\/galduriadrums.com\/?product=bds-rb1-bass-drum-spurs-rubber"]}]},{"@type":"ImageObject","inLanguage":"es","@id":"https:\/\/galduriadrums.com\/?product=bds-rb1-bass-drum-spurs-rubber#primaryimage","url":"https:\/\/galduriadrums.com\/wp-content\/uploads\/2025\/11\/bds-rb1-bass-drum-spurs-rubber-threaded-x2.jpg","contentUrl":"https:\/\/galduriadrums.com\/wp-content\/uploads\/2025\/11\/bds-rb1-bass-drum-spurs-rubber-threaded-x2.jpg","width":765,"height":765},{"@type":"BreadcrumbList","@id":"https:\/\/galduriadrums.com\/?product=bds-rb1-bass-drum-spurs-rubber#breadcrumb","itemListElement":[{"@type":"ListItem","position":1,"name":"Portada","item":"https:\/\/galduriadrums.com\/"},{"@type":"ListItem","position":2,"name":"Tienda","item":"https:\/\/galduriadrums.com\/?page_id=6"},{"@type":"ListItem","position":3,"name":"BDS-RB1 &#8211; Bass Drum Spurs Rubber &#8211; Threaded (x2)"}]},{"@type":"WebSite","@id":"https:\/\/galduriadrums.com\/#website","url":"https:\/\/galduriadrums.com\/","name":"Galduria Drums","description":"","potentialAction":[{"@type":"SearchAction","target":{"@type":"EntryPoint","urlTemplate":"https:\/\/galduriadrums.com\/?s={search_term_string}"},"query-input":{"@type":"PropertyValueSpecification","valueRequired":true,"valueName":"search_term_string"}}],"inLanguage":"es"}]}},"jetpack_publicize_connections":[],"jetpack_sharing_enabled":true,"_links":{"self":[{"href":"https:\/\/galduriadrums.com\/index.php?rest_route=\/wp\/v2\/product\/1120","targetHints":{"allow":["GET"]}}],"collection":[{"href":"https:\/\/galduriadrums.com\/index.php?rest_route=\/wp\/v2\/product"}],"about":[{"href":"https:\/\/galduriadrums.com\/index.php?rest_route=\/wp\/v2\/types\/product"}],"replies":[{"embeddable":true,"href":"https:\/\/galduriadrums.com\/index.php?rest_route=%2Fwp%2Fv2%2Fcomments&post=1120"}],"wp:featuredmedia":[{"embeddable":true,"href":"https:\/\/galduriadrums.com\/index.php?rest_route=\/wp\/v2\/media\/1121"}],"wp:attachment":[{"href":"https:\/\/galduriadrums.com\/index.php?rest_route=%2Fwp%2Fv2%2Fmedia&parent=1120"}],"wp:term":[{"taxonomy":"product_brand","embeddable":true,"href":"https:\/\/galduriadrums.com\/index.php?rest_route=%2Fwp%2Fv2%2Fproduct_brand&post=1120"},{"taxonomy":"product_cat","embeddable":true,"href":"https:\/\/galduriadrums.com\/index.php?rest_route=%2Fwp%2Fv2%2Fproduct_cat&post=1120"},{"taxonomy":"product_tag","embeddable":true,"href":"https:\/\/galduriadrums.com\/index.php?rest_route=%2Fwp%2Fv2%2Fproduct_tag&post=1120"}],"curies":[{"name":"wp","href":"https:\/\/api.w.org\/{rel}","templated":true}]}}