{"id":968,"date":"2025-11-27T10:11:31","date_gmt":"2025-11-27T10:11:31","guid":{"rendered":"https:\/\/galduriadrums.com\/?page_id=968"},"modified":"2025-11-27T18:59:29","modified_gmt":"2025-11-27T18:59:29","slug":"tito-diaz","status":"publish","type":"page","link":"https:\/\/galduriadrums.com\/?page_id=968","title":{"rendered":"Tito Diaz"},"content":{"rendered":"\n<figure class=\"wp-block-image size-large\"><img fetchpriority=\"high\" decoding=\"async\" width=\"1024\" height=\"464\" src=\"https:\/\/galduriadrums.com\/wp-content\/uploads\/2025\/11\/WhatsApp-Image-2025-11-26-at-09.31.59-1024x464.jpeg\" alt=\"\" class=\"wp-image-985\" srcset=\"https:\/\/galduriadrums.com\/wp-content\/uploads\/2025\/11\/WhatsApp-Image-2025-11-26-at-09.31.59-1024x464.jpeg 1024w, https:\/\/galduriadrums.com\/wp-content\/uploads\/2025\/11\/WhatsApp-Image-2025-11-26-at-09.31.59-300x136.jpeg 300w, https:\/\/galduriadrums.com\/wp-content\/uploads\/2025\/11\/WhatsApp-Image-2025-11-26-at-09.31.59-768x348.jpeg 768w, https:\/\/galduriadrums.com\/wp-content\/uploads\/2025\/11\/WhatsApp-Image-2025-11-26-at-09.31.59-416x188.jpeg 416w, https:\/\/galduriadrums.com\/wp-content\/uploads\/2025\/11\/WhatsApp-Image-2025-11-26-at-09.31.59.jpeg 1060w\" sizes=\"(max-width: 1024px) 100vw, 1024px\" \/><\/figure>\n\n\n\n<h3 class=\"wp-block-heading\"><strong>Historia de Tito D\u00edaz \u2013 Colaborador de Blue Drum Heads y referente de Constantine Cymbals en Espa\u00f1a<\/strong><\/h3>\n\n\n\n<p>Tito D\u00edaz es un baterista con m\u00e1s de dos d\u00e9cadas de trayectoria, formado en <strong>l\u2019Aula de M\u00fasica Moderna y Jazz de Barcelona<\/strong> con profesores como <strong>Quim Sol\u00e9<\/strong> y <strong>Enildo Rasu\u00e1<\/strong>. A lo largo de su carrera ha asistido a numerosos cl\u00ednics y masterclasses, consolidando una visi\u00f3n amplia tanto de la interpretaci\u00f3n como de la docencia.<\/p>\n\n\n\n<p>Su versatilidad lo ha llevado a trabajar con artistas y bandas de estilos muy diversos \u2014<strong>pop, rock, m\u00fasica celta, jazz o flamenco fusi\u00f3n<\/strong>\u2014 convirti\u00e9ndose en un m\u00fasico polivalente y con un sentido musical muy personal.<\/p>\n\n\n\n<p>Tito ha sido una figura esencial en la introducci\u00f3n y crecimiento de <strong>Constantine Cymbals<\/strong> en Espa\u00f1a. Fue uno de los primeros bateristas en apostar por la marca y en mostrar su sonido \u00fanico, ayudando a que muchos m\u00fasicos descubrieran el car\u00e1cter artesanal de sus platos.<br>Esa misma b\u00fasqueda de calidad lo ha llevado a colaborar con <strong>Blue Drum Heads<\/strong>, donde encuentra la respuesta y precisi\u00f3n que encajan con su estilo.<\/p>\n\n\n\n<p>Actualmente vive en <strong>Alicante<\/strong>, donde trabaja como <strong>profesor<\/strong>, <strong>baterista de sesi\u00f3n<\/strong> y tambi\u00e9n dentro del \u00e1mbito de la <strong>producci\u00f3n musical<\/strong>, acompa\u00f1ando a artistas por todo el pa\u00eds y manteniendo una presencia activa y respetada en la escena nacional.<\/p>\n\n\n\n<p><\/p>\n\n\n\n<figure class=\"wp-block-embed is-type-wp-embed is-provider-tito-d-az wp-block-embed-tito-d-az\"><div class=\"wp-block-embed__wrapper\">\n<blockquote class=\"wp-embedded-content\" data-secret=\"Hi7kJJG4Jd\"><a href=\"https:\/\/titodiaz.es\/\">Grabaciones y Clases Online de bater\u00eda<\/a><\/blockquote><iframe class=\"wp-embedded-content\" sandbox=\"allow-scripts\" security=\"restricted\" style=\"position: absolute; visibility: hidden;\" title=\"\u00abGrabaciones y Clases Online de bater\u00eda\u00bb \u2014 Tito D\u00edaz\" src=\"https:\/\/titodiaz.es\/embed\/#?secret=Hi7kJJG4Jd\" data-secret=\"Hi7kJJG4Jd\" width=\"600\" height=\"338\" frameborder=\"0\" marginwidth=\"0\" marginheight=\"0\" scrolling=\"no\"><\/iframe>\n<\/div><\/figure>\n\n\n\n<p><a href=\"https:\/\/www.youtube.com\/@titoddiego\">https:\/\/www.youtube.com\/@titoddiego<\/a><\/p>\n\n\n\n<p><a href=\"https:\/\/www.instagram.com\/titodiazdrums\">https:\/\/www.instagram.com\/titodiazdrums<\/a><\/p>\n\n\n\n<p><a href=\"https:\/\/www.facebook.com\/roberto.diazdiego\">https:\/\/www.facebook.com\/roberto.diazdiego<\/a><\/p>\n","protected":false},"excerpt":{"rendered":"<p>Historia de Tito D\u00edaz \u2013 Colaborador de Blue Drum Heads y referente de Constantine Cymbals en Espa\u00f1a Tito D\u00edaz es un baterista con m\u00e1s de dos d\u00e9cadas de trayectoria, formado en l\u2019Aula de M\u00fasica Moderna y Jazz de Barcelona con profesores como Quim Sol\u00e9 y Enildo Rasu\u00e1. A lo largo de su carrera ha asistido [&hellip;]<\/p>\n","protected":false},"author":1,"featured_media":0,"parent":827,"menu_order":0,"comment_status":"closed","ping_status":"closed","template":"","meta":{"footnotes":""},"class_list":["post-968","page","type-page","status-publish","hentry"],"yoast_head":"<!-- This site is optimized with the Yoast SEO plugin v27.5 - https:\/\/yoast.com\/product\/yoast-seo-wordpress\/ -->\n<title>Tito Diaz - Galduria Drums<\/title>\n<meta name=\"robots\" content=\"index, follow, max-snippet:-1, max-image-preview:large, max-video-preview:-1\" \/>\n<link rel=\"canonical\" href=\"https:\/\/galduriadrums.com\/?page_id=968\" \/>\n<meta property=\"og:locale\" content=\"es_ES\" \/>\n<meta property=\"og:type\" content=\"article\" \/>\n<meta property=\"og:title\" content=\"Tito Diaz - Galduria Drums\" \/>\n<meta property=\"og:description\" content=\"Historia de Tito D\u00edaz \u2013 Colaborador de Blue Drum Heads y referente de Constantine Cymbals en Espa\u00f1a Tito D\u00edaz es un baterista con m\u00e1s de dos d\u00e9cadas de trayectoria, formado en l\u2019Aula de M\u00fasica Moderna y Jazz de Barcelona con profesores como Quim Sol\u00e9 y Enildo Rasu\u00e1. A lo largo de su carrera ha asistido [&hellip;]\" \/>\n<meta property=\"og:url\" content=\"https:\/\/galduriadrums.com\/?page_id=968\" \/>\n<meta property=\"og:site_name\" content=\"Galduria Drums\" \/>\n<meta property=\"article:modified_time\" content=\"2025-11-27T18:59:29+00:00\" \/>\n<meta property=\"og:image\" content=\"https:\/\/galduriadrums.com\/wp-content\/uploads\/2025\/11\/WhatsApp-Image-2025-11-26-at-09.31.59.jpeg\" \/>\n\t<meta property=\"og:image:width\" content=\"1060\" \/>\n\t<meta property=\"og:image:height\" content=\"480\" \/>\n\t<meta property=\"og:image:type\" content=\"image\/jpeg\" \/>\n<meta name=\"twitter:card\" content=\"summary_large_image\" \/>\n<meta name=\"twitter:label1\" content=\"Tiempo de lectura\" \/>\n\t<meta name=\"twitter:data1\" content=\"2 minutos\" \/>\n<script type=\"application\/ld+json\" class=\"yoast-schema-graph\">{\"@context\":\"https:\\\/\\\/schema.org\",\"@graph\":[{\"@type\":\"WebPage\",\"@id\":\"https:\\\/\\\/galduriadrums.com\\\/?page_id=968\",\"url\":\"https:\\\/\\\/galduriadrums.com\\\/?page_id=968\",\"name\":\"Tito Diaz - Galduria Drums\",\"isPartOf\":{\"@id\":\"https:\\\/\\\/galduriadrums.com\\\/#website\"},\"primaryImageOfPage\":{\"@id\":\"https:\\\/\\\/galduriadrums.com\\\/?page_id=968#primaryimage\"},\"image\":{\"@id\":\"https:\\\/\\\/galduriadrums.com\\\/?page_id=968#primaryimage\"},\"thumbnailUrl\":\"https:\\\/\\\/galduriadrums.com\\\/wp-content\\\/uploads\\\/2025\\\/11\\\/WhatsApp-Image-2025-11-26-at-09.31.59-1024x464.jpeg\",\"datePublished\":\"2025-11-27T10:11:31+00:00\",\"dateModified\":\"2025-11-27T18:59:29+00:00\",\"breadcrumb\":{\"@id\":\"https:\\\/\\\/galduriadrums.com\\\/?page_id=968#breadcrumb\"},\"inLanguage\":\"es\",\"potentialAction\":[{\"@type\":\"ReadAction\",\"target\":[\"https:\\\/\\\/galduriadrums.com\\\/?page_id=968\"]}]},{\"@type\":\"ImageObject\",\"inLanguage\":\"es\",\"@id\":\"https:\\\/\\\/galduriadrums.com\\\/?page_id=968#primaryimage\",\"url\":\"https:\\\/\\\/galduriadrums.com\\\/wp-content\\\/uploads\\\/2025\\\/11\\\/WhatsApp-Image-2025-11-26-at-09.31.59.jpeg\",\"contentUrl\":\"https:\\\/\\\/galduriadrums.com\\\/wp-content\\\/uploads\\\/2025\\\/11\\\/WhatsApp-Image-2025-11-26-at-09.31.59.jpeg\",\"width\":1060,\"height\":480},{\"@type\":\"BreadcrumbList\",\"@id\":\"https:\\\/\\\/galduriadrums.com\\\/?page_id=968#breadcrumb\",\"itemListElement\":[{\"@type\":\"ListItem\",\"position\":1,\"name\":\"Portada\",\"item\":\"https:\\\/\\\/galduriadrums.com\\\/\"},{\"@type\":\"ListItem\",\"position\":2,\"name\":\"La Familia Galduria\",\"item\":\"https:\\\/\\\/galduriadrums.com\\\/?page_id=827\"},{\"@type\":\"ListItem\",\"position\":3,\"name\":\"Tito Diaz\"}]},{\"@type\":\"WebSite\",\"@id\":\"https:\\\/\\\/galduriadrums.com\\\/#website\",\"url\":\"https:\\\/\\\/galduriadrums.com\\\/\",\"name\":\"Galduria Drums\",\"description\":\"\",\"potentialAction\":[{\"@type\":\"SearchAction\",\"target\":{\"@type\":\"EntryPoint\",\"urlTemplate\":\"https:\\\/\\\/galduriadrums.com\\\/?s={search_term_string}\"},\"query-input\":{\"@type\":\"PropertyValueSpecification\",\"valueRequired\":true,\"valueName\":\"search_term_string\"}}],\"inLanguage\":\"es\"}]}<\/script>\n<!-- \/ Yoast SEO plugin. -->","yoast_head_json":{"title":"Tito Diaz - Galduria Drums","robots":{"index":"index","follow":"follow","max-snippet":"max-snippet:-1","max-image-preview":"max-image-preview:large","max-video-preview":"max-video-preview:-1"},"canonical":"https:\/\/galduriadrums.com\/?page_id=968","og_locale":"es_ES","og_type":"article","og_title":"Tito Diaz - Galduria Drums","og_description":"Historia de Tito D\u00edaz \u2013 Colaborador de Blue Drum Heads y referente de Constantine Cymbals en Espa\u00f1a Tito D\u00edaz es un baterista con m\u00e1s de dos d\u00e9cadas de trayectoria, formado en l\u2019Aula de M\u00fasica Moderna y Jazz de Barcelona con profesores como Quim Sol\u00e9 y Enildo Rasu\u00e1. A lo largo de su carrera ha asistido [&hellip;]","og_url":"https:\/\/galduriadrums.com\/?page_id=968","og_site_name":"Galduria Drums","article_modified_time":"2025-11-27T18:59:29+00:00","og_image":[{"width":1060,"height":480,"url":"https:\/\/galduriadrums.com\/wp-content\/uploads\/2025\/11\/WhatsApp-Image-2025-11-26-at-09.31.59.jpeg","type":"image\/jpeg"}],"twitter_card":"summary_large_image","twitter_misc":{"Tiempo de lectura":"2 minutos"},"schema":{"@context":"https:\/\/schema.org","@graph":[{"@type":"WebPage","@id":"https:\/\/galduriadrums.com\/?page_id=968","url":"https:\/\/galduriadrums.com\/?page_id=968","name":"Tito Diaz - Galduria Drums","isPartOf":{"@id":"https:\/\/galduriadrums.com\/#website"},"primaryImageOfPage":{"@id":"https:\/\/galduriadrums.com\/?page_id=968#primaryimage"},"image":{"@id":"https:\/\/galduriadrums.com\/?page_id=968#primaryimage"},"thumbnailUrl":"https:\/\/galduriadrums.com\/wp-content\/uploads\/2025\/11\/WhatsApp-Image-2025-11-26-at-09.31.59-1024x464.jpeg","datePublished":"2025-11-27T10:11:31+00:00","dateModified":"2025-11-27T18:59:29+00:00","breadcrumb":{"@id":"https:\/\/galduriadrums.com\/?page_id=968#breadcrumb"},"inLanguage":"es","potentialAction":[{"@type":"ReadAction","target":["https:\/\/galduriadrums.com\/?page_id=968"]}]},{"@type":"ImageObject","inLanguage":"es","@id":"https:\/\/galduriadrums.com\/?page_id=968#primaryimage","url":"https:\/\/galduriadrums.com\/wp-content\/uploads\/2025\/11\/WhatsApp-Image-2025-11-26-at-09.31.59.jpeg","contentUrl":"https:\/\/galduriadrums.com\/wp-content\/uploads\/2025\/11\/WhatsApp-Image-2025-11-26-at-09.31.59.jpeg","width":1060,"height":480},{"@type":"BreadcrumbList","@id":"https:\/\/galduriadrums.com\/?page_id=968#breadcrumb","itemListElement":[{"@type":"ListItem","position":1,"name":"Portada","item":"https:\/\/galduriadrums.com\/"},{"@type":"ListItem","position":2,"name":"La Familia Galduria","item":"https:\/\/galduriadrums.com\/?page_id=827"},{"@type":"ListItem","position":3,"name":"Tito Diaz"}]},{"@type":"WebSite","@id":"https:\/\/galduriadrums.com\/#website","url":"https:\/\/galduriadrums.com\/","name":"Galduria Drums","description":"","potentialAction":[{"@type":"SearchAction","target":{"@type":"EntryPoint","urlTemplate":"https:\/\/galduriadrums.com\/?s={search_term_string}"},"query-input":{"@type":"PropertyValueSpecification","valueRequired":true,"valueName":"search_term_string"}}],"inLanguage":"es"}]}},"jetpack_sharing_enabled":true,"_links":{"self":[{"href":"https:\/\/galduriadrums.com\/index.php?rest_route=\/wp\/v2\/pages\/968","targetHints":{"allow":["GET"]}}],"collection":[{"href":"https:\/\/galduriadrums.com\/index.php?rest_route=\/wp\/v2\/pages"}],"about":[{"href":"https:\/\/galduriadrums.com\/index.php?rest_route=\/wp\/v2\/types\/page"}],"author":[{"embeddable":true,"href":"https:\/\/galduriadrums.com\/index.php?rest_route=\/wp\/v2\/users\/1"}],"replies":[{"embeddable":true,"href":"https:\/\/galduriadrums.com\/index.php?rest_route=%2Fwp%2Fv2%2Fcomments&post=968"}],"version-history":[{"count":4,"href":"https:\/\/galduriadrums.com\/index.php?rest_route=\/wp\/v2\/pages\/968\/revisions"}],"predecessor-version":[{"id":990,"href":"https:\/\/galduriadrums.com\/index.php?rest_route=\/wp\/v2\/pages\/968\/revisions\/990"}],"up":[{"embeddable":true,"href":"https:\/\/galduriadrums.com\/index.php?rest_route=\/wp\/v2\/pages\/827"}],"wp:attachment":[{"href":"https:\/\/galduriadrums.com\/index.php?rest_route=%2Fwp%2Fv2%2Fmedia&parent=968"}],"curies":[{"name":"wp","href":"https:\/\/api.w.org\/{rel}","templated":true}]}}