{"id":964,"date":"2025-11-27T10:10:51","date_gmt":"2025-11-27T10:10:51","guid":{"rendered":"https:\/\/galduriadrums.com\/?page_id=964"},"modified":"2025-11-27T23:22:25","modified_gmt":"2025-11-27T23:22:25","slug":"david-landeroin","status":"publish","type":"page","link":"https:\/\/galduriadrums.com\/?page_id=964","title":{"rendered":"David Landeroin"},"content":{"rendered":"\n<div class=\"wp-block-columns is-layout-flex wp-container-core-columns-is-layout-28f84493 wp-block-columns-is-layout-flex\">\n<div class=\"wp-block-column is-layout-flow wp-block-column-is-layout-flow\" style=\"flex-basis:100%\">\n<div class=\"wp-block-jetpack-tiled-gallery aligncenter is-style-rectangular\"><div class=\"\"><div class=\"tiled-gallery__gallery\"><div class=\"tiled-gallery__row\"><div class=\"tiled-gallery__col\" style=\"flex-basis:50.00608%\"><figure class=\"tiled-gallery__item\"><img decoding=\"async\" srcset=\"https:\/\/i0.wp.com\/galduriadrums.com\/wp-content\/uploads\/2025\/11\/David-Landeroin-1-1024x683.jpg?strip=info&#038;w=600&#038;ssl=1 600w,https:\/\/i0.wp.com\/galduriadrums.com\/wp-content\/uploads\/2025\/11\/David-Landeroin-1-1024x683.jpg?strip=info&#038;w=900&#038;ssl=1 900w,https:\/\/i0.wp.com\/galduriadrums.com\/wp-content\/uploads\/2025\/11\/David-Landeroin-1-1024x683.jpg?strip=info&#038;w=1200&#038;ssl=1 1200w,https:\/\/i0.wp.com\/galduriadrums.com\/wp-content\/uploads\/2025\/11\/David-Landeroin-1-1024x683.jpg?strip=info&#038;w=1500&#038;ssl=1 1500w,https:\/\/i0.wp.com\/galduriadrums.com\/wp-content\/uploads\/2025\/11\/David-Landeroin-1-1024x683.jpg?strip=info&#038;w=1800&#038;ssl=1 1800w,https:\/\/i0.wp.com\/galduriadrums.com\/wp-content\/uploads\/2025\/11\/David-Landeroin-1-1024x683.jpg?strip=info&#038;w=2000&#038;ssl=1 2000w\" alt=\"\" data-height=\"1365\" data-id=\"971\" data-link=\"https:\/\/galduriadrums.com\/?attachment_id=971\" data-url=\"https:\/\/galduriadrums.com\/wp-content\/uploads\/2025\/11\/David-Landeroin-1-1024x683.jpg\" data-width=\"2048\" src=\"https:\/\/i0.wp.com\/galduriadrums.com\/wp-content\/uploads\/2025\/11\/David-Landeroin-1-1024x683.jpg?ssl=1\" data-amp-layout=\"responsive\"\/><\/figure><\/div><div class=\"tiled-gallery__col\" style=\"flex-basis:49.99392%\"><figure class=\"tiled-gallery__item\"><img decoding=\"async\" srcset=\"https:\/\/i0.wp.com\/galduriadrums.com\/wp-content\/uploads\/2025\/11\/David-Landeroin-2-1-1024x683.jpg?strip=info&#038;w=600&#038;ssl=1 600w,https:\/\/i0.wp.com\/galduriadrums.com\/wp-content\/uploads\/2025\/11\/David-Landeroin-2-1-1024x683.jpg?strip=info&#038;w=900&#038;ssl=1 900w,https:\/\/i0.wp.com\/galduriadrums.com\/wp-content\/uploads\/2025\/11\/David-Landeroin-2-1-1024x683.jpg?strip=info&#038;w=1200&#038;ssl=1 1200w,https:\/\/i0.wp.com\/galduriadrums.com\/wp-content\/uploads\/2025\/11\/David-Landeroin-2-1-1024x683.jpg?strip=info&#038;w=1500&#038;ssl=1 1500w,https:\/\/i0.wp.com\/galduriadrums.com\/wp-content\/uploads\/2025\/11\/David-Landeroin-2-1-1024x683.jpg?strip=info&#038;w=1800&#038;ssl=1 1800w,https:\/\/i0.wp.com\/galduriadrums.com\/wp-content\/uploads\/2025\/11\/David-Landeroin-2-1-1024x683.jpg?strip=info&#038;w=1932&#038;ssl=1 1932w\" alt=\"\" data-height=\"1288\" data-id=\"992\" data-link=\"https:\/\/galduriadrums.com\/?attachment_id=992\" data-url=\"https:\/\/galduriadrums.com\/wp-content\/uploads\/2025\/11\/David-Landeroin-2-1-1024x683.jpg\" data-width=\"1932\" src=\"https:\/\/i0.wp.com\/galduriadrums.com\/wp-content\/uploads\/2025\/11\/David-Landeroin-2-1-1024x683.jpg?ssl=1\" data-amp-layout=\"responsive\"\/><\/figure><\/div><\/div><\/div><\/div><\/div>\n<\/div>\n<\/div>\n\n\n\n<h2 class=\"wp-block-heading has-text-align-center\"><strong>Historia de David \u2013 Artista Constantine Cymbals<\/strong><\/h2>\n\n\n\n<p>David Landeroin L\u00f3pez es un baterista con una trayectoria intensa y vers\u00e1til, forjada a lo largo de 18 a\u00f1os de trabajo constante. Autodidacta durante gran parte de su camino, termin\u00f3 de pulir su t\u00e9cnica y enfoque musical estudiando con maestros como Daniel P\u00e9rez (Saratoga, Stravaganzza, Khael) y Toni Mateos (La Voz, Antonio Orozco y un largo etc,&#8230;) adem\u00e1s de profundizar en grandes m\u00e9todos de estudio que marcaron su evoluci\u00f3n como int\u00e9rprete.<\/p>\n\n\n\n<p>Su vocaci\u00f3n por la ense\u00f1anza lo ha llevado a ser profesor en el Centro Musical Nuestra Se\u00f1ora de Aldea del Fresno, dirigido por Rita Irasema, adem\u00e1s de impartir clases particulares a estudiantes de entre 5 y 18 a\u00f1os, formando nuevas generaciones de bateristas con una visi\u00f3n cercana y realista del instrumento.<\/p>\n\n\n\n<p>Como int\u00e9rprete, David se ha consolidado dentro del panorama nacional gracias a su papel como baterista de Celtian, banda apadrinada por Txus di Fellatio (M\u00e4go de Oz). Con ellos ha publicado cuatro discos, actuado en los principales festivales de Espa\u00f1a \u2014como Leyendas del Rock, Rock Imperium o Z Live\u2014 y llevado su m\u00fasica a M\u00e9xico DF, donde ha tocado en el m\u00edtico Arena Ciudad de M\u00e9xico ante m\u00e1s de 14.000 personas.<br>V\u00eddeos como \u201cNiamh\u201d superan los 5,4 millones de visitas, y su discograf\u00eda ha tenido una gran repercusi\u00f3n en Espa\u00f1a y Latinoam\u00e9rica. Su \u00faltimo disco, \u201cSecretos de Amor y Muerte\u201d (2024), ha dado lugar a m\u00e1s de 40 conciertos y culminar\u00e1 en 2026 con una grabaci\u00f3n en directo en La Riviera (Madrid).<\/p>\n\n\n\n<figure class=\"wp-block-embed is-type-video is-provider-youtube wp-block-embed-youtube wp-embed-aspect-16-9 wp-has-aspect-ratio\"><div class=\"wp-block-embed__wrapper\">\n<iframe title=\"CELTIAN &quot;Niamh&quot; (Videoclip) feat. Ant\u00f3n Davila (Celtas Cortos)\" width=\"980\" height=\"551\" src=\"https:\/\/www.youtube.com\/embed\/u_78h2iNXr8?feature=oembed\" frameborder=\"0\" allow=\"accelerometer; autoplay; clipboard-write; encrypted-media; gyroscope; picture-in-picture; web-share\" referrerpolicy=\"strict-origin-when-cross-origin\" allowfullscreen><\/iframe>\n<\/div><\/figure>\n\n\n\n<p>Adem\u00e1s, David es baterista en Delalma, proyecto liderado por el guitarrista Manuel Seoane, con el que ha realizado otra intensa gira nacional y lanzar\u00e1 su segundo disco en 2026.<\/p>\n\n\n\n<p>Su carrera incluye tambi\u00e9n colaboraciones con bandas de gran renombre dentro del rock y el metal nacional como Proud\u2019z (junto a grupos como Madball, Hatebreed o Angel Crew), trabajos con Nika (Operaci\u00f3n Triunfo), y una etapa en Atake, con cuatro discos en el mercado y colaboraciones con artistas como Habeas Corpus o Koma.<\/p>\n\n\n\n<p>David ha recorrido escenarios de todo el pa\u00eds trabajando para orquestas como Pegasux o Musical Sue\u00f1os, y participa en proyectos como Pigmalion del guitarrista Javi Castro, ampliando a\u00fan m\u00e1s su perfil como m\u00fasico de directo.<\/p>\n\n\n\n<p>Su sonido contundente, su experiencia en escenarios de primer nivel y su compromiso con la m\u00fasica lo convierten en un embajador natural de Constantine Cymbals, una marca que representa a la perfecci\u00f3n su car\u00e1cter, su precisi\u00f3n y la fuerza de su&nbsp;interpretaci\u00f3n.<\/p>\n\n\n\n<p>Orquesta llamada Pegasux<br><a href=\"https:\/\/www.youtube.com\/watch?v=OX9OdxP0008\">https:\/\/www.youtube.com\/watch?v=OX9OdxP0008<\/a><br><a href=\"https:\/\/www.youtube.com\/watch?v=oK6ix2GSLmM\">https:\/\/www.youtube.com\/watch?v=oK6ix2GSLmM<\/a><br><a href=\"https:\/\/youtu.be\/TV0VkuPe_xs\">https:\/\/youtu.be\/TV0VkuPe_xs<\/a><br><br>Concierto PIGMALION:<br><a href=\"https:\/\/www.youtube.com\/playlist?list=PL10247C4999517940\">https:\/\/www.youtube.com\/playlist?list=PL10247C4999517940<\/a><\/p>\n\n\n\n<p><\/p>\n","protected":false},"excerpt":{"rendered":"<p>Historia de David \u2013 Artista Constantine Cymbals David Landeroin L\u00f3pez es un baterista con una trayectoria intensa y vers\u00e1til, forjada a lo largo de 18 a\u00f1os de trabajo constante. Autodidacta durante gran parte de su camino, termin\u00f3 de pulir su t\u00e9cnica y enfoque musical estudiando con maestros como Daniel P\u00e9rez (Saratoga, Stravaganzza, Khael) y Toni [&hellip;]<\/p>\n","protected":false},"author":1,"featured_media":0,"parent":827,"menu_order":0,"comment_status":"closed","ping_status":"closed","template":"","meta":{"footnotes":""},"class_list":["post-964","page","type-page","status-publish","hentry"],"yoast_head":"<!-- This site is optimized with the Yoast SEO plugin v27.5 - https:\/\/yoast.com\/product\/yoast-seo-wordpress\/ -->\n<title>David Landeroin - Galduria Drums<\/title>\n<meta name=\"robots\" content=\"index, follow, max-snippet:-1, max-image-preview:large, max-video-preview:-1\" \/>\n<link rel=\"canonical\" href=\"https:\/\/galduriadrums.com\/?page_id=964\" \/>\n<meta property=\"og:locale\" content=\"es_ES\" \/>\n<meta property=\"og:type\" content=\"article\" \/>\n<meta property=\"og:title\" content=\"David Landeroin - Galduria Drums\" \/>\n<meta property=\"og:description\" content=\"Historia de David \u2013 Artista Constantine Cymbals David Landeroin L\u00f3pez es un baterista con una trayectoria intensa y vers\u00e1til, forjada a lo largo de 18 a\u00f1os de trabajo constante. Autodidacta durante gran parte de su camino, termin\u00f3 de pulir su t\u00e9cnica y enfoque musical estudiando con maestros como Daniel P\u00e9rez (Saratoga, Stravaganzza, Khael) y Toni [&hellip;]\" \/>\n<meta property=\"og:url\" content=\"https:\/\/galduriadrums.com\/?page_id=964\" \/>\n<meta property=\"og:site_name\" content=\"Galduria Drums\" \/>\n<meta property=\"article:modified_time\" content=\"2025-11-27T23:22:25+00:00\" \/>\n<meta property=\"og:image\" content=\"https:\/\/i0.wp.com\/galduriadrums.com\/wp-content\/uploads\/2025\/11\/David-Landeroin-1-1024x683.jpg?ssl=1\" \/>\n<meta name=\"twitter:card\" content=\"summary_large_image\" \/>\n<meta name=\"twitter:label1\" content=\"Tiempo de lectura\" \/>\n\t<meta name=\"twitter:data1\" content=\"3 minutos\" \/>\n<script type=\"application\/ld+json\" class=\"yoast-schema-graph\">{\"@context\":\"https:\\\/\\\/schema.org\",\"@graph\":[{\"@type\":\"WebPage\",\"@id\":\"https:\\\/\\\/galduriadrums.com\\\/?page_id=964\",\"url\":\"https:\\\/\\\/galduriadrums.com\\\/?page_id=964\",\"name\":\"David Landeroin - Galduria Drums\",\"isPartOf\":{\"@id\":\"https:\\\/\\\/galduriadrums.com\\\/#website\"},\"primaryImageOfPage\":{\"@id\":\"https:\\\/\\\/galduriadrums.com\\\/?page_id=964#primaryimage\"},\"image\":{\"@id\":\"https:\\\/\\\/galduriadrums.com\\\/?page_id=964#primaryimage\"},\"thumbnailUrl\":\"https:\\\/\\\/i0.wp.com\\\/galduriadrums.com\\\/wp-content\\\/uploads\\\/2025\\\/11\\\/David-Landeroin-1-1024x683.jpg?ssl=1\",\"datePublished\":\"2025-11-27T10:10:51+00:00\",\"dateModified\":\"2025-11-27T23:22:25+00:00\",\"breadcrumb\":{\"@id\":\"https:\\\/\\\/galduriadrums.com\\\/?page_id=964#breadcrumb\"},\"inLanguage\":\"es\",\"potentialAction\":[{\"@type\":\"ReadAction\",\"target\":[\"https:\\\/\\\/galduriadrums.com\\\/?page_id=964\"]}]},{\"@type\":\"ImageObject\",\"inLanguage\":\"es\",\"@id\":\"https:\\\/\\\/galduriadrums.com\\\/?page_id=964#primaryimage\",\"url\":\"https:\\\/\\\/i0.wp.com\\\/galduriadrums.com\\\/wp-content\\\/uploads\\\/2025\\\/11\\\/David-Landeroin-1-1024x683.jpg?ssl=1\",\"contentUrl\":\"https:\\\/\\\/i0.wp.com\\\/galduriadrums.com\\\/wp-content\\\/uploads\\\/2025\\\/11\\\/David-Landeroin-1-1024x683.jpg?ssl=1\"},{\"@type\":\"BreadcrumbList\",\"@id\":\"https:\\\/\\\/galduriadrums.com\\\/?page_id=964#breadcrumb\",\"itemListElement\":[{\"@type\":\"ListItem\",\"position\":1,\"name\":\"Portada\",\"item\":\"https:\\\/\\\/galduriadrums.com\\\/\"},{\"@type\":\"ListItem\",\"position\":2,\"name\":\"La Familia Galduria\",\"item\":\"https:\\\/\\\/galduriadrums.com\\\/?page_id=827\"},{\"@type\":\"ListItem\",\"position\":3,\"name\":\"David Landeroin\"}]},{\"@type\":\"WebSite\",\"@id\":\"https:\\\/\\\/galduriadrums.com\\\/#website\",\"url\":\"https:\\\/\\\/galduriadrums.com\\\/\",\"name\":\"Galduria Drums\",\"description\":\"\",\"potentialAction\":[{\"@type\":\"SearchAction\",\"target\":{\"@type\":\"EntryPoint\",\"urlTemplate\":\"https:\\\/\\\/galduriadrums.com\\\/?s={search_term_string}\"},\"query-input\":{\"@type\":\"PropertyValueSpecification\",\"valueRequired\":true,\"valueName\":\"search_term_string\"}}],\"inLanguage\":\"es\"}]}<\/script>\n<!-- \/ Yoast SEO plugin. -->","yoast_head_json":{"title":"David Landeroin - Galduria Drums","robots":{"index":"index","follow":"follow","max-snippet":"max-snippet:-1","max-image-preview":"max-image-preview:large","max-video-preview":"max-video-preview:-1"},"canonical":"https:\/\/galduriadrums.com\/?page_id=964","og_locale":"es_ES","og_type":"article","og_title":"David Landeroin - Galduria Drums","og_description":"Historia de David \u2013 Artista Constantine Cymbals David Landeroin L\u00f3pez es un baterista con una trayectoria intensa y vers\u00e1til, forjada a lo largo de 18 a\u00f1os de trabajo constante. Autodidacta durante gran parte de su camino, termin\u00f3 de pulir su t\u00e9cnica y enfoque musical estudiando con maestros como Daniel P\u00e9rez (Saratoga, Stravaganzza, Khael) y Toni [&hellip;]","og_url":"https:\/\/galduriadrums.com\/?page_id=964","og_site_name":"Galduria Drums","article_modified_time":"2025-11-27T23:22:25+00:00","og_image":[{"url":"https:\/\/i0.wp.com\/galduriadrums.com\/wp-content\/uploads\/2025\/11\/David-Landeroin-1-1024x683.jpg?ssl=1","type":"","width":"","height":""}],"twitter_card":"summary_large_image","twitter_misc":{"Tiempo de lectura":"3 minutos"},"schema":{"@context":"https:\/\/schema.org","@graph":[{"@type":"WebPage","@id":"https:\/\/galduriadrums.com\/?page_id=964","url":"https:\/\/galduriadrums.com\/?page_id=964","name":"David Landeroin - Galduria Drums","isPartOf":{"@id":"https:\/\/galduriadrums.com\/#website"},"primaryImageOfPage":{"@id":"https:\/\/galduriadrums.com\/?page_id=964#primaryimage"},"image":{"@id":"https:\/\/galduriadrums.com\/?page_id=964#primaryimage"},"thumbnailUrl":"https:\/\/i0.wp.com\/galduriadrums.com\/wp-content\/uploads\/2025\/11\/David-Landeroin-1-1024x683.jpg?ssl=1","datePublished":"2025-11-27T10:10:51+00:00","dateModified":"2025-11-27T23:22:25+00:00","breadcrumb":{"@id":"https:\/\/galduriadrums.com\/?page_id=964#breadcrumb"},"inLanguage":"es","potentialAction":[{"@type":"ReadAction","target":["https:\/\/galduriadrums.com\/?page_id=964"]}]},{"@type":"ImageObject","inLanguage":"es","@id":"https:\/\/galduriadrums.com\/?page_id=964#primaryimage","url":"https:\/\/i0.wp.com\/galduriadrums.com\/wp-content\/uploads\/2025\/11\/David-Landeroin-1-1024x683.jpg?ssl=1","contentUrl":"https:\/\/i0.wp.com\/galduriadrums.com\/wp-content\/uploads\/2025\/11\/David-Landeroin-1-1024x683.jpg?ssl=1"},{"@type":"BreadcrumbList","@id":"https:\/\/galduriadrums.com\/?page_id=964#breadcrumb","itemListElement":[{"@type":"ListItem","position":1,"name":"Portada","item":"https:\/\/galduriadrums.com\/"},{"@type":"ListItem","position":2,"name":"La Familia Galduria","item":"https:\/\/galduriadrums.com\/?page_id=827"},{"@type":"ListItem","position":3,"name":"David Landeroin"}]},{"@type":"WebSite","@id":"https:\/\/galduriadrums.com\/#website","url":"https:\/\/galduriadrums.com\/","name":"Galduria Drums","description":"","potentialAction":[{"@type":"SearchAction","target":{"@type":"EntryPoint","urlTemplate":"https:\/\/galduriadrums.com\/?s={search_term_string}"},"query-input":{"@type":"PropertyValueSpecification","valueRequired":true,"valueName":"search_term_string"}}],"inLanguage":"es"}]}},"jetpack_sharing_enabled":true,"_links":{"self":[{"href":"https:\/\/galduriadrums.com\/index.php?rest_route=\/wp\/v2\/pages\/964","targetHints":{"allow":["GET"]}}],"collection":[{"href":"https:\/\/galduriadrums.com\/index.php?rest_route=\/wp\/v2\/pages"}],"about":[{"href":"https:\/\/galduriadrums.com\/index.php?rest_route=\/wp\/v2\/types\/page"}],"author":[{"embeddable":true,"href":"https:\/\/galduriadrums.com\/index.php?rest_route=\/wp\/v2\/users\/1"}],"replies":[{"embeddable":true,"href":"https:\/\/galduriadrums.com\/index.php?rest_route=%2Fwp%2Fv2%2Fcomments&post=964"}],"version-history":[{"count":7,"href":"https:\/\/galduriadrums.com\/index.php?rest_route=\/wp\/v2\/pages\/964\/revisions"}],"predecessor-version":[{"id":1053,"href":"https:\/\/galduriadrums.com\/index.php?rest_route=\/wp\/v2\/pages\/964\/revisions\/1053"}],"up":[{"embeddable":true,"href":"https:\/\/galduriadrums.com\/index.php?rest_route=\/wp\/v2\/pages\/827"}],"wp:attachment":[{"href":"https:\/\/galduriadrums.com\/index.php?rest_route=%2Fwp%2Fv2%2Fmedia&parent=964"}],"curies":[{"name":"wp","href":"https:\/\/api.w.org\/{rel}","templated":true}]}}