{"id":912,"date":"2025-11-25T20:13:07","date_gmt":"2025-11-25T20:13:07","guid":{"rendered":"https:\/\/galduriadrums.com\/?page_id=912"},"modified":"2025-12-03T23:13:11","modified_gmt":"2025-12-03T23:13:11","slug":"milton-batera","status":"publish","type":"page","link":"https:\/\/galduriadrums.com\/?page_id=912","title":{"rendered":"Milton Batera"},"content":{"rendered":"\t\t<div data-elementor-type=\"wp-page\" data-elementor-id=\"912\" class=\"elementor elementor-912\">\n\t\t\t\t<div class=\"elementor-element elementor-element-4867829 e-flex e-con-boxed e-con e-parent\" data-id=\"4867829\" data-element_type=\"container\" data-e-type=\"container\">\n\t\t\t\t\t<div class=\"e-con-inner\">\n\t\t\t\t<div class=\"elementor-element elementor-element-22a41e1 elementor-widget elementor-widget-image\" data-id=\"22a41e1\" data-element_type=\"widget\" data-e-type=\"widget\" data-widget_type=\"image.default\">\n\t\t\t\t\t\t\t\t\t\t\t\t\t\t\t<img fetchpriority=\"high\" decoding=\"async\" width=\"500\" height=\"550\" src=\"https:\/\/galduriadrums.com\/wp-content\/uploads\/2025\/11\/2.jpg\" class=\"attachment-large size-large wp-image-1029\" alt=\"\" srcset=\"https:\/\/galduriadrums.com\/wp-content\/uploads\/2025\/11\/2.jpg 500w, https:\/\/galduriadrums.com\/wp-content\/uploads\/2025\/11\/2-273x300.jpg 273w, https:\/\/galduriadrums.com\/wp-content\/uploads\/2025\/11\/2-416x458.jpg 416w\" sizes=\"(max-width: 500px) 100vw, 500px\" \/>\t\t\t\t\t\t\t\t\t\t\t\t\t\t\t<\/div>\n\t\t\t\t\t<\/div>\n\t\t\t\t<\/div>\n\t\t<div class=\"elementor-element elementor-element-be8102a e-flex e-con-boxed e-con e-parent\" data-id=\"be8102a\" data-element_type=\"container\" data-e-type=\"container\">\n\t\t\t\t\t<div class=\"e-con-inner\">\n\t\t\t\t<div class=\"elementor-element elementor-element-37dca5a elementor-widget elementor-widget-heading\" data-id=\"37dca5a\" data-element_type=\"widget\" data-e-type=\"widget\" data-widget_type=\"heading.default\">\n\t\t\t\t\t<h2 class=\"elementor-heading-title elementor-size-default\">Historia de Milton Batera \u2013 Endorser de Blue Drum Heads (PORTUGAL)<\/h2>\t\t\t\t<\/div>\n\t\t\t\t\t<\/div>\n\t\t\t\t<\/div>\n\t\t<div class=\"elementor-element elementor-element-115df28 e-flex e-con-boxed e-con e-parent\" data-id=\"115df28\" data-element_type=\"container\" data-e-type=\"container\">\n\t\t\t\t\t<div class=\"e-con-inner\">\n\t\t\t\t<div class=\"elementor-element elementor-element-1c078c1 elementor-widget elementor-widget-text-editor\" data-id=\"1c078c1\" data-element_type=\"widget\" data-e-type=\"widget\" data-widget_type=\"text-editor.default\">\n\t\t\t\t\t\t\t\t\t<p data-start=\"312\" data-end=\"632\">Milton Batera es un baterista brasile\u00f1o cuya relaci\u00f3n con la m\u00fasica empez\u00f3 muy pronto: a los 7 a\u00f1os ya aprend\u00eda a tocar la bater\u00eda de la mano de su padre, tambi\u00e9n baterista. Aquella primera conexi\u00f3n familiar marc\u00f3 el inicio de una trayectoria s\u00f3lida, rica en experiencias y profundamente ligada a la pasi\u00f3n por el ritmo.<\/p><p data-start=\"634\" data-end=\"1481\">Vivi\u00f3 su primera formaci\u00f3n musical dentro de la <strong data-start=\"682\" data-end=\"715\">banda de m\u00fasica de su escuela<\/strong>, donde toc\u00f3 durante 10 a\u00f1os y con la que incluso lleg\u00f3 a actuar en Estados Unidos. M\u00e1s adelante continu\u00f3 ampliando conocimientos en clases grupales dirigidas por una directora formada en <strong data-start=\"903\" data-end=\"931\">Berklee College of Music<\/strong>, participando tambi\u00e9n en la big band que ella fund\u00f3. Su formaci\u00f3n se enriqueci\u00f3 con cursos en <strong data-start=\"1026\" data-end=\"1063\">Solar do Bar\u00e3o (Curitiba, Paran\u00e1)<\/strong>, talleres de bossa nova, estudios de guitarra, y un curso de armon\u00eda e improvisaci\u00f3n con un profesor formado en <strong data-start=\"1176\" data-end=\"1195\">GIT Los \u00c1ngeles<\/strong>. A lo largo de los a\u00f1os ha asistido adem\u00e1s a numerosos workshops nacionales e internacionales con grandes figuras de la bater\u00eda, y tambi\u00e9n ha impartido talleres en distintas escuelas de m\u00fasica.<br data-start=\"1389\" data-end=\"1392\" \/>Actualmente contin\u00faa compartiendo su experiencia ofreciendo <strong data-start=\"1452\" data-end=\"1480\">clases de bater\u00eda online<\/strong>.<\/p><p data-start=\"1483\" data-end=\"1988\">Lleva 20 a\u00f1os residiendo en Portugal y su carrera lo ha conectado con artistas de primer nivel en distintos g\u00e9neros. Ha tocado y grabado con m\u00fasicos internacionales como <strong data-start=\"1653\" data-end=\"1701\">Randy Brecker, Janis Siegel, Philip Hamilton<\/strong>, y grandes referentes de la m\u00fasica portuguesa como <strong data-start=\"1753\" data-end=\"1783\">Rui Veloso, S\u00e9rgio Godinho<\/strong> y <strong data-start=\"1786\" data-end=\"1805\">Jo\u00e3o Pedro Pais<\/strong>.<\/p><p data-start=\"1990\" data-end=\"2313\">Su nombre aparece ligado a colaboraciones destacadas con m\u00fasicos brasile\u00f1os como <strong data-start=\"2071\" data-end=\"2097\">Fernando Deluqui (RPM)<\/strong>, <strong data-start=\"2099\" data-end=\"2125\">Luiz Meira (Gal Costa)<\/strong>, <strong data-start=\"2127\" data-end=\"2155\">Z\u00e9 Ricardo (Rock in Rio)<\/strong>, <strong data-start=\"2157\" data-end=\"2196\">Junior Meirelles (The Voice Brasil)<\/strong>, <strong data-start=\"2198\" data-end=\"2218\">Diego Figueiredo<\/strong>, o <strong data-start=\"2222\" data-end=\"2240\">Chico Oliveira<\/strong>, ampliando as\u00ed su presencia dentro del panorama musical latinoamericano.<\/p><p data-start=\"2315\" data-end=\"2609\">Milton tambi\u00e9n ha recorrido festivales de jazz por todo el mundo, mostrando un estilo vers\u00e1til y una musicalidad muy marcada por la improvisaci\u00f3n. Ha participado en innumerables jam sessions tanto en Brasil como en Europa, compartiendo escenario con formaciones de diversos estilos y contextos con artistas y figuras como Hermeto Pascoal, Airto Moreira, Flora Purim, Arismar do Esp\u00edrito Santo, entre muchos otros..<\/p><p data-start=\"2315\" data-end=\"2609\">Ha actuado en clubes de jazz de renombre como <strong>Blue Note<\/strong> en Alemania y <strong>Jazzhus Montmartre<\/strong> en Dinamarca.<\/p><p data-start=\"2611\" data-end=\"2920\">Como compositor, es <strong data-start=\"2631\" data-end=\"2665\">artista VIP de Gramane Records<\/strong>, sello con el que ha recibido discos de bronce, plata y oro. Adem\u00e1s, cuenta con el <strong data-start=\"2749\" data-end=\"2805\">apoyo de reconocidas marcas del sector de la bater\u00eda<\/strong>, un reflejo de su profesionalidad, su sonido personal y la confianza que transmite dentro de la comunidad musical.<\/p><p data-start=\"2922\" data-end=\"3169\">Por su talento, su trayectoria internacional y su manera genuina de entender el instrumento, Milton Batera es un embajador perfecto para representar la calidad y la fuerza de <strong data-start=\"3097\" data-end=\"3116\">Blue Drum Heads<\/strong>, aportando su experiencia y su energ\u00eda a cada golpe.<\/p><p>Instagram:<br \/>@miltonbatera_<\/p><p>Canales de YouTube:<br \/>Milton Batera 1<br \/><a href=\"https:\/\/youtube.com\/@miltonbatera1?si=3CVOTAftKlvTemrU\">https:\/\/youtube.com\/@miltonbatera1?si=3CVOTAftKlvTemrU<\/a><br \/>Milton Batera 2<br \/><a href=\"https:\/\/youtube.com\/@miltonbatera2?si=Nc5rjWyn7JKFWG_p\">https:\/\/youtube.com\/@miltonbatera2?si=Nc5rjWyn7JKFWG_p<\/a><br \/>BitSints<br \/><a href=\"https:\/\/youtube.com\/@bitsints?si=nK9ezxTJcgmwaYSd\">https:\/\/youtube.com\/@bitsints?si=nK9ezxTJcgmwaYSd<\/a><\/p><p>Tiktok:<br \/>@miltonbatera<\/p><p>Spotify:<br \/>Milton Batera<br \/><a href=\"https:\/\/open.spotify.com\/artist\/1Y3L4rffBTpts3rcjLT9SE?si=JqsOvYqiTbm-AEys-Jabbg\">https:\/\/open.spotify.com\/artist\/1Y3L4rffBTpts3rcjLT9SE?si=JqsOvYqiTbm-AEys-Jabbg<\/a><\/p>\t\t\t\t\t\t\t\t<\/div>\n\t\t\t\t\t<\/div>\n\t\t\t\t<\/div>\n\t\t\t\t<\/div>\n\t\t","protected":false},"excerpt":{"rendered":"<p>Historia de Milton Batera \u2013 Endorser de Blue Drum Heads (PORTUGAL) Milton Batera es un baterista brasile\u00f1o cuya relaci\u00f3n con la m\u00fasica empez\u00f3 muy pronto: a los 7 a\u00f1os ya aprend\u00eda a tocar la bater\u00eda de la mano de su padre, tambi\u00e9n baterista. Aquella primera conexi\u00f3n familiar marc\u00f3 el inicio de una trayectoria s\u00f3lida, rica [&hellip;]<\/p>\n","protected":false},"author":1,"featured_media":0,"parent":827,"menu_order":0,"comment_status":"closed","ping_status":"closed","template":"","meta":{"footnotes":""},"class_list":["post-912","page","type-page","status-publish","hentry"],"yoast_head":"<!-- This site is optimized with the Yoast SEO plugin v27.5 - https:\/\/yoast.com\/product\/yoast-seo-wordpress\/ -->\n<title>Milton Batera - Galduria Drums<\/title>\n<meta name=\"robots\" content=\"index, follow, max-snippet:-1, max-image-preview:large, max-video-preview:-1\" \/>\n<link rel=\"canonical\" href=\"https:\/\/galduriadrums.com\/?page_id=912\" \/>\n<meta property=\"og:locale\" content=\"es_ES\" \/>\n<meta property=\"og:type\" content=\"article\" \/>\n<meta property=\"og:title\" content=\"Milton Batera - Galduria Drums\" \/>\n<meta property=\"og:description\" content=\"Historia de Milton Batera \u2013 Endorser de Blue Drum Heads (PORTUGAL) Milton Batera es un baterista brasile\u00f1o cuya relaci\u00f3n con la m\u00fasica empez\u00f3 muy pronto: a los 7 a\u00f1os ya aprend\u00eda a tocar la bater\u00eda de la mano de su padre, tambi\u00e9n baterista. Aquella primera conexi\u00f3n familiar marc\u00f3 el inicio de una trayectoria s\u00f3lida, rica [&hellip;]\" \/>\n<meta property=\"og:url\" content=\"https:\/\/galduriadrums.com\/?page_id=912\" \/>\n<meta property=\"og:site_name\" content=\"Galduria Drums\" \/>\n<meta property=\"article:modified_time\" content=\"2025-12-03T23:13:11+00:00\" \/>\n<meta property=\"og:image\" content=\"https:\/\/galduriadrums.com\/wp-content\/uploads\/2025\/11\/2.jpg\" \/>\n\t<meta property=\"og:image:width\" content=\"500\" \/>\n\t<meta property=\"og:image:height\" content=\"550\" \/>\n\t<meta property=\"og:image:type\" content=\"image\/jpeg\" \/>\n<meta name=\"twitter:card\" content=\"summary_large_image\" \/>\n<meta name=\"twitter:label1\" content=\"Tiempo de lectura\" \/>\n\t<meta name=\"twitter:data1\" content=\"3 minutos\" \/>\n<script type=\"application\/ld+json\" class=\"yoast-schema-graph\">{\"@context\":\"https:\\\/\\\/schema.org\",\"@graph\":[{\"@type\":\"WebPage\",\"@id\":\"https:\\\/\\\/galduriadrums.com\\\/?page_id=912\",\"url\":\"https:\\\/\\\/galduriadrums.com\\\/?page_id=912\",\"name\":\"Milton Batera - Galduria Drums\",\"isPartOf\":{\"@id\":\"https:\\\/\\\/galduriadrums.com\\\/#website\"},\"primaryImageOfPage\":{\"@id\":\"https:\\\/\\\/galduriadrums.com\\\/?page_id=912#primaryimage\"},\"image\":{\"@id\":\"https:\\\/\\\/galduriadrums.com\\\/?page_id=912#primaryimage\"},\"thumbnailUrl\":\"https:\\\/\\\/galduriadrums.com\\\/wp-content\\\/uploads\\\/2025\\\/11\\\/2.jpg\",\"datePublished\":\"2025-11-25T20:13:07+00:00\",\"dateModified\":\"2025-12-03T23:13:11+00:00\",\"breadcrumb\":{\"@id\":\"https:\\\/\\\/galduriadrums.com\\\/?page_id=912#breadcrumb\"},\"inLanguage\":\"es\",\"potentialAction\":[{\"@type\":\"ReadAction\",\"target\":[\"https:\\\/\\\/galduriadrums.com\\\/?page_id=912\"]}]},{\"@type\":\"ImageObject\",\"inLanguage\":\"es\",\"@id\":\"https:\\\/\\\/galduriadrums.com\\\/?page_id=912#primaryimage\",\"url\":\"https:\\\/\\\/galduriadrums.com\\\/wp-content\\\/uploads\\\/2025\\\/11\\\/2.jpg\",\"contentUrl\":\"https:\\\/\\\/galduriadrums.com\\\/wp-content\\\/uploads\\\/2025\\\/11\\\/2.jpg\",\"width\":500,\"height\":550},{\"@type\":\"BreadcrumbList\",\"@id\":\"https:\\\/\\\/galduriadrums.com\\\/?page_id=912#breadcrumb\",\"itemListElement\":[{\"@type\":\"ListItem\",\"position\":1,\"name\":\"Portada\",\"item\":\"https:\\\/\\\/galduriadrums.com\\\/\"},{\"@type\":\"ListItem\",\"position\":2,\"name\":\"La Familia Galduria\",\"item\":\"https:\\\/\\\/galduriadrums.com\\\/?page_id=827\"},{\"@type\":\"ListItem\",\"position\":3,\"name\":\"Milton Batera\"}]},{\"@type\":\"WebSite\",\"@id\":\"https:\\\/\\\/galduriadrums.com\\\/#website\",\"url\":\"https:\\\/\\\/galduriadrums.com\\\/\",\"name\":\"Galduria Drums\",\"description\":\"\",\"potentialAction\":[{\"@type\":\"SearchAction\",\"target\":{\"@type\":\"EntryPoint\",\"urlTemplate\":\"https:\\\/\\\/galduriadrums.com\\\/?s={search_term_string}\"},\"query-input\":{\"@type\":\"PropertyValueSpecification\",\"valueRequired\":true,\"valueName\":\"search_term_string\"}}],\"inLanguage\":\"es\"}]}<\/script>\n<!-- \/ Yoast SEO plugin. -->","yoast_head_json":{"title":"Milton Batera - Galduria Drums","robots":{"index":"index","follow":"follow","max-snippet":"max-snippet:-1","max-image-preview":"max-image-preview:large","max-video-preview":"max-video-preview:-1"},"canonical":"https:\/\/galduriadrums.com\/?page_id=912","og_locale":"es_ES","og_type":"article","og_title":"Milton Batera - Galduria Drums","og_description":"Historia de Milton Batera \u2013 Endorser de Blue Drum Heads (PORTUGAL) Milton Batera es un baterista brasile\u00f1o cuya relaci\u00f3n con la m\u00fasica empez\u00f3 muy pronto: a los 7 a\u00f1os ya aprend\u00eda a tocar la bater\u00eda de la mano de su padre, tambi\u00e9n baterista. Aquella primera conexi\u00f3n familiar marc\u00f3 el inicio de una trayectoria s\u00f3lida, rica [&hellip;]","og_url":"https:\/\/galduriadrums.com\/?page_id=912","og_site_name":"Galduria Drums","article_modified_time":"2025-12-03T23:13:11+00:00","og_image":[{"width":500,"height":550,"url":"https:\/\/galduriadrums.com\/wp-content\/uploads\/2025\/11\/2.jpg","type":"image\/jpeg"}],"twitter_card":"summary_large_image","twitter_misc":{"Tiempo de lectura":"3 minutos"},"schema":{"@context":"https:\/\/schema.org","@graph":[{"@type":"WebPage","@id":"https:\/\/galduriadrums.com\/?page_id=912","url":"https:\/\/galduriadrums.com\/?page_id=912","name":"Milton Batera - Galduria Drums","isPartOf":{"@id":"https:\/\/galduriadrums.com\/#website"},"primaryImageOfPage":{"@id":"https:\/\/galduriadrums.com\/?page_id=912#primaryimage"},"image":{"@id":"https:\/\/galduriadrums.com\/?page_id=912#primaryimage"},"thumbnailUrl":"https:\/\/galduriadrums.com\/wp-content\/uploads\/2025\/11\/2.jpg","datePublished":"2025-11-25T20:13:07+00:00","dateModified":"2025-12-03T23:13:11+00:00","breadcrumb":{"@id":"https:\/\/galduriadrums.com\/?page_id=912#breadcrumb"},"inLanguage":"es","potentialAction":[{"@type":"ReadAction","target":["https:\/\/galduriadrums.com\/?page_id=912"]}]},{"@type":"ImageObject","inLanguage":"es","@id":"https:\/\/galduriadrums.com\/?page_id=912#primaryimage","url":"https:\/\/galduriadrums.com\/wp-content\/uploads\/2025\/11\/2.jpg","contentUrl":"https:\/\/galduriadrums.com\/wp-content\/uploads\/2025\/11\/2.jpg","width":500,"height":550},{"@type":"BreadcrumbList","@id":"https:\/\/galduriadrums.com\/?page_id=912#breadcrumb","itemListElement":[{"@type":"ListItem","position":1,"name":"Portada","item":"https:\/\/galduriadrums.com\/"},{"@type":"ListItem","position":2,"name":"La Familia Galduria","item":"https:\/\/galduriadrums.com\/?page_id=827"},{"@type":"ListItem","position":3,"name":"Milton Batera"}]},{"@type":"WebSite","@id":"https:\/\/galduriadrums.com\/#website","url":"https:\/\/galduriadrums.com\/","name":"Galduria Drums","description":"","potentialAction":[{"@type":"SearchAction","target":{"@type":"EntryPoint","urlTemplate":"https:\/\/galduriadrums.com\/?s={search_term_string}"},"query-input":{"@type":"PropertyValueSpecification","valueRequired":true,"valueName":"search_term_string"}}],"inLanguage":"es"}]}},"jetpack_sharing_enabled":true,"_links":{"self":[{"href":"https:\/\/galduriadrums.com\/index.php?rest_route=\/wp\/v2\/pages\/912","targetHints":{"allow":["GET"]}}],"collection":[{"href":"https:\/\/galduriadrums.com\/index.php?rest_route=\/wp\/v2\/pages"}],"about":[{"href":"https:\/\/galduriadrums.com\/index.php?rest_route=\/wp\/v2\/types\/page"}],"author":[{"embeddable":true,"href":"https:\/\/galduriadrums.com\/index.php?rest_route=\/wp\/v2\/users\/1"}],"replies":[{"embeddable":true,"href":"https:\/\/galduriadrums.com\/index.php?rest_route=%2Fwp%2Fv2%2Fcomments&post=912"}],"version-history":[{"count":17,"href":"https:\/\/galduriadrums.com\/index.php?rest_route=\/wp\/v2\/pages\/912\/revisions"}],"predecessor-version":[{"id":1156,"href":"https:\/\/galduriadrums.com\/index.php?rest_route=\/wp\/v2\/pages\/912\/revisions\/1156"}],"up":[{"embeddable":true,"href":"https:\/\/galduriadrums.com\/index.php?rest_route=\/wp\/v2\/pages\/827"}],"wp:attachment":[{"href":"https:\/\/galduriadrums.com\/index.php?rest_route=%2Fwp%2Fv2%2Fmedia&parent=912"}],"curies":[{"name":"wp","href":"https:\/\/api.w.org\/{rel}","templated":true}]}}