{"id":907,"date":"2025-11-25T20:07:56","date_gmt":"2025-11-25T20:07:56","guid":{"rendered":"https:\/\/galduriadrums.com\/?page_id=907"},"modified":"2025-11-27T23:17:42","modified_gmt":"2025-11-27T23:17:42","slug":"juandi-pascual-2","status":"publish","type":"page","link":"https:\/\/galduriadrums.com\/?page_id=907","title":{"rendered":"Juandi Pascual"},"content":{"rendered":"\t\t<div data-elementor-type=\"wp-page\" data-elementor-id=\"907\" class=\"elementor elementor-907\">\n\t\t\t\t<div class=\"elementor-element elementor-element-17874c92 e-flex e-con-boxed e-con e-parent\" data-id=\"17874c92\" data-element_type=\"container\" data-e-type=\"container\">\n\t\t\t\t\t<div class=\"e-con-inner\">\n\t\t\t\t<div class=\"elementor-element elementor-element-9e489e5 elementor-widget elementor-widget-image\" data-id=\"9e489e5\" data-element_type=\"widget\" data-e-type=\"widget\" data-widget_type=\"image.default\">\n\t\t\t\t\t\t\t\t\t\t\t\t\t\t\t<img fetchpriority=\"high\" decoding=\"async\" width=\"980\" height=\"444\" src=\"https:\/\/galduriadrums.com\/wp-content\/uploads\/2025\/11\/Juandi-Pascual-3-1024x464.jpg\" class=\"attachment-large size-large wp-image-1016\" alt=\"\" srcset=\"https:\/\/galduriadrums.com\/wp-content\/uploads\/2025\/11\/Juandi-Pascual-3-1024x464.jpg 1024w, https:\/\/galduriadrums.com\/wp-content\/uploads\/2025\/11\/Juandi-Pascual-3-300x136.jpg 300w, https:\/\/galduriadrums.com\/wp-content\/uploads\/2025\/11\/Juandi-Pascual-3-768x348.jpg 768w, https:\/\/galduriadrums.com\/wp-content\/uploads\/2025\/11\/Juandi-Pascual-3-416x188.jpg 416w, https:\/\/galduriadrums.com\/wp-content\/uploads\/2025\/11\/Juandi-Pascual-3.jpg 1060w\" sizes=\"(max-width: 980px) 100vw, 980px\" \/>\t\t\t\t\t\t\t\t\t\t\t\t\t\t\t<\/div>\n\t\t\t\t<div class=\"elementor-element elementor-element-bdf8207 elementor-widget elementor-widget-heading\" data-id=\"bdf8207\" data-element_type=\"widget\" data-e-type=\"widget\" data-widget_type=\"heading.default\">\n\t\t\t\t\t<h2 class=\"elementor-heading-title elementor-size-default\">Historia de Juandi Pascual \u2013 Primer colaborador de Constantine Cymbals en Espa\u00f1a y nuevo integrante de Blue Drum Heads<\/h2>\t\t\t\t<\/div>\n\t\t\t\t<div class=\"elementor-element elementor-element-5deca91e elementor-widget elementor-widget-text-editor\" data-id=\"5deca91e\" data-element_type=\"widget\" data-e-type=\"widget\" data-widget_type=\"text-editor.default\">\n\t\t\t\t\t\t\t\t\t\n<p data-start=\"843\" data-end=\"1165\">Su inquietud musical lo ha llevado a vivir en ciudades como <strong data-start=\"903\" data-end=\"940\">Madrid, Barcelona, Miami o Murcia<\/strong>, donde busc\u00f3 inspiraci\u00f3n, experiencias y trabajos que moldearan su sonido y su identidad art\u00edstica. Esta versatilidad le permiti\u00f3 moverse con naturalidad entre su propio proyecto musical y su labor como <strong data-start=\"1144\" data-end=\"1164\">m\u00fasico de sesi\u00f3n<\/strong>.<\/p>\n<p data-start=\"1167\" data-end=\"1588\">Ha participado en producciones teatrales destacadas como <strong data-start=\"1224\" data-end=\"1235\">Cabaret<\/strong> o <strong data-start=\"1238\" data-end=\"1253\">Kinky Boots<\/strong>, y ha trabajado con artistas como <strong data-start=\"1288\" data-end=\"1353\">Ruth Lorenzo, Miguel R\u00edos, Georgina, Kuve, Lorenzo Santamar\u00eda<\/strong> o <strong data-start=\"1356\" data-end=\"1365\">Claim<\/strong>, entre muchos otros. En los dos \u00faltimos a\u00f1os ampli\u00f3 su trayectoria al \u00e1mbito internacional trabajando en <strong data-start=\"1471\" data-end=\"1483\">cruceros<\/strong>, acompa\u00f1ando a decenas de artistas invitados y reforzando a\u00fan m\u00e1s su adaptabilidad y experiencia global.<\/p>\n<p data-start=\"1590\" data-end=\"1911\">En 2019 se convirti\u00f3 en el <strong data-start=\"1617\" data-end=\"1644\">primer m\u00fasico en Espa\u00f1a<\/strong> en apoyar de manera cercana y decisiva el proyecto <strong data-start=\"1696\" data-end=\"1719\">Constantine Cymbals<\/strong>, ayudando a dar forma y visibilidad a la marca desde sus inicios en el pa\u00eds. Su sensibilidad, criterio y compromiso fueron esenciales para consolidar la identidad de estos platos artesanales.<\/p>\n<p data-start=\"1913\" data-end=\"2106\">Desde 2025, Juandi pasa tambi\u00e9n a formar parte de la familia <strong data-start=\"1974\" data-end=\"1993\">Blue Drum Heads<\/strong>, sum\u00e1ndose como colaborador gracias a su sonido vers\u00e1til, su profesionalidad y su b\u00fasqueda constante de calidad.<\/p>\n<p data-start=\"2108\" data-end=\"2422\">Actualmente reside en Espa\u00f1a, donde compagina la <strong data-start=\"2157\" data-end=\"2189\">docencia presencial y online<\/strong> con su trabajo como <strong data-start=\"2210\" data-end=\"2248\">m\u00fasico de sesi\u00f3n a tiempo completo<\/strong>. Con una formaci\u00f3n enriquecida por diversas culturas musicales, Juandi aporta expresi\u00f3n, autenticidad y un enfoque profundamente musical a cada proyecto en el que participa.<\/p>\n<p data-start=\"2108\" data-end=\"2422\">\u00a0<\/p>\n<p data-start=\"2108\" data-end=\"2422\">WEB Y REDES SOCIALES:<\/p>\n<p data-start=\"2108\" data-end=\"2422\"><a href=\"http:\/\/www.juandipascual.com\">www.juandipascual.com<\/a><\/p>\n<p data-start=\"2108\" data-end=\"2422\"><a href=\"http:\/\/Instagram.com\/juandipascual\">Instagram.com\/juandipascual<\/a><\/p>\n<p data-start=\"2108\" data-end=\"2422\"><a href=\"http:\/\/Facebook.com\/juandipascual\">Facebook.com\/juandipascual<\/a><\/p>\n<p data-start=\"2108\" data-end=\"2422\"><a href=\"https:\/\/youtube.com\/@juandipascual?si=LxISwB6-w0IXvrET\">https:\/\/youtube.com\/@juandipascual?si=LxISwB6-w0IXvrET<\/a><\/p>\n\t\t\t\t\t\t\t\t<\/div>\n\t\t\t\t\t<\/div>\n\t\t\t\t<\/div>\n\t\t<div class=\"elementor-element elementor-element-da4038c e-flex e-con-boxed e-con e-parent\" data-id=\"da4038c\" data-element_type=\"container\" data-e-type=\"container\">\n\t\t\t\t\t<div class=\"e-con-inner\">\n\t\t\t\t\t<\/div>\n\t\t\t\t<\/div>\n\t\t\t\t<\/div>\n\t\t","protected":false},"excerpt":{"rendered":"<p>Historia de Juandi Pascual \u2013 Primer colaborador de Constantine Cymbals en Espa\u00f1a y nuevo integrante de Blue Drum Heads Su inquietud musical lo ha llevado a vivir en ciudades como Madrid, Barcelona, Miami o Murcia, donde busc\u00f3 inspiraci\u00f3n, experiencias y trabajos que moldearan su sonido y su identidad art\u00edstica. Esta versatilidad le permiti\u00f3 moverse con [&hellip;]<\/p>\n","protected":false},"author":1,"featured_media":0,"parent":827,"menu_order":0,"comment_status":"closed","ping_status":"closed","template":"","meta":{"footnotes":""},"class_list":["post-907","page","type-page","status-publish","hentry"],"yoast_head":"<!-- This site is optimized with the Yoast SEO plugin v27.5 - https:\/\/yoast.com\/product\/yoast-seo-wordpress\/ -->\n<title>Juandi Pascual - Galduria Drums<\/title>\n<meta name=\"robots\" content=\"index, follow, max-snippet:-1, max-image-preview:large, max-video-preview:-1\" \/>\n<link rel=\"canonical\" href=\"https:\/\/galduriadrums.com\/?page_id=907\" \/>\n<meta property=\"og:locale\" content=\"es_ES\" \/>\n<meta property=\"og:type\" content=\"article\" \/>\n<meta property=\"og:title\" content=\"Juandi Pascual - Galduria Drums\" \/>\n<meta property=\"og:description\" content=\"Historia de Juandi Pascual \u2013 Primer colaborador de Constantine Cymbals en Espa\u00f1a y nuevo integrante de Blue Drum Heads Su inquietud musical lo ha llevado a vivir en ciudades como Madrid, Barcelona, Miami o Murcia, donde busc\u00f3 inspiraci\u00f3n, experiencias y trabajos que moldearan su sonido y su identidad art\u00edstica. Esta versatilidad le permiti\u00f3 moverse con [&hellip;]\" \/>\n<meta property=\"og:url\" content=\"https:\/\/galduriadrums.com\/?page_id=907\" \/>\n<meta property=\"og:site_name\" content=\"Galduria Drums\" \/>\n<meta property=\"article:modified_time\" content=\"2025-11-27T23:17:42+00:00\" \/>\n<meta property=\"og:image\" content=\"https:\/\/galduriadrums.com\/wp-content\/uploads\/2025\/11\/Juandi-Pascual-3.jpg\" \/>\n\t<meta property=\"og:image:width\" content=\"1060\" \/>\n\t<meta property=\"og:image:height\" content=\"480\" \/>\n\t<meta property=\"og:image:type\" content=\"image\/jpeg\" \/>\n<meta name=\"twitter:card\" content=\"summary_large_image\" \/>\n<meta name=\"twitter:label1\" content=\"Tiempo de lectura\" \/>\n\t<meta name=\"twitter:data1\" content=\"2 minutos\" \/>\n<script type=\"application\/ld+json\" class=\"yoast-schema-graph\">{\"@context\":\"https:\\\/\\\/schema.org\",\"@graph\":[{\"@type\":\"WebPage\",\"@id\":\"https:\\\/\\\/galduriadrums.com\\\/?page_id=907\",\"url\":\"https:\\\/\\\/galduriadrums.com\\\/?page_id=907\",\"name\":\"Juandi Pascual - Galduria Drums\",\"isPartOf\":{\"@id\":\"https:\\\/\\\/galduriadrums.com\\\/#website\"},\"primaryImageOfPage\":{\"@id\":\"https:\\\/\\\/galduriadrums.com\\\/?page_id=907#primaryimage\"},\"image\":{\"@id\":\"https:\\\/\\\/galduriadrums.com\\\/?page_id=907#primaryimage\"},\"thumbnailUrl\":\"https:\\\/\\\/galduriadrums.com\\\/wp-content\\\/uploads\\\/2025\\\/11\\\/Juandi-Pascual-3-1024x464.jpg\",\"datePublished\":\"2025-11-25T20:07:56+00:00\",\"dateModified\":\"2025-11-27T23:17:42+00:00\",\"breadcrumb\":{\"@id\":\"https:\\\/\\\/galduriadrums.com\\\/?page_id=907#breadcrumb\"},\"inLanguage\":\"es\",\"potentialAction\":[{\"@type\":\"ReadAction\",\"target\":[\"https:\\\/\\\/galduriadrums.com\\\/?page_id=907\"]}]},{\"@type\":\"ImageObject\",\"inLanguage\":\"es\",\"@id\":\"https:\\\/\\\/galduriadrums.com\\\/?page_id=907#primaryimage\",\"url\":\"https:\\\/\\\/galduriadrums.com\\\/wp-content\\\/uploads\\\/2025\\\/11\\\/Juandi-Pascual-3.jpg\",\"contentUrl\":\"https:\\\/\\\/galduriadrums.com\\\/wp-content\\\/uploads\\\/2025\\\/11\\\/Juandi-Pascual-3.jpg\",\"width\":1060,\"height\":480},{\"@type\":\"BreadcrumbList\",\"@id\":\"https:\\\/\\\/galduriadrums.com\\\/?page_id=907#breadcrumb\",\"itemListElement\":[{\"@type\":\"ListItem\",\"position\":1,\"name\":\"Portada\",\"item\":\"https:\\\/\\\/galduriadrums.com\\\/\"},{\"@type\":\"ListItem\",\"position\":2,\"name\":\"La Familia Galduria\",\"item\":\"https:\\\/\\\/galduriadrums.com\\\/?page_id=827\"},{\"@type\":\"ListItem\",\"position\":3,\"name\":\"Juandi Pascual\"}]},{\"@type\":\"WebSite\",\"@id\":\"https:\\\/\\\/galduriadrums.com\\\/#website\",\"url\":\"https:\\\/\\\/galduriadrums.com\\\/\",\"name\":\"Galduria Drums\",\"description\":\"\",\"potentialAction\":[{\"@type\":\"SearchAction\",\"target\":{\"@type\":\"EntryPoint\",\"urlTemplate\":\"https:\\\/\\\/galduriadrums.com\\\/?s={search_term_string}\"},\"query-input\":{\"@type\":\"PropertyValueSpecification\",\"valueRequired\":true,\"valueName\":\"search_term_string\"}}],\"inLanguage\":\"es\"}]}<\/script>\n<!-- \/ Yoast SEO plugin. -->","yoast_head_json":{"title":"Juandi Pascual - Galduria Drums","robots":{"index":"index","follow":"follow","max-snippet":"max-snippet:-1","max-image-preview":"max-image-preview:large","max-video-preview":"max-video-preview:-1"},"canonical":"https:\/\/galduriadrums.com\/?page_id=907","og_locale":"es_ES","og_type":"article","og_title":"Juandi Pascual - Galduria Drums","og_description":"Historia de Juandi Pascual \u2013 Primer colaborador de Constantine Cymbals en Espa\u00f1a y nuevo integrante de Blue Drum Heads Su inquietud musical lo ha llevado a vivir en ciudades como Madrid, Barcelona, Miami o Murcia, donde busc\u00f3 inspiraci\u00f3n, experiencias y trabajos que moldearan su sonido y su identidad art\u00edstica. Esta versatilidad le permiti\u00f3 moverse con [&hellip;]","og_url":"https:\/\/galduriadrums.com\/?page_id=907","og_site_name":"Galduria Drums","article_modified_time":"2025-11-27T23:17:42+00:00","og_image":[{"width":1060,"height":480,"url":"https:\/\/galduriadrums.com\/wp-content\/uploads\/2025\/11\/Juandi-Pascual-3.jpg","type":"image\/jpeg"}],"twitter_card":"summary_large_image","twitter_misc":{"Tiempo de lectura":"2 minutos"},"schema":{"@context":"https:\/\/schema.org","@graph":[{"@type":"WebPage","@id":"https:\/\/galduriadrums.com\/?page_id=907","url":"https:\/\/galduriadrums.com\/?page_id=907","name":"Juandi Pascual - Galduria Drums","isPartOf":{"@id":"https:\/\/galduriadrums.com\/#website"},"primaryImageOfPage":{"@id":"https:\/\/galduriadrums.com\/?page_id=907#primaryimage"},"image":{"@id":"https:\/\/galduriadrums.com\/?page_id=907#primaryimage"},"thumbnailUrl":"https:\/\/galduriadrums.com\/wp-content\/uploads\/2025\/11\/Juandi-Pascual-3-1024x464.jpg","datePublished":"2025-11-25T20:07:56+00:00","dateModified":"2025-11-27T23:17:42+00:00","breadcrumb":{"@id":"https:\/\/galduriadrums.com\/?page_id=907#breadcrumb"},"inLanguage":"es","potentialAction":[{"@type":"ReadAction","target":["https:\/\/galduriadrums.com\/?page_id=907"]}]},{"@type":"ImageObject","inLanguage":"es","@id":"https:\/\/galduriadrums.com\/?page_id=907#primaryimage","url":"https:\/\/galduriadrums.com\/wp-content\/uploads\/2025\/11\/Juandi-Pascual-3.jpg","contentUrl":"https:\/\/galduriadrums.com\/wp-content\/uploads\/2025\/11\/Juandi-Pascual-3.jpg","width":1060,"height":480},{"@type":"BreadcrumbList","@id":"https:\/\/galduriadrums.com\/?page_id=907#breadcrumb","itemListElement":[{"@type":"ListItem","position":1,"name":"Portada","item":"https:\/\/galduriadrums.com\/"},{"@type":"ListItem","position":2,"name":"La Familia Galduria","item":"https:\/\/galduriadrums.com\/?page_id=827"},{"@type":"ListItem","position":3,"name":"Juandi Pascual"}]},{"@type":"WebSite","@id":"https:\/\/galduriadrums.com\/#website","url":"https:\/\/galduriadrums.com\/","name":"Galduria Drums","description":"","potentialAction":[{"@type":"SearchAction","target":{"@type":"EntryPoint","urlTemplate":"https:\/\/galduriadrums.com\/?s={search_term_string}"},"query-input":{"@type":"PropertyValueSpecification","valueRequired":true,"valueName":"search_term_string"}}],"inLanguage":"es"}]}},"jetpack_sharing_enabled":true,"_links":{"self":[{"href":"https:\/\/galduriadrums.com\/index.php?rest_route=\/wp\/v2\/pages\/907","targetHints":{"allow":["GET"]}}],"collection":[{"href":"https:\/\/galduriadrums.com\/index.php?rest_route=\/wp\/v2\/pages"}],"about":[{"href":"https:\/\/galduriadrums.com\/index.php?rest_route=\/wp\/v2\/types\/page"}],"author":[{"embeddable":true,"href":"https:\/\/galduriadrums.com\/index.php?rest_route=\/wp\/v2\/users\/1"}],"replies":[{"embeddable":true,"href":"https:\/\/galduriadrums.com\/index.php?rest_route=%2Fwp%2Fv2%2Fcomments&post=907"}],"version-history":[{"count":14,"href":"https:\/\/galduriadrums.com\/index.php?rest_route=\/wp\/v2\/pages\/907\/revisions"}],"predecessor-version":[{"id":1049,"href":"https:\/\/galduriadrums.com\/index.php?rest_route=\/wp\/v2\/pages\/907\/revisions\/1049"}],"up":[{"embeddable":true,"href":"https:\/\/galduriadrums.com\/index.php?rest_route=\/wp\/v2\/pages\/827"}],"wp:attachment":[{"href":"https:\/\/galduriadrums.com\/index.php?rest_route=%2Fwp%2Fv2%2Fmedia&parent=907"}],"curies":[{"name":"wp","href":"https:\/\/api.w.org\/{rel}","templated":true}]}}