{"id":827,"date":"2025-11-23T18:28:16","date_gmt":"2025-11-23T18:28:16","guid":{"rendered":"https:\/\/galduriadrums.com\/?page_id=827"},"modified":"2025-11-28T17:13:05","modified_gmt":"2025-11-28T17:13:05","slug":"la-familia-galduria-2","status":"publish","type":"page","link":"https:\/\/galduriadrums.com\/?page_id=827","title":{"rendered":"La Familia Galduria"},"content":{"rendered":"\n<style>\n.familia-grid {\n    display: grid;\n    grid-template-columns: repeat(auto-fit, minmax(250px, 1fr));\n    gap: 30px;\n    padding: 40px 0;\n}\n\n.familia-card {\n    background: #ffffff;\n    border: 1px solid #e2e2e2;\n    padding: 0;\n    text-align: center;\n    transition: 0.3s ease;\n    border-radius: 8px;\n    overflow: hidden;\n}\n\n.familia-card:hover {\n    transform: translateY(-5px);\n    box-shadow: 0 6px 20px rgba(0,0,0,0.15);\n}\n\n.familia-card img {\n    width: 100%;\n    height: 320px;\n    object-fit: cover;\n    transition: 0.3s ease;\n}\n\n\n.familia-name {\n    font-size: 22px;\n    font-weight: bold;\n    color: #000;\n    padding: 20px 10px 10px;\n}\n\n.familia-button {\n    display: inline-block;\n    margin-bottom: 20px;\n    padding: 10px 25px;\n    border: 1px solid #000;\n    color: #000;\n    text-decoration: none;\n    text-transform: uppercase;\n    font-size: 14px;\n    transition: 0.3s ease;\n    border-radius: 4px;\n}\n\n.familia-button:hover {\n    background: #000;\n    color: #fff;\n}\n<\/style>\n\n\n<div class=\"familia-grid\">\n\n    <!-- Xavier Reija -->\n    <div class=\"familia-card\">\n        <img decoding=\"async\" src=\"https:\/\/galduriadrums.com\/wp-content\/uploads\/2025\/11\/WhatsApp-Image-2025-11-25-at-19.47.35.jpeg\" alt=\"Xavier Reija\">\n        <div class=\"familia-name\">Xavier Reija<\/div>\n        <a class=\"familia-button\" href=\"https:\/\/galduriadrums.com\/?page_id=815\">Ver m\u00e1s<\/a>\n    <\/div>\n\n    <!-- Juandi Pascual -->\n    <div class=\"familia-card\">\n        <img decoding=\"async\" src=\"https:\/\/galduriadrums.com\/wp-content\/uploads\/2025\/11\/Juandi-Pascual-scaled.jpg\" alt=\"Juandi Pascual\">\n        <div class=\"familia-name\">Juandi Pascual<\/div>\n        <a class=\"familia-button\" href=\"https:\/\/galduriadrums.com\/?page_id=907\">Ver m\u00e1s<\/a>\n    <\/div>\n\n    <!-- Milton Batera -->\n    <div class=\"familia-card\">\n        <img decoding=\"async\" src=\"https:\/\/galduriadrums.com\/wp-content\/uploads\/2025\/11\/2.jpg\" alt=\"Milton Batera\">\n        <div class=\"familia-name\">Milton Batera<\/div>\n        <a class=\"familia-button\" href=\"https:\/\/galduriadrums.com\/?page_id=912\">Ver m\u00e1s<\/a>\n    <\/div>\n\n    <!-- David Landeroin -->\n    <div class=\"familia-card\">\n        <img decoding=\"async\" src=\"https:\/\/galduriadrums.com\/wp-content\/uploads\/2025\/11\/David-Landeroin-1.jpg\" alt=\"David Landeroin\">\n        <div class=\"familia-name\">David Landeroin<\/div>\n        <a class=\"familia-button\" href=\"https:\/\/galduriadrums.com\/?page_id=964\">Ver m\u00e1s<\/a>\n    <\/div>\n\n    <!-- Tito Diaz -->\n    <div class=\"familia-card\">\n        <img decoding=\"async\" src=\"https:\/\/galduriadrums.com\/wp-content\/uploads\/2025\/11\/Tito-Diaz.jpg\" alt=\"Tito Diaz\">\n        <div class=\"familia-name\">Tito Diaz<\/div>\n        <a class=\"familia-button\" href=\"https:\/\/galduriadrums.com\/?page_id=968\">Ver m\u00e1s<\/a>\n    <\/div>\n    <!-- Fernando Velasco -->\n    <div class=\"familia-card\">\n        <img decoding=\"async\" src=\"https:\/\/galduriadrums.com\/wp-content\/uploads\/2025\/11\/WhatsApp-Image-2025-11-27-at-19.39.50.jpeg\" alt=\"Fernando Velasco\">\n        <div class=\"familia-name\">Fernando Velasco<\/div>\n        <a class=\"familia-button\" href=\"https:\/\/galduriadrums.com\/?page_id=994\">Ver m\u00e1s<\/a>\n    <\/div>\n<\/div>\n\n\n\n<p><\/p>\n","protected":false},"excerpt":{"rendered":"<p>Xavier Reija Ver m\u00e1s Juandi Pascual Ver m\u00e1s Milton Batera Ver m\u00e1s David Landeroin Ver m\u00e1s Tito Diaz Ver m\u00e1s Fernando Velasco Ver m\u00e1s<\/p>\n","protected":false},"author":1,"featured_media":0,"parent":0,"menu_order":0,"comment_status":"closed","ping_status":"closed","template":"","meta":{"footnotes":""},"class_list":["post-827","page","type-page","status-publish","hentry"],"yoast_head":"<!-- This site is optimized with the Yoast SEO plugin v27.5 - https:\/\/yoast.com\/product\/yoast-seo-wordpress\/ -->\n<title>La Familia Galduria - Galduria Drums<\/title>\n<meta name=\"robots\" content=\"index, follow, max-snippet:-1, max-image-preview:large, max-video-preview:-1\" \/>\n<link rel=\"canonical\" href=\"https:\/\/galduriadrums.com\/?page_id=827\" \/>\n<meta property=\"og:locale\" content=\"es_ES\" \/>\n<meta property=\"og:type\" content=\"article\" \/>\n<meta property=\"og:title\" content=\"La Familia Galduria - Galduria Drums\" \/>\n<meta property=\"og:description\" content=\"Xavier Reija Ver m\u00e1s Juandi Pascual Ver m\u00e1s Milton Batera Ver m\u00e1s David Landeroin Ver m\u00e1s Tito Diaz Ver m\u00e1s Fernando Velasco Ver m\u00e1s\" \/>\n<meta property=\"og:url\" content=\"https:\/\/galduriadrums.com\/?page_id=827\" \/>\n<meta property=\"og:site_name\" content=\"Galduria Drums\" \/>\n<meta property=\"article:modified_time\" content=\"2025-11-28T17:13:05+00:00\" \/>\n<meta property=\"og:image\" content=\"https:\/\/galduriadrums.com\/wp-content\/uploads\/2025\/11\/WhatsApp-Image-2025-11-25-at-19.47.35.jpeg\" \/>\n<meta name=\"twitter:card\" content=\"summary_large_image\" \/>\n<meta name=\"twitter:label1\" content=\"Tiempo de lectura\" \/>\n\t<meta name=\"twitter:data1\" content=\"2 minutos\" \/>\n<script type=\"application\/ld+json\" class=\"yoast-schema-graph\">{\"@context\":\"https:\\\/\\\/schema.org\",\"@graph\":[{\"@type\":\"WebPage\",\"@id\":\"https:\\\/\\\/galduriadrums.com\\\/?page_id=827\",\"url\":\"https:\\\/\\\/galduriadrums.com\\\/?page_id=827\",\"name\":\"La Familia Galduria - Galduria Drums\",\"isPartOf\":{\"@id\":\"https:\\\/\\\/galduriadrums.com\\\/#website\"},\"primaryImageOfPage\":{\"@id\":\"https:\\\/\\\/galduriadrums.com\\\/?page_id=827#primaryimage\"},\"image\":{\"@id\":\"https:\\\/\\\/galduriadrums.com\\\/?page_id=827#primaryimage\"},\"thumbnailUrl\":\"https:\\\/\\\/galduriadrums.com\\\/wp-content\\\/uploads\\\/2025\\\/11\\\/WhatsApp-Image-2025-11-25-at-19.47.35.jpeg\",\"datePublished\":\"2025-11-23T18:28:16+00:00\",\"dateModified\":\"2025-11-28T17:13:05+00:00\",\"breadcrumb\":{\"@id\":\"https:\\\/\\\/galduriadrums.com\\\/?page_id=827#breadcrumb\"},\"inLanguage\":\"es\",\"potentialAction\":[{\"@type\":\"ReadAction\",\"target\":[\"https:\\\/\\\/galduriadrums.com\\\/?page_id=827\"]}]},{\"@type\":\"ImageObject\",\"inLanguage\":\"es\",\"@id\":\"https:\\\/\\\/galduriadrums.com\\\/?page_id=827#primaryimage\",\"url\":\"https:\\\/\\\/galduriadrums.com\\\/wp-content\\\/uploads\\\/2025\\\/11\\\/WhatsApp-Image-2025-11-25-at-19.47.35.jpeg\",\"contentUrl\":\"https:\\\/\\\/galduriadrums.com\\\/wp-content\\\/uploads\\\/2025\\\/11\\\/WhatsApp-Image-2025-11-25-at-19.47.35.jpeg\",\"width\":1600,\"height\":1067},{\"@type\":\"BreadcrumbList\",\"@id\":\"https:\\\/\\\/galduriadrums.com\\\/?page_id=827#breadcrumb\",\"itemListElement\":[{\"@type\":\"ListItem\",\"position\":1,\"name\":\"Portada\",\"item\":\"https:\\\/\\\/galduriadrums.com\\\/\"},{\"@type\":\"ListItem\",\"position\":2,\"name\":\"La Familia Galduria\"}]},{\"@type\":\"WebSite\",\"@id\":\"https:\\\/\\\/galduriadrums.com\\\/#website\",\"url\":\"https:\\\/\\\/galduriadrums.com\\\/\",\"name\":\"Galduria Drums\",\"description\":\"\",\"potentialAction\":[{\"@type\":\"SearchAction\",\"target\":{\"@type\":\"EntryPoint\",\"urlTemplate\":\"https:\\\/\\\/galduriadrums.com\\\/?s={search_term_string}\"},\"query-input\":{\"@type\":\"PropertyValueSpecification\",\"valueRequired\":true,\"valueName\":\"search_term_string\"}}],\"inLanguage\":\"es\"}]}<\/script>\n<!-- \/ Yoast SEO plugin. -->","yoast_head_json":{"title":"La Familia Galduria - Galduria Drums","robots":{"index":"index","follow":"follow","max-snippet":"max-snippet:-1","max-image-preview":"max-image-preview:large","max-video-preview":"max-video-preview:-1"},"canonical":"https:\/\/galduriadrums.com\/?page_id=827","og_locale":"es_ES","og_type":"article","og_title":"La Familia Galduria - Galduria Drums","og_description":"Xavier Reija Ver m\u00e1s Juandi Pascual Ver m\u00e1s Milton Batera Ver m\u00e1s David Landeroin Ver m\u00e1s Tito Diaz Ver m\u00e1s Fernando Velasco Ver m\u00e1s","og_url":"https:\/\/galduriadrums.com\/?page_id=827","og_site_name":"Galduria Drums","article_modified_time":"2025-11-28T17:13:05+00:00","og_image":[{"url":"https:\/\/galduriadrums.com\/wp-content\/uploads\/2025\/11\/WhatsApp-Image-2025-11-25-at-19.47.35.jpeg","type":"","width":"","height":""}],"twitter_card":"summary_large_image","twitter_misc":{"Tiempo de lectura":"2 minutos"},"schema":{"@context":"https:\/\/schema.org","@graph":[{"@type":"WebPage","@id":"https:\/\/galduriadrums.com\/?page_id=827","url":"https:\/\/galduriadrums.com\/?page_id=827","name":"La Familia Galduria - Galduria Drums","isPartOf":{"@id":"https:\/\/galduriadrums.com\/#website"},"primaryImageOfPage":{"@id":"https:\/\/galduriadrums.com\/?page_id=827#primaryimage"},"image":{"@id":"https:\/\/galduriadrums.com\/?page_id=827#primaryimage"},"thumbnailUrl":"https:\/\/galduriadrums.com\/wp-content\/uploads\/2025\/11\/WhatsApp-Image-2025-11-25-at-19.47.35.jpeg","datePublished":"2025-11-23T18:28:16+00:00","dateModified":"2025-11-28T17:13:05+00:00","breadcrumb":{"@id":"https:\/\/galduriadrums.com\/?page_id=827#breadcrumb"},"inLanguage":"es","potentialAction":[{"@type":"ReadAction","target":["https:\/\/galduriadrums.com\/?page_id=827"]}]},{"@type":"ImageObject","inLanguage":"es","@id":"https:\/\/galduriadrums.com\/?page_id=827#primaryimage","url":"https:\/\/galduriadrums.com\/wp-content\/uploads\/2025\/11\/WhatsApp-Image-2025-11-25-at-19.47.35.jpeg","contentUrl":"https:\/\/galduriadrums.com\/wp-content\/uploads\/2025\/11\/WhatsApp-Image-2025-11-25-at-19.47.35.jpeg","width":1600,"height":1067},{"@type":"BreadcrumbList","@id":"https:\/\/galduriadrums.com\/?page_id=827#breadcrumb","itemListElement":[{"@type":"ListItem","position":1,"name":"Portada","item":"https:\/\/galduriadrums.com\/"},{"@type":"ListItem","position":2,"name":"La Familia Galduria"}]},{"@type":"WebSite","@id":"https:\/\/galduriadrums.com\/#website","url":"https:\/\/galduriadrums.com\/","name":"Galduria Drums","description":"","potentialAction":[{"@type":"SearchAction","target":{"@type":"EntryPoint","urlTemplate":"https:\/\/galduriadrums.com\/?s={search_term_string}"},"query-input":{"@type":"PropertyValueSpecification","valueRequired":true,"valueName":"search_term_string"}}],"inLanguage":"es"}]}},"jetpack_sharing_enabled":true,"_links":{"self":[{"href":"https:\/\/galduriadrums.com\/index.php?rest_route=\/wp\/v2\/pages\/827","targetHints":{"allow":["GET"]}}],"collection":[{"href":"https:\/\/galduriadrums.com\/index.php?rest_route=\/wp\/v2\/pages"}],"about":[{"href":"https:\/\/galduriadrums.com\/index.php?rest_route=\/wp\/v2\/types\/page"}],"author":[{"embeddable":true,"href":"https:\/\/galduriadrums.com\/index.php?rest_route=\/wp\/v2\/users\/1"}],"replies":[{"embeddable":true,"href":"https:\/\/galduriadrums.com\/index.php?rest_route=%2Fwp%2Fv2%2Fcomments&post=827"}],"version-history":[{"count":4,"href":"https:\/\/galduriadrums.com\/index.php?rest_route=\/wp\/v2\/pages\/827\/revisions"}],"predecessor-version":[{"id":1084,"href":"https:\/\/galduriadrums.com\/index.php?rest_route=\/wp\/v2\/pages\/827\/revisions\/1084"}],"wp:attachment":[{"href":"https:\/\/galduriadrums.com\/index.php?rest_route=%2Fwp%2Fv2%2Fmedia&parent=827"}],"curies":[{"name":"wp","href":"https:\/\/api.w.org\/{rel}","templated":true}]}}