{"id":815,"date":"2025-11-23T18:14:53","date_gmt":"2025-11-23T18:14:53","guid":{"rendered":"https:\/\/galduriadrums.com\/?page_id=815"},"modified":"2025-11-27T23:25:53","modified_gmt":"2025-11-27T23:25:53","slug":"la-familia-galduria","status":"publish","type":"page","link":"https:\/\/galduriadrums.com\/?page_id=815","title":{"rendered":"Xavier Reija"},"content":{"rendered":"\t\t<div data-elementor-type=\"wp-page\" data-elementor-id=\"815\" class=\"elementor elementor-815\">\n\t\t\t\t<div class=\"elementor-element elementor-element-732c21b e-con-full e-flex e-con e-parent\" data-id=\"732c21b\" data-element_type=\"container\" data-e-type=\"container\">\n\t\t<div class=\"elementor-element elementor-element-bdb1f3b e-con-full e-flex e-con e-child\" data-id=\"bdb1f3b\" data-element_type=\"container\" data-e-type=\"container\">\n\t\t\t\t<div class=\"elementor-element elementor-element-0fb44ff elementor-widget elementor-widget-image\" data-id=\"0fb44ff\" data-element_type=\"widget\" data-e-type=\"widget\" data-widget_type=\"image.default\">\n\t\t\t\t\t\t\t\t\t\t\t\t\t\t\t<img fetchpriority=\"high\" decoding=\"async\" width=\"980\" height=\"444\" src=\"https:\/\/galduriadrums.com\/wp-content\/uploads\/2025\/11\/XAVI-REIJA-1024x464.jpg\" class=\"attachment-large size-large wp-image-1020\" alt=\"\" srcset=\"https:\/\/galduriadrums.com\/wp-content\/uploads\/2025\/11\/XAVI-REIJA-1024x464.jpg 1024w, https:\/\/galduriadrums.com\/wp-content\/uploads\/2025\/11\/XAVI-REIJA-300x136.jpg 300w, https:\/\/galduriadrums.com\/wp-content\/uploads\/2025\/11\/XAVI-REIJA-768x348.jpg 768w, https:\/\/galduriadrums.com\/wp-content\/uploads\/2025\/11\/XAVI-REIJA-416x188.jpg 416w, https:\/\/galduriadrums.com\/wp-content\/uploads\/2025\/11\/XAVI-REIJA.jpg 1060w\" sizes=\"(max-width: 980px) 100vw, 980px\" \/>\t\t\t\t\t\t\t\t\t\t\t\t\t\t\t<\/div>\n\t\t\t\t<div class=\"elementor-element elementor-element-fba3752 elementor-widget elementor-widget-heading\" data-id=\"fba3752\" data-element_type=\"widget\" data-e-type=\"widget\" data-widget_type=\"heading.default\">\n\t\t\t\t\t<h2 class=\"elementor-heading-title elementor-size-default\">Historia de Xavi Reija \u2013 Endorser Blue Drum Heads<\/h2>\t\t\t\t<\/div>\n\t\t\t\t<div class=\"elementor-element elementor-element-b74e1c6 elementor-widget elementor-widget-text-editor\" data-id=\"b74e1c6\" data-element_type=\"widget\" data-e-type=\"widget\" data-widget_type=\"text-editor.default\">\n\t\t\t\t\t\t\t\t\t<p data-start=\"329\" data-end=\"568\">Xavi Reija, nacido en Barcelona en 1972, es uno de esos m\u00fasicos que dejan huella desde el primer golpe de baqueta. Su trayectoria combina formaci\u00f3n de alto nivel, una sensibilidad musical excepcional y una dedicaci\u00f3n absoluta a la bater\u00eda.<\/p>\n<p data-start=\"570\" data-end=\"1128\">Su camino acad\u00e9mico lo llev\u00f3 a graduarse <strong data-start=\"611\" data-end=\"683\">Summa Cum Laude en Performance por Berklee College of Music (Boston)<\/strong>, una de las escuelas m\u00e1s prestigiosas del mundo. A ello se suma la <strong data-start=\"751\" data-end=\"792\">Medaille d\u2019Or en Bater\u00eda moderna-jazz<\/strong> obtenida en el Conservatoire Montserrat Caball\u00e9 de Perpignan, adem\u00e1s de especializaciones en m\u00fasica moderna, varios m\u00e1steres en musicoterapia, management musical, propiedad intelectual y neuropsicolog\u00eda cl\u00ednica. Todo ello convierte a Xavi en un m\u00fasico con una visi\u00f3n global, profunda y muy poco com\u00fan dentro del panorama de la bater\u00eda.<\/p>\n<p data-start=\"1130\" data-end=\"1308\">En 2018 recibi\u00f3 un <strong data-start=\"1149\" data-end=\"1164\">premio EMMY<\/strong> por su participaci\u00f3n en la banda sonora del documental <em data-start=\"1220\" data-end=\"1236\">Heroes of Jazz<\/em>, un reconocimiento que refleja la calidad y versatilidad de su trabajo.<\/p>\n<p data-start=\"1310\" data-end=\"1698\">A lo largo de su carrera ha compartido escenario y estudio con artistas como <strong data-start=\"1387\" data-end=\"1498\">Tony Levin, Steve Hogarth, Nitai Hershkovits, Gary Willis, Abraham Laboriel, Monica Green, David Bustamante<\/strong>, y muchas otras figuras de primer nivel. Adem\u00e1s, cuenta con <strong data-start=\"1559\" data-end=\"1606\">m\u00e1s de 80 grabaciones como m\u00fasico de sesi\u00f3n<\/strong> y <strong data-start=\"1609\" data-end=\"1630\">11 discos propios<\/strong>, donde no solo interpreta, sino tambi\u00e9n compone, arregla y produce.<\/p>\n<p data-start=\"1700\" data-end=\"2026\">Su faceta como divulgador y docente tambi\u00e9n es fundamental: autor de varios libros de t\u00e9cnica y musicalidad para bater\u00eda, creador de la plataforma <strong data-start=\"1847\" data-end=\"1866\">ReijaDrumSchool<\/strong>, e impulsor de proyectos cient\u00edficos como <em data-start=\"1909\" data-end=\"1931\">The Creative Drummer<\/em>, publicado en la revista <em data-start=\"1957\" data-end=\"1973\">Brain Sciences<\/em> gracias a su trabajo en la Universidad Pompeu Fabra.<\/p>\n<p data-start=\"2028\" data-end=\"2183\">Ha realizado m\u00e1s de <strong data-start=\"2048\" data-end=\"2075\">70 clinics presenciales<\/strong> y numerosas masterclasses online, compartiendo su experiencia y su manera \u00fanica de entender el instrumento.<\/p>\n<p data-start=\"2185\" data-end=\"2508\">Por todo ello, y por su sonido personal y su enfoque siempre innovador, Xavi Reija se convierte en un embajador perfecto para <strong data-start=\"2311\" data-end=\"2330\">Blue Drum Heads<\/strong>, sum\u00e1ndose en 2025 como <strong data-start=\"2355\" data-end=\"2381\">endorser internacional<\/strong> de la marca. Su trayectoria, su prestigio y su dedicaci\u00f3n hacen que cada parche cobre vida de una forma especial en sus manos.<\/p>\t\t\t\t\t\t\t\t<\/div>\n\t\t\t\t<\/div>\n\t\t\t\t<\/div>\n\t\t<div class=\"elementor-element elementor-element-319dcbf e-flex e-con-boxed e-con e-parent\" data-id=\"319dcbf\" data-element_type=\"container\" data-e-type=\"container\">\n\t\t\t\t\t<div class=\"e-con-inner\">\n\t\t\t\t\t<\/div>\n\t\t\t\t<\/div>\n\t\t\t\t<\/div>\n\t\t","protected":false},"excerpt":{"rendered":"<p>Historia de Xavi Reija \u2013 Endorser Blue Drum Heads Xavi Reija, nacido en Barcelona en 1972, es uno de esos m\u00fasicos que dejan huella desde el primer golpe de baqueta. Su trayectoria combina formaci\u00f3n de alto nivel, una sensibilidad musical excepcional y una dedicaci\u00f3n absoluta a la bater\u00eda. Su camino acad\u00e9mico lo llev\u00f3 a graduarse [&hellip;]<\/p>\n","protected":false},"author":1,"featured_media":0,"parent":827,"menu_order":0,"comment_status":"closed","ping_status":"closed","template":"","meta":{"footnotes":""},"class_list":["post-815","page","type-page","status-publish","hentry"],"yoast_head":"<!-- This site is optimized with the Yoast SEO plugin v27.5 - https:\/\/yoast.com\/product\/yoast-seo-wordpress\/ -->\n<title>Xavier Reija - Galduria Drums<\/title>\n<meta name=\"robots\" content=\"index, follow, max-snippet:-1, max-image-preview:large, max-video-preview:-1\" \/>\n<link rel=\"canonical\" href=\"https:\/\/galduriadrums.com\/?page_id=815\" \/>\n<meta property=\"og:locale\" content=\"es_ES\" \/>\n<meta property=\"og:type\" content=\"article\" \/>\n<meta property=\"og:title\" content=\"Xavier Reija - Galduria Drums\" \/>\n<meta property=\"og:description\" content=\"Historia de Xavi Reija \u2013 Endorser Blue Drum Heads Xavi Reija, nacido en Barcelona en 1972, es uno de esos m\u00fasicos que dejan huella desde el primer golpe de baqueta. Su trayectoria combina formaci\u00f3n de alto nivel, una sensibilidad musical excepcional y una dedicaci\u00f3n absoluta a la bater\u00eda. Su camino acad\u00e9mico lo llev\u00f3 a graduarse [&hellip;]\" \/>\n<meta property=\"og:url\" content=\"https:\/\/galduriadrums.com\/?page_id=815\" \/>\n<meta property=\"og:site_name\" content=\"Galduria Drums\" \/>\n<meta property=\"article:modified_time\" content=\"2025-11-27T23:25:53+00:00\" \/>\n<meta property=\"og:image\" content=\"https:\/\/galduriadrums.com\/wp-content\/uploads\/2025\/11\/XAVI-REIJA.jpg\" \/>\n\t<meta property=\"og:image:width\" content=\"1060\" \/>\n\t<meta property=\"og:image:height\" content=\"480\" \/>\n\t<meta property=\"og:image:type\" content=\"image\/jpeg\" \/>\n<meta name=\"twitter:card\" content=\"summary_large_image\" \/>\n<meta name=\"twitter:label1\" content=\"Tiempo de lectura\" \/>\n\t<meta name=\"twitter:data1\" content=\"2 minutos\" \/>\n<script type=\"application\/ld+json\" class=\"yoast-schema-graph\">{\"@context\":\"https:\\\/\\\/schema.org\",\"@graph\":[{\"@type\":\"WebPage\",\"@id\":\"https:\\\/\\\/galduriadrums.com\\\/?page_id=815\",\"url\":\"https:\\\/\\\/galduriadrums.com\\\/?page_id=815\",\"name\":\"Xavier Reija - Galduria Drums\",\"isPartOf\":{\"@id\":\"https:\\\/\\\/galduriadrums.com\\\/#website\"},\"primaryImageOfPage\":{\"@id\":\"https:\\\/\\\/galduriadrums.com\\\/?page_id=815#primaryimage\"},\"image\":{\"@id\":\"https:\\\/\\\/galduriadrums.com\\\/?page_id=815#primaryimage\"},\"thumbnailUrl\":\"https:\\\/\\\/galduriadrums.com\\\/wp-content\\\/uploads\\\/2025\\\/11\\\/XAVI-REIJA-1024x464.jpg\",\"datePublished\":\"2025-11-23T18:14:53+00:00\",\"dateModified\":\"2025-11-27T23:25:53+00:00\",\"breadcrumb\":{\"@id\":\"https:\\\/\\\/galduriadrums.com\\\/?page_id=815#breadcrumb\"},\"inLanguage\":\"es\",\"potentialAction\":[{\"@type\":\"ReadAction\",\"target\":[\"https:\\\/\\\/galduriadrums.com\\\/?page_id=815\"]}]},{\"@type\":\"ImageObject\",\"inLanguage\":\"es\",\"@id\":\"https:\\\/\\\/galduriadrums.com\\\/?page_id=815#primaryimage\",\"url\":\"https:\\\/\\\/galduriadrums.com\\\/wp-content\\\/uploads\\\/2025\\\/11\\\/XAVI-REIJA.jpg\",\"contentUrl\":\"https:\\\/\\\/galduriadrums.com\\\/wp-content\\\/uploads\\\/2025\\\/11\\\/XAVI-REIJA.jpg\",\"width\":1060,\"height\":480},{\"@type\":\"BreadcrumbList\",\"@id\":\"https:\\\/\\\/galduriadrums.com\\\/?page_id=815#breadcrumb\",\"itemListElement\":[{\"@type\":\"ListItem\",\"position\":1,\"name\":\"Portada\",\"item\":\"https:\\\/\\\/galduriadrums.com\\\/\"},{\"@type\":\"ListItem\",\"position\":2,\"name\":\"La Familia Galduria\",\"item\":\"https:\\\/\\\/galduriadrums.com\\\/?page_id=827\"},{\"@type\":\"ListItem\",\"position\":3,\"name\":\"Xavier Reija\"}]},{\"@type\":\"WebSite\",\"@id\":\"https:\\\/\\\/galduriadrums.com\\\/#website\",\"url\":\"https:\\\/\\\/galduriadrums.com\\\/\",\"name\":\"Galduria Drums\",\"description\":\"\",\"potentialAction\":[{\"@type\":\"SearchAction\",\"target\":{\"@type\":\"EntryPoint\",\"urlTemplate\":\"https:\\\/\\\/galduriadrums.com\\\/?s={search_term_string}\"},\"query-input\":{\"@type\":\"PropertyValueSpecification\",\"valueRequired\":true,\"valueName\":\"search_term_string\"}}],\"inLanguage\":\"es\"}]}<\/script>\n<!-- \/ Yoast SEO plugin. -->","yoast_head_json":{"title":"Xavier Reija - Galduria Drums","robots":{"index":"index","follow":"follow","max-snippet":"max-snippet:-1","max-image-preview":"max-image-preview:large","max-video-preview":"max-video-preview:-1"},"canonical":"https:\/\/galduriadrums.com\/?page_id=815","og_locale":"es_ES","og_type":"article","og_title":"Xavier Reija - Galduria Drums","og_description":"Historia de Xavi Reija \u2013 Endorser Blue Drum Heads Xavi Reija, nacido en Barcelona en 1972, es uno de esos m\u00fasicos que dejan huella desde el primer golpe de baqueta. Su trayectoria combina formaci\u00f3n de alto nivel, una sensibilidad musical excepcional y una dedicaci\u00f3n absoluta a la bater\u00eda. Su camino acad\u00e9mico lo llev\u00f3 a graduarse [&hellip;]","og_url":"https:\/\/galduriadrums.com\/?page_id=815","og_site_name":"Galduria Drums","article_modified_time":"2025-11-27T23:25:53+00:00","og_image":[{"width":1060,"height":480,"url":"https:\/\/galduriadrums.com\/wp-content\/uploads\/2025\/11\/XAVI-REIJA.jpg","type":"image\/jpeg"}],"twitter_card":"summary_large_image","twitter_misc":{"Tiempo de lectura":"2 minutos"},"schema":{"@context":"https:\/\/schema.org","@graph":[{"@type":"WebPage","@id":"https:\/\/galduriadrums.com\/?page_id=815","url":"https:\/\/galduriadrums.com\/?page_id=815","name":"Xavier Reija - Galduria Drums","isPartOf":{"@id":"https:\/\/galduriadrums.com\/#website"},"primaryImageOfPage":{"@id":"https:\/\/galduriadrums.com\/?page_id=815#primaryimage"},"image":{"@id":"https:\/\/galduriadrums.com\/?page_id=815#primaryimage"},"thumbnailUrl":"https:\/\/galduriadrums.com\/wp-content\/uploads\/2025\/11\/XAVI-REIJA-1024x464.jpg","datePublished":"2025-11-23T18:14:53+00:00","dateModified":"2025-11-27T23:25:53+00:00","breadcrumb":{"@id":"https:\/\/galduriadrums.com\/?page_id=815#breadcrumb"},"inLanguage":"es","potentialAction":[{"@type":"ReadAction","target":["https:\/\/galduriadrums.com\/?page_id=815"]}]},{"@type":"ImageObject","inLanguage":"es","@id":"https:\/\/galduriadrums.com\/?page_id=815#primaryimage","url":"https:\/\/galduriadrums.com\/wp-content\/uploads\/2025\/11\/XAVI-REIJA.jpg","contentUrl":"https:\/\/galduriadrums.com\/wp-content\/uploads\/2025\/11\/XAVI-REIJA.jpg","width":1060,"height":480},{"@type":"BreadcrumbList","@id":"https:\/\/galduriadrums.com\/?page_id=815#breadcrumb","itemListElement":[{"@type":"ListItem","position":1,"name":"Portada","item":"https:\/\/galduriadrums.com\/"},{"@type":"ListItem","position":2,"name":"La Familia Galduria","item":"https:\/\/galduriadrums.com\/?page_id=827"},{"@type":"ListItem","position":3,"name":"Xavier Reija"}]},{"@type":"WebSite","@id":"https:\/\/galduriadrums.com\/#website","url":"https:\/\/galduriadrums.com\/","name":"Galduria Drums","description":"","potentialAction":[{"@type":"SearchAction","target":{"@type":"EntryPoint","urlTemplate":"https:\/\/galduriadrums.com\/?s={search_term_string}"},"query-input":{"@type":"PropertyValueSpecification","valueRequired":true,"valueName":"search_term_string"}}],"inLanguage":"es"}]}},"jetpack_sharing_enabled":true,"_links":{"self":[{"href":"https:\/\/galduriadrums.com\/index.php?rest_route=\/wp\/v2\/pages\/815","targetHints":{"allow":["GET"]}}],"collection":[{"href":"https:\/\/galduriadrums.com\/index.php?rest_route=\/wp\/v2\/pages"}],"about":[{"href":"https:\/\/galduriadrums.com\/index.php?rest_route=\/wp\/v2\/types\/page"}],"author":[{"embeddable":true,"href":"https:\/\/galduriadrums.com\/index.php?rest_route=\/wp\/v2\/users\/1"}],"replies":[{"embeddable":true,"href":"https:\/\/galduriadrums.com\/index.php?rest_route=%2Fwp%2Fv2%2Fcomments&post=815"}],"version-history":[{"count":19,"href":"https:\/\/galduriadrums.com\/index.php?rest_route=\/wp\/v2\/pages\/815\/revisions"}],"predecessor-version":[{"id":1058,"href":"https:\/\/galduriadrums.com\/index.php?rest_route=\/wp\/v2\/pages\/815\/revisions\/1058"}],"up":[{"embeddable":true,"href":"https:\/\/galduriadrums.com\/index.php?rest_route=\/wp\/v2\/pages\/827"}],"wp:attachment":[{"href":"https:\/\/galduriadrums.com\/index.php?rest_route=%2Fwp%2Fv2%2Fmedia&parent=815"}],"curies":[{"name":"wp","href":"https:\/\/api.w.org\/{rel}","templated":true}]}}