{"id":2,"date":"2025-11-06T11:03:20","date_gmt":"2025-11-06T11:03:20","guid":{"rendered":"https:\/\/galduriadrums.com\/?page_id=2"},"modified":"2025-11-28T17:15:43","modified_gmt":"2025-11-28T17:15:43","slug":"inicio-page","status":"publish","type":"page","link":"https:\/\/galduriadrums.com\/","title":{"rendered":"Inicio"},"content":{"rendered":"\n<p class=\"has-text-align-left\">En <strong>Galduria Drums<\/strong> damos nueva vida a bater\u00edas y platillos, rescatando su esencia y devolvi\u00e9ndoles car\u00e1cter propio. Bajo la direcci\u00f3n de<strong> Antonio Valero<\/strong>, ponemos el alma en cada restauraci\u00f3n y selecci\u00f3n de sonido. Somos adem\u00e1s los responsables de acercarte en exclusiva el pulso artesanal de <strong>Constantine Cymbals<\/strong> y la energ\u00eda \u00fanica de<strong> Blue Drum Heads<\/strong>, para que cada golpe cuente\u00a0una\u00a0historia.<\/p>\n\n\n\n<div class=\"wp-block-columns is-layout-flex wp-container-core-columns-is-layout-28f84493 wp-block-columns-is-layout-flex\">\n<div class=\"wp-block-column is-layout-flow wp-block-column-is-layout-flow\" style=\"flex-basis:100%\">\n<div class=\"wp-block-group is-nowrap is-layout-flex wp-container-core-group-is-layout-6c531013 wp-block-group-is-layout-flex\">\n<figure class=\"wp-block-image\"><a href=\"https:\/\/galduriadrums.com\/?product_cat=blue-drum-heads\"><img fetchpriority=\"high\" decoding=\"async\" width=\"1024\" height=\"1024\" src=\"https:\/\/galduriadrums.com\/wp-content\/uploads\/2025\/11\/PARCHES-BLUE-DRUM-HEADS-1024x1024.webp\" alt=\"\" class=\"wp-image-179\" srcset=\"https:\/\/galduriadrums.com\/wp-content\/uploads\/2025\/11\/PARCHES-BLUE-DRUM-HEADS-1024x1024.webp 1024w, https:\/\/galduriadrums.com\/wp-content\/uploads\/2025\/11\/PARCHES-BLUE-DRUM-HEADS-300x300.webp 300w, https:\/\/galduriadrums.com\/wp-content\/uploads\/2025\/11\/PARCHES-BLUE-DRUM-HEADS-150x150.webp 150w, https:\/\/galduriadrums.com\/wp-content\/uploads\/2025\/11\/PARCHES-BLUE-DRUM-HEADS-768x768.webp 768w, https:\/\/galduriadrums.com\/wp-content\/uploads\/2025\/11\/PARCHES-BLUE-DRUM-HEADS-1536x1536.webp 1536w, https:\/\/galduriadrums.com\/wp-content\/uploads\/2025\/11\/PARCHES-BLUE-DRUM-HEADS-scaled.webp 1920w, https:\/\/galduriadrums.com\/wp-content\/uploads\/2025\/11\/PARCHES-BLUE-DRUM-HEADS-324x324.webp 324w, https:\/\/galduriadrums.com\/wp-content\/uploads\/2025\/11\/PARCHES-BLUE-DRUM-HEADS-416x416.webp 416w, https:\/\/galduriadrums.com\/wp-content\/uploads\/2025\/11\/PARCHES-BLUE-DRUM-HEADS-100x100.webp 100w\" sizes=\"(max-width: 1024px) 100vw, 1024px\" \/><\/a><\/figure>\n\n\n\n<figure class=\"wp-block-image\"><a href=\"https:\/\/galduriadrums.com\/?product_cat=constantine-cymbals\"><img decoding=\"async\" width=\"1024\" height=\"1024\" src=\"https:\/\/galduriadrums.com\/wp-content\/uploads\/2025\/11\/PLATOS-CONSTANTINE-1024x1024.webp\" alt=\"\" class=\"wp-image-180\" srcset=\"https:\/\/galduriadrums.com\/wp-content\/uploads\/2025\/11\/PLATOS-CONSTANTINE-1024x1024.webp 1024w, https:\/\/galduriadrums.com\/wp-content\/uploads\/2025\/11\/PLATOS-CONSTANTINE-300x300.webp 300w, https:\/\/galduriadrums.com\/wp-content\/uploads\/2025\/11\/PLATOS-CONSTANTINE-150x150.jpg 150w, https:\/\/galduriadrums.com\/wp-content\/uploads\/2025\/11\/PLATOS-CONSTANTINE-768x768.jpg 768w, https:\/\/galduriadrums.com\/wp-content\/uploads\/2025\/11\/PLATOS-CONSTANTINE-1536x1536.jpg 1536w, https:\/\/galduriadrums.com\/wp-content\/uploads\/2025\/11\/PLATOS-CONSTANTINE-2048x2048.jpg 2048w, https:\/\/galduriadrums.com\/wp-content\/uploads\/2025\/11\/PLATOS-CONSTANTINE-324x324.jpg 324w, https:\/\/galduriadrums.com\/wp-content\/uploads\/2025\/11\/PLATOS-CONSTANTINE-416x416.jpg 416w, https:\/\/galduriadrums.com\/wp-content\/uploads\/2025\/11\/PLATOS-CONSTANTINE-100x100.jpg 100w, https:\/\/galduriadrums.com\/wp-content\/uploads\/2025\/11\/PLATOS-CONSTANTINE-scaled.webp 1920w\" sizes=\"(max-width: 1024px) 100vw, 1024px\" \/><\/a><\/figure>\n\n\n\n<figure class=\"wp-block-image size-large\"><a href=\"https:\/\/galduriadrums.com\/?product_cat=drum-parts\"><img decoding=\"async\" width=\"1024\" height=\"1024\" src=\"https:\/\/galduriadrums.com\/wp-content\/uploads\/2025\/11\/repuestos-1024x1024.jpg\" alt=\"\" class=\"wp-image-464\" srcset=\"https:\/\/galduriadrums.com\/wp-content\/uploads\/2025\/11\/repuestos-1024x1024.jpg 1024w, https:\/\/galduriadrums.com\/wp-content\/uploads\/2025\/11\/repuestos-300x300.jpg 300w, https:\/\/galduriadrums.com\/wp-content\/uploads\/2025\/11\/repuestos-150x150.jpg 150w, https:\/\/galduriadrums.com\/wp-content\/uploads\/2025\/11\/repuestos-768x768.jpg 768w, https:\/\/galduriadrums.com\/wp-content\/uploads\/2025\/11\/repuestos-324x324.jpg 324w, https:\/\/galduriadrums.com\/wp-content\/uploads\/2025\/11\/repuestos-416x416.jpg 416w, https:\/\/galduriadrums.com\/wp-content\/uploads\/2025\/11\/repuestos-100x100.jpg 100w, https:\/\/galduriadrums.com\/wp-content\/uploads\/2025\/11\/repuestos.jpg 1400w\" sizes=\"(max-width: 1024px) 100vw, 1024px\" \/><\/a><\/figure>\n<\/div>\n<\/div>\n<\/div>\n\n\n\n<blockquote class=\"wp-block-quote is-layout-flow wp-block-quote-is-layout-flow\">\n<p><\/p>\n<\/blockquote>\n\n\n\n<p><\/p>\n","protected":false},"excerpt":{"rendered":"<p>En Galduria Drums damos nueva vida a bater\u00edas y platillos, rescatando su esencia y devolvi\u00e9ndoles car\u00e1cter propio. Bajo la direcci\u00f3n de Antonio Valero, ponemos el alma en cada restauraci\u00f3n y selecci\u00f3n de sonido. Somos adem\u00e1s los responsables de acercarte en exclusiva el pulso artesanal de Constantine Cymbals y la energ\u00eda \u00fanica de Blue Drum Heads, [&hellip;]<\/p>\n","protected":false},"author":1,"featured_media":0,"parent":0,"menu_order":0,"comment_status":"closed","ping_status":"closed","template":"template-homepage.php","meta":{"footnotes":""},"class_list":["post-2","page","type-page","status-publish","hentry"],"yoast_head":"<!-- This site is optimized with the Yoast SEO plugin v27.5 - https:\/\/yoast.com\/product\/yoast-seo-wordpress\/ -->\n<title>Inicio - Galduria Drums<\/title>\n<meta name=\"description\" content=\"Galduria Drums es tu distribuidora de confianza. Tenemos: parches de Blue Drums, Platillos de Constantine Cymbals y m\u00e1s repuestos de bater\u00eda.\" \/>\n<meta name=\"robots\" content=\"index, follow, max-snippet:-1, max-image-preview:large, max-video-preview:-1\" \/>\n<link rel=\"canonical\" href=\"https:\/\/galduriadrums.com\/\" \/>\n<meta property=\"og:locale\" content=\"es_ES\" \/>\n<meta property=\"og:type\" content=\"article\" \/>\n<meta property=\"og:title\" content=\"Inicio - Galduria Drums\" \/>\n<meta property=\"og:description\" content=\"Galduria Drums es tu distribuidora de confianza. Tenemos: parches de Blue Drums, Platillos de Constantine Cymbals y m\u00e1s repuestos de bater\u00eda.\" \/>\n<meta property=\"og:url\" content=\"https:\/\/galduriadrums.com\/\" \/>\n<meta property=\"og:site_name\" content=\"Galduria Drums\" \/>\n<meta property=\"article:modified_time\" content=\"2025-11-28T17:15:43+00:00\" \/>\n<meta property=\"og:image\" content=\"https:\/\/galduriadrums.com\/wp-content\/uploads\/2025\/11\/PARCHES-BLUE-DRUM-HEADS-scaled.webp\" \/>\n\t<meta property=\"og:image:width\" content=\"1920\" \/>\n\t<meta property=\"og:image:height\" content=\"1920\" \/>\n\t<meta property=\"og:image:type\" content=\"image\/webp\" \/>\n<meta name=\"twitter:card\" content=\"summary_large_image\" \/>\n<meta name=\"twitter:label1\" content=\"Tiempo de lectura\" \/>\n\t<meta name=\"twitter:data1\" content=\"1 minuto\" \/>\n<script type=\"application\/ld+json\" class=\"yoast-schema-graph\">{\"@context\":\"https:\\\/\\\/schema.org\",\"@graph\":[{\"@type\":\"WebPage\",\"@id\":\"https:\\\/\\\/galduriadrums.com\\\/\",\"url\":\"https:\\\/\\\/galduriadrums.com\\\/\",\"name\":\"Inicio - Galduria Drums\",\"isPartOf\":{\"@id\":\"https:\\\/\\\/galduriadrums.com\\\/#website\"},\"primaryImageOfPage\":{\"@id\":\"https:\\\/\\\/galduriadrums.com\\\/#primaryimage\"},\"image\":{\"@id\":\"https:\\\/\\\/galduriadrums.com\\\/#primaryimage\"},\"thumbnailUrl\":\"https:\\\/\\\/galduriadrums.com\\\/wp-content\\\/uploads\\\/2025\\\/11\\\/PARCHES-BLUE-DRUM-HEADS-1024x1024.webp\",\"datePublished\":\"2025-11-06T11:03:20+00:00\",\"dateModified\":\"2025-11-28T17:15:43+00:00\",\"description\":\"Galduria Drums es tu distribuidora de confianza. Tenemos: parches de Blue Drums, Platillos de Constantine Cymbals y m\u00e1s repuestos de bater\u00eda.\",\"breadcrumb\":{\"@id\":\"https:\\\/\\\/galduriadrums.com\\\/#breadcrumb\"},\"inLanguage\":\"es\",\"potentialAction\":[{\"@type\":\"ReadAction\",\"target\":[\"https:\\\/\\\/galduriadrums.com\\\/\"]}]},{\"@type\":\"ImageObject\",\"inLanguage\":\"es\",\"@id\":\"https:\\\/\\\/galduriadrums.com\\\/#primaryimage\",\"url\":\"https:\\\/\\\/galduriadrums.com\\\/wp-content\\\/uploads\\\/2025\\\/11\\\/PARCHES-BLUE-DRUM-HEADS-scaled.webp\",\"contentUrl\":\"https:\\\/\\\/galduriadrums.com\\\/wp-content\\\/uploads\\\/2025\\\/11\\\/PARCHES-BLUE-DRUM-HEADS-scaled.webp\",\"width\":1920,\"height\":1920},{\"@type\":\"BreadcrumbList\",\"@id\":\"https:\\\/\\\/galduriadrums.com\\\/#breadcrumb\",\"itemListElement\":[{\"@type\":\"ListItem\",\"position\":1,\"name\":\"Portada\",\"item\":\"https:\\\/\\\/galduriadrums.com\\\/\"},{\"@type\":\"ListItem\",\"position\":2,\"name\":\"Inicio\"}]},{\"@type\":\"WebSite\",\"@id\":\"https:\\\/\\\/galduriadrums.com\\\/#website\",\"url\":\"https:\\\/\\\/galduriadrums.com\\\/\",\"name\":\"Galduria Drums\",\"description\":\"\",\"potentialAction\":[{\"@type\":\"SearchAction\",\"target\":{\"@type\":\"EntryPoint\",\"urlTemplate\":\"https:\\\/\\\/galduriadrums.com\\\/?s={search_term_string}\"},\"query-input\":{\"@type\":\"PropertyValueSpecification\",\"valueRequired\":true,\"valueName\":\"search_term_string\"}}],\"inLanguage\":\"es\"}]}<\/script>\n<!-- \/ Yoast SEO plugin. -->","yoast_head_json":{"title":"Inicio - Galduria Drums","description":"Galduria Drums es tu distribuidora de confianza. Tenemos: parches de Blue Drums, Platillos de Constantine Cymbals y m\u00e1s repuestos de bater\u00eda.","robots":{"index":"index","follow":"follow","max-snippet":"max-snippet:-1","max-image-preview":"max-image-preview:large","max-video-preview":"max-video-preview:-1"},"canonical":"https:\/\/galduriadrums.com\/","og_locale":"es_ES","og_type":"article","og_title":"Inicio - Galduria Drums","og_description":"Galduria Drums es tu distribuidora de confianza. Tenemos: parches de Blue Drums, Platillos de Constantine Cymbals y m\u00e1s repuestos de bater\u00eda.","og_url":"https:\/\/galduriadrums.com\/","og_site_name":"Galduria Drums","article_modified_time":"2025-11-28T17:15:43+00:00","og_image":[{"width":1920,"height":1920,"url":"https:\/\/galduriadrums.com\/wp-content\/uploads\/2025\/11\/PARCHES-BLUE-DRUM-HEADS-scaled.webp","type":"image\/webp"}],"twitter_card":"summary_large_image","twitter_misc":{"Tiempo de lectura":"1 minuto"},"schema":{"@context":"https:\/\/schema.org","@graph":[{"@type":"WebPage","@id":"https:\/\/galduriadrums.com\/","url":"https:\/\/galduriadrums.com\/","name":"Inicio - Galduria Drums","isPartOf":{"@id":"https:\/\/galduriadrums.com\/#website"},"primaryImageOfPage":{"@id":"https:\/\/galduriadrums.com\/#primaryimage"},"image":{"@id":"https:\/\/galduriadrums.com\/#primaryimage"},"thumbnailUrl":"https:\/\/galduriadrums.com\/wp-content\/uploads\/2025\/11\/PARCHES-BLUE-DRUM-HEADS-1024x1024.webp","datePublished":"2025-11-06T11:03:20+00:00","dateModified":"2025-11-28T17:15:43+00:00","description":"Galduria Drums es tu distribuidora de confianza. Tenemos: parches de Blue Drums, Platillos de Constantine Cymbals y m\u00e1s repuestos de bater\u00eda.","breadcrumb":{"@id":"https:\/\/galduriadrums.com\/#breadcrumb"},"inLanguage":"es","potentialAction":[{"@type":"ReadAction","target":["https:\/\/galduriadrums.com\/"]}]},{"@type":"ImageObject","inLanguage":"es","@id":"https:\/\/galduriadrums.com\/#primaryimage","url":"https:\/\/galduriadrums.com\/wp-content\/uploads\/2025\/11\/PARCHES-BLUE-DRUM-HEADS-scaled.webp","contentUrl":"https:\/\/galduriadrums.com\/wp-content\/uploads\/2025\/11\/PARCHES-BLUE-DRUM-HEADS-scaled.webp","width":1920,"height":1920},{"@type":"BreadcrumbList","@id":"https:\/\/galduriadrums.com\/#breadcrumb","itemListElement":[{"@type":"ListItem","position":1,"name":"Portada","item":"https:\/\/galduriadrums.com\/"},{"@type":"ListItem","position":2,"name":"Inicio"}]},{"@type":"WebSite","@id":"https:\/\/galduriadrums.com\/#website","url":"https:\/\/galduriadrums.com\/","name":"Galduria Drums","description":"","potentialAction":[{"@type":"SearchAction","target":{"@type":"EntryPoint","urlTemplate":"https:\/\/galduriadrums.com\/?s={search_term_string}"},"query-input":{"@type":"PropertyValueSpecification","valueRequired":true,"valueName":"search_term_string"}}],"inLanguage":"es"}]}},"jetpack_sharing_enabled":true,"_links":{"self":[{"href":"https:\/\/galduriadrums.com\/index.php?rest_route=\/wp\/v2\/pages\/2","targetHints":{"allow":["GET"]}}],"collection":[{"href":"https:\/\/galduriadrums.com\/index.php?rest_route=\/wp\/v2\/pages"}],"about":[{"href":"https:\/\/galduriadrums.com\/index.php?rest_route=\/wp\/v2\/types\/page"}],"author":[{"embeddable":true,"href":"https:\/\/galduriadrums.com\/index.php?rest_route=\/wp\/v2\/users\/1"}],"replies":[{"embeddable":true,"href":"https:\/\/galduriadrums.com\/index.php?rest_route=%2Fwp%2Fv2%2Fcomments&post=2"}],"version-history":[{"count":10,"href":"https:\/\/galduriadrums.com\/index.php?rest_route=\/wp\/v2\/pages\/2\/revisions"}],"predecessor-version":[{"id":1087,"href":"https:\/\/galduriadrums.com\/index.php?rest_route=\/wp\/v2\/pages\/2\/revisions\/1087"}],"wp:attachment":[{"href":"https:\/\/galduriadrums.com\/index.php?rest_route=%2Fwp%2Fv2%2Fmedia&parent=2"}],"curies":[{"name":"wp","href":"https:\/\/api.w.org\/{rel}","templated":true}]}}